{"id":1148,"date":"2025-09-09T11:18:24","date_gmt":"2025-09-09T15:18:24","guid":{"rendered":"https:\/\/www.softwareag.com\/?page_id=1148"},"modified":"2026-01-05T10:17:42","modified_gmt":"2026-01-05T14:17:42","slug":"jobs","status":"publish","type":"page","link":"https:\/\/www.softwareag.com\/br\/company\/jobs\/","title":{"rendered":"Carreiras"},"content":{"rendered":"<div class=\"wp-block-group has-global-padding is-layout-constrained wp-block-group-is-layout-constrained\" style=\"padding-bottom:var(--wp--preset--spacing--l)\">\n<h2 class=\"wp-block-heading\">Seja voc\u00ea. Junte-se a n\u00f3s. Candidate-se agora!<\/h2>\n\n\n\n<p class=\"has-standard-font-size\">Se voc\u00ea \u00e9 curioso, aberto a mudan\u00e7as e se anima em trabalhar em um ambiente onde boas ideias encontram espa\u00e7o para crescer, voc\u00ea \u00e9 exatamente quem estamos procurando. Explore nossas vagas e encontre aquela que \u00e9 perfeita para voc\u00ea.<\/p>\n<\/div>\n\n\n\n<div class=\"wp-block-group has-global-padding is-layout-constrained wp-block-group-is-layout-constrained\" style=\"padding-bottom:var(--wp--preset--spacing--l)\">\n<h2 class=\"wp-block-heading\">Quem somos e o que fazemos<\/h2>\n\n\n\n<p>Reconhecida por algumas das marcas mais respeitadas do mundo h\u00e1 mais de 50 anos, a Software AG (uma marca da Software GmbH) \u00e9 pioneira em inova\u00e7\u00e3o de software e valoriza o potencial do software corporativo. Empresas e governos de todo o mundo dependem de aplica\u00e7\u00f5es de miss\u00e3o cr\u00edtica desenvolvidas sobre a plataforma Adabas &amp; Natural. Nossas comprovadas capacidades de moderniza\u00e7\u00e3o e integra\u00e7\u00e3o de dados conectam sistemas de mainframe \u00e0 nuvem, \u00e0 IA, \u00e0 an\u00e1lise de dados e a novas tecnologias, para que voc\u00ea possa fortalecer seus pontos fortes e fazer parte de um mundo verdadeiramente conectado.<\/p>\n<\/div>\n\n\n\n<div class=\"wp-block-group alignfull is-style-left-aligned pre-footer-cta has-purple-background-color has-background has-global-padding is-layout-constrained wp-block-group-is-layout-constrained\" style=\"margin-top:var(--wp--preset--spacing--l);padding-top:var(--wp--preset--spacing--xxl);padding-bottom:var(--wp--preset--spacing--xxl)\">\n<div class=\"wp-block-group alignwide is-layout-flow wp-block-group-is-layout-flow\">\n<h2 class=\"wp-block-heading alignfull has-text-align-left has-grande-font-size has-white-color has-text-color has-link-color has-large-font-size wp-elements-217cefda641f873add3e5ea4cb20c2fd\">Estamos contratando<\/h2>\n\n\n\n<p class=\"has-text-align-left has-white-color has-text-color has-link-color wp-elements-55fc211e8056bfffa94628d01476d46b\">Explore as oportunidades de carreira e candidate-se hoje mesmo.<\/p>\n\n\n\n<div class=\"wp-block-buttons is-layout-flex wp-block-buttons-is-layout-flex\">\n<div class=\"wp-block-button is-style-dark-bg-primary is-style-dark-bg-primary--1\"><a class=\"wp-block-button__link wp-element-button\" href=\"https:\/\/jobs.dayforcehcm.com\/en-US\/sagann\/SAGPORTAL\" target=\"_blank\" rel=\"noreferrer noopener\">Buscar vagas<\/a><\/div>\n<\/div>\n<\/div>\n\n\n\n<p><\/p>\n<\/div>","protected":false},"excerpt":{"rendered":"<p>Be you. Join us. Apply now! If you are curious and open to change and excited about working in an environment where good ideas fall on [&hellip;]<\/p>","protected":false},"author":9,"featured_media":1154,"parent":1070,"menu_order":0,"comment_status":"closed","ping_status":"closed","template":"","meta":{"_acf_changed":false,"footnotes":""},"class_list":["post-1148","page","type-page","status-publish","has-post-thumbnail","hentry"],"acf":[],"yoast_head":"<!-- This site is optimized with the Yoast SEO Premium plugin v27.2 (Yoast SEO v27.2) - https:\/\/yoast.com\/product\/yoast-seo-premium-wordpress\/ -->\n<title>Careers at Software AG: Explore Exciting Opportunities | Software AG<\/title>\n<meta name=\"description\" content=\"Explore exciting careers at Software AG and join a pioneer in software innovation with global brand trust.\" \/>\n<meta name=\"robots\" content=\"index, follow, max-snippet:-1, max-image-preview:large, max-video-preview:-1\" \/>\n<link rel=\"canonical\" href=\"https:\/\/www.softwareag.com\/br\/company\/jobs\/\" \/>\n<meta property=\"og:locale\" content=\"pt_BR\" \/>\n<meta property=\"og:type\" content=\"article\" \/>\n<meta property=\"og:title\" content=\"Careers\" \/>\n<meta property=\"og:description\" content=\"Explore exciting careers at Software AG and join a pioneer in software innovation with global brand trust.\" \/>\n<meta property=\"og:url\" content=\"https:\/\/www.softwareag.com\/br\/company\/jobs\/\" \/>\n<meta property=\"og:site_name\" content=\"Software AG\" \/>\n<meta property=\"article:publisher\" content=\"https:\/\/www.facebook.com\/SoftwareAG\" \/>\n<meta property=\"article:modified_time\" content=\"2026-01-05T14:17:42+00:00\" \/>\n<meta property=\"og:image\" content=\"https:\/\/www.softwareag.com\/app\/uploads\/2025\/09\/Career-Banner-option-1.jpeg\" \/>\n\t<meta property=\"og:image:width\" content=\"800\" \/>\n\t<meta property=\"og:image:height\" content=\"533\" \/>\n\t<meta property=\"og:image:type\" content=\"image\/jpeg\" \/>\n<meta name=\"twitter:card\" content=\"summary_large_image\" \/>\n<meta name=\"twitter:site\" content=\"@softwareag\" \/>\n<meta name=\"twitter:label1\" content=\"Est. reading time\" \/>\n\t<meta name=\"twitter:data1\" content=\"1 minute\" \/>\n<script type=\"application\/ld+json\" class=\"yoast-schema-graph\">{\"@context\":\"https:\/\/schema.org\",\"@graph\":[{\"@type\":\"WebPage\",\"@id\":\"https:\/\/www.softwareag.com\/en\/company\/jobs\/\",\"url\":\"https:\/\/www.softwareag.com\/en\/company\/jobs\/\",\"name\":\"Careers at Software AG: Explore Exciting Opportunities | Software AG\",\"isPartOf\":{\"@id\":\"https:\/\/www.softwareag.com\/en\/#website\"},\"primaryImageOfPage\":{\"@id\":\"https:\/\/www.softwareag.com\/en\/company\/jobs\/#primaryimage\"},\"image\":{\"@id\":\"https:\/\/www.softwareag.com\/en\/company\/jobs\/#primaryimage\"},\"thumbnailUrl\":\"https:\/\/www.softwareag.com\/app\/uploads\/2025\/09\/Career-Banner-option-1.jpeg\",\"datePublished\":\"2025-09-09T15:18:24+00:00\",\"dateModified\":\"2026-01-05T14:17:42+00:00\",\"description\":\"Explore exciting careers at Software AG and join a pioneer in software innovation with global brand trust.\",\"breadcrumb\":{\"@id\":\"https:\/\/www.softwareag.com\/en\/company\/jobs\/#breadcrumb\"},\"inLanguage\":\"pt-BR\",\"potentialAction\":[{\"@type\":\"ReadAction\",\"target\":[\"https:\/\/www.softwareag.com\/en\/company\/jobs\/\"]}]},{\"@type\":\"ImageObject\",\"inLanguage\":\"pt-BR\",\"@id\":\"https:\/\/www.softwareag.com\/en\/company\/jobs\/#primaryimage\",\"url\":\"https:\/\/www.softwareag.com\/app\/uploads\/2025\/09\/Career-Banner-option-1.jpeg\",\"contentUrl\":\"https:\/\/www.softwareag.com\/app\/uploads\/2025\/09\/Career-Banner-option-1.jpeg\",\"width\":800,\"height\":533,\"caption\":\"Join our team\"},{\"@type\":\"BreadcrumbList\",\"@id\":\"https:\/\/www.softwareag.com\/en\/company\/jobs\/#breadcrumb\",\"itemListElement\":[{\"@type\":\"ListItem\",\"position\":1,\"name\":\"Home\",\"item\":\"https:\/\/www.softwareag.com\/de\/\"},{\"@type\":\"ListItem\",\"position\":2,\"name\":\"Company\",\"item\":\"https:\/\/www.softwareag.com\/en\/company\/\"},{\"@type\":\"ListItem\",\"position\":3,\"name\":\"Careers\"}]},{\"@type\":\"WebSite\",\"@id\":\"https:\/\/www.softwareag.com\/en\/#website\",\"url\":\"https:\/\/www.softwareag.com\/en\/\",\"name\":\"Software AG\",\"description\":\"Software AG&#039;s digital transformation solutions &amp; services\",\"publisher\":{\"@id\":\"https:\/\/www.softwareag.com\/en\/#organization\"},\"alternateName\":\"SAG\",\"potentialAction\":[{\"@type\":\"SearchAction\",\"target\":{\"@type\":\"EntryPoint\",\"urlTemplate\":\"https:\/\/www.softwareag.com\/en\/?s={search_term_string}\"},\"query-input\":{\"@type\":\"PropertyValueSpecification\",\"valueRequired\":true,\"valueName\":\"search_term_string\"}}],\"inLanguage\":\"pt-BR\"},{\"@type\":\"Organization\",\"@id\":\"https:\/\/www.softwareag.com\/en\/#organization\",\"name\":\"Software AG\",\"alternateName\":\"SAG\",\"url\":\"https:\/\/www.softwareag.com\/en\/\",\"logo\":{\"@type\":\"ImageObject\",\"inLanguage\":\"pt-BR\",\"@id\":\"https:\/\/www.softwareag.com\/en\/#\/schema\/logo\/image\/\",\"url\":\"https:\/\/www.softwareag.com\/app\/uploads\/2025\/09\/software-gmbh-dark-logo-bg_Small.jpeg\",\"contentUrl\":\"https:\/\/www.softwareag.com\/app\/uploads\/2025\/09\/software-gmbh-dark-logo-bg_Small.jpeg\",\"width\":800,\"height\":450,\"caption\":\"Software AG\"},\"image\":{\"@id\":\"https:\/\/www.softwareag.com\/en\/#\/schema\/logo\/image\/\"},\"sameAs\":[\"https:\/\/www.facebook.com\/SoftwareAG\",\"https:\/\/x.com\/softwareag\",\"https:\/\/www.linkedin.com\/company\/software-ag\",\"https:\/\/www.youtube.com\/user\/SOFTWAREAG\"],\"description\":\"Software AG is a global enterprise software company dedicated to facilitating digital transformation for large-scale organizations. They specialize in modernizing legacy infrastructure, optimizing mainframe operations, and enabling seamless data integration across hybrid environments.\",\"numberOfEmployees\":{\"@type\":\"QuantitativeValue\",\"minValue\":\"501\",\"maxValue\":\"1000\"}}]}<\/script>\n<!-- \/ Yoast SEO Premium plugin. -->","yoast_head_json":{"title":"Careers at Software AG: Explore Exciting Opportunities | Software AG","description":"Explore exciting careers at Software AG and join a pioneer in software innovation with global brand trust.","robots":{"index":"index","follow":"follow","max-snippet":"max-snippet:-1","max-image-preview":"max-image-preview:large","max-video-preview":"max-video-preview:-1"},"canonical":"https:\/\/www.softwareag.com\/br\/company\/jobs\/","og_locale":"pt_BR","og_type":"article","og_title":"Careers","og_description":"Explore exciting careers at Software AG and join a pioneer in software innovation with global brand trust.","og_url":"https:\/\/www.softwareag.com\/br\/company\/jobs\/","og_site_name":"Software AG","article_publisher":"https:\/\/www.facebook.com\/SoftwareAG","article_modified_time":"2026-01-05T14:17:42+00:00","og_image":[{"width":800,"height":533,"url":"https:\/\/www.softwareag.com\/app\/uploads\/2025\/09\/Career-Banner-option-1.jpeg","type":"image\/jpeg"}],"twitter_card":"summary_large_image","twitter_site":"@softwareag","twitter_misc":{"Est. reading time":"1 minute"},"schema":{"@context":"https:\/\/schema.org","@graph":[{"@type":"WebPage","@id":"https:\/\/www.softwareag.com\/en\/company\/jobs\/","url":"https:\/\/www.softwareag.com\/en\/company\/jobs\/","name":"Careers at Software AG: Explore Exciting Opportunities | Software AG","isPartOf":{"@id":"https:\/\/www.softwareag.com\/en\/#website"},"primaryImageOfPage":{"@id":"https:\/\/www.softwareag.com\/en\/company\/jobs\/#primaryimage"},"image":{"@id":"https:\/\/www.softwareag.com\/en\/company\/jobs\/#primaryimage"},"thumbnailUrl":"https:\/\/www.softwareag.com\/app\/uploads\/2025\/09\/Career-Banner-option-1.jpeg","datePublished":"2025-09-09T15:18:24+00:00","dateModified":"2026-01-05T14:17:42+00:00","description":"Explore exciting careers at Software AG and join a pioneer in software innovation with global brand trust.","breadcrumb":{"@id":"https:\/\/www.softwareag.com\/en\/company\/jobs\/#breadcrumb"},"inLanguage":"pt-BR","potentialAction":[{"@type":"ReadAction","target":["https:\/\/www.softwareag.com\/en\/company\/jobs\/"]}]},{"@type":"ImageObject","inLanguage":"pt-BR","@id":"https:\/\/www.softwareag.com\/en\/company\/jobs\/#primaryimage","url":"https:\/\/www.softwareag.com\/app\/uploads\/2025\/09\/Career-Banner-option-1.jpeg","contentUrl":"https:\/\/www.softwareag.com\/app\/uploads\/2025\/09\/Career-Banner-option-1.jpeg","width":800,"height":533,"caption":"Join our team"},{"@type":"BreadcrumbList","@id":"https:\/\/www.softwareag.com\/en\/company\/jobs\/#breadcrumb","itemListElement":[{"@type":"ListItem","position":1,"name":"Home","item":"https:\/\/www.softwareag.com\/de\/"},{"@type":"ListItem","position":2,"name":"Company","item":"https:\/\/www.softwareag.com\/en\/company\/"},{"@type":"ListItem","position":3,"name":"Careers"}]},{"@type":"WebSite","@id":"https:\/\/www.softwareag.com\/en\/#website","url":"https:\/\/www.softwareag.com\/en\/","name":"Software AG","description":"Solu\u00e7\u00f5es e servi\u00e7os de transforma\u00e7\u00e3o digital da Software AG","publisher":{"@id":"https:\/\/www.softwareag.com\/en\/#organization"},"alternateName":"SAG","potentialAction":[{"@type":"SearchAction","target":{"@type":"EntryPoint","urlTemplate":"https:\/\/www.softwareag.com\/en\/?s={search_term_string}"},"query-input":{"@type":"PropertyValueSpecification","valueRequired":true,"valueName":"search_term_string"}}],"inLanguage":"pt-BR"},{"@type":"Organization","@id":"https:\/\/www.softwareag.com\/en\/#organization","name":"Software AG","alternateName":"SAG","url":"https:\/\/www.softwareag.com\/en\/","logo":{"@type":"ImageObject","inLanguage":"pt-BR","@id":"https:\/\/www.softwareag.com\/en\/#\/schema\/logo\/image\/","url":"https:\/\/www.softwareag.com\/app\/uploads\/2025\/09\/software-gmbh-dark-logo-bg_Small.jpeg","contentUrl":"https:\/\/www.softwareag.com\/app\/uploads\/2025\/09\/software-gmbh-dark-logo-bg_Small.jpeg","width":800,"height":450,"caption":"Software AG"},"image":{"@id":"https:\/\/www.softwareag.com\/en\/#\/schema\/logo\/image\/"},"sameAs":["https:\/\/www.facebook.com\/SoftwareAG","https:\/\/x.com\/softwareag","https:\/\/www.linkedin.com\/company\/software-ag","https:\/\/www.youtube.com\/user\/SOFTWAREAG"],"description":"Software AG is a global enterprise software company dedicated to facilitating digital transformation for large-scale organizations. They specialize in modernizing legacy infrastructure, optimizing mainframe operations, and enabling seamless data integration across hybrid environments.","numberOfEmployees":{"@type":"QuantitativeValue","minValue":"501","maxValue":"1000"}}]}},"_links":{"self":[{"href":"https:\/\/www.softwareag.com\/br\/wp-json\/wp\/v2\/pages\/1148","targetHints":{"allow":["GET"]}}],"collection":[{"href":"https:\/\/www.softwareag.com\/br\/wp-json\/wp\/v2\/pages"}],"about":[{"href":"https:\/\/www.softwareag.com\/br\/wp-json\/wp\/v2\/types\/page"}],"author":[{"embeddable":true,"href":"https:\/\/www.softwareag.com\/br\/wp-json\/wp\/v2\/users\/9"}],"replies":[{"embeddable":true,"href":"https:\/\/www.softwareag.com\/br\/wp-json\/wp\/v2\/comments?post=1148"}],"version-history":[{"count":10,"href":"https:\/\/www.softwareag.com\/br\/wp-json\/wp\/v2\/pages\/1148\/revisions"}],"predecessor-version":[{"id":3102,"href":"https:\/\/www.softwareag.com\/br\/wp-json\/wp\/v2\/pages\/1148\/revisions\/3102"}],"up":[{"embeddable":true,"href":"https:\/\/www.softwareag.com\/br\/wp-json\/wp\/v2\/pages\/1070"}],"wp:featuredmedia":[{"embeddable":true,"href":"https:\/\/www.softwareag.com\/br\/wp-json\/wp\/v2\/media\/1154"}],"wp:attachment":[{"href":"https:\/\/www.softwareag.com\/br\/wp-json\/wp\/v2\/media?parent=1148"}],"curies":[{"name":"wp","href":"https:\/\/api.w.org\/{rel}","templated":true}]}}