{"id":1323,"date":"2025-09-12T10:27:25","date_gmt":"2025-09-12T14:27:25","guid":{"rendered":"https:\/\/www.softwareag.com\/?page_id=1323"},"modified":"2026-01-05T10:57:45","modified_gmt":"2026-01-05T14:57:45","slug":"trust-portal","status":"publish","type":"page","link":"https:\/\/www.softwareag.com\/br\/company\/trust-portal\/","title":{"rendered":"Trust Portal"},"content":{"rendered":"<div class=\"wp-block-group alignwide is-layout-flow wp-block-group-is-layout-flow\">\n<p>Bem-vindo ao seu reposit\u00f3rio central de documenta\u00e7\u00e3o sobre seguran\u00e7a, privacidade e conformidade, onde voc\u00ea ter\u00e1 acesso transparente aos documentos oficiais que refor\u00e7am nosso compromisso inabal\u00e1vel em proteger dados sens\u00edveis, manter a resili\u00eancia operacional e promover os mais altos padr\u00f5es de responsabilidade corporativa em todos os aspectos de nossas atividades empresariais.<\/p>\n<\/div>\n\n\n\n<h2 class=\"wp-block-heading alignwide\" id=\"h-access-compliance-documents\">Acesse os documentos de conformidade<\/h2>\n\n\n\n<div class=\"wp-block-group alignwide sag-cards-row sag-cards-row-icons has-global-padding is-layout-constrained wp-block-group-is-layout-constrained\" style=\"border-style:none;border-width:0px;margin-top:var(--wp--preset--spacing--xl);padding-top:0;padding-bottom:var(--wp--preset--spacing--l)\">\n<div class=\"wp-block-columns alignwide is-layout-flex wp-container-core-columns-is-layout-f7d19e04 wp-block-columns-is-layout-flex\" style=\"padding-top:var(--wp--preset--spacing--m)\">\n<div class=\"wp-block-column has-gray-background-color has-background is-layout-flow wp-block-column-is-layout-flow\">\n<h4 class=\"wp-block-heading\" id=\"h-information-security\">Seguran\u00e7a da informa\u00e7\u00e3o<\/h4>\n\n\n\n<p>Pol\u00edticas e controles robustos que regem a confidencialidade, a integridade e a disponibilidade dos dados.<\/p>\n\n\n\n<div class=\"wp-block-buttons is-layout-flex wp-block-buttons-is-layout-flex\" style=\"margin-top:0\">\n<div class=\"wp-block-button is-style-no-border is-style-no-border--1\"><a class=\"wp-block-button__link wp-element-button\" href=\"\/br\/company\/trust-portal\/information-security\/\">Ver documentos<\/a><\/div>\n<\/div>\n<\/div>\n\n\n\n<div class=\"wp-block-column has-gray-background-color has-background is-layout-flow wp-block-column-is-layout-flow\">\n<h4 class=\"wp-block-heading\" id=\"h-business-continuity\">Continuidade dos neg\u00f3cios<\/h4>\n\n\n\n<p>Planos abrangentes que garantem a resili\u00eancia operacional em caso de interrup\u00e7\u00f5es.<\/p>\n\n\n\n<div class=\"wp-block-buttons is-layout-flex wp-block-buttons-is-layout-flex\" style=\"margin-top:0\">\n<div class=\"wp-block-button is-style-no-border is-style-no-border--2\"><a class=\"wp-block-button__link wp-element-button\" href=\"\/br\/company\/trust-portal\/business-continuity\/\">Ver documentos<\/a><\/div>\n<\/div>\n<\/div>\n\n\n\n<div class=\"wp-block-column has-gray-background-color has-background is-layout-flow wp-block-column-is-layout-flow\">\n<h4 class=\"wp-block-heading\" id=\"h-quality-management\">Gerenciamento da qualidade<\/h4>\n\n\n\n<p>Sistemas rigorosos que garantem a entrega consistente de produtos e servi\u00e7os de excel\u00eancia.<\/p>\n\n\n\n<div class=\"wp-block-buttons is-layout-flex wp-block-buttons-is-layout-flex\" style=\"margin-top:0\">\n<div class=\"wp-block-button is-style-no-border is-style-no-border--3\"><a class=\"wp-block-button__link wp-element-button\" href=\"\/br\/company\/trust-portal\/quality-management\/\">Ver documentos<\/a><\/div>\n<\/div>\n<\/div>\n<\/div>\n\n\n\n<div class=\"wp-block-columns alignwide is-layout-flex wp-container-core-columns-is-layout-f7d19e04 wp-block-columns-is-layout-flex\" style=\"padding-top:var(--wp--preset--spacing--m)\">\n<div class=\"wp-block-column has-gray-background-color has-background is-layout-flow wp-block-column-is-layout-flow\">\n<h4 class=\"wp-block-heading\" id=\"h-data-protection\">Prote\u00e7\u00e3o de dados<\/h4>\n\n\n\n<p>Padr\u00f5es rigorosos que garantem a privacidade dos dados pessoais e a conformidade regulat\u00f3ria.<\/p>\n\n\n\n<div class=\"wp-block-buttons is-layout-flex wp-block-buttons-is-layout-flex\" style=\"margin-top:0\">\n<div class=\"wp-block-button is-style-no-border is-style-no-border--4\"><a class=\"wp-block-button__link wp-element-button\" href=\"\/br\/company\/trust-portal\/data-protection\/\">Ver documentos<\/a><\/div>\n<\/div>\n<\/div>\n\n\n\n<div class=\"wp-block-column has-gray-background-color has-background is-layout-flow wp-block-column-is-layout-flow\">\n<h4 class=\"wp-block-heading\" id=\"h-customer-compliance\">Conformidade do cliente<\/h4>\n\n\n\n<p>Os documentos de conformidade do Adabas &amp; Natural est\u00e3o dispon\u00edveis em um portal privado. Para visualizar uma pr\u00e9via do perfil do Adabas &amp; Natural, acesse o link abaixo. Caso queira ter acesso aos relat\u00f3rios e question\u00e1rios detalhados, ser\u00e1 necess\u00e1rio se registrar na plataforma e aceitar um NDA (Acordo de Confidencialidade).<\/p>\n\n\n\n<div class=\"wp-block-buttons is-layout-flex wp-block-buttons-is-layout-flex\" style=\"margin-top:0\">\n<div class=\"wp-block-button is-style-no-border is-style-no-border--5\"><a class=\"wp-block-button__link wp-element-button\" href=\"https:\/\/public-profile.whistic.com\/368bc4d8-ef65-41a7-b504-d86ac7583103\" target=\"_blank\" rel=\"noreferrer noopener\">Ver documentos<\/a><\/div>\n<\/div>\n<\/div>\n\n\n\n<div class=\"wp-block-column has-gray-background-color has-background is-layout-flow wp-block-column-is-layout-flow\">\n<h4 class=\"wp-block-heading\" id=\"h-product-security\">Seguran\u00e7a do produtos<\/h4>\n\n\n\n<p>Os clientes da SAG Deutschland GmbH podem acessar informa\u00e7\u00f5es relacionadas \u00e0 seguran\u00e7a dos produtos registrando-se no portal de suporte ao cliente. As informa\u00e7\u00f5es dispon\u00edveis incluem:<\/p>\n\n\n\n<ul class=\"wp-block-list\">\n<li>Avisos de seguran\u00e7a <\/li>\n\n\n\n<li>Documentos t\u00e9cnicos de seguran\u00e7a<\/li>\n\n\n\n<li>Guia de pr\u00e1ticas recomendadas de seguran\u00e7a de produtos<\/li>\n<\/ul>\n\n\n\n<div class=\"wp-block-buttons is-layout-flex wp-block-buttons-is-layout-flex\" style=\"margin-top:0\">\n<div class=\"wp-block-button is-style-no-border is-style-no-border--6\"><a class=\"wp-block-button__link wp-element-button\" href=\"https:\/\/empower.softwareag.com\/Products\/default.aspx?err=Sorry,%20you%20must%20be%20logged%20in%20to%20view%20this%20page.&amp;origin=\/Products\/Security\/default.aspx\" target=\"_blank\" rel=\"noreferrer noopener\">Ver documentos<\/a><\/div>\n<\/div>\n<\/div>\n<\/div>\n<\/div>\n\n\n\n<div class=\"wp-block-group alignfull is-style-left-aligned pre-footer-cta has-purple-background-color has-background has-global-padding is-layout-constrained wp-block-group-is-layout-constrained\" style=\"margin-top:var(--wp--preset--spacing--l);padding-top:var(--wp--preset--spacing--xxl);padding-bottom:var(--wp--preset--spacing--xxl)\">\n<div class=\"wp-block-group alignwide is-layout-flow wp-block-group-is-layout-flow\">\n<h2 class=\"wp-block-heading alignfull has-text-align-left has-grande-font-size has-white-color has-text-color has-link-color has-large-font-size wp-elements-b8d6f6f931fae20ac61d525c023df76b\" id=\"h-want-to-make-your-core-applications-future-ready\">Quer tornar as suas aplica\u00e7\u00f5es de miss\u00e3o cr\u00edtica prontas para o futuro?<\/h2>\n\n\n\n<p class=\"has-white-color has-text-color has-link-color wp-elements-e04203c2fbc13876bd23d5f3081c4d1d translation-block\">Construa sob o seu legado. Acelere o desenvolvimento em um ambiente DevOps moderno. Modernize suas aplica\u00e7\u00f5es Adabas &amp; Natural para reduzir custos e adotar a nuvem h\u00edbrida.<\/p>\n\n\n\n<div class=\"wp-block-buttons is-layout-flex wp-block-buttons-is-layout-flex\">\n<div class=\"wp-block-button is-style-dark-bg-primary is-style-dark-bg-primary--7\"><a class=\"wp-block-button__link wp-element-button\" href=\"https:\/\/www.softwareag.com\/br\/contact\/\" target=\"_blank\" rel=\"noreferrer noopener\">Fale com um especialista<\/a><\/div>\n\n\n\n<div class=\"wp-block-button is-style-dark-bg-transparent is-style-dark-bg-transparent--8\"><a class=\"wp-block-button__link wp-element-button\" href=\"https:\/\/www.softwareag.com\/br\/free-trials\/\" target=\"_blank\" rel=\"noreferrer noopener\">Teste gratuito<\/a><\/div>\n<\/div>\n<\/div>\n\n\n\n<p><\/p>\n\n\n\n<p><\/p>\n<\/div>","protected":false},"excerpt":{"rendered":"<p>Welcome to your central repository for security, privacy, and compliance documentation, where you&#8217;ll find transparent access to the authoritative documents that underscore our unwavering commitment to [&hellip;]<\/p>","protected":false},"author":9,"featured_media":0,"parent":1070,"menu_order":0,"comment_status":"closed","ping_status":"closed","template":"","meta":{"_acf_changed":false,"footnotes":""},"class_list":["post-1323","page","type-page","status-publish","hentry"],"acf":[],"yoast_head":"<!-- This site is optimized with the Yoast SEO Premium plugin v27.2 (Yoast SEO v27.2) - https:\/\/yoast.com\/product\/yoast-seo-premium-wordpress\/ -->\n<title>Trust Portal | Software AG<\/title>\n<meta name=\"description\" content=\"Explore our compliance documentation to ensure the highest standards in data privacy and operational resilience for your business.\" \/>\n<meta name=\"robots\" content=\"index, follow, max-snippet:-1, max-image-preview:large, max-video-preview:-1\" \/>\n<link rel=\"canonical\" href=\"https:\/\/www.softwareag.com\/br\/company\/trust-portal\/\" \/>\n<meta property=\"og:locale\" content=\"pt_BR\" \/>\n<meta property=\"og:type\" content=\"article\" \/>\n<meta property=\"og:title\" content=\"Trust Portal\" \/>\n<meta property=\"og:description\" content=\"Explore our compliance documentation to ensure the highest standards in data privacy and operational resilience for your business.\" \/>\n<meta property=\"og:url\" content=\"https:\/\/www.softwareag.com\/br\/company\/trust-portal\/\" \/>\n<meta property=\"og:site_name\" content=\"Software AG\" \/>\n<meta property=\"article:publisher\" content=\"https:\/\/www.facebook.com\/SoftwareAG\" \/>\n<meta property=\"article:modified_time\" content=\"2026-01-05T14:57:45+00:00\" \/>\n<meta property=\"og:image\" content=\"https:\/\/www.softwareag.com\/app\/uploads\/2025\/09\/software-gmbh-dark-logo-bg_Small.jpeg\" \/>\n\t<meta property=\"og:image:width\" content=\"800\" \/>\n\t<meta property=\"og:image:height\" content=\"450\" \/>\n\t<meta property=\"og:image:type\" content=\"image\/jpeg\" \/>\n<meta name=\"twitter:card\" content=\"summary_large_image\" \/>\n<meta name=\"twitter:site\" content=\"@softwareag\" \/>\n<meta name=\"twitter:label1\" content=\"Est. reading time\" \/>\n\t<meta name=\"twitter:data1\" content=\"2 minutes\" \/>\n<script type=\"application\/ld+json\" class=\"yoast-schema-graph\">{\"@context\":\"https:\/\/schema.org\",\"@graph\":[{\"@type\":\"WebPage\",\"@id\":\"https:\/\/www.softwareag.com\/en\/company\/trust-portal\/\",\"url\":\"https:\/\/www.softwareag.com\/en\/company\/trust-portal\/\",\"name\":\"Trust Portal | Software AG\",\"isPartOf\":{\"@id\":\"https:\/\/www.softwareag.com\/en\/#website\"},\"datePublished\":\"2025-09-12T14:27:25+00:00\",\"dateModified\":\"2026-01-05T14:57:45+00:00\",\"description\":\"Explore our compliance documentation to ensure the highest standards in data privacy and operational resilience for your business.\",\"breadcrumb\":{\"@id\":\"https:\/\/www.softwareag.com\/en\/company\/trust-portal\/#breadcrumb\"},\"inLanguage\":\"pt-BR\",\"potentialAction\":[{\"@type\":\"ReadAction\",\"target\":[\"https:\/\/www.softwareag.com\/en\/company\/trust-portal\/\"]}]},{\"@type\":\"BreadcrumbList\",\"@id\":\"https:\/\/www.softwareag.com\/en\/company\/trust-portal\/#breadcrumb\",\"itemListElement\":[{\"@type\":\"ListItem\",\"position\":1,\"name\":\"Home\",\"item\":\"https:\/\/www.softwareag.com\/de\/\"},{\"@type\":\"ListItem\",\"position\":2,\"name\":\"Company\",\"item\":\"https:\/\/www.softwareag.com\/en\/company\/\"},{\"@type\":\"ListItem\",\"position\":3,\"name\":\"Trust Portal\"}]},{\"@type\":\"WebSite\",\"@id\":\"https:\/\/www.softwareag.com\/en\/#website\",\"url\":\"https:\/\/www.softwareag.com\/en\/\",\"name\":\"Software AG\",\"description\":\"Software AG&#039;s digital transformation solutions &amp; services\",\"publisher\":{\"@id\":\"https:\/\/www.softwareag.com\/en\/#organization\"},\"alternateName\":\"SAG\",\"potentialAction\":[{\"@type\":\"SearchAction\",\"target\":{\"@type\":\"EntryPoint\",\"urlTemplate\":\"https:\/\/www.softwareag.com\/en\/?s={search_term_string}\"},\"query-input\":{\"@type\":\"PropertyValueSpecification\",\"valueRequired\":true,\"valueName\":\"search_term_string\"}}],\"inLanguage\":\"pt-BR\"},{\"@type\":\"Organization\",\"@id\":\"https:\/\/www.softwareag.com\/en\/#organization\",\"name\":\"Software AG\",\"alternateName\":\"SAG\",\"url\":\"https:\/\/www.softwareag.com\/en\/\",\"logo\":{\"@type\":\"ImageObject\",\"inLanguage\":\"pt-BR\",\"@id\":\"https:\/\/www.softwareag.com\/en\/#\/schema\/logo\/image\/\",\"url\":\"https:\/\/www.softwareag.com\/app\/uploads\/2025\/09\/software-gmbh-dark-logo-bg_Small.jpeg\",\"contentUrl\":\"https:\/\/www.softwareag.com\/app\/uploads\/2025\/09\/software-gmbh-dark-logo-bg_Small.jpeg\",\"width\":800,\"height\":450,\"caption\":\"Software AG\"},\"image\":{\"@id\":\"https:\/\/www.softwareag.com\/en\/#\/schema\/logo\/image\/\"},\"sameAs\":[\"https:\/\/www.facebook.com\/SoftwareAG\",\"https:\/\/x.com\/softwareag\",\"https:\/\/www.linkedin.com\/company\/software-ag\",\"https:\/\/www.youtube.com\/user\/SOFTWAREAG\"],\"description\":\"Software AG is a global enterprise software company dedicated to facilitating digital transformation for large-scale organizations. They specialize in modernizing legacy infrastructure, optimizing mainframe operations, and enabling seamless data integration across hybrid environments.\",\"numberOfEmployees\":{\"@type\":\"QuantitativeValue\",\"minValue\":\"501\",\"maxValue\":\"1000\"}}]}<\/script>\n<!-- \/ Yoast SEO Premium plugin. -->","yoast_head_json":{"title":"Trust Portal | Software AG","description":"Explore our compliance documentation to ensure the highest standards in data privacy and operational resilience for your business.","robots":{"index":"index","follow":"follow","max-snippet":"max-snippet:-1","max-image-preview":"max-image-preview:large","max-video-preview":"max-video-preview:-1"},"canonical":"https:\/\/www.softwareag.com\/br\/company\/trust-portal\/","og_locale":"pt_BR","og_type":"article","og_title":"Trust Portal","og_description":"Explore our compliance documentation to ensure the highest standards in data privacy and operational resilience for your business.","og_url":"https:\/\/www.softwareag.com\/br\/company\/trust-portal\/","og_site_name":"Software AG","article_publisher":"https:\/\/www.facebook.com\/SoftwareAG","article_modified_time":"2026-01-05T14:57:45+00:00","og_image":[{"width":800,"height":450,"url":"https:\/\/www.softwareag.com\/app\/uploads\/2025\/09\/software-gmbh-dark-logo-bg_Small.jpeg","type":"image\/jpeg"}],"twitter_card":"summary_large_image","twitter_site":"@softwareag","twitter_misc":{"Est. reading time":"2 minutes"},"schema":{"@context":"https:\/\/schema.org","@graph":[{"@type":"WebPage","@id":"https:\/\/www.softwareag.com\/en\/company\/trust-portal\/","url":"https:\/\/www.softwareag.com\/en\/company\/trust-portal\/","name":"Trust Portal | Software AG","isPartOf":{"@id":"https:\/\/www.softwareag.com\/en\/#website"},"datePublished":"2025-09-12T14:27:25+00:00","dateModified":"2026-01-05T14:57:45+00:00","description":"Explore our compliance documentation to ensure the highest standards in data privacy and operational resilience for your business.","breadcrumb":{"@id":"https:\/\/www.softwareag.com\/en\/company\/trust-portal\/#breadcrumb"},"inLanguage":"pt-BR","potentialAction":[{"@type":"ReadAction","target":["https:\/\/www.softwareag.com\/en\/company\/trust-portal\/"]}]},{"@type":"BreadcrumbList","@id":"https:\/\/www.softwareag.com\/en\/company\/trust-portal\/#breadcrumb","itemListElement":[{"@type":"ListItem","position":1,"name":"Home","item":"https:\/\/www.softwareag.com\/de\/"},{"@type":"ListItem","position":2,"name":"Company","item":"https:\/\/www.softwareag.com\/en\/company\/"},{"@type":"ListItem","position":3,"name":"Trust Portal"}]},{"@type":"WebSite","@id":"https:\/\/www.softwareag.com\/en\/#website","url":"https:\/\/www.softwareag.com\/en\/","name":"Software AG","description":"Solu\u00e7\u00f5es e servi\u00e7os de transforma\u00e7\u00e3o digital da Software AG","publisher":{"@id":"https:\/\/www.softwareag.com\/en\/#organization"},"alternateName":"SAG","potentialAction":[{"@type":"SearchAction","target":{"@type":"EntryPoint","urlTemplate":"https:\/\/www.softwareag.com\/en\/?s={search_term_string}"},"query-input":{"@type":"PropertyValueSpecification","valueRequired":true,"valueName":"search_term_string"}}],"inLanguage":"pt-BR"},{"@type":"Organization","@id":"https:\/\/www.softwareag.com\/en\/#organization","name":"Software AG","alternateName":"SAG","url":"https:\/\/www.softwareag.com\/en\/","logo":{"@type":"ImageObject","inLanguage":"pt-BR","@id":"https:\/\/www.softwareag.com\/en\/#\/schema\/logo\/image\/","url":"https:\/\/www.softwareag.com\/app\/uploads\/2025\/09\/software-gmbh-dark-logo-bg_Small.jpeg","contentUrl":"https:\/\/www.softwareag.com\/app\/uploads\/2025\/09\/software-gmbh-dark-logo-bg_Small.jpeg","width":800,"height":450,"caption":"Software AG"},"image":{"@id":"https:\/\/www.softwareag.com\/en\/#\/schema\/logo\/image\/"},"sameAs":["https:\/\/www.facebook.com\/SoftwareAG","https:\/\/x.com\/softwareag","https:\/\/www.linkedin.com\/company\/software-ag","https:\/\/www.youtube.com\/user\/SOFTWAREAG"],"description":"Software AG is a global enterprise software company dedicated to facilitating digital transformation for large-scale organizations. They specialize in modernizing legacy infrastructure, optimizing mainframe operations, and enabling seamless data integration across hybrid environments.","numberOfEmployees":{"@type":"QuantitativeValue","minValue":"501","maxValue":"1000"}}]}},"_links":{"self":[{"href":"https:\/\/www.softwareag.com\/br\/wp-json\/wp\/v2\/pages\/1323","targetHints":{"allow":["GET"]}}],"collection":[{"href":"https:\/\/www.softwareag.com\/br\/wp-json\/wp\/v2\/pages"}],"about":[{"href":"https:\/\/www.softwareag.com\/br\/wp-json\/wp\/v2\/types\/page"}],"author":[{"embeddable":true,"href":"https:\/\/www.softwareag.com\/br\/wp-json\/wp\/v2\/users\/9"}],"replies":[{"embeddable":true,"href":"https:\/\/www.softwareag.com\/br\/wp-json\/wp\/v2\/comments?post=1323"}],"version-history":[{"count":18,"href":"https:\/\/www.softwareag.com\/br\/wp-json\/wp\/v2\/pages\/1323\/revisions"}],"predecessor-version":[{"id":4566,"href":"https:\/\/www.softwareag.com\/br\/wp-json\/wp\/v2\/pages\/1323\/revisions\/4566"}],"up":[{"embeddable":true,"href":"https:\/\/www.softwareag.com\/br\/wp-json\/wp\/v2\/pages\/1070"}],"wp:attachment":[{"href":"https:\/\/www.softwareag.com\/br\/wp-json\/wp\/v2\/media?parent=1323"}],"curies":[{"name":"wp","href":"https:\/\/api.w.org\/{rel}","templated":true}]}}