{"id":1329,"date":"2025-09-16T11:06:03","date_gmt":"2025-09-16T15:06:03","guid":{"rendered":"https:\/\/www.softwareag.com\/?page_id=1329"},"modified":"2026-02-02T10:18:35","modified_gmt":"2026-02-02T14:18:35","slug":"business-continuity","status":"publish","type":"page","link":"https:\/\/www.softwareag.com\/br\/company\/trust-portal\/business-continuity\/","title":{"rendered":"Business Continuity"},"content":{"rendered":"<div class=\"wp-block-group alignwide is-layout-flow wp-block-group-is-layout-flow\">\n<p>Our ISO 22301-certified Business Continuity Management System incorporates an extraordinary degree of digitalization with best-practice governance processes, incident response teams and co-location of critical infrastructure and applications. This assures critical systems are available for our customers so they can meet their compliance requirements. Customers are guaranteed to get the services they need, quickly and effectively, even in a crisis situation. We continually align our Business Continuity Management System to changing requirements, review it regularly and improve continuously its efficiency. See certificates:<\/p>\n\n\n\n<p><a href=\"\/app\/uploads\/2025\/09\/Software-GMBH-ISO-22301-Certificate-Updated-02052025.pdf\" data-no-translation><\/a><a href=\"https:\/\/www.softwareag.com\/app\/uploads\/2026\/02\/SAG-Deutschland-AN-2025-ISO-22301-Certificate-Final.pdf\" data-no-translation>ISO 22301 Business Continuity Management System certified by Aprio<\/a><\/p>\n\n\n\n<div class=\"wp-block-buttons is-layout-flex wp-block-buttons-is-layout-flex\">\n<div class=\"wp-block-button is-style-secondary-button is-style-secondary-button--1\"><a class=\"wp-block-button__link wp-element-button\" href=\"https:\/\/www.softwareag.com\/app\/uploads\/2025\/09\/Because-Digital-Businesses-Never-Stop.pdf\" target=\"_blank\" rel=\"noreferrer noopener\" data-no-translation>Download Fact Sheet<\/a><\/div>\n<\/div>\n<\/div>\n\n\n\n<div class=\"wp-block-group alignfull is-style-left-aligned pre-footer-cta has-purple-background-color has-background has-global-padding is-layout-constrained wp-block-group-is-layout-constrained\" style=\"margin-top:var(--wp--preset--spacing--l);padding-top:var(--wp--preset--spacing--xxl);padding-bottom:var(--wp--preset--spacing--xxl)\">\n<div class=\"wp-block-group alignwide is-layout-flow wp-block-group-is-layout-flow\">\n<h2 class=\"wp-block-heading alignfull has-text-align-left has-grande-font-size has-white-color has-text-color has-link-color has-large-font-size wp-elements-b8d6f6f931fae20ac61d525c023df76b\" id=\"h-want-to-make-your-core-applications-future-ready\">Quer tornar as suas aplica\u00e7\u00f5es de miss\u00e3o cr\u00edtica prontas para o futuro?<\/h2>\n\n\n\n<p class=\"has-white-color has-text-color has-link-color wp-elements-e04203c2fbc13876bd23d5f3081c4d1d translation-block\">Construa sob o seu legado. Acelere o desenvolvimento em um ambiente DevOps moderno. Modernize suas aplica\u00e7\u00f5es Adabas &amp; Natural para reduzir custos e adotar a nuvem h\u00edbrida.<\/p>\n\n\n\n<div class=\"wp-block-buttons is-layout-flex wp-block-buttons-is-layout-flex\">\n<div class=\"wp-block-button is-style-dark-bg-primary is-style-dark-bg-primary--2\"><a class=\"wp-block-button__link wp-element-button\" href=\"https:\/\/www.softwareag.com\/br\/contact\/\" target=\"_blank\" rel=\"noreferrer noopener\">Fale com um especialista<\/a><\/div>\n\n\n\n<div class=\"wp-block-button is-style-dark-bg-transparent is-style-dark-bg-transparent--3\"><a class=\"wp-block-button__link wp-element-button\" href=\"https:\/\/www.softwareag.com\/br\/free-trials\/\" target=\"_blank\" rel=\"noreferrer noopener\">Teste gratuito<\/a><\/div>\n<\/div>\n<\/div>\n<\/div>","protected":false},"excerpt":{"rendered":"<p>Our ISO 22301-certified Business Continuity Management System incorporates an extraordinary degree of digitalization with best-practice governance processes, incident response teams and co-location of critical infrastructure and [&hellip;]<\/p>","protected":false},"author":9,"featured_media":0,"parent":1323,"menu_order":0,"comment_status":"closed","ping_status":"closed","template":"","meta":{"_acf_changed":false,"footnotes":""},"class_list":["post-1329","page","type-page","status-publish","hentry"],"acf":[],"yoast_head":"<!-- This site is optimized with the Yoast SEO Premium plugin v27.2 (Yoast SEO v27.2) - https:\/\/yoast.com\/product\/yoast-seo-premium-wordpress\/ -->\n<title>Business Continuity | Software AG<\/title>\n<meta name=\"description\" content=\"Business continuity compliance documents\" \/>\n<meta name=\"robots\" content=\"index, follow, max-snippet:-1, max-image-preview:large, max-video-preview:-1\" \/>\n<link rel=\"canonical\" href=\"https:\/\/www.softwareag.com\/br\/company\/trust-portal\/business-continuity\/\" \/>\n<meta property=\"og:locale\" content=\"pt_BR\" \/>\n<meta property=\"og:type\" content=\"article\" \/>\n<meta property=\"og:title\" content=\"Business Continuity\" \/>\n<meta property=\"og:description\" content=\"Business continuity compliance documents\" \/>\n<meta property=\"og:url\" content=\"https:\/\/www.softwareag.com\/br\/company\/trust-portal\/business-continuity\/\" \/>\n<meta property=\"og:site_name\" content=\"Software AG\" \/>\n<meta property=\"article:publisher\" content=\"https:\/\/www.facebook.com\/SoftwareAG\" \/>\n<meta property=\"article:modified_time\" content=\"2026-02-02T14:18:35+00:00\" \/>\n<meta property=\"og:image\" content=\"https:\/\/www.softwareag.com\/app\/uploads\/2025\/09\/software-gmbh-dark-logo-bg_Small.jpeg\" \/>\n\t<meta property=\"og:image:width\" content=\"800\" \/>\n\t<meta property=\"og:image:height\" content=\"450\" \/>\n\t<meta property=\"og:image:type\" content=\"image\/jpeg\" \/>\n<meta name=\"twitter:card\" content=\"summary_large_image\" \/>\n<meta name=\"twitter:site\" content=\"@softwareag\" \/>\n<meta name=\"twitter:label1\" content=\"Est. reading time\" \/>\n\t<meta name=\"twitter:data1\" content=\"1 minute\" \/>\n<script type=\"application\/ld+json\" class=\"yoast-schema-graph\">{\"@context\":\"https:\/\/schema.org\",\"@graph\":[{\"@type\":\"WebPage\",\"@id\":\"https:\/\/www.softwareag.com\/company\/trust-portal\/business-continuity\/\",\"url\":\"https:\/\/www.softwareag.com\/company\/trust-portal\/business-continuity\/\",\"name\":\"Business Continuity | Software AG\",\"isPartOf\":{\"@id\":\"https:\/\/www.softwareag.com\/en\/#website\"},\"datePublished\":\"2025-09-16T15:06:03+00:00\",\"dateModified\":\"2026-02-02T14:18:35+00:00\",\"description\":\"Business continuity compliance documents\",\"breadcrumb\":{\"@id\":\"https:\/\/www.softwareag.com\/company\/trust-portal\/business-continuity\/#breadcrumb\"},\"inLanguage\":\"pt-BR\",\"potentialAction\":[{\"@type\":\"ReadAction\",\"target\":[\"https:\/\/www.softwareag.com\/company\/trust-portal\/business-continuity\/\"]}]},{\"@type\":\"BreadcrumbList\",\"@id\":\"https:\/\/www.softwareag.com\/company\/trust-portal\/business-continuity\/#breadcrumb\",\"itemListElement\":[{\"@type\":\"ListItem\",\"position\":1,\"name\":\"Home\",\"item\":\"https:\/\/www.softwareag.com\/de\/\"},{\"@type\":\"ListItem\",\"position\":2,\"name\":\"Company\",\"item\":\"https:\/\/www.softwareag.com\/en\/company\/\"},{\"@type\":\"ListItem\",\"position\":3,\"name\":\"Trust Portal\",\"item\":\"https:\/\/www.softwareag.com\/en\/company\/trust-portal\/\"},{\"@type\":\"ListItem\",\"position\":4,\"name\":\"Business Continuity\"}]},{\"@type\":\"WebSite\",\"@id\":\"https:\/\/www.softwareag.com\/en\/#website\",\"url\":\"https:\/\/www.softwareag.com\/en\/\",\"name\":\"Software AG\",\"description\":\"Software AG&#039;s digital transformation solutions &amp; services\",\"publisher\":{\"@id\":\"https:\/\/www.softwareag.com\/en\/#organization\"},\"alternateName\":\"SAG\",\"potentialAction\":[{\"@type\":\"SearchAction\",\"target\":{\"@type\":\"EntryPoint\",\"urlTemplate\":\"https:\/\/www.softwareag.com\/en\/?s={search_term_string}\"},\"query-input\":{\"@type\":\"PropertyValueSpecification\",\"valueRequired\":true,\"valueName\":\"search_term_string\"}}],\"inLanguage\":\"pt-BR\"},{\"@type\":\"Organization\",\"@id\":\"https:\/\/www.softwareag.com\/en\/#organization\",\"name\":\"Software AG\",\"alternateName\":\"SAG\",\"url\":\"https:\/\/www.softwareag.com\/en\/\",\"logo\":{\"@type\":\"ImageObject\",\"inLanguage\":\"pt-BR\",\"@id\":\"https:\/\/www.softwareag.com\/en\/#\/schema\/logo\/image\/\",\"url\":\"https:\/\/www.softwareag.com\/app\/uploads\/2025\/09\/software-gmbh-dark-logo-bg_Small.jpeg\",\"contentUrl\":\"https:\/\/www.softwareag.com\/app\/uploads\/2025\/09\/software-gmbh-dark-logo-bg_Small.jpeg\",\"width\":800,\"height\":450,\"caption\":\"Software AG\"},\"image\":{\"@id\":\"https:\/\/www.softwareag.com\/en\/#\/schema\/logo\/image\/\"},\"sameAs\":[\"https:\/\/www.facebook.com\/SoftwareAG\",\"https:\/\/x.com\/softwareag\",\"https:\/\/www.linkedin.com\/company\/software-ag\",\"https:\/\/www.youtube.com\/user\/SOFTWAREAG\"],\"description\":\"Software AG is a global enterprise software company dedicated to facilitating digital transformation for large-scale organizations. They specialize in modernizing legacy infrastructure, optimizing mainframe operations, and enabling seamless data integration across hybrid environments.\",\"numberOfEmployees\":{\"@type\":\"QuantitativeValue\",\"minValue\":\"501\",\"maxValue\":\"1000\"}}]}<\/script>\n<!-- \/ Yoast SEO Premium plugin. -->","yoast_head_json":{"title":"Business Continuity | Software AG","description":"Business continuity compliance documents","robots":{"index":"index","follow":"follow","max-snippet":"max-snippet:-1","max-image-preview":"max-image-preview:large","max-video-preview":"max-video-preview:-1"},"canonical":"https:\/\/www.softwareag.com\/br\/company\/trust-portal\/business-continuity\/","og_locale":"pt_BR","og_type":"article","og_title":"Business Continuity","og_description":"Business continuity compliance documents","og_url":"https:\/\/www.softwareag.com\/br\/company\/trust-portal\/business-continuity\/","og_site_name":"Software AG","article_publisher":"https:\/\/www.facebook.com\/SoftwareAG","article_modified_time":"2026-02-02T14:18:35+00:00","og_image":[{"width":800,"height":450,"url":"https:\/\/www.softwareag.com\/app\/uploads\/2025\/09\/software-gmbh-dark-logo-bg_Small.jpeg","type":"image\/jpeg"}],"twitter_card":"summary_large_image","twitter_site":"@softwareag","twitter_misc":{"Est. reading time":"1 minute"},"schema":{"@context":"https:\/\/schema.org","@graph":[{"@type":"WebPage","@id":"https:\/\/www.softwareag.com\/company\/trust-portal\/business-continuity\/","url":"https:\/\/www.softwareag.com\/company\/trust-portal\/business-continuity\/","name":"Business Continuity | Software AG","isPartOf":{"@id":"https:\/\/www.softwareag.com\/en\/#website"},"datePublished":"2025-09-16T15:06:03+00:00","dateModified":"2026-02-02T14:18:35+00:00","description":"Business continuity compliance documents","breadcrumb":{"@id":"https:\/\/www.softwareag.com\/company\/trust-portal\/business-continuity\/#breadcrumb"},"inLanguage":"pt-BR","potentialAction":[{"@type":"ReadAction","target":["https:\/\/www.softwareag.com\/company\/trust-portal\/business-continuity\/"]}]},{"@type":"BreadcrumbList","@id":"https:\/\/www.softwareag.com\/company\/trust-portal\/business-continuity\/#breadcrumb","itemListElement":[{"@type":"ListItem","position":1,"name":"Home","item":"https:\/\/www.softwareag.com\/de\/"},{"@type":"ListItem","position":2,"name":"Company","item":"https:\/\/www.softwareag.com\/en\/company\/"},{"@type":"ListItem","position":3,"name":"Trust Portal","item":"https:\/\/www.softwareag.com\/en\/company\/trust-portal\/"},{"@type":"ListItem","position":4,"name":"Business Continuity"}]},{"@type":"WebSite","@id":"https:\/\/www.softwareag.com\/en\/#website","url":"https:\/\/www.softwareag.com\/en\/","name":"Software AG","description":"Solu\u00e7\u00f5es e servi\u00e7os de transforma\u00e7\u00e3o digital da Software AG","publisher":{"@id":"https:\/\/www.softwareag.com\/en\/#organization"},"alternateName":"SAG","potentialAction":[{"@type":"SearchAction","target":{"@type":"EntryPoint","urlTemplate":"https:\/\/www.softwareag.com\/en\/?s={search_term_string}"},"query-input":{"@type":"PropertyValueSpecification","valueRequired":true,"valueName":"search_term_string"}}],"inLanguage":"pt-BR"},{"@type":"Organization","@id":"https:\/\/www.softwareag.com\/en\/#organization","name":"Software AG","alternateName":"SAG","url":"https:\/\/www.softwareag.com\/en\/","logo":{"@type":"ImageObject","inLanguage":"pt-BR","@id":"https:\/\/www.softwareag.com\/en\/#\/schema\/logo\/image\/","url":"https:\/\/www.softwareag.com\/app\/uploads\/2025\/09\/software-gmbh-dark-logo-bg_Small.jpeg","contentUrl":"https:\/\/www.softwareag.com\/app\/uploads\/2025\/09\/software-gmbh-dark-logo-bg_Small.jpeg","width":800,"height":450,"caption":"Software AG"},"image":{"@id":"https:\/\/www.softwareag.com\/en\/#\/schema\/logo\/image\/"},"sameAs":["https:\/\/www.facebook.com\/SoftwareAG","https:\/\/x.com\/softwareag","https:\/\/www.linkedin.com\/company\/software-ag","https:\/\/www.youtube.com\/user\/SOFTWAREAG"],"description":"Software AG is a global enterprise software company dedicated to facilitating digital transformation for large-scale organizations. They specialize in modernizing legacy infrastructure, optimizing mainframe operations, and enabling seamless data integration across hybrid environments.","numberOfEmployees":{"@type":"QuantitativeValue","minValue":"501","maxValue":"1000"}}]}},"_links":{"self":[{"href":"https:\/\/www.softwareag.com\/br\/wp-json\/wp\/v2\/pages\/1329","targetHints":{"allow":["GET"]}}],"collection":[{"href":"https:\/\/www.softwareag.com\/br\/wp-json\/wp\/v2\/pages"}],"about":[{"href":"https:\/\/www.softwareag.com\/br\/wp-json\/wp\/v2\/types\/page"}],"author":[{"embeddable":true,"href":"https:\/\/www.softwareag.com\/br\/wp-json\/wp\/v2\/users\/9"}],"replies":[{"embeddable":true,"href":"https:\/\/www.softwareag.com\/br\/wp-json\/wp\/v2\/comments?post=1329"}],"version-history":[{"count":9,"href":"https:\/\/www.softwareag.com\/br\/wp-json\/wp\/v2\/pages\/1329\/revisions"}],"predecessor-version":[{"id":5002,"href":"https:\/\/www.softwareag.com\/br\/wp-json\/wp\/v2\/pages\/1329\/revisions\/5002"}],"up":[{"embeddable":true,"href":"https:\/\/www.softwareag.com\/br\/wp-json\/wp\/v2\/pages\/1323"}],"wp:attachment":[{"href":"https:\/\/www.softwareag.com\/br\/wp-json\/wp\/v2\/media?parent=1329"}],"curies":[{"name":"wp","href":"https:\/\/api.w.org\/{rel}","templated":true}]}}