{"id":1761,"date":"2025-09-24T15:39:29","date_gmt":"2025-09-24T19:39:29","guid":{"rendered":"https:\/\/www.softwareag.com\/?page_id=1761"},"modified":"2026-03-12T09:42:40","modified_gmt":"2026-03-12T13:42:40","slug":"sustainability","status":"publish","type":"page","link":"https:\/\/www.softwareag.com\/br\/company\/sustainability\/","title":{"rendered":"Pol\u00edtica ESG"},"content":{"rendered":"<div class=\"wp-block-group has-global-padding is-layout-constrained wp-block-group-is-layout-constrained\" style=\"padding-top:var(--wp--preset--spacing--xl);padding-bottom:var(--wp--preset--spacing--xl)\">\n<h2 class=\"wp-block-heading has-text-align-center\" id=\"h-ecovadis-scorecard\">Cart\u00e3o de pontua\u00e7\u00e3o da Ecovadis<\/h2>\n\n\n\n<p class=\"has-text-align-center\">Software GmbH obtained 64\/100 points in the latest <a href=\"https:\/\/recognition.ecovadis.com\/nknYuR7tq0y8a8qnen2JZQ\" type=\"link\" id=\"https:\/\/recognition.ecovadis.com\/nknYuR7tq0y8a8qnen2JZQ\">EcoVadis<\/a> assessment (2024: 63\/100). Thus, we have again been awarded a bronze medal &#8211; an award granted to companies in the top 35%. This achievement places Software GmbH in a strong position within the industry.<\/p>\n\n\n\n<figure class=\"wp-block-image size-large\"><img loading=\"lazy\" decoding=\"async\" width=\"1024\" height=\"244\" src=\"https:\/\/www.softwareag.com\/app\/uploads\/2025\/09\/Ecovadis_scorecard_AUG-2025-1024x244.jpeg\" alt=\"ecovadi sustainability scorecard\" class=\"wp-image-1869\" srcset=\"https:\/\/www.softwareag.com\/app\/uploads\/2025\/09\/Ecovadis_scorecard_AUG-2025-1024x244.jpeg 1024w, https:\/\/www.softwareag.com\/app\/uploads\/2025\/09\/Ecovadis_scorecard_AUG-2025-300x71.jpeg 300w, https:\/\/www.softwareag.com\/app\/uploads\/2025\/09\/Ecovadis_scorecard_AUG-2025-768x183.jpeg 768w, https:\/\/www.softwareag.com\/app\/uploads\/2025\/09\/Ecovadis_scorecard_AUG-2025-18x4.jpeg 18w, https:\/\/www.softwareag.com\/app\/uploads\/2025\/09\/Ecovadis_scorecard_AUG-2025.jpeg 1276w\" sizes=\"auto, (max-width: 1024px) 100vw, 1024px\" \/><\/figure>\n<\/div>\n\n\n\n<div class=\"wp-block-group alignwide has-global-padding is-layout-constrained wp-block-group-is-layout-constrained\">\n<h2 class=\"wp-block-heading has-text-align-center\" id=\"h-2024-sustainability-report\">2024 Relat\u00f3rio de Sustentabilidade<\/h2>\n\n\n\n<p>A Declara\u00e7\u00e3o de Sustentabilidade 2024 da Software GmbH refor\u00e7a nosso compromisso com pr\u00e1ticas comerciais respons\u00e1veis e com o alinhamento \u00e0s normas da UE. Garantimos que os impactos ambientais, sociais e de governan\u00e7a sejam gerenciados em todas as nossas opera\u00e7\u00f5es e cadeia de valor. Nosso objetivo \u00e9 promover resili\u00eancia e valor a longo prazo para as partes interessadas e a sociedade.<\/p>\n\n\n\n\n\n\n\n\n\n<div class=\"wp-block-buttons is-layout-flex wp-block-buttons-is-layout-flex\">\n<div class=\"wp-block-button\"><a class=\"wp-block-button__link wp-element-button\" href=\"https:\/\/www.softwareag.com\/app\/uploads\/2025\/12\/2024AR_SustainabilityStatement_en_web.pdf\" data-no-translation>Saiba mais<\/a><\/div>\n<\/div>\n\n\n\n\n\n<h2 class=\"wp-block-heading has-text-align-center\" id=\"h-environmental-policy\">Pol\u00edtica Ambiental <\/h2>\n\n\n\n<p>A Pol\u00edtica Ambiental Global da Software GmbH descreve nosso compromisso com a sustentabilidade e pr\u00e1ticas comerciais respons\u00e1veis em todas as opera\u00e7\u00f5es. A pol\u00edtica estabelece diretrizes para minimizar o impacto ambiental e enfatiza a conformidade com a legisla\u00e7\u00e3o ambiental, a transpar\u00eancia por meio de relat\u00f3rios de sustentabilidade e a colabora\u00e7\u00e3o com parceiros que compartilham nossos valores.<\/p>\n\n\n\n\n\n\n\n<div class=\"wp-block-buttons is-layout-flex wp-block-buttons-is-layout-flex\">\n<div class=\"wp-block-button\"><a class=\"wp-block-button__link wp-element-button\" href=\"https:\/\/www.softwareag.com\/app\/uploads\/2025\/12\/Global_Environmental_Policy_EN_v1.1.pdf\" data-no-translation>Saiba mais<\/a><\/div>\n<\/div>\n\n\n\n\n\n\n\n<h2 class=\"wp-block-heading has-text-align-center\" id=\"h-cdp-climate-score\">Pontua\u00e7\u00e3o clim\u00e1tica do CDP<\/h2>\n\n\n\n<div class=\"wp-block-media-text alignwide has-media-on-the-right is-stacked-on-mobile\"><div class=\"wp-block-media-text__content\">\n<h6 class=\"wp-block-heading\" id=\"h-cdp-the-carbon-disclosure-project\">CDP - o Projeto de Divulga\u00e7\u00e3o de Carbono<\/h6>\n\n\n\n<h4 class=\"wp-block-heading\" id=\"h-software-gmbh-scores-c-with-cdp\">A Software GmbH obt\u00e9m a classifica\u00e7\u00e3o C na CDP<\/h4>\n\n\n\n<p>O CDP \u00e9 o maior e mais abrangente conjunto de dados do mundo sobre emiss\u00f5es corporativas de gases de efeito estufa (GEE). Esses dados alimentam e acompanham o progresso global no sentido de construir uma economia verdadeiramente sustent\u00e1vel para as pessoas e o planeta.<\/p>\n\n\n\n<p>A Software GmbH tem participado da pesquisa CDP desde 2022. Em nossa submiss\u00e3o de 2025, alcan\u00e7amos a nota C (em uma escala de avalia\u00e7\u00e3o de A a F, sendo A a mais alta), demonstrando nossa conscientiza\u00e7\u00e3o e a consist\u00eancia de nossos esfor\u00e7os em relat\u00f3rios e iniciativas clim\u00e1ticas durante o ano fiscal de 2024.<\/p>\n\n\n\n<div class=\"wp-block-buttons is-layout-flex wp-block-buttons-is-layout-flex\">\n<div class=\"wp-block-button\"><a class=\"wp-block-button__link wp-element-button\" href=\"https:\/\/www.cdp.net\/en\/data\/scores\">Ir para o site do CDP<\/a><\/div>\n<\/div>\n<\/div><figure class=\"wp-block-media-text__media\"><img loading=\"lazy\" decoding=\"async\" width=\"1024\" height=\"658\" src=\"https:\/\/www.softwareag.com\/app\/uploads\/2025\/09\/oomm-dining-jetty-beach-club-drone-5-1024x658.jpeg\" alt=\"pontua\u00e7\u00e3o do clima da praia\" class=\"wp-image-1763 size-full\" srcset=\"https:\/\/www.softwareag.com\/app\/uploads\/2025\/09\/oomm-dining-jetty-beach-club-drone-5-1024x658.jpeg 1024w, https:\/\/www.softwareag.com\/app\/uploads\/2025\/09\/oomm-dining-jetty-beach-club-drone-5-300x193.jpeg 300w, https:\/\/www.softwareag.com\/app\/uploads\/2025\/09\/oomm-dining-jetty-beach-club-drone-5-768x494.jpeg 768w, https:\/\/www.softwareag.com\/app\/uploads\/2025\/09\/oomm-dining-jetty-beach-club-drone-5-18x12.jpeg 18w, https:\/\/www.softwareag.com\/app\/uploads\/2025\/09\/oomm-dining-jetty-beach-club-drone-5.jpeg 1400w\" sizes=\"auto, (max-width: 1024px) 100vw, 1024px\" \/><\/figure><\/div>\n<\/div>\n\n\n\n<div class=\"wp-block-group alignfull is-style-left-aligned pre-footer-cta has-purple-background-color has-background has-global-padding is-layout-constrained wp-block-group-is-layout-constrained\" style=\"margin-top:var(--wp--preset--spacing--l);padding-top:var(--wp--preset--spacing--xxl);padding-bottom:var(--wp--preset--spacing--xxl)\">\n<div class=\"wp-block-group alignwide is-layout-flow wp-block-group-is-layout-flow\">\n<h2 class=\"wp-block-heading alignfull has-text-align-left has-grande-font-size has-white-color has-text-color has-link-color has-large-font-size wp-elements-695bd39a5aa34bef369ac9734be34cce\" id=\"h-corporate-social-responsibilty\"><strong>RESPONSABILIDADE SOCIAL CORPORATIVA<\/strong><\/h2>\n\n\n\n<p class=\"has-white-color has-text-color has-link-color wp-elements-c645e628e62f8fbab9d9726851472d16\"><\/p>\n\n\n\n<div class=\"wp-block-buttons is-layout-flex wp-block-buttons-is-layout-flex\">\n<div class=\"wp-block-button is-style-dark-bg-primary is-style-dark-bg-primary--1\"><a class=\"wp-block-button__link wp-element-button\" href=\"https:\/\/www.softwareag.com\/br\/company\/csr\/\">Saiba mais<\/a><\/div>\n<\/div>\n<\/div>\n<\/div>","protected":false},"excerpt":{"rendered":"<p>Ecovadis scorecard Software GmbH obtained 64\/100 points in the latest EcoVadis assessment (2024: 63\/100). Thus, we have again been awarded a bronze medal &#8211; an award [&hellip;]<\/p>","protected":false},"author":9,"featured_media":0,"parent":1070,"menu_order":0,"comment_status":"closed","ping_status":"closed","template":"","meta":{"_acf_changed":false,"footnotes":""},"class_list":["post-1761","page","type-page","status-publish","hentry"],"acf":[],"yoast_head":"<!-- This site is optimized with the Yoast SEO Premium plugin v27.2 (Yoast SEO v27.2) - https:\/\/yoast.com\/product\/yoast-seo-premium-wordpress\/ -->\n<title>Sustainability at Software AG: Our Latest Achievements | Software AG<\/title>\n<meta name=\"description\" content=\"Explore sustainability at Software AG. Our commitment shines through our high EcoVadis score and responsible business practices.\" \/>\n<meta name=\"robots\" content=\"index, follow, max-snippet:-1, max-image-preview:large, max-video-preview:-1\" \/>\n<link rel=\"canonical\" href=\"https:\/\/www.softwareag.com\/br\/company\/sustainability\/\" \/>\n<meta property=\"og:locale\" content=\"pt_BR\" \/>\n<meta property=\"og:type\" content=\"article\" \/>\n<meta property=\"og:title\" content=\"Sustainability\" \/>\n<meta property=\"og:description\" content=\"Explore sustainability at Software AG. Our commitment shines through our high EcoVadis score and responsible business practices.\" \/>\n<meta property=\"og:url\" content=\"https:\/\/www.softwareag.com\/br\/company\/sustainability\/\" \/>\n<meta property=\"og:site_name\" content=\"Software AG\" \/>\n<meta property=\"article:publisher\" content=\"https:\/\/www.facebook.com\/SoftwareAG\" \/>\n<meta property=\"article:modified_time\" content=\"2026-03-12T13:42:40+00:00\" \/>\n<meta property=\"og:image\" content=\"https:\/\/www.softwareag.com\/app\/uploads\/2025\/09\/Ecovadis_scorecard_AUG-2025-1024x244.jpeg\" \/>\n<meta name=\"twitter:card\" content=\"summary_large_image\" \/>\n<meta name=\"twitter:site\" content=\"@softwareag\" \/>\n<meta name=\"twitter:label1\" content=\"Est. reading time\" \/>\n\t<meta name=\"twitter:data1\" content=\"2 minutes\" \/>\n<script type=\"application\/ld+json\" class=\"yoast-schema-graph\">{\"@context\":\"https:\/\/schema.org\",\"@graph\":[{\"@type\":\"WebPage\",\"@id\":\"https:\/\/www.softwareag.com\/company\/sustainability\/\",\"url\":\"https:\/\/www.softwareag.com\/company\/sustainability\/\",\"name\":\"Sustainability at Software AG: Our Latest Achievements | Software AG\",\"isPartOf\":{\"@id\":\"https:\/\/www.softwareag.com\/en\/#website\"},\"primaryImageOfPage\":{\"@id\":\"https:\/\/www.softwareag.com\/company\/sustainability\/#primaryimage\"},\"image\":{\"@id\":\"https:\/\/www.softwareag.com\/company\/sustainability\/#primaryimage\"},\"thumbnailUrl\":\"https:\/\/www.softwareag.com\/app\/uploads\/2025\/09\/Ecovadis_scorecard_AUG-2025-1024x244.jpeg\",\"datePublished\":\"2025-09-24T19:39:29+00:00\",\"dateModified\":\"2026-03-12T13:42:40+00:00\",\"description\":\"Explore sustainability at Software AG. Our commitment shines through our high EcoVadis score and responsible business practices.\",\"breadcrumb\":{\"@id\":\"https:\/\/www.softwareag.com\/company\/sustainability\/#breadcrumb\"},\"inLanguage\":\"pt-BR\",\"potentialAction\":[{\"@type\":\"ReadAction\",\"target\":[\"https:\/\/www.softwareag.com\/company\/sustainability\/\"]}]},{\"@type\":\"ImageObject\",\"inLanguage\":\"pt-BR\",\"@id\":\"https:\/\/www.softwareag.com\/company\/sustainability\/#primaryimage\",\"url\":\"https:\/\/www.softwareag.com\/app\/uploads\/2025\/09\/Ecovadis_scorecard_AUG-2025-1024x244.jpeg\",\"contentUrl\":\"https:\/\/www.softwareag.com\/app\/uploads\/2025\/09\/Ecovadis_scorecard_AUG-2025-1024x244.jpeg\"},{\"@type\":\"BreadcrumbList\",\"@id\":\"https:\/\/www.softwareag.com\/company\/sustainability\/#breadcrumb\",\"itemListElement\":[{\"@type\":\"ListItem\",\"position\":1,\"name\":\"Home\",\"item\":\"https:\/\/www.softwareag.com\/de\/\"},{\"@type\":\"ListItem\",\"position\":2,\"name\":\"Company\",\"item\":\"https:\/\/www.softwareag.com\/en\/company\/\"},{\"@type\":\"ListItem\",\"position\":3,\"name\":\"Sustainability\"}]},{\"@type\":\"WebSite\",\"@id\":\"https:\/\/www.softwareag.com\/en\/#website\",\"url\":\"https:\/\/www.softwareag.com\/en\/\",\"name\":\"Software AG\",\"description\":\"Software AG&#039;s digital transformation solutions &amp; services\",\"publisher\":{\"@id\":\"https:\/\/www.softwareag.com\/en\/#organization\"},\"alternateName\":\"SAG\",\"potentialAction\":[{\"@type\":\"SearchAction\",\"target\":{\"@type\":\"EntryPoint\",\"urlTemplate\":\"https:\/\/www.softwareag.com\/en\/?s={search_term_string}\"},\"query-input\":{\"@type\":\"PropertyValueSpecification\",\"valueRequired\":true,\"valueName\":\"search_term_string\"}}],\"inLanguage\":\"pt-BR\"},{\"@type\":\"Organization\",\"@id\":\"https:\/\/www.softwareag.com\/en\/#organization\",\"name\":\"Software AG\",\"alternateName\":\"SAG\",\"url\":\"https:\/\/www.softwareag.com\/en\/\",\"logo\":{\"@type\":\"ImageObject\",\"inLanguage\":\"pt-BR\",\"@id\":\"https:\/\/www.softwareag.com\/en\/#\/schema\/logo\/image\/\",\"url\":\"https:\/\/www.softwareag.com\/app\/uploads\/2025\/09\/software-gmbh-dark-logo-bg_Small.jpeg\",\"contentUrl\":\"https:\/\/www.softwareag.com\/app\/uploads\/2025\/09\/software-gmbh-dark-logo-bg_Small.jpeg\",\"width\":800,\"height\":450,\"caption\":\"Software AG\"},\"image\":{\"@id\":\"https:\/\/www.softwareag.com\/en\/#\/schema\/logo\/image\/\"},\"sameAs\":[\"https:\/\/www.facebook.com\/SoftwareAG\",\"https:\/\/x.com\/softwareag\",\"https:\/\/www.linkedin.com\/company\/software-ag\",\"https:\/\/www.youtube.com\/user\/SOFTWAREAG\"],\"description\":\"Software AG is a global enterprise software company dedicated to facilitating digital transformation for large-scale organizations. They specialize in modernizing legacy infrastructure, optimizing mainframe operations, and enabling seamless data integration across hybrid environments.\",\"numberOfEmployees\":{\"@type\":\"QuantitativeValue\",\"minValue\":\"501\",\"maxValue\":\"1000\"}}]}<\/script>\n<!-- \/ Yoast SEO Premium plugin. -->","yoast_head_json":{"title":"Sustainability at Software AG: Our Latest Achievements | Software AG","description":"Explore sustainability at Software AG. Our commitment shines through our high EcoVadis score and responsible business practices.","robots":{"index":"index","follow":"follow","max-snippet":"max-snippet:-1","max-image-preview":"max-image-preview:large","max-video-preview":"max-video-preview:-1"},"canonical":"https:\/\/www.softwareag.com\/br\/company\/sustainability\/","og_locale":"pt_BR","og_type":"article","og_title":"Sustainability","og_description":"Explore sustainability at Software AG. Our commitment shines through our high EcoVadis score and responsible business practices.","og_url":"https:\/\/www.softwareag.com\/br\/company\/sustainability\/","og_site_name":"Software AG","article_publisher":"https:\/\/www.facebook.com\/SoftwareAG","article_modified_time":"2026-03-12T13:42:40+00:00","og_image":[{"url":"https:\/\/www.softwareag.com\/app\/uploads\/2025\/09\/Ecovadis_scorecard_AUG-2025-1024x244.jpeg","type":"","width":"","height":""}],"twitter_card":"summary_large_image","twitter_site":"@softwareag","twitter_misc":{"Est. reading time":"2 minutes"},"schema":{"@context":"https:\/\/schema.org","@graph":[{"@type":"WebPage","@id":"https:\/\/www.softwareag.com\/company\/sustainability\/","url":"https:\/\/www.softwareag.com\/company\/sustainability\/","name":"Sustainability at Software AG: Our Latest Achievements | Software AG","isPartOf":{"@id":"https:\/\/www.softwareag.com\/en\/#website"},"primaryImageOfPage":{"@id":"https:\/\/www.softwareag.com\/company\/sustainability\/#primaryimage"},"image":{"@id":"https:\/\/www.softwareag.com\/company\/sustainability\/#primaryimage"},"thumbnailUrl":"https:\/\/www.softwareag.com\/app\/uploads\/2025\/09\/Ecovadis_scorecard_AUG-2025-1024x244.jpeg","datePublished":"2025-09-24T19:39:29+00:00","dateModified":"2026-03-12T13:42:40+00:00","description":"Explore sustainability at Software AG. Our commitment shines through our high EcoVadis score and responsible business practices.","breadcrumb":{"@id":"https:\/\/www.softwareag.com\/company\/sustainability\/#breadcrumb"},"inLanguage":"pt-BR","potentialAction":[{"@type":"ReadAction","target":["https:\/\/www.softwareag.com\/company\/sustainability\/"]}]},{"@type":"ImageObject","inLanguage":"pt-BR","@id":"https:\/\/www.softwareag.com\/company\/sustainability\/#primaryimage","url":"https:\/\/www.softwareag.com\/app\/uploads\/2025\/09\/Ecovadis_scorecard_AUG-2025-1024x244.jpeg","contentUrl":"https:\/\/www.softwareag.com\/app\/uploads\/2025\/09\/Ecovadis_scorecard_AUG-2025-1024x244.jpeg"},{"@type":"BreadcrumbList","@id":"https:\/\/www.softwareag.com\/company\/sustainability\/#breadcrumb","itemListElement":[{"@type":"ListItem","position":1,"name":"Home","item":"https:\/\/www.softwareag.com\/de\/"},{"@type":"ListItem","position":2,"name":"Company","item":"https:\/\/www.softwareag.com\/en\/company\/"},{"@type":"ListItem","position":3,"name":"Sustainability"}]},{"@type":"WebSite","@id":"https:\/\/www.softwareag.com\/en\/#website","url":"https:\/\/www.softwareag.com\/en\/","name":"Software AG","description":"Solu\u00e7\u00f5es e servi\u00e7os de transforma\u00e7\u00e3o digital da Software AG","publisher":{"@id":"https:\/\/www.softwareag.com\/en\/#organization"},"alternateName":"SAG","potentialAction":[{"@type":"SearchAction","target":{"@type":"EntryPoint","urlTemplate":"https:\/\/www.softwareag.com\/en\/?s={search_term_string}"},"query-input":{"@type":"PropertyValueSpecification","valueRequired":true,"valueName":"search_term_string"}}],"inLanguage":"pt-BR"},{"@type":"Organization","@id":"https:\/\/www.softwareag.com\/en\/#organization","name":"Software AG","alternateName":"SAG","url":"https:\/\/www.softwareag.com\/en\/","logo":{"@type":"ImageObject","inLanguage":"pt-BR","@id":"https:\/\/www.softwareag.com\/en\/#\/schema\/logo\/image\/","url":"https:\/\/www.softwareag.com\/app\/uploads\/2025\/09\/software-gmbh-dark-logo-bg_Small.jpeg","contentUrl":"https:\/\/www.softwareag.com\/app\/uploads\/2025\/09\/software-gmbh-dark-logo-bg_Small.jpeg","width":800,"height":450,"caption":"Software AG"},"image":{"@id":"https:\/\/www.softwareag.com\/en\/#\/schema\/logo\/image\/"},"sameAs":["https:\/\/www.facebook.com\/SoftwareAG","https:\/\/x.com\/softwareag","https:\/\/www.linkedin.com\/company\/software-ag","https:\/\/www.youtube.com\/user\/SOFTWAREAG"],"description":"Software AG is a global enterprise software company dedicated to facilitating digital transformation for large-scale organizations. They specialize in modernizing legacy infrastructure, optimizing mainframe operations, and enabling seamless data integration across hybrid environments.","numberOfEmployees":{"@type":"QuantitativeValue","minValue":"501","maxValue":"1000"}}]}},"_links":{"self":[{"href":"https:\/\/www.softwareag.com\/br\/wp-json\/wp\/v2\/pages\/1761","targetHints":{"allow":["GET"]}}],"collection":[{"href":"https:\/\/www.softwareag.com\/br\/wp-json\/wp\/v2\/pages"}],"about":[{"href":"https:\/\/www.softwareag.com\/br\/wp-json\/wp\/v2\/types\/page"}],"author":[{"embeddable":true,"href":"https:\/\/www.softwareag.com\/br\/wp-json\/wp\/v2\/users\/9"}],"replies":[{"embeddable":true,"href":"https:\/\/www.softwareag.com\/br\/wp-json\/wp\/v2\/comments?post=1761"}],"version-history":[{"count":34,"href":"https:\/\/www.softwareag.com\/br\/wp-json\/wp\/v2\/pages\/1761\/revisions"}],"predecessor-version":[{"id":6344,"href":"https:\/\/www.softwareag.com\/br\/wp-json\/wp\/v2\/pages\/1761\/revisions\/6344"}],"up":[{"embeddable":true,"href":"https:\/\/www.softwareag.com\/br\/wp-json\/wp\/v2\/pages\/1070"}],"wp:attachment":[{"href":"https:\/\/www.softwareag.com\/br\/wp-json\/wp\/v2\/media?parent=1761"}],"curies":[{"name":"wp","href":"https:\/\/api.w.org\/{rel}","templated":true}]}}