{"id":2110,"date":"2025-09-29T20:59:27","date_gmt":"2025-09-30T00:59:27","guid":{"rendered":"https:\/\/www.softwareag.com\/?page_id=2110"},"modified":"2026-02-12T06:34:04","modified_gmt":"2026-02-12T10:34:04","slug":"usergroup","status":"publish","type":"page","link":"https:\/\/www.softwareag.com\/br\/developer\/usergroup\/","title":{"rendered":"Grupos de Usu\u00e1rios Internacionais"},"content":{"rendered":"<div class=\"wp-block-group alignwide is-layout-flow wp-block-group-is-layout-flow\">\n<hr class=\"wp-block-separator has-alpha-channel-opacity\"\/>\n\n\n\n<h2 class=\"wp-block-heading alignwide\" id=\"h-why-join-a-user-group\">Por que participar do Grupo de Usu\u00e1rios?<\/h2>\n\n\n\n<p>Nosso Grupo de Usu\u00e1rios s\u00e3o sua porta de entrada para um mundo de conhecimento exclusivo sobre produtos, vindo da melhor fonte poss\u00edvel: seus colegas!\nGaranta que seu projeto digital seja um sucesso. Conecte-se, aprenda e colabore com quem j\u00e1 percorreu esse caminho antes.&nbsp;<\/p>\n<\/div>\n\n\n\n<div class=\"wp-block-group alignwide sag-cards-row sag-cards-row-icons is-layout-flow wp-block-group-is-layout-flow\" style=\"border-style:none;border-width:0px;margin-top:var(--wp--preset--spacing--xl);padding-bottom:var(--wp--preset--spacing--l)\">\n<div class=\"wp-block-columns is-layout-flex wp-container-core-columns-is-layout-f7d19e04 wp-block-columns-is-layout-flex\" style=\"padding-top:var(--wp--preset--spacing--m)\">\n<div class=\"wp-block-column has-gray-background-color has-background is-layout-flow wp-block-column-is-layout-flow\">\n<figure class=\"wp-block-image size-full is-resized\"><img loading=\"lazy\" decoding=\"async\" width=\"48\" height=\"48\" src=\"https:\/\/www.softwareag.com\/app\/uploads\/2025\/08\/all-inclusive.svg\" alt=\"\" class=\"wp-image-313\" style=\"width:42px\"\/><\/figure>\n\n\n\n<h4 class=\"wp-block-heading\" id=\"h-network\">Conecte-se<\/h4>\n\n\n\n<p>com outros profissionais e tenha acesso a uma ampla base de conhecimento sobre produtos.<\/p>\n<\/div>\n\n\n\n<div class=\"wp-block-column has-gray-background-color has-background is-layout-flow wp-block-column-is-layout-flow\">\n<figure class=\"wp-block-image size-full is-resized\"><img loading=\"lazy\" decoding=\"async\" width=\"48\" height=\"48\" src=\"https:\/\/www.softwareag.com\/app\/uploads\/2025\/08\/cloud-queue.svg\" alt=\"\" class=\"wp-image-245\" style=\"width:42px\"\/><\/figure>\n\n\n\n<h4 class=\"wp-block-heading\" id=\"h-share\">Compartilhe<\/h4>\n\n\n\n<p>ideias, experi\u00eancias e melhores pr\u00e1ticas recomendadas.<\/p>\n<\/div>\n\n\n\n<div class=\"wp-block-column has-gray-background-color has-background is-layout-flow wp-block-column-is-layout-flow\">\n<figure class=\"wp-block-image size-full is-resized\"><img loading=\"lazy\" decoding=\"async\" width=\"48\" height=\"48\" src=\"https:\/\/www.softwareag.com\/app\/uploads\/2025\/08\/view-timeline.svg\" alt=\"\" class=\"wp-image-296\" style=\"width:42px\"\/><\/figure>\n\n\n\n<h4 class=\"wp-block-heading\" id=\"h-learn\">Aprenda<\/h4>\n\n\n\n<p>sobre produtos e fale diretamente com um especialista.<\/p>\n<\/div>\n<\/div>\n\n\n\n<div class=\"wp-block-columns is-layout-flex wp-container-core-columns-is-layout-f7d19e04 wp-block-columns-is-layout-flex\" style=\"padding-top:var(--wp--preset--spacing--m)\">\n<div class=\"wp-block-column has-gray-background-color has-background is-layout-flow wp-block-column-is-layout-flow\">\n<figure class=\"wp-block-image size-full is-resized\"><img loading=\"lazy\" decoding=\"async\" width=\"48\" height=\"48\" src=\"https:\/\/www.softwareag.com\/app\/uploads\/2025\/08\/select-check-box-1.svg\" alt=\"\" class=\"wp-image-235\" style=\"width:42px\"\/><\/figure>\n\n\n\n<h4 class=\"wp-block-heading\" id=\"h-influence\">Colabore<\/h4>\n\n\n\n<p>com mudan\u00e7as e aprimoramentos nos produtos.<\/p>\n<\/div>\n\n\n\n<div class=\"wp-block-column has-gray-background-color has-background is-layout-flow wp-block-column-is-layout-flow\">\n<figure class=\"wp-block-image size-full is-resized\"><img loading=\"lazy\" decoding=\"async\" width=\"48\" height=\"48\" src=\"https:\/\/www.softwareag.com\/app\/uploads\/2025\/08\/manage-history-1.svg\" alt=\"\" class=\"wp-image-236\" style=\"width:42px\"\/><\/figure>\n\n\n\n<h4 class=\"wp-block-heading\" id=\"h-stay-up-to-date\">Mantenha-se atualizado<\/h4>\n\n\n\n<p>e receba pr\u00e9vias exclusivas das pesquisas em andamento.<\/p>\n<\/div>\n\n\n\n<div class=\"wp-block-column has-gray-background-color has-background is-layout-flow wp-block-column-is-layout-flow\">\n<figure class=\"wp-block-image size-full is-resized\"><img loading=\"lazy\" decoding=\"async\" width=\"48\" height=\"48\" src=\"https:\/\/www.softwareag.com\/app\/uploads\/2025\/08\/verified-user.svg\" alt=\"\" class=\"wp-image-278\" style=\"width:42px\"\/><\/figure>\n\n\n\n<h4 class=\"wp-block-heading\" id=\"h-access\">Participe<\/h4>\n\n\n\n<p>local and specialist meetups including our annual International User Group Conference<\/p>\n<\/div>\n<\/div>\n<\/div>\n\n\n\n<h4 class=\"wp-block-heading alignwide\" id=\"h-the-cost-nbsp-the-time-it-takes-to-click\">O investimento? Apenas um clique<\/h4>\n\n\n\n<div class=\"wp-block-buttons alignwide is-layout-flex wp-block-buttons-is-layout-flex\">\n<div class=\"wp-block-button\"><a class=\"wp-block-button__link wp-element-button\" href=\"https:\/\/techcommunity.softwareag.com\/c\/user-groups\/179\" target=\"_blank\" rel=\"noreferrer noopener\">Inscreva-se agora<\/a><\/div>\n<\/div>\n\n\n\n<hr class=\"wp-block-separator alignwide has-alpha-channel-opacity\"\/>\n\n\n\n<div class=\"wp-block-group alignfull has-purple-to-teal-gradient-background has-background has-global-padding is-layout-constrained wp-block-group-is-layout-constrained\">\n<div class=\"wp-block-columns alignwide is-layout-flex wp-container-core-columns-is-layout-8696dd61 wp-block-columns-is-layout-flex\" style=\"padding-top:var(--wp--preset--spacing--s);padding-bottom:var(--wp--preset--spacing--s)\">\n<div class=\"wp-block-column is-layout-flow wp-block-column-is-layout-flow\" style=\"flex-basis:40%\">\n<h2 class=\"wp-block-heading alignfull has-text-align-left has-grande-font-size has-white-color has-text-color has-link-color has-large-font-size wp-elements-a9f7d7e63333e849f62ffebdd3e017b6\" id=\"h-international-user-group-conference-2026\">International User Group Conference 2026<\/h2>\n\n\n\n<p class=\"has-white-color has-text-color has-link-color wp-elements-c321f67eef79cb395147d2cfa86fc24d\"><strong>June 16-18, 2026 I Munich, Germany<\/strong><\/p>\n\n\n\n<p class=\"has-white-color has-text-color has-link-color wp-elements-7e4f30d2d2bf73a79fc6866c532c849b\">Join us for the <strong>International User Groups (IUG) Conference 2026<\/strong>, where innovation meets collaboration in one of Europe\u2019s most vibrant tech hubs. Building on last year\u2019s momentum, the program will continue to focus exclusively on our Adabas &amp; Natural user groups. Expect even more connections, more insights and the same high-octane content you\u2019ve come to love from the world of Adabas &amp; Natural.<\/p>\n\n\n\n<div class=\"wp-block-buttons is-layout-flex wp-block-buttons-is-layout-flex\">\n<div class=\"wp-block-button is-style-dark-bg-primary is-style-dark-bg-primary--1\"><a class=\"wp-block-button__link wp-element-button\" href=\"https:\/\/www.softwareag.com\/br\/iug2026\/\">Saiba mais<\/a><\/div>\n<\/div>\n<\/div>\n\n\n\n<div class=\"wp-block-column is-layout-flow wp-block-column-is-layout-flow\" style=\"flex-basis:60%\">\n<figure class=\"wp-block-image size-large\"><img loading=\"lazy\" decoding=\"async\" width=\"1024\" height=\"683\" src=\"https:\/\/www.softwareag.com\/app\/uploads\/2025\/10\/AdobeStock_417536655-1024x683.jpeg\" alt=\"bright skyline of Munich, Germany\" class=\"wp-image-3380\" style=\"aspect-ratio:16\/9;object-fit:contain\" srcset=\"https:\/\/www.softwareag.com\/app\/uploads\/2025\/10\/AdobeStock_417536655-1024x683.jpeg 1024w, https:\/\/www.softwareag.com\/app\/uploads\/2025\/10\/AdobeStock_417536655-300x200.jpeg 300w, https:\/\/www.softwareag.com\/app\/uploads\/2025\/10\/AdobeStock_417536655-768x512.jpeg 768w, https:\/\/www.softwareag.com\/app\/uploads\/2025\/10\/AdobeStock_417536655-1536x1024.jpeg 1536w, https:\/\/www.softwareag.com\/app\/uploads\/2025\/10\/AdobeStock_417536655-2048x1365.jpeg 2048w, https:\/\/www.softwareag.com\/app\/uploads\/2025\/10\/AdobeStock_417536655-18x12.jpeg 18w\" sizes=\"auto, (max-width: 1024px) 100vw, 1024px\" \/><\/figure>\n<\/div>\n<\/div>\n<\/div>\n\n\n\n<div class=\"wp-block-group alignwide sag-cards-row has-global-padding is-layout-constrained wp-block-group-is-layout-constrained\" style=\"border-top-color:var(--wp--preset--color--gray);border-top-width:2px;border-right-style:none;border-right-width:0px;border-bottom-style:none;border-bottom-width:0px;border-left-style:none;border-left-width:0px;margin-top:var(--wp--preset--spacing--xl);padding-bottom:var(--wp--preset--spacing--l)\">\n<div class=\"wp-block-columns alignwide is-layout-flex wp-container-core-columns-is-layout-f7d19e04 wp-block-columns-is-layout-flex\" style=\"padding-top:var(--wp--preset--spacing--m)\">\n<div class=\"wp-block-column has-gray-background-color has-background is-layout-flow wp-block-column-is-layout-flow\">\n<figure class=\"wp-block-image size-full\"><img loading=\"lazy\" decoding=\"async\" width=\"1400\" height=\"788\" src=\"https:\/\/www.softwareag.com\/app\/uploads\/2025\/09\/engaging-experience.jpeg\" alt=\"attendee of Software AG's IUG taking a picture of slides\" class=\"wp-image-2131\" srcset=\"https:\/\/www.softwareag.com\/app\/uploads\/2025\/09\/engaging-experience.jpeg 1400w, https:\/\/www.softwareag.com\/app\/uploads\/2025\/09\/engaging-experience-300x169.jpeg 300w, https:\/\/www.softwareag.com\/app\/uploads\/2025\/09\/engaging-experience-1024x576.jpeg 1024w, https:\/\/www.softwareag.com\/app\/uploads\/2025\/09\/engaging-experience-768x432.jpeg 768w, https:\/\/www.softwareag.com\/app\/uploads\/2025\/09\/engaging-experience-18x10.jpeg 18w\" sizes=\"auto, (max-width: 1400px) 100vw, 1400px\" \/><\/figure>\n\n\n\n<h4 class=\"wp-block-heading\" id=\"h-influence-and-receive-insights\">Participe e receba insights exclusivos<\/h4>\n\n\n\n<p>Quer saber mais sobre o Grupos de Usu\u00e1rios dedicados ao seu produto principal? Deseja participar de um grupo de usu\u00e1rios na sua regi\u00e3o?<\/p>\n\n\n\n<div class=\"wp-block-buttons is-layout-flex wp-block-buttons-is-layout-flex\" style=\"margin-top:0\">\n<div class=\"wp-block-button is-style-no-border is-style-no-border--2\"><a class=\"wp-block-button__link wp-element-button\" href=\"https:\/\/techcommunity.softwareag.com\/c\/user-groups\/179\" target=\"_blank\" rel=\"noreferrer noopener\">Saiba mais<\/a><\/div>\n<\/div>\n<\/div>\n\n\n\n<div class=\"wp-block-column has-gray-background-color has-background is-layout-flow wp-block-column-is-layout-flow\">\n<figure class=\"wp-block-image size-full\"><img loading=\"lazy\" decoding=\"async\" width=\"1400\" height=\"788\" src=\"https:\/\/www.softwareag.com\/app\/uploads\/2025\/09\/user-experience-sessions.jpeg\" alt=\"International User Group attendees working with group on laptops\" class=\"wp-image-2132\" srcset=\"https:\/\/www.softwareag.com\/app\/uploads\/2025\/09\/user-experience-sessions.jpeg 1400w, https:\/\/www.softwareag.com\/app\/uploads\/2025\/09\/user-experience-sessions-300x169.jpeg 300w, https:\/\/www.softwareag.com\/app\/uploads\/2025\/09\/user-experience-sessions-1024x576.jpeg 1024w, https:\/\/www.softwareag.com\/app\/uploads\/2025\/09\/user-experience-sessions-768x432.jpeg 768w, https:\/\/www.softwareag.com\/app\/uploads\/2025\/09\/user-experience-sessions-18x10.jpeg 18w\" sizes=\"auto, (max-width: 1400px) 100vw, 1400px\" \/><\/figure>\n\n\n\n<h4 class=\"wp-block-heading\" id=\"h-coming-to-a-location-near-you\">Em um local perto de voc\u00ea<\/h4>\n\n\n\n<p>N\u00f3s apoiamos Grupos de Usu\u00e1rios locais e internacionais, al\u00e9m de Grupos de Interesse Especial em todo o mundo. Quer saber o que est\u00e1 acontecendo na sua regi\u00e3o ou sobre algum tema espec\u00edfico?<\/p>\n\n\n\n<div class=\"wp-block-buttons is-layout-flex wp-block-buttons-is-layout-flex\" style=\"margin-top:0\">\n<div class=\"wp-block-button is-style-no-border is-style-no-border--3\"><a class=\"wp-block-button__link wp-element-button\" href=\"https:\/\/techcommunity.softwareag.com\/c\/user-groups\/179\" target=\"_blank\" rel=\"noreferrer noopener\">Saiba mais<\/a><\/div>\n<\/div>\n<\/div>\n<\/div>\n<\/div>\n\n\n\n<div class=\"wp-block-group alignfull is-style-left-aligned pre-footer-cta has-purple-background-color has-background has-global-padding is-layout-constrained wp-block-group-is-layout-constrained\" style=\"margin-top:var(--wp--preset--spacing--l);padding-top:var(--wp--preset--spacing--xxl);padding-bottom:var(--wp--preset--spacing--xxl)\">\n<div class=\"wp-block-group alignwide is-layout-flow wp-block-group-is-layout-flow\">\n<h2 class=\"wp-block-heading alignfull has-text-align-left has-grande-font-size has-white-color has-text-color has-link-color has-large-font-size wp-elements-f0be57bb4927850a06c4dc95582c604f\" id=\"h-join-other-members\">Participe do Grupo de Usu\u00e1rios<\/h2>\n\n\n\n<h4 class=\"wp-block-heading has-white-color has-text-color has-link-color wp-elements-479581282829078e31dd6b793a3d5447\" id=\"h-any-customer-can-sign-up-for-free\">Any customer can sign up for free<\/h4>\n\n\n\n<p class=\"has-white-color has-text-color has-link-color wp-elements-17a45a381bab5729786868b002e4cbf8\">Como membro, voc\u00ea pode participar de reuni\u00f5es, receber e utilizar informa\u00e7\u00f5es relevantes sobre produtos e participar de todos os eventos do Grupo de Usu\u00e1rios.  Tornar-se membro \u00e9 simples: basta clicar no bot\u00e3o \"Entre para a comunidade\", e n\u00f3s enviaremos informa\u00e7\u00f5es sobre a rede de Grupos de Usu\u00e1rios e os pr\u00f3ximos eventos locais e internacionais.<\/p>\n\n\n\n<div class=\"wp-block-buttons is-layout-flex wp-block-buttons-is-layout-flex\">\n<div class=\"wp-block-button is-style-dark-bg-primary is-style-dark-bg-primary--4\"><a class=\"wp-block-button__link wp-element-button\" href=\"https:\/\/techcommunity.softwareag.com\/c\/user-groups\/179\" target=\"_blank\" rel=\"noreferrer noopener\">Junte-se, participe, colabore<\/a><\/div>\n<\/div>\n<\/div>\n<\/div>","protected":false},"excerpt":{"rendered":"<p>Why join a user group? Our User Groups are your gateway to world of insider product knowledge coming from the best practical source of all\u2014your peers! [&hellip;]<\/p>","protected":false},"author":9,"featured_media":2202,"parent":857,"menu_order":0,"comment_status":"closed","ping_status":"closed","template":"","meta":{"_acf_changed":false,"footnotes":""},"class_list":["post-2110","page","type-page","status-publish","has-post-thumbnail","hentry"],"acf":[],"yoast_head":"<!-- This site is optimized with the Yoast SEO Premium plugin v27.2 (Yoast SEO v27.2) - https:\/\/yoast.com\/product\/yoast-seo-premium-wordpress\/ -->\n<title>User Groups | Software AG<\/title>\n<meta name=\"description\" content=\"Join the International Users Group 2026 in Munich for insights, collaboration, and the latest in Adabas and Natural technology.\" \/>\n<meta name=\"robots\" content=\"index, follow, max-snippet:-1, max-image-preview:large, max-video-preview:-1\" \/>\n<link rel=\"canonical\" href=\"https:\/\/www.softwareag.com\/br\/developer\/usergroup\/\" \/>\n<meta property=\"og:locale\" content=\"pt_BR\" \/>\n<meta property=\"og:type\" content=\"article\" \/>\n<meta property=\"og:title\" content=\"User Groups\" \/>\n<meta property=\"og:description\" content=\"Join the International Users Group 2026 in Munich for insights, collaboration, and the latest in Adabas and Natural technology.\" \/>\n<meta property=\"og:url\" content=\"https:\/\/www.softwareag.com\/br\/developer\/usergroup\/\" \/>\n<meta property=\"og:site_name\" content=\"Software AG\" \/>\n<meta property=\"article:publisher\" content=\"https:\/\/www.facebook.com\/SoftwareAG\" \/>\n<meta property=\"article:modified_time\" content=\"2026-02-12T10:34:04+00:00\" \/>\n<meta property=\"og:image\" content=\"https:\/\/www.softwareag.com\/app\/uploads\/2025\/09\/user-groups-02.png\" \/>\n\t<meta property=\"og:image:width\" content=\"1920\" \/>\n\t<meta property=\"og:image:height\" content=\"1501\" \/>\n\t<meta property=\"og:image:type\" content=\"image\/png\" \/>\n<meta name=\"twitter:card\" content=\"summary_large_image\" \/>\n<meta name=\"twitter:site\" content=\"@softwareag\" \/>\n<meta name=\"twitter:label1\" content=\"Est. reading time\" \/>\n\t<meta name=\"twitter:data1\" content=\"4 minutes\" \/>\n<script type=\"application\/ld+json\" class=\"yoast-schema-graph\">{\"@context\":\"https:\/\/schema.org\",\"@graph\":[{\"@type\":\"WebPage\",\"@id\":\"https:\/\/www.softwareag.com\/developer\/usergroup\/\",\"url\":\"https:\/\/www.softwareag.com\/developer\/usergroup\/\",\"name\":\"User Groups | Software AG\",\"isPartOf\":{\"@id\":\"https:\/\/www.softwareag.com\/en\/#website\"},\"primaryImageOfPage\":{\"@id\":\"https:\/\/www.softwareag.com\/developer\/usergroup\/#primaryimage\"},\"image\":{\"@id\":\"https:\/\/www.softwareag.com\/developer\/usergroup\/#primaryimage\"},\"thumbnailUrl\":\"https:\/\/www.softwareag.com\/app\/uploads\/2025\/09\/user-groups-02.png\",\"datePublished\":\"2025-09-30T00:59:27+00:00\",\"dateModified\":\"2026-02-12T10:34:04+00:00\",\"description\":\"Join the International Users Group 2026 in Munich for insights, collaboration, and the latest in Adabas and Natural technology.\",\"breadcrumb\":{\"@id\":\"https:\/\/www.softwareag.com\/developer\/usergroup\/#breadcrumb\"},\"inLanguage\":\"pt-BR\",\"potentialAction\":[{\"@type\":\"ReadAction\",\"target\":[\"https:\/\/www.softwareag.com\/developer\/usergroup\/\"]}]},{\"@type\":\"ImageObject\",\"inLanguage\":\"pt-BR\",\"@id\":\"https:\/\/www.softwareag.com\/developer\/usergroup\/#primaryimage\",\"url\":\"https:\/\/www.softwareag.com\/app\/uploads\/2025\/09\/user-groups-02.png\",\"contentUrl\":\"https:\/\/www.softwareag.com\/app\/uploads\/2025\/09\/user-groups-02.png\",\"width\":1920,\"height\":1501,\"caption\":\"User Groups\"},{\"@type\":\"BreadcrumbList\",\"@id\":\"https:\/\/www.softwareag.com\/developer\/usergroup\/#breadcrumb\",\"itemListElement\":[{\"@type\":\"ListItem\",\"position\":1,\"name\":\"Home\",\"item\":\"https:\/\/www.softwareag.com\/de\/\"},{\"@type\":\"ListItem\",\"position\":2,\"name\":\"Developer Center\",\"item\":\"https:\/\/www.softwareag.com\/en\/developer\/\"},{\"@type\":\"ListItem\",\"position\":3,\"name\":\"User Groups\"}]},{\"@type\":\"WebSite\",\"@id\":\"https:\/\/www.softwareag.com\/en\/#website\",\"url\":\"https:\/\/www.softwareag.com\/en\/\",\"name\":\"Software AG\",\"description\":\"Software AG&#039;s digital transformation solutions &amp; services\",\"publisher\":{\"@id\":\"https:\/\/www.softwareag.com\/en\/#organization\"},\"alternateName\":\"SAG\",\"potentialAction\":[{\"@type\":\"SearchAction\",\"target\":{\"@type\":\"EntryPoint\",\"urlTemplate\":\"https:\/\/www.softwareag.com\/en\/?s={search_term_string}\"},\"query-input\":{\"@type\":\"PropertyValueSpecification\",\"valueRequired\":true,\"valueName\":\"search_term_string\"}}],\"inLanguage\":\"pt-BR\"},{\"@type\":\"Organization\",\"@id\":\"https:\/\/www.softwareag.com\/en\/#organization\",\"name\":\"Software AG\",\"alternateName\":\"SAG\",\"url\":\"https:\/\/www.softwareag.com\/en\/\",\"logo\":{\"@type\":\"ImageObject\",\"inLanguage\":\"pt-BR\",\"@id\":\"https:\/\/www.softwareag.com\/en\/#\/schema\/logo\/image\/\",\"url\":\"https:\/\/www.softwareag.com\/app\/uploads\/2025\/09\/software-gmbh-dark-logo-bg_Small.jpeg\",\"contentUrl\":\"https:\/\/www.softwareag.com\/app\/uploads\/2025\/09\/software-gmbh-dark-logo-bg_Small.jpeg\",\"width\":800,\"height\":450,\"caption\":\"Software AG\"},\"image\":{\"@id\":\"https:\/\/www.softwareag.com\/en\/#\/schema\/logo\/image\/\"},\"sameAs\":[\"https:\/\/www.facebook.com\/SoftwareAG\",\"https:\/\/x.com\/softwareag\",\"https:\/\/www.linkedin.com\/company\/software-ag\",\"https:\/\/www.youtube.com\/user\/SOFTWAREAG\"],\"description\":\"Software AG is a global enterprise software company dedicated to facilitating digital transformation for large-scale organizations. They specialize in modernizing legacy infrastructure, optimizing mainframe operations, and enabling seamless data integration across hybrid environments.\",\"numberOfEmployees\":{\"@type\":\"QuantitativeValue\",\"minValue\":\"501\",\"maxValue\":\"1000\"}}]}<\/script>\n<!-- \/ Yoast SEO Premium plugin. -->","yoast_head_json":{"title":"Grupos de usu\u00e1rios | Software AG","description":"Join the International Users Group 2026 in Munich for insights, collaboration, and the latest in Adabas and Natural technology.","robots":{"index":"index","follow":"follow","max-snippet":"max-snippet:-1","max-image-preview":"max-image-preview:large","max-video-preview":"max-video-preview:-1"},"canonical":"https:\/\/www.softwareag.com\/br\/developer\/usergroup\/","og_locale":"pt_BR","og_type":"article","og_title":"User Groups","og_description":"Join the International Users Group 2026 in Munich for insights, collaboration, and the latest in Adabas and Natural technology.","og_url":"https:\/\/www.softwareag.com\/br\/developer\/usergroup\/","og_site_name":"Software AG","article_publisher":"https:\/\/www.facebook.com\/SoftwareAG","article_modified_time":"2026-02-12T10:34:04+00:00","og_image":[{"width":1920,"height":1501,"url":"https:\/\/www.softwareag.com\/app\/uploads\/2025\/09\/user-groups-02.png","type":"image\/png"}],"twitter_card":"summary_large_image","twitter_site":"@softwareag","twitter_misc":{"Est. reading time":"4 minutes"},"schema":{"@context":"https:\/\/schema.org","@graph":[{"@type":"WebPage","@id":"https:\/\/www.softwareag.com\/developer\/usergroup\/","url":"https:\/\/www.softwareag.com\/developer\/usergroup\/","name":"Grupos de usu\u00e1rios | Software AG","isPartOf":{"@id":"https:\/\/www.softwareag.com\/en\/#website"},"primaryImageOfPage":{"@id":"https:\/\/www.softwareag.com\/developer\/usergroup\/#primaryimage"},"image":{"@id":"https:\/\/www.softwareag.com\/developer\/usergroup\/#primaryimage"},"thumbnailUrl":"https:\/\/www.softwareag.com\/app\/uploads\/2025\/09\/user-groups-02.png","datePublished":"2025-09-30T00:59:27+00:00","dateModified":"2026-02-12T10:34:04+00:00","description":"Join the International Users Group 2026 in Munich for insights, collaboration, and the latest in Adabas and Natural technology.","breadcrumb":{"@id":"https:\/\/www.softwareag.com\/developer\/usergroup\/#breadcrumb"},"inLanguage":"pt-BR","potentialAction":[{"@type":"ReadAction","target":["https:\/\/www.softwareag.com\/developer\/usergroup\/"]}]},{"@type":"ImageObject","inLanguage":"pt-BR","@id":"https:\/\/www.softwareag.com\/developer\/usergroup\/#primaryimage","url":"https:\/\/www.softwareag.com\/app\/uploads\/2025\/09\/user-groups-02.png","contentUrl":"https:\/\/www.softwareag.com\/app\/uploads\/2025\/09\/user-groups-02.png","width":1920,"height":1501,"caption":"User Groups"},{"@type":"BreadcrumbList","@id":"https:\/\/www.softwareag.com\/developer\/usergroup\/#breadcrumb","itemListElement":[{"@type":"ListItem","position":1,"name":"Home","item":"https:\/\/www.softwareag.com\/de\/"},{"@type":"ListItem","position":2,"name":"Developer Center","item":"https:\/\/www.softwareag.com\/en\/developer\/"},{"@type":"ListItem","position":3,"name":"User Groups"}]},{"@type":"WebSite","@id":"https:\/\/www.softwareag.com\/en\/#website","url":"https:\/\/www.softwareag.com\/en\/","name":"Software AG","description":"Solu\u00e7\u00f5es e servi\u00e7os de transforma\u00e7\u00e3o digital da Software AG","publisher":{"@id":"https:\/\/www.softwareag.com\/en\/#organization"},"alternateName":"SAG","potentialAction":[{"@type":"SearchAction","target":{"@type":"EntryPoint","urlTemplate":"https:\/\/www.softwareag.com\/en\/?s={search_term_string}"},"query-input":{"@type":"PropertyValueSpecification","valueRequired":true,"valueName":"search_term_string"}}],"inLanguage":"pt-BR"},{"@type":"Organization","@id":"https:\/\/www.softwareag.com\/en\/#organization","name":"Software AG","alternateName":"SAG","url":"https:\/\/www.softwareag.com\/en\/","logo":{"@type":"ImageObject","inLanguage":"pt-BR","@id":"https:\/\/www.softwareag.com\/en\/#\/schema\/logo\/image\/","url":"https:\/\/www.softwareag.com\/app\/uploads\/2025\/09\/software-gmbh-dark-logo-bg_Small.jpeg","contentUrl":"https:\/\/www.softwareag.com\/app\/uploads\/2025\/09\/software-gmbh-dark-logo-bg_Small.jpeg","width":800,"height":450,"caption":"Software AG"},"image":{"@id":"https:\/\/www.softwareag.com\/en\/#\/schema\/logo\/image\/"},"sameAs":["https:\/\/www.facebook.com\/SoftwareAG","https:\/\/x.com\/softwareag","https:\/\/www.linkedin.com\/company\/software-ag","https:\/\/www.youtube.com\/user\/SOFTWAREAG"],"description":"Software AG is a global enterprise software company dedicated to facilitating digital transformation for large-scale organizations. They specialize in modernizing legacy infrastructure, optimizing mainframe operations, and enabling seamless data integration across hybrid environments.","numberOfEmployees":{"@type":"QuantitativeValue","minValue":"501","maxValue":"1000"}}]}},"_links":{"self":[{"href":"https:\/\/www.softwareag.com\/br\/wp-json\/wp\/v2\/pages\/2110","targetHints":{"allow":["GET"]}}],"collection":[{"href":"https:\/\/www.softwareag.com\/br\/wp-json\/wp\/v2\/pages"}],"about":[{"href":"https:\/\/www.softwareag.com\/br\/wp-json\/wp\/v2\/types\/page"}],"author":[{"embeddable":true,"href":"https:\/\/www.softwareag.com\/br\/wp-json\/wp\/v2\/users\/9"}],"replies":[{"embeddable":true,"href":"https:\/\/www.softwareag.com\/br\/wp-json\/wp\/v2\/comments?post=2110"}],"version-history":[{"count":37,"href":"https:\/\/www.softwareag.com\/br\/wp-json\/wp\/v2\/pages\/2110\/revisions"}],"predecessor-version":[{"id":5172,"href":"https:\/\/www.softwareag.com\/br\/wp-json\/wp\/v2\/pages\/2110\/revisions\/5172"}],"up":[{"embeddable":true,"href":"https:\/\/www.softwareag.com\/br\/wp-json\/wp\/v2\/pages\/857"}],"wp:featuredmedia":[{"embeddable":true,"href":"https:\/\/www.softwareag.com\/br\/wp-json\/wp\/v2\/media\/2202"}],"wp:attachment":[{"href":"https:\/\/www.softwareag.com\/br\/wp-json\/wp\/v2\/media?parent=2110"}],"curies":[{"name":"wp","href":"https:\/\/api.w.org\/{rel}","templated":true}]}}