{"id":423,"date":"2025-08-25T14:20:48","date_gmt":"2025-08-25T18:20:48","guid":{"rendered":"https:\/\/www.softwareag.com\/?page_id=423"},"modified":"2026-01-05T14:03:26","modified_gmt":"2026-01-05T18:03:26","slug":"privacy-brazil","status":"publish","type":"page","link":"https:\/\/www.softwareag.com\/br\/privacy-brazil\/","title":{"rendered":"Pol\u00edtica de Privacidade do Brasil"},"content":{"rendered":"<h2 class=\"wp-block-heading\">1. Informa\u00e7\u00f5es Gerais<\/h2>\n\n\n\n<p>A Software AG adotou este Aviso de Privacidade LGPD (\u201cAviso LGPD\u201d) com a finalidade de cumprir com a Lei Geral de Prote\u00e7\u00e3o de Dados (Lei n\u00ba 13.709\/2018; \u201cLGPD\u201d). Se voc\u00ea \u00e9 um titular residente no Brasil, este Aviso LGPD se aplica a voc\u00ea. Este Aviso LGPD complementa as informa\u00e7\u00f5es contidas na Declara\u00e7\u00e3o de <a href=\"https:\/\/www.softwareag.com\/br\/privacy\/\">Privacidade da Software AG<\/a>.<\/p>\n\n\n\n<hr class=\"wp-block-separator has-alpha-channel-opacity\"\/>\n\n\n\n<h2 class=\"wp-block-heading\">2. Direitos outorgados pela LGPD<\/h2>\n\n\n\n<p>Se voc\u00ea \u00e9 um titular residente no Brasil, a LGPD garante a voc\u00ea uma s\u00e9rie de direitos, sujeito a limita\u00e7\u00f5es, conforme descritos abaixo:<\/p>\n\n\n\n<p><strong>O direito de confirmar a exist\u00eancia de tratamento.<\/strong>Voc\u00ea tem o direito de nos pedir para confirmar se tratamos seus dados pessoais.&nbsp;<\/p>\n\n\n\n<p><strong>O direito de acesso aos dados<\/strong>. Voc\u00ea tem o direito de acessar os dados pessoais que temos sobre voc\u00ea e certas informa\u00e7\u00f5es sobre como os usamos e compartilhamos seus dados<\/p>\n\n\n\n<p><strong>O direito de corrigir dados incompletos, inexatos ou desatualizados<\/strong>. Voc\u00ea tem o direito de revisar quaisquer dados pessoais que tenhamos sobre voc\u00ea que n\u00e3o estejam corretos.<\/p>\n\n\n\n<p><strong>O direito de anonimizar, bloquear ou eliminar dados desnecess\u00e1rios ou excessivos ou dados que n\u00e3o estejam sendo tratados em conformidade com a LGPD<\/strong>. Por favor observe que isto poder\u00e1 resultar na inabilidade de usar ou acessar certos servi\u00e7os, dependendo da solicita\u00e7\u00e3o, e ainda da observ\u00e2ncia dos requerimentos legais de reten\u00e7\u00e3o de dados. A anonimiza\u00e7\u00e3o, bloqueio e elimina\u00e7\u00e3o dos seus dados pessoais pode n\u00e3o ser realizada em hip\u00f3teses nas quais a Software AG possua obriga\u00e7\u00f5es legais, regulat\u00f3rias e contratuais a serem observadas, ou retenha tais dados pessoais para fins de exerc\u00edcio regular de seus direitos.<\/p>\n\n\n\n<p><strong>O direito \u00e0 portabilidade de dados para outro fornecedor de servi\u00e7os ou de produtos, por meio de um pedido expresso<\/strong>. Voc\u00ea tem o direito de solicitar seus dados pessoais para que voc\u00ea possa transferi-los para prestador de servi\u00e7os.<\/p>\n\n\n\n<p><strong>O direito de solicitar a elimina\u00e7\u00e3o dos dados pessoais tratados com base no consentimento do titular<\/strong>. Voc\u00ea tem o direito de solicitar a elimina\u00e7\u00e3o permanentemente dos dados pessoais que possu\u00edmos sobre voc\u00ea, nas hip\u00f3teses em que o tratamento \u00e9 realizado com base no consentimento do titular, sujeito a certas limita\u00e7\u00f5es.<\/p>\n\n\n\n<p><strong>O direito \u00e0 informa\u00e7\u00e3o sobre entidades p\u00fablicas e privadas com as quais o controlador tenha compartilhado dados<\/strong>. Voc\u00ea tem o direito de solicitar informa\u00e7\u00f5es sobre como compartilhamos seus dados com as afiliadas da Software AG e terceiros interessados.<\/p>\n\n\n\n<p><strong>O direito \u00e0 informa\u00e7\u00e3o sobre a possibilidade de negar o consentimento e as consequ\u00eancias de tal nega\u00e7\u00e3o<\/strong>. Voc\u00ea tem o direito de nos pedir informa\u00e7\u00f5es sobre a possibilidade de n\u00e3o consentir com o tratamento de seus dados pessoais e as consequ\u00eancias de sua negativa, que podem ser a impossibilidade de acessar ou usar nossos servi\u00e7os.<\/p>\n\n\n\n<p><strong>O direito de revogar o consentimento<\/strong>. Voc\u00ea tem o direito de revogar o seu consentimento dado para n\u00f3s tratarmos seus dados pessoais, sujeito a certas exce\u00e7\u00f5es. Contudo, tenha ci\u00eancia que tal revoga\u00e7\u00e3o pode resultar na incapacidade de usar ou acessar certos servi\u00e7os dependendo da solicita\u00e7\u00e3o, e ainda da observ\u00e2ncia dos requerimentos legais de reten\u00e7\u00e3o de dados.<\/p>\n\n\n\n<p>Os direitos expostos acima n\u00e3o s\u00e3o absolutos. Limita\u00e7\u00f5es e exce\u00e7\u00f5es se aplicam em alguns casos.<\/p>\n\n\n\n<p>Antes de responder a um pedido para exercer qualquer um dos direitos acima estabelecidos, devemos verificar sua identidade ou autoridade para fazer o pedido e confirmar que os dados pessoais dizem respeito a voc\u00ea. \u00c9 poss\u00edvel que solicitemos informa\u00e7\u00f5es adicionais para verificar sua identidade.<\/p>\n\n\n\n<p>Voc\u00ea tamb\u00e9m tem o direito de contactar diretamente a Autoridade Nacional de Prote\u00e7\u00e3o de Dados \u201cANPD\u201d.<\/p>\n\n\n\n<hr class=\"wp-block-separator has-alpha-channel-opacity\"\/>\n\n\n\n<h2 class=\"wp-block-heading\">3. Transfer\u00eancia de Dados Pessoais e Terceiros<\/h2>\n\n\n\n<p>Quando voc\u00ea visita o site ou plataforma da Software AG, transferimos seus dados pessoais para pa\u00edses estrangeiros, incluindo os Estados Unidos, para que possamos oferecer nossos produtos e servi\u00e7os. N\u00f3s garantimos n\u00edveis adequados de prote\u00e7\u00e3o de dados para a transfer\u00eancia internacional de seus dados pessoais.<\/p>\n\n\n\n<hr class=\"wp-block-separator has-alpha-channel-opacity\"\/>\n\n\n\n<h2 class=\"wp-block-heading\">4. Informa\u00e7\u00f5es de Contato da Software AG e Encarregado de Dados Pessoais<\/h2>\n\n\n\n<p>Para quaisquer d\u00favidas, preocupa\u00e7\u00f5es ou para exercer qualquer um dos direitos descritos na Se\u00e7\u00e3o 1 deste Aviso LGPD, por favor entre em contato conosco em <a href=\"mailto:dataprotection@softwareag.com\">dataprotection@softwareag.com<\/a>.<\/p>\n\n\n\n<p><\/p>","protected":false},"excerpt":{"rendered":"<p>1. General information SAG Deutschland GmbH and its subsidiaries (SAG) has adopted this LGPD Privacy Notice (\u201cLGPD Notice\u201d) to comply with the Brazilian General Data Protection [&hellip;]<\/p>","protected":false},"author":9,"featured_media":0,"parent":0,"menu_order":0,"comment_status":"closed","ping_status":"closed","template":"","meta":{"_acf_changed":false,"footnotes":""},"class_list":["post-423","page","type-page","status-publish","hentry"],"acf":[],"yoast_head":"<!-- This site is optimized with the Yoast SEO Premium plugin v27.2 (Yoast SEO v27.2) - https:\/\/yoast.com\/product\/yoast-seo-premium-wordpress\/ -->\n<title>Brazil Privacy Notice | Software AG<\/title>\n<meta name=\"description\" content=\"Understand the LGPD Privacy Notice Brazil, your rights, and how SAG complies with the General Data Protection Law.\" \/>\n<meta name=\"robots\" content=\"index, follow, max-snippet:-1, max-image-preview:large, max-video-preview:-1\" \/>\n<link rel=\"canonical\" href=\"https:\/\/www.softwareag.com\/br\/privacy-brazil\/\" \/>\n<meta property=\"og:locale\" content=\"pt_BR\" \/>\n<meta property=\"og:type\" content=\"article\" \/>\n<meta property=\"og:title\" content=\"Privacy Notice Brazil\" \/>\n<meta property=\"og:description\" content=\"Understand the LGPD Privacy Notice Brazil, your rights, and how SAG complies with the General Data Protection Law.\" \/>\n<meta property=\"og:url\" content=\"https:\/\/www.softwareag.com\/br\/privacy-brazil\/\" \/>\n<meta property=\"og:site_name\" content=\"Software AG\" \/>\n<meta property=\"article:publisher\" content=\"https:\/\/www.facebook.com\/SoftwareAG\" \/>\n<meta property=\"article:modified_time\" content=\"2026-01-05T18:03:26+00:00\" \/>\n<meta property=\"og:image\" content=\"https:\/\/www.softwareag.com\/app\/uploads\/2025\/09\/software-gmbh-dark-logo-bg_Small.jpeg\" \/>\n\t<meta property=\"og:image:width\" content=\"800\" \/>\n\t<meta property=\"og:image:height\" content=\"450\" \/>\n\t<meta property=\"og:image:type\" content=\"image\/jpeg\" \/>\n<meta name=\"twitter:card\" content=\"summary_large_image\" \/>\n<meta name=\"twitter:site\" content=\"@softwareag\" \/>\n<meta name=\"twitter:label1\" content=\"Est. reading time\" \/>\n\t<meta name=\"twitter:data1\" content=\"3 minutes\" \/>\n<script type=\"application\/ld+json\" class=\"yoast-schema-graph\">{\"@context\":\"https:\/\/schema.org\",\"@graph\":[{\"@type\":\"WebPage\",\"@id\":\"https:\/\/www.softwareag.com\/br\/privacy-brazil\/\",\"url\":\"https:\/\/www.softwareag.com\/br\/privacy-brazil\/\",\"name\":\"Brazil Privacy Notice | Software AG\",\"isPartOf\":{\"@id\":\"https:\/\/www.softwareag.com\/en\/#website\"},\"datePublished\":\"2025-08-25T18:20:48+00:00\",\"dateModified\":\"2026-01-05T18:03:26+00:00\",\"description\":\"Understand the LGPD Privacy Notice Brazil, your rights, and how SAG complies with the General Data Protection Law.\",\"breadcrumb\":{\"@id\":\"https:\/\/www.softwareag.com\/br\/privacy-brazil\/#breadcrumb\"},\"inLanguage\":\"pt-BR\",\"potentialAction\":[{\"@type\":\"ReadAction\",\"target\":[\"https:\/\/www.softwareag.com\/br\/privacy-brazil\/\"]}]},{\"@type\":\"BreadcrumbList\",\"@id\":\"https:\/\/www.softwareag.com\/br\/privacy-brazil\/#breadcrumb\",\"itemListElement\":[{\"@type\":\"ListItem\",\"position\":1,\"name\":\"Home\",\"item\":\"https:\/\/www.softwareag.com\/de\/\"},{\"@type\":\"ListItem\",\"position\":2,\"name\":\"Privacy Notice Brazil\"}]},{\"@type\":\"WebSite\",\"@id\":\"https:\/\/www.softwareag.com\/en\/#website\",\"url\":\"https:\/\/www.softwareag.com\/en\/\",\"name\":\"Software AG\",\"description\":\"Software AG&#039;s digital transformation solutions &amp; services\",\"publisher\":{\"@id\":\"https:\/\/www.softwareag.com\/en\/#organization\"},\"alternateName\":\"SAG\",\"potentialAction\":[{\"@type\":\"SearchAction\",\"target\":{\"@type\":\"EntryPoint\",\"urlTemplate\":\"https:\/\/www.softwareag.com\/en\/?s={search_term_string}\"},\"query-input\":{\"@type\":\"PropertyValueSpecification\",\"valueRequired\":true,\"valueName\":\"search_term_string\"}}],\"inLanguage\":\"pt-BR\"},{\"@type\":\"Organization\",\"@id\":\"https:\/\/www.softwareag.com\/en\/#organization\",\"name\":\"Software AG\",\"alternateName\":\"SAG\",\"url\":\"https:\/\/www.softwareag.com\/en\/\",\"logo\":{\"@type\":\"ImageObject\",\"inLanguage\":\"pt-BR\",\"@id\":\"https:\/\/www.softwareag.com\/en\/#\/schema\/logo\/image\/\",\"url\":\"https:\/\/www.softwareag.com\/app\/uploads\/2025\/09\/software-gmbh-dark-logo-bg_Small.jpeg\",\"contentUrl\":\"https:\/\/www.softwareag.com\/app\/uploads\/2025\/09\/software-gmbh-dark-logo-bg_Small.jpeg\",\"width\":800,\"height\":450,\"caption\":\"Software AG\"},\"image\":{\"@id\":\"https:\/\/www.softwareag.com\/en\/#\/schema\/logo\/image\/\"},\"sameAs\":[\"https:\/\/www.facebook.com\/SoftwareAG\",\"https:\/\/x.com\/softwareag\",\"https:\/\/www.linkedin.com\/company\/software-ag\",\"https:\/\/www.youtube.com\/user\/SOFTWAREAG\"],\"description\":\"Software AG is a global enterprise software company dedicated to facilitating digital transformation for large-scale organizations. They specialize in modernizing legacy infrastructure, optimizing mainframe operations, and enabling seamless data integration across hybrid environments.\",\"numberOfEmployees\":{\"@type\":\"QuantitativeValue\",\"minValue\":\"501\",\"maxValue\":\"1000\"}}]}<\/script>\n<!-- \/ Yoast SEO Premium plugin. -->","yoast_head_json":{"title":"Brazil Privacy Notice | Software AG","description":"Understand the LGPD Privacy Notice Brazil, your rights, and how SAG complies with the General Data Protection Law.","robots":{"index":"index","follow":"follow","max-snippet":"max-snippet:-1","max-image-preview":"max-image-preview:large","max-video-preview":"max-video-preview:-1"},"canonical":"https:\/\/www.softwareag.com\/br\/privacy-brazil\/","og_locale":"pt_BR","og_type":"article","og_title":"Privacy Notice Brazil","og_description":"Understand the LGPD Privacy Notice Brazil, your rights, and how SAG complies with the General Data Protection Law.","og_url":"https:\/\/www.softwareag.com\/br\/privacy-brazil\/","og_site_name":"Software AG","article_publisher":"https:\/\/www.facebook.com\/SoftwareAG","article_modified_time":"2026-01-05T18:03:26+00:00","og_image":[{"width":800,"height":450,"url":"https:\/\/www.softwareag.com\/app\/uploads\/2025\/09\/software-gmbh-dark-logo-bg_Small.jpeg","type":"image\/jpeg"}],"twitter_card":"summary_large_image","twitter_site":"@softwareag","twitter_misc":{"Est. reading time":"3 minutes"},"schema":{"@context":"https:\/\/schema.org","@graph":[{"@type":"WebPage","@id":"https:\/\/www.softwareag.com\/br\/privacy-brazil\/","url":"https:\/\/www.softwareag.com\/br\/privacy-brazil\/","name":"Brazil Privacy Notice | Software AG","isPartOf":{"@id":"https:\/\/www.softwareag.com\/en\/#website"},"datePublished":"2025-08-25T18:20:48+00:00","dateModified":"2026-01-05T18:03:26+00:00","description":"Understand the LGPD Privacy Notice Brazil, your rights, and how SAG complies with the General Data Protection Law.","breadcrumb":{"@id":"https:\/\/www.softwareag.com\/br\/privacy-brazil\/#breadcrumb"},"inLanguage":"pt-BR","potentialAction":[{"@type":"ReadAction","target":["https:\/\/www.softwareag.com\/br\/privacy-brazil\/"]}]},{"@type":"BreadcrumbList","@id":"https:\/\/www.softwareag.com\/br\/privacy-brazil\/#breadcrumb","itemListElement":[{"@type":"ListItem","position":1,"name":"Home","item":"https:\/\/www.softwareag.com\/de\/"},{"@type":"ListItem","position":2,"name":"Privacy Notice Brazil"}]},{"@type":"WebSite","@id":"https:\/\/www.softwareag.com\/en\/#website","url":"https:\/\/www.softwareag.com\/en\/","name":"Software AG","description":"Solu\u00e7\u00f5es e servi\u00e7os de transforma\u00e7\u00e3o digital da Software AG","publisher":{"@id":"https:\/\/www.softwareag.com\/en\/#organization"},"alternateName":"SAG","potentialAction":[{"@type":"SearchAction","target":{"@type":"EntryPoint","urlTemplate":"https:\/\/www.softwareag.com\/en\/?s={search_term_string}"},"query-input":{"@type":"PropertyValueSpecification","valueRequired":true,"valueName":"search_term_string"}}],"inLanguage":"pt-BR"},{"@type":"Organization","@id":"https:\/\/www.softwareag.com\/en\/#organization","name":"Software AG","alternateName":"SAG","url":"https:\/\/www.softwareag.com\/en\/","logo":{"@type":"ImageObject","inLanguage":"pt-BR","@id":"https:\/\/www.softwareag.com\/en\/#\/schema\/logo\/image\/","url":"https:\/\/www.softwareag.com\/app\/uploads\/2025\/09\/software-gmbh-dark-logo-bg_Small.jpeg","contentUrl":"https:\/\/www.softwareag.com\/app\/uploads\/2025\/09\/software-gmbh-dark-logo-bg_Small.jpeg","width":800,"height":450,"caption":"Software AG"},"image":{"@id":"https:\/\/www.softwareag.com\/en\/#\/schema\/logo\/image\/"},"sameAs":["https:\/\/www.facebook.com\/SoftwareAG","https:\/\/x.com\/softwareag","https:\/\/www.linkedin.com\/company\/software-ag","https:\/\/www.youtube.com\/user\/SOFTWAREAG"],"description":"Software AG is a global enterprise software company dedicated to facilitating digital transformation for large-scale organizations. They specialize in modernizing legacy infrastructure, optimizing mainframe operations, and enabling seamless data integration across hybrid environments.","numberOfEmployees":{"@type":"QuantitativeValue","minValue":"501","maxValue":"1000"}}]}},"_links":{"self":[{"href":"https:\/\/www.softwareag.com\/br\/wp-json\/wp\/v2\/pages\/423","targetHints":{"allow":["GET"]}}],"collection":[{"href":"https:\/\/www.softwareag.com\/br\/wp-json\/wp\/v2\/pages"}],"about":[{"href":"https:\/\/www.softwareag.com\/br\/wp-json\/wp\/v2\/types\/page"}],"author":[{"embeddable":true,"href":"https:\/\/www.softwareag.com\/br\/wp-json\/wp\/v2\/users\/9"}],"replies":[{"embeddable":true,"href":"https:\/\/www.softwareag.com\/br\/wp-json\/wp\/v2\/comments?post=423"}],"version-history":[{"count":4,"href":"https:\/\/www.softwareag.com\/br\/wp-json\/wp\/v2\/pages\/423\/revisions"}],"predecessor-version":[{"id":436,"href":"https:\/\/www.softwareag.com\/br\/wp-json\/wp\/v2\/pages\/423\/revisions\/436"}],"wp:attachment":[{"href":"https:\/\/www.softwareag.com\/br\/wp-json\/wp\/v2\/media?parent=423"}],"curies":[{"name":"wp","href":"https:\/\/api.w.org\/{rel}","templated":true}]}}