{"id":587,"date":"2025-08-26T10:42:18","date_gmt":"2025-08-26T14:42:18","guid":{"rendered":"https:\/\/www.softwareag.com\/?page_id=587"},"modified":"2026-04-14T11:14:31","modified_gmt":"2026-04-14T15:14:31","slug":"software-gmbh-security-compliance-attachment","status":"publish","type":"page","link":"https:\/\/www.softwareag.com\/br\/software-gmbh-security-compliance-attachment\/","title":{"rendered":"SAG Deutschland GmbH\u00a0Security Compliance Addendum"},"content":{"rendered":"<p>The existing agreement of between SAG Deutschland GmbH (or one of its affiliated companies) for the provision of Software and\/or associated services between Supplier and Customer (the \u201cAgreement\u201d) is supplemented by this Security Compliance Attachment to DORA-Addendum (the \u201dSCA\u201d) referred to herein, which is incorporated into the Agreement by reference.<\/p>\n\n\n\n<p>This SCA describes the security standards and controls that Supplier has implemented to protect Supplier\u2019s digital assets and the Customer\u2019s data that is stored and processed in connection with the Software and\/or associated services provided pursuant to the Agreement.<\/p>\n\n\n\n<p>Supplier may change or add to the terms and conditions to the SCA from time to time for legal, security or other substantive reasons, provided always that any amendments to the terms of the Security Compliance Addendum will not impact in any materially adverse manner on the provisions and requirements set out in this SCA.<\/p>\n\n\n\n<p>View and download the latest Security Compliance Attachment to DORA-Addendum below.<\/p>\n\n\n\n<div class=\"wp-block-buttons is-layout-flex wp-block-buttons-is-layout-flex\">\n<div class=\"wp-block-button\"><a class=\"wp-block-button__link wp-element-button\" href=\"https:\/\/www.softwareag.com\/app\/uploads\/2026\/04\/AN-Security-Compliance-Attachment-SCA_2026-04.pdf\" data-no-translation>Download<\/a><\/div>\n<\/div>\n\n\n\n<hr class=\"wp-block-separator has-alpha-channel-opacity\"\/>\n\n\n\n<p>Access previous versions of the Software GmbH Security Compliance Addendum below.<\/p>\n\n\n\n<ul class=\"wp-block-list\">\n<li><a href=\"https:\/\/www.softwareag.com\/app\/uploads\/2025\/12\/AN-Security-Compliance-Attachment-SCA-2025-12-10_004.pdf\" type=\"link\" id=\"https:\/\/www.softwareag.com\/app\/uploads\/2025\/12\/AN-Security-Compliance-Attachment-SCA-2025-12-10_004.pdf\" data-no-translation>December 17, 2025 \u2014 March 31, 2026<\/a><\/li>\n\n\n\n<li><a href=\"https:\/\/www.softwareag.com\/app\/uploads\/2025\/12\/Software-GmbH-Security-Compliance-Addendum_March2025.pdf.sagdownload.inline.1742827480541.pdf-2.pdf\" data-no-translation>March 21st &#8211; December 16th, 2025<\/a><\/li>\n<\/ul>\n\n\n\n<p><\/p>","protected":false},"excerpt":{"rendered":"<p>The existing agreement of between SAG Deutschland GmbH (or one of its affiliated companies) for the provision of Software and\/or associated services between Supplier and Customer [&hellip;]<\/p>","protected":false},"author":9,"featured_media":0,"parent":0,"menu_order":0,"comment_status":"closed","ping_status":"closed","template":"","meta":{"_acf_changed":false,"footnotes":""},"class_list":["post-587","page","type-page","status-publish","hentry"],"acf":[],"yoast_head":"<!-- This site is optimized with the Yoast SEO Premium plugin v27.2 (Yoast SEO v27.2) - https:\/\/yoast.com\/product\/yoast-seo-premium-wordpress\/ -->\n<title>SAG Deutschland GmbH\u00a0Security Compliance Addendum | Software AG<\/title>\n<meta name=\"description\" content=\"Understand the Security Compliance Addendum that enhances the existing agreement between SAG Deutschland GmbH and its customers.\" \/>\n<meta name=\"robots\" content=\"noindex, nofollow\" \/>\n<meta property=\"og:locale\" content=\"pt_BR\" \/>\n<meta property=\"og:type\" content=\"article\" \/>\n<meta property=\"og:title\" content=\"SAG Deutschland GmbH\u00a0Security Compliance Addendum\" \/>\n<meta property=\"og:description\" content=\"Understand the Security Compliance Addendum that enhances the existing agreement between SAG Deutschland GmbH and its customers.\" \/>\n<meta property=\"og:url\" content=\"https:\/\/www.softwareag.com\/br\/software-gmbh-security-compliance-attachment\/\" \/>\n<meta property=\"og:site_name\" content=\"Software AG\" \/>\n<meta property=\"article:publisher\" content=\"https:\/\/www.facebook.com\/SoftwareAG\" \/>\n<meta property=\"article:modified_time\" content=\"2026-04-14T15:14:31+00:00\" \/>\n<meta property=\"og:image\" content=\"https:\/\/www.softwareag.com\/app\/uploads\/2025\/09\/software-gmbh-dark-logo-bg_Small.jpeg\" \/>\n\t<meta property=\"og:image:width\" content=\"800\" \/>\n\t<meta property=\"og:image:height\" content=\"450\" \/>\n\t<meta property=\"og:image:type\" content=\"image\/jpeg\" \/>\n<meta name=\"twitter:card\" content=\"summary_large_image\" \/>\n<meta name=\"twitter:site\" content=\"@softwareag\" \/>\n<meta name=\"twitter:label1\" content=\"Est. reading time\" \/>\n\t<meta name=\"twitter:data1\" content=\"1 minute\" \/>\n<script type=\"application\/ld+json\" class=\"yoast-schema-graph\">{\"@context\":\"https:\/\/schema.org\",\"@graph\":[{\"@type\":\"WebPage\",\"@id\":\"https:\/\/www.softwareag.com\/software-gmbh-security-compliance-attachment\/\",\"url\":\"https:\/\/www.softwareag.com\/software-gmbh-security-compliance-attachment\/\",\"name\":\"SAG Deutschland GmbH\u00a0Security Compliance Addendum | Software AG\",\"isPartOf\":{\"@id\":\"https:\/\/www.softwareag.com\/en\/#website\"},\"datePublished\":\"2025-08-26T14:42:18+00:00\",\"dateModified\":\"2026-04-14T15:14:31+00:00\",\"description\":\"Understand the Security Compliance Addendum that enhances the existing agreement between SAG Deutschland GmbH and its customers.\",\"breadcrumb\":{\"@id\":\"https:\/\/www.softwareag.com\/software-gmbh-security-compliance-attachment\/#breadcrumb\"},\"inLanguage\":\"pt-BR\",\"potentialAction\":[{\"@type\":\"ReadAction\",\"target\":[\"https:\/\/www.softwareag.com\/software-gmbh-security-compliance-attachment\/\"]}]},{\"@type\":\"BreadcrumbList\",\"@id\":\"https:\/\/www.softwareag.com\/software-gmbh-security-compliance-attachment\/#breadcrumb\",\"itemListElement\":[{\"@type\":\"ListItem\",\"position\":1,\"name\":\"Home\",\"item\":\"https:\/\/www.softwareag.com\/de\/\"},{\"@type\":\"ListItem\",\"position\":2,\"name\":\"SAG Deutschland GmbH\u00a0Security Compliance Addendum\"}]},{\"@type\":\"WebSite\",\"@id\":\"https:\/\/www.softwareag.com\/en\/#website\",\"url\":\"https:\/\/www.softwareag.com\/en\/\",\"name\":\"Software AG\",\"description\":\"Software AG&#039;s digital transformation solutions &amp; services\",\"publisher\":{\"@id\":\"https:\/\/www.softwareag.com\/en\/#organization\"},\"alternateName\":\"SAG\",\"potentialAction\":[{\"@type\":\"SearchAction\",\"target\":{\"@type\":\"EntryPoint\",\"urlTemplate\":\"https:\/\/www.softwareag.com\/en\/?s={search_term_string}\"},\"query-input\":{\"@type\":\"PropertyValueSpecification\",\"valueRequired\":true,\"valueName\":\"search_term_string\"}}],\"inLanguage\":\"pt-BR\"},{\"@type\":\"Organization\",\"@id\":\"https:\/\/www.softwareag.com\/en\/#organization\",\"name\":\"Software AG\",\"alternateName\":\"SAG\",\"url\":\"https:\/\/www.softwareag.com\/en\/\",\"logo\":{\"@type\":\"ImageObject\",\"inLanguage\":\"pt-BR\",\"@id\":\"https:\/\/www.softwareag.com\/en\/#\/schema\/logo\/image\/\",\"url\":\"https:\/\/www.softwareag.com\/app\/uploads\/2025\/09\/software-gmbh-dark-logo-bg_Small.jpeg\",\"contentUrl\":\"https:\/\/www.softwareag.com\/app\/uploads\/2025\/09\/software-gmbh-dark-logo-bg_Small.jpeg\",\"width\":800,\"height\":450,\"caption\":\"Software AG\"},\"image\":{\"@id\":\"https:\/\/www.softwareag.com\/en\/#\/schema\/logo\/image\/\"},\"sameAs\":[\"https:\/\/www.facebook.com\/SoftwareAG\",\"https:\/\/x.com\/softwareag\",\"https:\/\/www.linkedin.com\/company\/software-ag\",\"https:\/\/www.youtube.com\/user\/SOFTWAREAG\"],\"description\":\"Software AG is a global enterprise software company dedicated to facilitating digital transformation for large-scale organizations. They specialize in modernizing legacy infrastructure, optimizing mainframe operations, and enabling seamless data integration across hybrid environments.\",\"numberOfEmployees\":{\"@type\":\"QuantitativeValue\",\"minValue\":\"501\",\"maxValue\":\"1000\"}}]}<\/script>\n<!-- \/ Yoast SEO Premium plugin. -->","yoast_head_json":{"title":"SAG Deutschland GmbH\u00a0Security Compliance Addendum | Software AG","description":"Understand the Security Compliance Addendum that enhances the existing agreement between SAG Deutschland GmbH and its customers.","robots":{"index":"noindex","follow":"nofollow"},"og_locale":"pt_BR","og_type":"article","og_title":"SAG Deutschland GmbH\u00a0Security Compliance Addendum","og_description":"Understand the Security Compliance Addendum that enhances the existing agreement between SAG Deutschland GmbH and its customers.","og_url":"https:\/\/www.softwareag.com\/br\/software-gmbh-security-compliance-attachment\/","og_site_name":"Software AG","article_publisher":"https:\/\/www.facebook.com\/SoftwareAG","article_modified_time":"2026-04-14T15:14:31+00:00","og_image":[{"width":800,"height":450,"url":"https:\/\/www.softwareag.com\/app\/uploads\/2025\/09\/software-gmbh-dark-logo-bg_Small.jpeg","type":"image\/jpeg"}],"twitter_card":"summary_large_image","twitter_site":"@softwareag","twitter_misc":{"Est. reading time":"1 minute"},"schema":{"@context":"https:\/\/schema.org","@graph":[{"@type":"WebPage","@id":"https:\/\/www.softwareag.com\/software-gmbh-security-compliance-attachment\/","url":"https:\/\/www.softwareag.com\/software-gmbh-security-compliance-attachment\/","name":"SAG Deutschland GmbH\u00a0Security Compliance Addendum | Software AG","isPartOf":{"@id":"https:\/\/www.softwareag.com\/en\/#website"},"datePublished":"2025-08-26T14:42:18+00:00","dateModified":"2026-04-14T15:14:31+00:00","description":"Understand the Security Compliance Addendum that enhances the existing agreement between SAG Deutschland GmbH and its customers.","breadcrumb":{"@id":"https:\/\/www.softwareag.com\/software-gmbh-security-compliance-attachment\/#breadcrumb"},"inLanguage":"pt-BR","potentialAction":[{"@type":"ReadAction","target":["https:\/\/www.softwareag.com\/software-gmbh-security-compliance-attachment\/"]}]},{"@type":"BreadcrumbList","@id":"https:\/\/www.softwareag.com\/software-gmbh-security-compliance-attachment\/#breadcrumb","itemListElement":[{"@type":"ListItem","position":1,"name":"Home","item":"https:\/\/www.softwareag.com\/de\/"},{"@type":"ListItem","position":2,"name":"SAG Deutschland GmbH\u00a0Security Compliance Addendum"}]},{"@type":"WebSite","@id":"https:\/\/www.softwareag.com\/en\/#website","url":"https:\/\/www.softwareag.com\/en\/","name":"Software AG","description":"Solu\u00e7\u00f5es e servi\u00e7os de transforma\u00e7\u00e3o digital da Software AG","publisher":{"@id":"https:\/\/www.softwareag.com\/en\/#organization"},"alternateName":"SAG","potentialAction":[{"@type":"SearchAction","target":{"@type":"EntryPoint","urlTemplate":"https:\/\/www.softwareag.com\/en\/?s={search_term_string}"},"query-input":{"@type":"PropertyValueSpecification","valueRequired":true,"valueName":"search_term_string"}}],"inLanguage":"pt-BR"},{"@type":"Organization","@id":"https:\/\/www.softwareag.com\/en\/#organization","name":"Software AG","alternateName":"SAG","url":"https:\/\/www.softwareag.com\/en\/","logo":{"@type":"ImageObject","inLanguage":"pt-BR","@id":"https:\/\/www.softwareag.com\/en\/#\/schema\/logo\/image\/","url":"https:\/\/www.softwareag.com\/app\/uploads\/2025\/09\/software-gmbh-dark-logo-bg_Small.jpeg","contentUrl":"https:\/\/www.softwareag.com\/app\/uploads\/2025\/09\/software-gmbh-dark-logo-bg_Small.jpeg","width":800,"height":450,"caption":"Software AG"},"image":{"@id":"https:\/\/www.softwareag.com\/en\/#\/schema\/logo\/image\/"},"sameAs":["https:\/\/www.facebook.com\/SoftwareAG","https:\/\/x.com\/softwareag","https:\/\/www.linkedin.com\/company\/software-ag","https:\/\/www.youtube.com\/user\/SOFTWAREAG"],"description":"Software AG is a global enterprise software company dedicated to facilitating digital transformation for large-scale organizations. They specialize in modernizing legacy infrastructure, optimizing mainframe operations, and enabling seamless data integration across hybrid environments.","numberOfEmployees":{"@type":"QuantitativeValue","minValue":"501","maxValue":"1000"}}]}},"jetpack_sharing_enabled":true,"jetpack-related-posts":[],"_links":{"self":[{"href":"https:\/\/www.softwareag.com\/br\/wp-json\/wp\/v2\/pages\/587","targetHints":{"allow":["GET"]}}],"collection":[{"href":"https:\/\/www.softwareag.com\/br\/wp-json\/wp\/v2\/pages"}],"about":[{"href":"https:\/\/www.softwareag.com\/br\/wp-json\/wp\/v2\/types\/page"}],"author":[{"embeddable":true,"href":"https:\/\/www.softwareag.com\/br\/wp-json\/wp\/v2\/users\/9"}],"replies":[{"embeddable":true,"href":"https:\/\/www.softwareag.com\/br\/wp-json\/wp\/v2\/comments?post=587"}],"version-history":[{"count":8,"href":"https:\/\/www.softwareag.com\/br\/wp-json\/wp\/v2\/pages\/587\/revisions"}],"predecessor-version":[{"id":6783,"href":"https:\/\/www.softwareag.com\/br\/wp-json\/wp\/v2\/pages\/587\/revisions\/6783"}],"wp:attachment":[{"href":"https:\/\/www.softwareag.com\/br\/wp-json\/wp\/v2\/media?parent=587"}],"curies":[{"name":"wp","href":"https:\/\/api.w.org\/{rel}","templated":true}]}}