{"id":1163,"date":"2025-09-09T12:08:47","date_gmt":"2025-09-09T16:08:47","guid":{"rendered":"https:\/\/www.softwareag.com\/?page_id=1163"},"modified":"2026-03-03T04:22:35","modified_gmt":"2026-03-03T08:22:35","slug":"contact","status":"publish","type":"page","link":"https:\/\/www.softwareag.com\/de\/contact\/","title":{"rendered":"Kontakt"},"content":{"rendered":"<div class=\"wp-block-group has-global-padding is-layout-constrained wp-block-group-is-layout-constrained\" style=\"padding-bottom:var(--wp--preset--spacing--xxl)\">\n\n\n<script data-language=\"de\" src=\"\/\/discover.softwareag.com\/js\/forms2\/js\/forms2.min.js\"><\/script> <form id=\"mktoForm_1211\" action=\"\"><input type=\"hidden\" name=\"trp-form-language\" value=\"de\"\/><\/form> <script>MktoForms2.loadForm(\"\/\/discover.softwareag.com\", \"096-VEV-482\", 1211);<\/script>\n\n\n\n\n\n\n<\/div>\n\n\n\n<div class=\"wp-block-columns alignwide is-layout-flex wp-container-core-columns-is-layout-c537c209 wp-block-columns-is-layout-flex\" style=\"padding-bottom:var(--wp--preset--spacing--l)\">\n<div class=\"wp-block-column has-dark-background-background-color has-background is-layout-flow wp-block-column-is-layout-flow\">\n<h4 class=\"wp-block-heading has-white-color has-text-color has-link-color wp-elements-70f0514cee0ebbc7ed5d1187a9ef37ce\" id=\"h-ask-for-a-free-services-workshop\"><strong>Fordern Sie Ihren kostenlosen Service-Workshop an<\/strong><\/h4>\n\n\n\n<p class=\"has-white-color has-text-color has-link-color wp-elements-aa3f629cec3b2a39e489aa05afd10b5b\">In unserem eint\u00e4gigen Workshop erarbeiten wir praxisnahe Ans\u00e4tze, um Ihre Anwendungen zu modernisieren, Ihre Datenbank zu optimieren, Ihre Software zu aktualisieren oder Ihren Personalbedarf zu adressieren - ohne unn\u00f6tiges Beiwerk, mit klaren n\u00e4chsten Schritten.<\/p>\n\n\n\n<div class=\"wp-block-buttons is-layout-flex wp-block-buttons-is-layout-flex\">\n<div class=\"wp-block-button is-style-dark-bg-no-border is-style-dark-bg-no-border--1\"><a class=\"wp-block-button__link wp-element-button\" href=\"https:\/\/www.softwareag.com\/de\/free-workshop-ps\/\" target=\"_blank\" rel=\"noreferrer noopener\">Mehr erfahren<\/a><\/div>\n<\/div>\n<\/div>\n\n\n\n<div class=\"wp-block-column has-dark-background-background-color has-background is-layout-flow wp-block-column-is-layout-flow\">\n<h4 class=\"wp-block-heading has-white-color has-text-color has-link-color wp-elements-b7606beb356557ddc962d659c8552eb5\" id=\"h-try-for-free\"><strong>Unverbindlich ausprobieren<\/strong><\/h4>\n\n\n\n<p class=\"has-white-color has-text-color has-link-color wp-elements-2042c9cf754d346b95e42fb3038eb96b\">W\u00e4hlen Sie eine L\u00f6sung. Starten Sie Ihre kostenlose Testversion oder Demo - und entdecken Sie, was m\u00f6glich ist.<\/p>\n\n\n\n<div class=\"wp-block-buttons is-layout-flex wp-block-buttons-is-layout-flex\">\n<div class=\"wp-block-button is-style-dark-bg-no-border is-style-dark-bg-no-border--2\"><a class=\"wp-block-button__link wp-element-button\" href=\"\/de\/free-trials\/\">Kostenlose Demo<\/a><\/div>\n<\/div>\n<\/div>\n<\/div>\n\n\n\n<p><\/p>","protected":false},"excerpt":{"rendered":"<p>Sie m\u00f6chten mit uns Kontakt aufnehmen? Schreiben Sie uns alle Ihre Fragen und Probleme. Wir melden uns so bald wie m\u00f6glich bei Ihnen!<\/p>","protected":false},"author":9,"featured_media":0,"parent":0,"menu_order":0,"comment_status":"closed","ping_status":"closed","template":"","meta":{"_acf_changed":false,"footnotes":""},"class_list":["post-1163","page","type-page","status-publish","hentry"],"acf":[],"yoast_head":"<!-- This site is optimized with the Yoast SEO Premium plugin v27.2 (Yoast SEO v27.2) - https:\/\/yoast.com\/product\/yoast-seo-premium-wordpress\/ -->\n<title>Contact Software AG for Expert Assistance Today | Software AG<\/title>\n<meta name=\"description\" content=\"Need support? Contact Software AG for modern application solutions and expert guidance. Get started today!\" \/>\n<meta name=\"robots\" content=\"index, follow, max-snippet:-1, max-image-preview:large, max-video-preview:-1\" \/>\n<link rel=\"canonical\" href=\"https:\/\/www.softwareag.com\/de\/contact\/\" \/>\n<meta property=\"og:locale\" content=\"de_DE\" \/>\n<meta property=\"og:type\" content=\"article\" \/>\n<meta property=\"og:title\" content=\"Contact\" \/>\n<meta property=\"og:description\" content=\"Need support? Contact Software AG for modern application solutions and expert guidance. Get started today!\" \/>\n<meta property=\"og:url\" content=\"https:\/\/www.softwareag.com\/de\/contact\/\" \/>\n<meta property=\"og:site_name\" content=\"Software AG\" \/>\n<meta property=\"article:publisher\" content=\"https:\/\/www.facebook.com\/SoftwareAG\" \/>\n<meta property=\"article:modified_time\" content=\"2026-03-03T08:22:35+00:00\" \/>\n<meta property=\"og:image\" content=\"https:\/\/www.softwareag.com\/app\/uploads\/2025\/09\/software-gmbh-dark-logo-bg_Small.jpeg\" \/>\n\t<meta property=\"og:image:width\" content=\"800\" \/>\n\t<meta property=\"og:image:height\" content=\"450\" \/>\n\t<meta property=\"og:image:type\" content=\"image\/jpeg\" \/>\n<meta name=\"twitter:card\" content=\"summary_large_image\" \/>\n<meta name=\"twitter:site\" content=\"@softwareag\" \/>\n<meta name=\"twitter:label1\" content=\"Est. reading time\" \/>\n\t<meta name=\"twitter:data1\" content=\"1 minute\" \/>\n<script type=\"application\/ld+json\" class=\"yoast-schema-graph\">{\"@context\":\"https:\/\/schema.org\",\"@graph\":[{\"@type\":\"WebPage\",\"@id\":\"https:\/\/www.softwareag.com\/es\/contact\/\",\"url\":\"https:\/\/www.softwareag.com\/es\/contact\/\",\"name\":\"Contact Software AG for Expert Assistance Today | Software AG\",\"isPartOf\":{\"@id\":\"https:\/\/www.softwareag.com\/en\/#website\"},\"datePublished\":\"2025-09-09T16:08:47+00:00\",\"dateModified\":\"2026-03-03T08:22:35+00:00\",\"description\":\"Need support? Contact Software AG for modern application solutions and expert guidance. Get started today!\",\"breadcrumb\":{\"@id\":\"https:\/\/www.softwareag.com\/es\/contact\/#breadcrumb\"},\"inLanguage\":\"de-DE\",\"potentialAction\":[{\"@type\":\"ReadAction\",\"target\":[\"https:\/\/www.softwareag.com\/es\/contact\/\"]}]},{\"@type\":\"BreadcrumbList\",\"@id\":\"https:\/\/www.softwareag.com\/es\/contact\/#breadcrumb\",\"itemListElement\":[{\"@type\":\"ListItem\",\"position\":1,\"name\":\"Home\",\"item\":\"https:\/\/www.softwareag.com\/de\/\"},{\"@type\":\"ListItem\",\"position\":2,\"name\":\"Contact\"}]},{\"@type\":\"WebSite\",\"@id\":\"https:\/\/www.softwareag.com\/en\/#website\",\"url\":\"https:\/\/www.softwareag.com\/en\/\",\"name\":\"Software AG\",\"description\":\"Software AG&#039;s digital transformation solutions &amp; services\",\"publisher\":{\"@id\":\"https:\/\/www.softwareag.com\/en\/#organization\"},\"alternateName\":\"SAG\",\"potentialAction\":[{\"@type\":\"SearchAction\",\"target\":{\"@type\":\"EntryPoint\",\"urlTemplate\":\"https:\/\/www.softwareag.com\/en\/?s={search_term_string}\"},\"query-input\":{\"@type\":\"PropertyValueSpecification\",\"valueRequired\":true,\"valueName\":\"search_term_string\"}}],\"inLanguage\":\"de-DE\"},{\"@type\":\"Organization\",\"@id\":\"https:\/\/www.softwareag.com\/en\/#organization\",\"name\":\"Software AG\",\"alternateName\":\"SAG\",\"url\":\"https:\/\/www.softwareag.com\/en\/\",\"logo\":{\"@type\":\"ImageObject\",\"inLanguage\":\"de-DE\",\"@id\":\"https:\/\/www.softwareag.com\/en\/#\/schema\/logo\/image\/\",\"url\":\"https:\/\/www.softwareag.com\/app\/uploads\/2025\/09\/software-gmbh-dark-logo-bg_Small.jpeg\",\"contentUrl\":\"https:\/\/www.softwareag.com\/app\/uploads\/2025\/09\/software-gmbh-dark-logo-bg_Small.jpeg\",\"width\":800,\"height\":450,\"caption\":\"Software AG\"},\"image\":{\"@id\":\"https:\/\/www.softwareag.com\/en\/#\/schema\/logo\/image\/\"},\"sameAs\":[\"https:\/\/www.facebook.com\/SoftwareAG\",\"https:\/\/x.com\/softwareag\",\"https:\/\/www.linkedin.com\/company\/software-ag\",\"https:\/\/www.youtube.com\/user\/SOFTWAREAG\"],\"description\":\"Software AG is a global enterprise software company dedicated to facilitating digital transformation for large-scale organizations. They specialize in modernizing legacy infrastructure, optimizing mainframe operations, and enabling seamless data integration across hybrid environments.\",\"numberOfEmployees\":{\"@type\":\"QuantitativeValue\",\"minValue\":\"501\",\"maxValue\":\"1000\"}}]}<\/script>\n<!-- \/ Yoast SEO Premium plugin. -->","yoast_head_json":{"title":"Contact Software AG for Expert Assistance Today | Software AG","description":"Need support? Contact Software AG for modern application solutions and expert guidance. Get started today!","robots":{"index":"index","follow":"follow","max-snippet":"max-snippet:-1","max-image-preview":"max-image-preview:large","max-video-preview":"max-video-preview:-1"},"canonical":"https:\/\/www.softwareag.com\/de\/contact\/","og_locale":"de_DE","og_type":"article","og_title":"Contact","og_description":"Need support? Contact Software AG for modern application solutions and expert guidance. Get started today!","og_url":"https:\/\/www.softwareag.com\/de\/contact\/","og_site_name":"Software AG","article_publisher":"https:\/\/www.facebook.com\/SoftwareAG","article_modified_time":"2026-03-03T08:22:35+00:00","og_image":[{"width":800,"height":450,"url":"https:\/\/www.softwareag.com\/app\/uploads\/2025\/09\/software-gmbh-dark-logo-bg_Small.jpeg","type":"image\/jpeg"}],"twitter_card":"summary_large_image","twitter_site":"@softwareag","twitter_misc":{"Est. reading time":"1 minute"},"schema":{"@context":"https:\/\/schema.org","@graph":[{"@type":"WebPage","@id":"https:\/\/www.softwareag.com\/es\/contact\/","url":"https:\/\/www.softwareag.com\/es\/contact\/","name":"Contact Software AG for Expert Assistance Today | Software AG","isPartOf":{"@id":"https:\/\/www.softwareag.com\/en\/#website"},"datePublished":"2025-09-09T16:08:47+00:00","dateModified":"2026-03-03T08:22:35+00:00","description":"Need support? Contact Software AG for modern application solutions and expert guidance. Get started today!","breadcrumb":{"@id":"https:\/\/www.softwareag.com\/es\/contact\/#breadcrumb"},"inLanguage":"de-DE","potentialAction":[{"@type":"ReadAction","target":["https:\/\/www.softwareag.com\/es\/contact\/"]}]},{"@type":"BreadcrumbList","@id":"https:\/\/www.softwareag.com\/es\/contact\/#breadcrumb","itemListElement":[{"@type":"ListItem","position":1,"name":"Home","item":"https:\/\/www.softwareag.com\/de\/"},{"@type":"ListItem","position":2,"name":"Contact"}]},{"@type":"WebSite","@id":"https:\/\/www.softwareag.com\/en\/#website","url":"https:\/\/www.softwareag.com\/en\/","name":"Software AG","description":"L\u00f6sungen und Dienstleistungen der Software AG f\u00fcr die digitale Transformation","publisher":{"@id":"https:\/\/www.softwareag.com\/en\/#organization"},"alternateName":"SAG","potentialAction":[{"@type":"SearchAction","target":{"@type":"EntryPoint","urlTemplate":"https:\/\/www.softwareag.com\/en\/?s={search_term_string}"},"query-input":{"@type":"PropertyValueSpecification","valueRequired":true,"valueName":"search_term_string"}}],"inLanguage":"de-DE"},{"@type":"Organization","@id":"https:\/\/www.softwareag.com\/en\/#organization","name":"Software AG","alternateName":"SAG","url":"https:\/\/www.softwareag.com\/en\/","logo":{"@type":"ImageObject","inLanguage":"de-DE","@id":"https:\/\/www.softwareag.com\/en\/#\/schema\/logo\/image\/","url":"https:\/\/www.softwareag.com\/app\/uploads\/2025\/09\/software-gmbh-dark-logo-bg_Small.jpeg","contentUrl":"https:\/\/www.softwareag.com\/app\/uploads\/2025\/09\/software-gmbh-dark-logo-bg_Small.jpeg","width":800,"height":450,"caption":"Software AG"},"image":{"@id":"https:\/\/www.softwareag.com\/en\/#\/schema\/logo\/image\/"},"sameAs":["https:\/\/www.facebook.com\/SoftwareAG","https:\/\/x.com\/softwareag","https:\/\/www.linkedin.com\/company\/software-ag","https:\/\/www.youtube.com\/user\/SOFTWAREAG"],"description":"Software AG is a global enterprise software company dedicated to facilitating digital transformation for large-scale organizations. They specialize in modernizing legacy infrastructure, optimizing mainframe operations, and enabling seamless data integration across hybrid environments.","numberOfEmployees":{"@type":"QuantitativeValue","minValue":"501","maxValue":"1000"}}]}},"_links":{"self":[{"href":"https:\/\/www.softwareag.com\/de\/wp-json\/wp\/v2\/pages\/1163","targetHints":{"allow":["GET"]}}],"collection":[{"href":"https:\/\/www.softwareag.com\/de\/wp-json\/wp\/v2\/pages"}],"about":[{"href":"https:\/\/www.softwareag.com\/de\/wp-json\/wp\/v2\/types\/page"}],"author":[{"embeddable":true,"href":"https:\/\/www.softwareag.com\/de\/wp-json\/wp\/v2\/users\/9"}],"replies":[{"embeddable":true,"href":"https:\/\/www.softwareag.com\/de\/wp-json\/wp\/v2\/comments?post=1163"}],"version-history":[{"count":14,"href":"https:\/\/www.softwareag.com\/de\/wp-json\/wp\/v2\/pages\/1163\/revisions"}],"predecessor-version":[{"id":5634,"href":"https:\/\/www.softwareag.com\/de\/wp-json\/wp\/v2\/pages\/1163\/revisions\/5634"}],"wp:attachment":[{"href":"https:\/\/www.softwareag.com\/de\/wp-json\/wp\/v2\/media?parent=1163"}],"curies":[{"name":"wp","href":"https:\/\/api.w.org\/{rel}","templated":true}]}}