{"id":1349,"date":"2025-09-13T12:04:54","date_gmt":"2025-09-13T16:04:54","guid":{"rendered":"https:\/\/www.softwareag.com\/?page_id=1349"},"modified":"2026-01-05T11:14:37","modified_gmt":"2026-01-05T15:14:37","slug":"quality-management","status":"publish","type":"page","link":"https:\/\/www.softwareag.com\/de\/company\/trust-portal\/quality-management\/","title":{"rendered":"Qualit\u00e4tsmanagement"},"content":{"rendered":"<div class=\"wp-block-group alignwide is-layout-flow wp-block-group-is-layout-flow\">\n<p>Unser ISO 9001-zertifiziertes Qualit\u00e4tsmanagementsystem (QMS) ist die Grundlage f\u00fcr die Gew\u00e4hrleistung einer hohen Kundenzufriedenheit, die Bereitstellung von Dienstleistungen und Software in bester Qualit\u00e4t sowie f\u00fcr kontinuierliche Verbesserungen. Als Teil unseres QMS beschreibt unser System f\u00fcr Produktentwicklung, Professional Services und Global Support die Prozesse, Rollen und Regeln, die die t\u00e4gliche Arbeit jedes Mitarbeiters leiten und wie kritische Verm\u00f6genswerte gesichert werden. Dieser Rahmen:<\/p>\n\n\n\n<ul class=\"wp-block-list\">\n<li>gew\u00e4hrleistet die Einhaltung von Gesetzen und Vorschriften zu Qualit\u00e4t, Sicherheit und Leistung<\/li>\n\n\n\n<li>sichert unsere F\u00e4higkeit, unsere Kunden zu unterst\u00fctzen<\/li>\n\n\n\n<li>Definiert klar und transparent Prozesse<\/li>\n\n\n\n<li>erm\u00f6glicht einen kontinuierlichen Innovationsprozess in einer agilen Entwicklungsumgebung<\/li>\n\n\n\n<li>baut Feedback ein, um sicherzustellen, dass wir Qualit\u00e4tssoftware liefern, die unseren Kunden einen Wettbewerbsvorteil verschafft<\/li>\n<\/ul>\n\n\n\n<div class=\"wp-block-buttons is-layout-flex wp-block-buttons-is-layout-flex\">\n<div class=\"wp-block-button is-style-secondary-button is-style-secondary-button--1\"><a class=\"wp-block-button__link wp-element-button\" href=\"\/app\/uploads\/2025\/09\/Our-Commitment-to-Quality.pdf\" data-no-translation>Our Commitment to Quality<\/a><\/div>\n<\/div>\n\n\n\n<p>Das QMS ist die Grundlage unseres Integrierten Managementsystems (IMS). Siehe Zertifikate:<\/p>\n\n\n\n<p><a href=\"https:\/\/www.softwareag.com\/app\/uploads\/2025\/12\/SAG-AN-2025-ISO-9001-Surveillance-1-Audit-Certificate-Final.pdf\" data-no-translation>Software GmbH A&amp;N ISO 9001 Quality Management System Certificate<\/a><\/p>\n<\/div>\n\n\n\n<div style=\"height:100px\" aria-hidden=\"true\" class=\"wp-block-spacer\"><\/div>","protected":false},"excerpt":{"rendered":"<p>Our ISO 9001-certified Quality Management System (QMS) is foundational for assuring high customer satisfaction, delivering the best-quality services and software as well as making continuous improvements. [&hellip;]<\/p>","protected":false},"author":9,"featured_media":0,"parent":1323,"menu_order":0,"comment_status":"closed","ping_status":"closed","template":"","meta":{"_acf_changed":false,"footnotes":""},"class_list":["post-1349","page","type-page","status-publish","hentry"],"acf":[],"yoast_head":"<!-- This site is optimized with the Yoast SEO Premium plugin v27.2 (Yoast SEO v27.2) - https:\/\/yoast.com\/product\/yoast-seo-premium-wordpress\/ -->\n<title>Quality Management at Software AG and Customer Trust | Software AG<\/title>\n<meta name=\"description\" content=\"Explore Quality Management at Software AG. Our ISO 9001-certified QMS ensures high customer satisfaction and continuous improvement.\" \/>\n<meta name=\"robots\" content=\"index, follow, max-snippet:-1, max-image-preview:large, max-video-preview:-1\" \/>\n<link rel=\"canonical\" href=\"https:\/\/www.softwareag.com\/de\/company\/trust-portal\/quality-management\/\" \/>\n<meta property=\"og:locale\" content=\"de_DE\" \/>\n<meta property=\"og:type\" content=\"article\" \/>\n<meta property=\"og:title\" content=\"Quality Management\" \/>\n<meta property=\"og:description\" content=\"Explore Quality Management at Software AG. Our ISO 9001-certified QMS ensures high customer satisfaction and continuous improvement.\" \/>\n<meta property=\"og:url\" content=\"https:\/\/www.softwareag.com\/de\/company\/trust-portal\/quality-management\/\" \/>\n<meta property=\"og:site_name\" content=\"Software AG\" \/>\n<meta property=\"article:publisher\" content=\"https:\/\/www.facebook.com\/SoftwareAG\" \/>\n<meta property=\"article:modified_time\" content=\"2026-01-05T15:14:37+00:00\" \/>\n<meta property=\"og:image\" content=\"https:\/\/www.softwareag.com\/app\/uploads\/2025\/09\/software-gmbh-dark-logo-bg_Small.jpeg\" \/>\n\t<meta property=\"og:image:width\" content=\"800\" \/>\n\t<meta property=\"og:image:height\" content=\"450\" \/>\n\t<meta property=\"og:image:type\" content=\"image\/jpeg\" \/>\n<meta name=\"twitter:card\" content=\"summary_large_image\" \/>\n<meta name=\"twitter:site\" content=\"@softwareag\" \/>\n<meta name=\"twitter:label1\" content=\"Est. reading time\" \/>\n\t<meta name=\"twitter:data1\" content=\"1 minute\" \/>\n<script type=\"application\/ld+json\" class=\"yoast-schema-graph\">{\"@context\":\"https:\/\/schema.org\",\"@graph\":[{\"@type\":\"WebPage\",\"@id\":\"https:\/\/www.softwareag.com\/company\/trust-portal\/quality-management\/\",\"url\":\"https:\/\/www.softwareag.com\/company\/trust-portal\/quality-management\/\",\"name\":\"Quality Management at Software AG and Customer Trust | Software AG\",\"isPartOf\":{\"@id\":\"https:\/\/www.softwareag.com\/en\/#website\"},\"datePublished\":\"2025-09-13T16:04:54+00:00\",\"dateModified\":\"2026-01-05T15:14:37+00:00\",\"description\":\"Explore Quality Management at Software AG. Our ISO 9001-certified QMS ensures high customer satisfaction and continuous improvement.\",\"breadcrumb\":{\"@id\":\"https:\/\/www.softwareag.com\/company\/trust-portal\/quality-management\/#breadcrumb\"},\"inLanguage\":\"de-DE\",\"potentialAction\":[{\"@type\":\"ReadAction\",\"target\":[\"https:\/\/www.softwareag.com\/company\/trust-portal\/quality-management\/\"]}]},{\"@type\":\"BreadcrumbList\",\"@id\":\"https:\/\/www.softwareag.com\/company\/trust-portal\/quality-management\/#breadcrumb\",\"itemListElement\":[{\"@type\":\"ListItem\",\"position\":1,\"name\":\"Home\",\"item\":\"https:\/\/www.softwareag.com\/de\/\"},{\"@type\":\"ListItem\",\"position\":2,\"name\":\"Company\",\"item\":\"https:\/\/www.softwareag.com\/en\/company\/\"},{\"@type\":\"ListItem\",\"position\":3,\"name\":\"Trust Portal\",\"item\":\"https:\/\/www.softwareag.com\/en\/company\/trust-portal\/\"},{\"@type\":\"ListItem\",\"position\":4,\"name\":\"Quality Management\"}]},{\"@type\":\"WebSite\",\"@id\":\"https:\/\/www.softwareag.com\/en\/#website\",\"url\":\"https:\/\/www.softwareag.com\/en\/\",\"name\":\"Software AG\",\"description\":\"Software AG&#039;s digital transformation solutions &amp; services\",\"publisher\":{\"@id\":\"https:\/\/www.softwareag.com\/en\/#organization\"},\"alternateName\":\"SAG\",\"potentialAction\":[{\"@type\":\"SearchAction\",\"target\":{\"@type\":\"EntryPoint\",\"urlTemplate\":\"https:\/\/www.softwareag.com\/en\/?s={search_term_string}\"},\"query-input\":{\"@type\":\"PropertyValueSpecification\",\"valueRequired\":true,\"valueName\":\"search_term_string\"}}],\"inLanguage\":\"de-DE\"},{\"@type\":\"Organization\",\"@id\":\"https:\/\/www.softwareag.com\/en\/#organization\",\"name\":\"Software AG\",\"alternateName\":\"SAG\",\"url\":\"https:\/\/www.softwareag.com\/en\/\",\"logo\":{\"@type\":\"ImageObject\",\"inLanguage\":\"de-DE\",\"@id\":\"https:\/\/www.softwareag.com\/en\/#\/schema\/logo\/image\/\",\"url\":\"https:\/\/www.softwareag.com\/app\/uploads\/2025\/09\/software-gmbh-dark-logo-bg_Small.jpeg\",\"contentUrl\":\"https:\/\/www.softwareag.com\/app\/uploads\/2025\/09\/software-gmbh-dark-logo-bg_Small.jpeg\",\"width\":800,\"height\":450,\"caption\":\"Software AG\"},\"image\":{\"@id\":\"https:\/\/www.softwareag.com\/en\/#\/schema\/logo\/image\/\"},\"sameAs\":[\"https:\/\/www.facebook.com\/SoftwareAG\",\"https:\/\/x.com\/softwareag\",\"https:\/\/www.linkedin.com\/company\/software-ag\",\"https:\/\/www.youtube.com\/user\/SOFTWAREAG\"],\"description\":\"Software AG is a global enterprise software company dedicated to facilitating digital transformation for large-scale organizations. They specialize in modernizing legacy infrastructure, optimizing mainframe operations, and enabling seamless data integration across hybrid environments.\",\"numberOfEmployees\":{\"@type\":\"QuantitativeValue\",\"minValue\":\"501\",\"maxValue\":\"1000\"}}]}<\/script>\n<!-- \/ Yoast SEO Premium plugin. -->","yoast_head_json":{"title":"Quality Management at Software AG and Customer Trust | Software AG","description":"Explore Quality Management at Software AG. Our ISO 9001-certified QMS ensures high customer satisfaction and continuous improvement.","robots":{"index":"index","follow":"follow","max-snippet":"max-snippet:-1","max-image-preview":"max-image-preview:large","max-video-preview":"max-video-preview:-1"},"canonical":"https:\/\/www.softwareag.com\/de\/company\/trust-portal\/quality-management\/","og_locale":"de_DE","og_type":"article","og_title":"Quality Management","og_description":"Explore Quality Management at Software AG. Our ISO 9001-certified QMS ensures high customer satisfaction and continuous improvement.","og_url":"https:\/\/www.softwareag.com\/de\/company\/trust-portal\/quality-management\/","og_site_name":"Software AG","article_publisher":"https:\/\/www.facebook.com\/SoftwareAG","article_modified_time":"2026-01-05T15:14:37+00:00","og_image":[{"width":800,"height":450,"url":"https:\/\/www.softwareag.com\/app\/uploads\/2025\/09\/software-gmbh-dark-logo-bg_Small.jpeg","type":"image\/jpeg"}],"twitter_card":"summary_large_image","twitter_site":"@softwareag","twitter_misc":{"Est. reading time":"1 minute"},"schema":{"@context":"https:\/\/schema.org","@graph":[{"@type":"WebPage","@id":"https:\/\/www.softwareag.com\/company\/trust-portal\/quality-management\/","url":"https:\/\/www.softwareag.com\/company\/trust-portal\/quality-management\/","name":"Quality Management at Software AG and Customer Trust | Software AG","isPartOf":{"@id":"https:\/\/www.softwareag.com\/en\/#website"},"datePublished":"2025-09-13T16:04:54+00:00","dateModified":"2026-01-05T15:14:37+00:00","description":"Explore Quality Management at Software AG. Our ISO 9001-certified QMS ensures high customer satisfaction and continuous improvement.","breadcrumb":{"@id":"https:\/\/www.softwareag.com\/company\/trust-portal\/quality-management\/#breadcrumb"},"inLanguage":"de-DE","potentialAction":[{"@type":"ReadAction","target":["https:\/\/www.softwareag.com\/company\/trust-portal\/quality-management\/"]}]},{"@type":"BreadcrumbList","@id":"https:\/\/www.softwareag.com\/company\/trust-portal\/quality-management\/#breadcrumb","itemListElement":[{"@type":"ListItem","position":1,"name":"Home","item":"https:\/\/www.softwareag.com\/de\/"},{"@type":"ListItem","position":2,"name":"Company","item":"https:\/\/www.softwareag.com\/en\/company\/"},{"@type":"ListItem","position":3,"name":"Trust Portal","item":"https:\/\/www.softwareag.com\/en\/company\/trust-portal\/"},{"@type":"ListItem","position":4,"name":"Quality Management"}]},{"@type":"WebSite","@id":"https:\/\/www.softwareag.com\/en\/#website","url":"https:\/\/www.softwareag.com\/en\/","name":"Software AG","description":"L\u00f6sungen und Dienstleistungen der Software AG f\u00fcr die digitale Transformation","publisher":{"@id":"https:\/\/www.softwareag.com\/en\/#organization"},"alternateName":"SAG","potentialAction":[{"@type":"SearchAction","target":{"@type":"EntryPoint","urlTemplate":"https:\/\/www.softwareag.com\/en\/?s={search_term_string}"},"query-input":{"@type":"PropertyValueSpecification","valueRequired":true,"valueName":"search_term_string"}}],"inLanguage":"de-DE"},{"@type":"Organization","@id":"https:\/\/www.softwareag.com\/en\/#organization","name":"Software AG","alternateName":"SAG","url":"https:\/\/www.softwareag.com\/en\/","logo":{"@type":"ImageObject","inLanguage":"de-DE","@id":"https:\/\/www.softwareag.com\/en\/#\/schema\/logo\/image\/","url":"https:\/\/www.softwareag.com\/app\/uploads\/2025\/09\/software-gmbh-dark-logo-bg_Small.jpeg","contentUrl":"https:\/\/www.softwareag.com\/app\/uploads\/2025\/09\/software-gmbh-dark-logo-bg_Small.jpeg","width":800,"height":450,"caption":"Software AG"},"image":{"@id":"https:\/\/www.softwareag.com\/en\/#\/schema\/logo\/image\/"},"sameAs":["https:\/\/www.facebook.com\/SoftwareAG","https:\/\/x.com\/softwareag","https:\/\/www.linkedin.com\/company\/software-ag","https:\/\/www.youtube.com\/user\/SOFTWAREAG"],"description":"Software AG is a global enterprise software company dedicated to facilitating digital transformation for large-scale organizations. They specialize in modernizing legacy infrastructure, optimizing mainframe operations, and enabling seamless data integration across hybrid environments.","numberOfEmployees":{"@type":"QuantitativeValue","minValue":"501","maxValue":"1000"}}]}},"_links":{"self":[{"href":"https:\/\/www.softwareag.com\/de\/wp-json\/wp\/v2\/pages\/1349","targetHints":{"allow":["GET"]}}],"collection":[{"href":"https:\/\/www.softwareag.com\/de\/wp-json\/wp\/v2\/pages"}],"about":[{"href":"https:\/\/www.softwareag.com\/de\/wp-json\/wp\/v2\/types\/page"}],"author":[{"embeddable":true,"href":"https:\/\/www.softwareag.com\/de\/wp-json\/wp\/v2\/users\/9"}],"replies":[{"embeddable":true,"href":"https:\/\/www.softwareag.com\/de\/wp-json\/wp\/v2\/comments?post=1349"}],"version-history":[{"count":6,"href":"https:\/\/www.softwareag.com\/de\/wp-json\/wp\/v2\/pages\/1349\/revisions"}],"predecessor-version":[{"id":4571,"href":"https:\/\/www.softwareag.com\/de\/wp-json\/wp\/v2\/pages\/1349\/revisions\/4571"}],"up":[{"embeddable":true,"href":"https:\/\/www.softwareag.com\/de\/wp-json\/wp\/v2\/pages\/1323"}],"wp:attachment":[{"href":"https:\/\/www.softwareag.com\/de\/wp-json\/wp\/v2\/media?parent=1349"}],"curies":[{"name":"wp","href":"https:\/\/api.w.org\/{rel}","templated":true}]}}