{"id":2050,"date":"2025-09-29T14:52:00","date_gmt":"2025-09-29T18:52:00","guid":{"rendered":"https:\/\/www.softwareag.com\/?page_id=2050"},"modified":"2026-01-05T14:54:57","modified_gmt":"2026-01-05T18:54:57","slug":"contato","status":"publish","type":"page","link":"https:\/\/www.softwareag.com\/de\/contato\/","title":{"rendered":"Entre em Contato"},"content":{"rendered":"<script src=\"\/\/discover.softwareag.com\/js\/forms2\/js\/forms2.min.js\"><\/script> <form id=\"mktoForm_1040\" action=\"\"><input type=\"hidden\" name=\"trp-form-language\" value=\"de\"\/><\/form> <script>MktoForms2.loadForm(\"\/\/discover.softwareag.com\", \"096-VEV-482\", 1040);<\/script>\n\n\n\n<div class=\"wp-block-group alignfull has-beige-background-color has-background has-global-padding is-layout-constrained wp-block-group-is-layout-constrained\" style=\"padding-top:var(--wp--preset--spacing--l);padding-bottom:var(--wp--preset--spacing--l)\">\n<h2 class=\"wp-block-heading has-text-align-center\">Precisa de ajuda com algo espec\u00edfico?<\/h2>\n\n\n\n<div class=\"wp-block-columns alignwide is-layout-flex wp-container-core-columns-is-layout-c537c209 wp-block-columns-is-layout-flex\" style=\"padding-bottom:var(--wp--preset--spacing--l)\">\n<div class=\"wp-block-column has-dark-background-background-color has-background is-layout-flow wp-block-column-is-layout-flow\">\n<h4 class=\"wp-block-heading has-white-color has-text-color has-link-color wp-elements-341357b1108e5e5111b20b1e55cc90e4\"><strong>Acesse o suporte<\/strong><\/h4>\n\n\n\n<p class=\"has-white-color has-text-color has-link-color wp-elements-57acd1a2315e608361cb629a56216678\">Voc\u00ea tem&nbsp;d\u00favidas sobre sua conta existente? Visite nosso portal de suporte ao cliente&nbsp;dedicado para obter suporte 24 horas por dia, 7 dias por semana e acesso a&nbsp;uma variedade de recursos para atender rapidamente \u00e0s suas necessidades.<\/p>\n\n\n\n<div class=\"wp-block-buttons is-layout-flex wp-block-buttons-is-layout-flex\">\n<div class=\"wp-block-button is-style-dark-bg-no-border is-style-dark-bg-no-border--1\"><a class=\"wp-block-button__link wp-element-button\" href=\"https:\/\/empower.softwareag.com\/\" target=\"_blank\" rel=\"noreferrer noopener\"><strong>Abra um chamado<\/strong>&nbsp;<\/a><\/div>\n<\/div>\n<\/div>\n\n\n\n<div class=\"wp-block-column has-dark-background-background-color has-background is-layout-flow wp-block-column-is-layout-flow\">\n<h4 class=\"wp-block-heading has-white-color has-text-color has-link-color wp-elements-28fb20c598d6e52cc7e7121b6bb58d69\"><strong>Fale com nosso escrit\u00f3rio local<\/strong><\/h4>\n\n\n\n<p class=\"has-white-color has-text-color has-link-color wp-elements-024070c80f3da3657816f72a407a814c\">Quer falar com algu\u00e9m em portugu\u00eas? Entre em contato conosco:<\/p>\n\n\n\n<p class=\"has-white-color has-text-color has-link-color wp-elements-c527f9af20c0ddd08d2079eeba88e367\">Telefone: (11) 2899-6600<\/p>\n\n\n\n<p class=\"has-white-color has-text-color has-link-color wp-elements-5c90f335e5e19a1081507e71be7b70e8\">De segunda \u00e0 sexta-feira, das 9h00 \u00e0s 18h00<\/p>\n<\/div>\n\n\n\n<div class=\"wp-block-column has-dark-background-background-color has-background is-layout-flow wp-block-column-is-layout-flow\">\n<h4 class=\"wp-block-heading has-white-color has-text-color has-link-color wp-elements-83cf941ca7b4718b2c739a218a18a6d3\"><strong>Pergunte \u00e0 comunidade<\/strong><\/h4>\n\n\n\n<p class=\"has-white-color has-text-color has-link-color wp-elements-0685db5653bee075cf4cee4fb82e91c4\">Discuta sua \u00faltima grande ideia. Obtenha&nbsp;aconselhamento gratuito. Realize download de documentos. Fa\u00e7a networking com&nbsp;seus pares. Colabore em um novo processo.<\/p>\n\n\n\n<div class=\"wp-block-buttons is-layout-flex wp-block-buttons-is-layout-flex\">\n<div class=\"wp-block-button is-style-dark-bg-no-border is-style-dark-bg-no-border--2\"><a class=\"wp-block-button__link wp-element-button\" href=\"https:\/\/techcommunity.softwareag.com\/en_en.html\"><strong>Fa\u00e7a uma pergunta<\/strong>&nbsp;<\/a><\/div>\n<\/div>\n<\/div>\n<\/div>\n<\/div>\n\n\n\n<p><\/p>","protected":false},"excerpt":{"rendered":"<p>Precisa de ajuda com algo espec\u00edfico? Acesse o suporte Voc\u00ea tem&nbsp;d\u00favidas sobre sua conta existente? Visite nosso portal de suporte ao cliente&nbsp;dedicado para obter suporte 24 [&hellip;]<\/p>","protected":false},"author":16,"featured_media":0,"parent":0,"menu_order":0,"comment_status":"closed","ping_status":"closed","template":"","meta":{"_acf_changed":false,"footnotes":""},"class_list":["post-2050","page","type-page","status-publish","hentry"],"acf":[],"yoast_head":"<!-- This site is optimized with the Yoast SEO Premium plugin v27.2 (Yoast SEO v27.2) - https:\/\/yoast.com\/product\/yoast-seo-premium-wordpress\/ -->\n<title>Entre em Contato | Software AG<\/title>\n<meta name=\"description\" content=\"Se voc\u00ea precisar de assist\u00eancia, entre em contato conosco para suporte 24 horas por dia, 7 dias por semana. Estamos aqui para ajudar.\" \/>\n<meta name=\"robots\" content=\"index, follow, max-snippet:-1, max-image-preview:large, max-video-preview:-1\" \/>\n<link rel=\"canonical\" href=\"https:\/\/www.softwareag.com\/de\/contato\/\" \/>\n<meta property=\"og:locale\" content=\"de_DE\" \/>\n<meta property=\"og:type\" content=\"article\" \/>\n<meta property=\"og:title\" content=\"Entre em Contato\" \/>\n<meta property=\"og:description\" content=\"Se voc\u00ea precisar de assist\u00eancia, entre em contato conosco para suporte 24 horas por dia, 7 dias por semana. Estamos aqui para ajudar.\" \/>\n<meta property=\"og:url\" content=\"https:\/\/www.softwareag.com\/de\/contato\/\" \/>\n<meta property=\"og:site_name\" content=\"Software AG\" \/>\n<meta property=\"article:publisher\" content=\"https:\/\/www.facebook.com\/SoftwareAG\" \/>\n<meta property=\"article:modified_time\" content=\"2026-01-05T18:54:57+00:00\" \/>\n<meta property=\"og:image\" content=\"https:\/\/www.softwareag.com\/app\/uploads\/2025\/09\/software-gmbh-dark-logo-bg_Small.jpeg\" \/>\n\t<meta property=\"og:image:width\" content=\"800\" \/>\n\t<meta property=\"og:image:height\" content=\"450\" \/>\n\t<meta property=\"og:image:type\" content=\"image\/jpeg\" \/>\n<meta name=\"twitter:card\" content=\"summary_large_image\" \/>\n<meta name=\"twitter:site\" content=\"@softwareag\" \/>\n<meta name=\"twitter:label1\" content=\"Est. reading time\" \/>\n\t<meta name=\"twitter:data1\" content=\"1 minute\" \/>\n<script type=\"application\/ld+json\" class=\"yoast-schema-graph\">{\"@context\":\"https:\/\/schema.org\",\"@graph\":[{\"@type\":\"WebPage\",\"@id\":\"https:\/\/www.softwareag.com\/contato\/\",\"url\":\"https:\/\/www.softwareag.com\/contato\/\",\"name\":\"Entre em Contato | Software AG\",\"isPartOf\":{\"@id\":\"https:\/\/www.softwareag.com\/en\/#website\"},\"datePublished\":\"2025-09-29T18:52:00+00:00\",\"dateModified\":\"2026-01-05T18:54:57+00:00\",\"description\":\"Se voc\u00ea precisar de assist\u00eancia, entre em contato conosco para suporte 24 horas por dia, 7 dias por semana. Estamos aqui para ajudar.\",\"breadcrumb\":{\"@id\":\"https:\/\/www.softwareag.com\/contato\/#breadcrumb\"},\"inLanguage\":\"de-DE\",\"potentialAction\":[{\"@type\":\"ReadAction\",\"target\":[\"https:\/\/www.softwareag.com\/contato\/\"]}]},{\"@type\":\"BreadcrumbList\",\"@id\":\"https:\/\/www.softwareag.com\/contato\/#breadcrumb\",\"itemListElement\":[{\"@type\":\"ListItem\",\"position\":1,\"name\":\"Home\",\"item\":\"https:\/\/www.softwareag.com\/de\/\"},{\"@type\":\"ListItem\",\"position\":2,\"name\":\"Entre em Contato\"}]},{\"@type\":\"WebSite\",\"@id\":\"https:\/\/www.softwareag.com\/en\/#website\",\"url\":\"https:\/\/www.softwareag.com\/en\/\",\"name\":\"Software AG\",\"description\":\"Software AG&#039;s digital transformation solutions &amp; services\",\"publisher\":{\"@id\":\"https:\/\/www.softwareag.com\/en\/#organization\"},\"alternateName\":\"SAG\",\"potentialAction\":[{\"@type\":\"SearchAction\",\"target\":{\"@type\":\"EntryPoint\",\"urlTemplate\":\"https:\/\/www.softwareag.com\/en\/?s={search_term_string}\"},\"query-input\":{\"@type\":\"PropertyValueSpecification\",\"valueRequired\":true,\"valueName\":\"search_term_string\"}}],\"inLanguage\":\"de-DE\"},{\"@type\":\"Organization\",\"@id\":\"https:\/\/www.softwareag.com\/en\/#organization\",\"name\":\"Software AG\",\"alternateName\":\"SAG\",\"url\":\"https:\/\/www.softwareag.com\/en\/\",\"logo\":{\"@type\":\"ImageObject\",\"inLanguage\":\"de-DE\",\"@id\":\"https:\/\/www.softwareag.com\/en\/#\/schema\/logo\/image\/\",\"url\":\"https:\/\/www.softwareag.com\/app\/uploads\/2025\/09\/software-gmbh-dark-logo-bg_Small.jpeg\",\"contentUrl\":\"https:\/\/www.softwareag.com\/app\/uploads\/2025\/09\/software-gmbh-dark-logo-bg_Small.jpeg\",\"width\":800,\"height\":450,\"caption\":\"Software AG\"},\"image\":{\"@id\":\"https:\/\/www.softwareag.com\/en\/#\/schema\/logo\/image\/\"},\"sameAs\":[\"https:\/\/www.facebook.com\/SoftwareAG\",\"https:\/\/x.com\/softwareag\",\"https:\/\/www.linkedin.com\/company\/software-ag\",\"https:\/\/www.youtube.com\/user\/SOFTWAREAG\"],\"description\":\"Software AG is a global enterprise software company dedicated to facilitating digital transformation for large-scale organizations. They specialize in modernizing legacy infrastructure, optimizing mainframe operations, and enabling seamless data integration across hybrid environments.\",\"numberOfEmployees\":{\"@type\":\"QuantitativeValue\",\"minValue\":\"501\",\"maxValue\":\"1000\"}}]}<\/script>\n<!-- \/ Yoast SEO Premium plugin. -->","yoast_head_json":{"title":"Entre em Contato | Software AG","description":"Se voc\u00ea precisar de assist\u00eancia, entre em contato conosco para suporte 24 horas por dia, 7 dias por semana. Estamos aqui para ajudar.","robots":{"index":"index","follow":"follow","max-snippet":"max-snippet:-1","max-image-preview":"max-image-preview:large","max-video-preview":"max-video-preview:-1"},"canonical":"https:\/\/www.softwareag.com\/de\/contato\/","og_locale":"de_DE","og_type":"article","og_title":"Entre em Contato","og_description":"Se voc\u00ea precisar de assist\u00eancia, entre em contato conosco para suporte 24 horas por dia, 7 dias por semana. Estamos aqui para ajudar.","og_url":"https:\/\/www.softwareag.com\/de\/contato\/","og_site_name":"Software AG","article_publisher":"https:\/\/www.facebook.com\/SoftwareAG","article_modified_time":"2026-01-05T18:54:57+00:00","og_image":[{"width":800,"height":450,"url":"https:\/\/www.softwareag.com\/app\/uploads\/2025\/09\/software-gmbh-dark-logo-bg_Small.jpeg","type":"image\/jpeg"}],"twitter_card":"summary_large_image","twitter_site":"@softwareag","twitter_misc":{"Est. reading time":"1 minute"},"schema":{"@context":"https:\/\/schema.org","@graph":[{"@type":"WebPage","@id":"https:\/\/www.softwareag.com\/contato\/","url":"https:\/\/www.softwareag.com\/contato\/","name":"Entre em Contato | Software AG","isPartOf":{"@id":"https:\/\/www.softwareag.com\/en\/#website"},"datePublished":"2025-09-29T18:52:00+00:00","dateModified":"2026-01-05T18:54:57+00:00","description":"Se voc\u00ea precisar de assist\u00eancia, entre em contato conosco para suporte 24 horas por dia, 7 dias por semana. Estamos aqui para ajudar.","breadcrumb":{"@id":"https:\/\/www.softwareag.com\/contato\/#breadcrumb"},"inLanguage":"de-DE","potentialAction":[{"@type":"ReadAction","target":["https:\/\/www.softwareag.com\/contato\/"]}]},{"@type":"BreadcrumbList","@id":"https:\/\/www.softwareag.com\/contato\/#breadcrumb","itemListElement":[{"@type":"ListItem","position":1,"name":"Home","item":"https:\/\/www.softwareag.com\/de\/"},{"@type":"ListItem","position":2,"name":"Entre em Contato"}]},{"@type":"WebSite","@id":"https:\/\/www.softwareag.com\/en\/#website","url":"https:\/\/www.softwareag.com\/en\/","name":"Software AG","description":"L\u00f6sungen und Dienstleistungen der Software AG f\u00fcr die digitale Transformation","publisher":{"@id":"https:\/\/www.softwareag.com\/en\/#organization"},"alternateName":"SAG","potentialAction":[{"@type":"SearchAction","target":{"@type":"EntryPoint","urlTemplate":"https:\/\/www.softwareag.com\/en\/?s={search_term_string}"},"query-input":{"@type":"PropertyValueSpecification","valueRequired":true,"valueName":"search_term_string"}}],"inLanguage":"de-DE"},{"@type":"Organization","@id":"https:\/\/www.softwareag.com\/en\/#organization","name":"Software AG","alternateName":"SAG","url":"https:\/\/www.softwareag.com\/en\/","logo":{"@type":"ImageObject","inLanguage":"de-DE","@id":"https:\/\/www.softwareag.com\/en\/#\/schema\/logo\/image\/","url":"https:\/\/www.softwareag.com\/app\/uploads\/2025\/09\/software-gmbh-dark-logo-bg_Small.jpeg","contentUrl":"https:\/\/www.softwareag.com\/app\/uploads\/2025\/09\/software-gmbh-dark-logo-bg_Small.jpeg","width":800,"height":450,"caption":"Software AG"},"image":{"@id":"https:\/\/www.softwareag.com\/en\/#\/schema\/logo\/image\/"},"sameAs":["https:\/\/www.facebook.com\/SoftwareAG","https:\/\/x.com\/softwareag","https:\/\/www.linkedin.com\/company\/software-ag","https:\/\/www.youtube.com\/user\/SOFTWAREAG"],"description":"Software AG is a global enterprise software company dedicated to facilitating digital transformation for large-scale organizations. They specialize in modernizing legacy infrastructure, optimizing mainframe operations, and enabling seamless data integration across hybrid environments.","numberOfEmployees":{"@type":"QuantitativeValue","minValue":"501","maxValue":"1000"}}]}},"jetpack_sharing_enabled":true,"jetpack-related-posts":[],"_links":{"self":[{"href":"https:\/\/www.softwareag.com\/de\/wp-json\/wp\/v2\/pages\/2050","targetHints":{"allow":["GET"]}}],"collection":[{"href":"https:\/\/www.softwareag.com\/de\/wp-json\/wp\/v2\/pages"}],"about":[{"href":"https:\/\/www.softwareag.com\/de\/wp-json\/wp\/v2\/types\/page"}],"author":[{"embeddable":true,"href":"https:\/\/www.softwareag.com\/de\/wp-json\/wp\/v2\/users\/16"}],"replies":[{"embeddable":true,"href":"https:\/\/www.softwareag.com\/de\/wp-json\/wp\/v2\/comments?post=2050"}],"version-history":[{"count":5,"href":"https:\/\/www.softwareag.com\/de\/wp-json\/wp\/v2\/pages\/2050\/revisions"}],"predecessor-version":[{"id":2754,"href":"https:\/\/www.softwareag.com\/de\/wp-json\/wp\/v2\/pages\/2050\/revisions\/2754"}],"wp:attachment":[{"href":"https:\/\/www.softwareag.com\/de\/wp-json\/wp\/v2\/media?parent=2050"}],"curies":[{"name":"wp","href":"https:\/\/api.w.org\/{rel}","templated":true}]}}