{"id":3231,"date":"2025-10-22T11:24:16","date_gmt":"2025-10-22T15:24:16","guid":{"rendered":"https:\/\/www.softwareag.com\/?page_id=3231"},"modified":"2026-02-11T10:28:13","modified_gmt":"2026-02-11T14:28:13","slug":"jopaz-demo","status":"publish","type":"page","link":"https:\/\/www.softwareag.com\/de\/jopaz-demo\/","title":{"rendered":"COBOL-Workload auf dem Mainframe reduzieren \u2013 mit JOPAZ"},"content":{"rendered":"<figure class=\"wp-block-embed is-type-video is-provider-vimeo wp-block-embed-vimeo wp-embed-aspect-16-9 wp-has-aspect-ratio\"><div class=\"wp-block-embed__wrapper\">\n<iframe loading=\"lazy\" title=\"Free up capacity with JOPAZ\" src=\"https:\/\/player.vimeo.com\/video\/1129538684?h=ae661f524d&amp;dnt=1&amp;app_id=122963\" width=\"500\" height=\"281\" frameborder=\"0\" allow=\"autoplay; fullscreen; picture-in-picture; clipboard-write; encrypted-media; web-share\" referrerpolicy=\"strict-origin-when-cross-origin\"><\/iframe>\n<\/div><\/figure>\n\n\n\n\n\n<p>JOPAZ gewinnt Mainframe-Kapazit\u00e4t zur\u00fcck, indem es COBOL-Quellcode in Java-Bytecode kompiliert, um Workloads mit hoher Auslastung auf den zIIP-Prozessor umzuverteilen. Dadurch wird die Effizienz gesteigert, die Leistung verbessert und Platz f\u00fcr strategische Projekte geschaffen \u2013 und das alles, ohne eine einzige Zeile Code zu \u00e4ndern.\u00a0<\/p>\n\n\n\n<p>Erleben Sie, wie JOPAZ COBOL-Batch-Workloads vom General Processor auf kosteng\u00fcnstige zIIPs verlagert - ganz ohne Code\u00e4nderungen. In dieser kurzen Demo sehen Sie dasselbe COBOL-Programm im Direktvergleich vor und nach dem Einsatz von JOPAZ und wie dabei die General-Processor-Zeit um 81 Prozent reduziert wird. Entdecken Sie, wie einfach es ist, Kapazit\u00e4ten freizusetzen und die Effizienz Ihres Mainframes zu maximieren.<\/p>\n\n\n\n<div class=\"wp-block-group alignwide sag-cards-row has-global-padding is-layout-constrained wp-block-group-is-layout-constrained\" style=\"border-top-color:var(--wp--preset--color--gray);border-top-width:2px;border-right-style:none;border-right-width:0px;border-bottom-style:none;border-bottom-width:0px;border-left-style:none;border-left-width:0px;margin-top:var(--wp--preset--spacing--xl);padding-bottom:var(--wp--preset--spacing--l)\">\n<h2 class=\"wp-block-heading alignwide\" id=\"h-you-may-also-like\" style=\"margin-top:48px;margin-bottom:var(--wp--preset--spacing--m)\">Das k\u00f6nnte Sie auch interessieren:<\/h2>\n\n\n\n<div class=\"wp-block-columns alignwide is-layout-flex wp-container-core-columns-is-layout-f7d19e04 wp-block-columns-is-layout-flex\" style=\"padding-top:var(--wp--preset--spacing--m)\">\n<div class=\"wp-block-column has-gray-background-color has-background is-layout-flow wp-block-column-is-layout-flow\">\n<figure class=\"wp-block-image size-full\"><img loading=\"lazy\" decoding=\"async\" width=\"580\" height=\"290\" src=\"https:\/\/www.softwareag.com\/app\/uploads\/2025\/10\/capacity-mindmap_580x290.png\" alt=\"finger point to mind map with capacity in the center\" class=\"wp-image-3562\" srcset=\"https:\/\/www.softwareag.com\/app\/uploads\/2025\/10\/capacity-mindmap_580x290.png 580w, https:\/\/www.softwareag.com\/app\/uploads\/2025\/10\/capacity-mindmap_580x290-300x150.png 300w, https:\/\/www.softwareag.com\/app\/uploads\/2025\/10\/capacity-mindmap_580x290-18x9.png 18w\" sizes=\"auto, (max-width: 580px) 100vw, 580px\" \/><\/figure>\n\n\n\n<h4 class=\"wp-block-heading\" id=\"h-learn-more-about-jopaz\">Lernen Sie mehr zu JOPAZ<br><\/h4>\n\n\n\n<p>Schaffen Sie sich Freiraum f\u00fcr neue Projekte, st\u00e4rken Sie Ihr Unternehmen und halten Sie bew\u00e4hrte Systeme genau so am Laufen, wie sie sollen - ohne Unterbrechungen, ohne Kompromisse - nur mit der Freiheit, neue Ideen zu entwickeln.&nbsp;<\/p>\n\n\n\n<div class=\"wp-block-buttons is-layout-flex wp-block-buttons-is-layout-flex\" style=\"margin-top:0\">\n<div class=\"wp-block-button is-style-no-border is-style-no-border--1\"><a class=\"wp-block-button__link wp-element-button\" href=\"https:\/\/www.softwareag.com\/de\/jopaz\/\">Mehr erfahren<\/a><\/div>\n<\/div>\n<\/div>\n\n\n\n<div class=\"wp-block-column has-gray-background-color has-background is-layout-flow wp-block-column-is-layout-flow\">\n<figure class=\"wp-block-image size-full\"><img loading=\"lazy\" decoding=\"async\" width=\"1890\" height=\"971\" src=\"https:\/\/www.softwareag.com\/app\/uploads\/2025\/12\/Screenshot-2025-12-10-135748.png\" alt=\"Verena van der Linde Video at GS UK 2025\" class=\"wp-image-4179\" srcset=\"https:\/\/www.softwareag.com\/app\/uploads\/2025\/12\/Screenshot-2025-12-10-135748.png 1890w, https:\/\/www.softwareag.com\/app\/uploads\/2025\/12\/Screenshot-2025-12-10-135748-300x154.png 300w, https:\/\/www.softwareag.com\/app\/uploads\/2025\/12\/Screenshot-2025-12-10-135748-1024x526.png 1024w, https:\/\/www.softwareag.com\/app\/uploads\/2025\/12\/Screenshot-2025-12-10-135748-768x395.png 768w, https:\/\/www.softwareag.com\/app\/uploads\/2025\/12\/Screenshot-2025-12-10-135748-1536x789.png 1536w, https:\/\/www.softwareag.com\/app\/uploads\/2025\/12\/Screenshot-2025-12-10-135748-18x9.png 18w\" sizes=\"auto, (max-width: 1890px) 100vw, 1890px\" \/><\/figure>\n\n\n\n<h4 class=\"wp-block-heading\" id=\"h-discover-a-simpler-safer-path-to-mainframe-modernization\"><strong>Entdecken Sie einen einfacheren und sichereren Weg zur Mainframe-Modernisierung.<\/strong><\/h4>\n\n\n\n<p>Verena van der Linde, Senior Product Manager bei Software AG, spricht auf der GS UK 2025 \u00fcber einen einfacheren und sichereren Weg zur Mainframe-Modernisierung.<\/p>\n\n\n\n<div class=\"wp-block-buttons is-layout-flex wp-block-buttons-is-layout-flex\" style=\"margin-top:0\">\n<div class=\"wp-block-button is-style-no-border is-style-no-border--2\"><a class=\"wp-block-button__link wp-element-button\" href=\"https:\/\/www.softwareag.com\/de\/resources\/mainframe-optimization\/discover-a-simpler-safer-path-to-mainframe-modernization\/\">Mehr erfahren<\/a><\/div>\n<\/div>\n<\/div>\n<\/div>\n<\/div>\n\n\n\n<p><\/p>","protected":false},"excerpt":{"rendered":"<p>JOPAZ reclaims mainframe capacity by compiling COBOL source code into Java bytecode to redistribute high-utilization workloads to the zIIP processor, increasing efficiency, improving performance,\u00a0and creating space [&hellip;]<\/p>","protected":false},"author":9,"featured_media":0,"parent":0,"menu_order":0,"comment_status":"closed","ping_status":"closed","template":"","meta":{"_acf_changed":false,"footnotes":""},"class_list":["post-3231","page","type-page","status-publish","hentry"],"acf":[],"yoast_head":"<!-- This site is optimized with the Yoast SEO Premium plugin v27.2 (Yoast SEO v27.2) - https:\/\/yoast.com\/product\/yoast-seo-premium-wordpress\/ -->\n<title>Reduce mainframe COBOL workload with JOPAZ | Software AG<\/title>\n<meta name=\"description\" content=\"See how JOPAZ reduces general processor time by shifting COBOL batch workloads to JVMs running on zIIP.\" \/>\n<meta name=\"robots\" content=\"noindex, nofollow\" \/>\n<meta property=\"og:locale\" content=\"de_DE\" \/>\n<meta property=\"og:type\" content=\"article\" \/>\n<meta property=\"og:title\" content=\"Reduce mainframe COBOL workload with JOPAZ\" \/>\n<meta property=\"og:description\" content=\"See how JOPAZ reduces general processor time by shifting COBOL batch workloads to JVMs running on zIIP.\" \/>\n<meta property=\"og:url\" content=\"https:\/\/www.softwareag.com\/de\/jopaz-demo\/\" \/>\n<meta property=\"og:site_name\" content=\"Software AG\" \/>\n<meta property=\"article:publisher\" content=\"https:\/\/www.facebook.com\/SoftwareAG\" \/>\n<meta property=\"article:modified_time\" content=\"2026-02-11T14:28:13+00:00\" \/>\n<meta property=\"og:image\" content=\"https:\/\/www.softwareag.com\/app\/uploads\/2025\/10\/capacity-mindmap_580x290.png\" \/>\n<meta name=\"twitter:card\" content=\"summary_large_image\" \/>\n<meta name=\"twitter:site\" content=\"@softwareag\" \/>\n<meta name=\"twitter:label1\" content=\"Est. reading time\" \/>\n\t<meta name=\"twitter:data1\" content=\"2 minutes\" \/>\n<script type=\"application\/ld+json\" class=\"yoast-schema-graph\">{\"@context\":\"https:\/\/schema.org\",\"@graph\":[{\"@type\":\"WebPage\",\"@id\":\"https:\/\/www.softwareag.com\/ja\/jopaz-demo\/\",\"url\":\"https:\/\/www.softwareag.com\/ja\/jopaz-demo\/\",\"name\":\"Reduce mainframe COBOL workload with JOPAZ | Software AG\",\"isPartOf\":{\"@id\":\"https:\/\/www.softwareag.com\/en\/#website\"},\"primaryImageOfPage\":{\"@id\":\"https:\/\/www.softwareag.com\/ja\/jopaz-demo\/#primaryimage\"},\"image\":{\"@id\":\"https:\/\/www.softwareag.com\/ja\/jopaz-demo\/#primaryimage\"},\"thumbnailUrl\":\"https:\/\/www.softwareag.com\/app\/uploads\/2025\/10\/capacity-mindmap_580x290.png\",\"datePublished\":\"2025-10-22T15:24:16+00:00\",\"dateModified\":\"2026-02-11T14:28:13+00:00\",\"description\":\"See how JOPAZ reduces general processor time by shifting COBOL batch workloads to JVMs running on zIIP.\",\"breadcrumb\":{\"@id\":\"https:\/\/www.softwareag.com\/ja\/jopaz-demo\/#breadcrumb\"},\"inLanguage\":\"de-DE\",\"potentialAction\":[{\"@type\":\"ReadAction\",\"target\":[\"https:\/\/www.softwareag.com\/ja\/jopaz-demo\/\"]}]},{\"@type\":\"ImageObject\",\"inLanguage\":\"de-DE\",\"@id\":\"https:\/\/www.softwareag.com\/ja\/jopaz-demo\/#primaryimage\",\"url\":\"https:\/\/www.softwareag.com\/app\/uploads\/2025\/10\/capacity-mindmap_580x290.png\",\"contentUrl\":\"https:\/\/www.softwareag.com\/app\/uploads\/2025\/10\/capacity-mindmap_580x290.png\"},{\"@type\":\"BreadcrumbList\",\"@id\":\"https:\/\/www.softwareag.com\/ja\/jopaz-demo\/#breadcrumb\",\"itemListElement\":[{\"@type\":\"ListItem\",\"position\":1,\"name\":\"Home\",\"item\":\"https:\/\/www.softwareag.com\/de\/\"},{\"@type\":\"ListItem\",\"position\":2,\"name\":\"Reduce mainframe COBOL workload with JOPAZ\"}]},{\"@type\":\"WebSite\",\"@id\":\"https:\/\/www.softwareag.com\/en\/#website\",\"url\":\"https:\/\/www.softwareag.com\/en\/\",\"name\":\"Software AG\",\"description\":\"Software AG&#039;s digital transformation solutions &amp; services\",\"publisher\":{\"@id\":\"https:\/\/www.softwareag.com\/en\/#organization\"},\"alternateName\":\"SAG\",\"potentialAction\":[{\"@type\":\"SearchAction\",\"target\":{\"@type\":\"EntryPoint\",\"urlTemplate\":\"https:\/\/www.softwareag.com\/en\/?s={search_term_string}\"},\"query-input\":{\"@type\":\"PropertyValueSpecification\",\"valueRequired\":true,\"valueName\":\"search_term_string\"}}],\"inLanguage\":\"de-DE\"},{\"@type\":\"Organization\",\"@id\":\"https:\/\/www.softwareag.com\/en\/#organization\",\"name\":\"Software AG\",\"alternateName\":\"SAG\",\"url\":\"https:\/\/www.softwareag.com\/en\/\",\"logo\":{\"@type\":\"ImageObject\",\"inLanguage\":\"de-DE\",\"@id\":\"https:\/\/www.softwareag.com\/en\/#\/schema\/logo\/image\/\",\"url\":\"https:\/\/www.softwareag.com\/app\/uploads\/2025\/09\/software-gmbh-dark-logo-bg_Small.jpeg\",\"contentUrl\":\"https:\/\/www.softwareag.com\/app\/uploads\/2025\/09\/software-gmbh-dark-logo-bg_Small.jpeg\",\"width\":800,\"height\":450,\"caption\":\"Software AG\"},\"image\":{\"@id\":\"https:\/\/www.softwareag.com\/en\/#\/schema\/logo\/image\/\"},\"sameAs\":[\"https:\/\/www.facebook.com\/SoftwareAG\",\"https:\/\/x.com\/softwareag\",\"https:\/\/www.linkedin.com\/company\/software-ag\",\"https:\/\/www.youtube.com\/user\/SOFTWAREAG\"],\"description\":\"Software AG is a global enterprise software company dedicated to facilitating digital transformation for large-scale organizations. They specialize in modernizing legacy infrastructure, optimizing mainframe operations, and enabling seamless data integration across hybrid environments.\",\"numberOfEmployees\":{\"@type\":\"QuantitativeValue\",\"minValue\":\"501\",\"maxValue\":\"1000\"}}]}<\/script>\n<!-- \/ Yoast SEO Premium plugin. -->","yoast_head_json":{"title":"Reduce mainframe COBOL workload with JOPAZ | Software AG","description":"See how JOPAZ reduces general processor time by shifting COBOL batch workloads to JVMs running on zIIP.","robots":{"index":"noindex","follow":"nofollow"},"og_locale":"de_DE","og_type":"article","og_title":"Reduce mainframe COBOL workload with JOPAZ","og_description":"See how JOPAZ reduces general processor time by shifting COBOL batch workloads to JVMs running on zIIP.","og_url":"https:\/\/www.softwareag.com\/de\/jopaz-demo\/","og_site_name":"Software AG","article_publisher":"https:\/\/www.facebook.com\/SoftwareAG","article_modified_time":"2026-02-11T14:28:13+00:00","og_image":[{"url":"https:\/\/www.softwareag.com\/app\/uploads\/2025\/10\/capacity-mindmap_580x290.png","type":"","width":"","height":""}],"twitter_card":"summary_large_image","twitter_site":"@softwareag","twitter_misc":{"Est. reading time":"2 minutes"},"schema":{"@context":"https:\/\/schema.org","@graph":[{"@type":"WebPage","@id":"https:\/\/www.softwareag.com\/ja\/jopaz-demo\/","url":"https:\/\/www.softwareag.com\/ja\/jopaz-demo\/","name":"Reduce mainframe COBOL workload with JOPAZ | Software AG","isPartOf":{"@id":"https:\/\/www.softwareag.com\/en\/#website"},"primaryImageOfPage":{"@id":"https:\/\/www.softwareag.com\/ja\/jopaz-demo\/#primaryimage"},"image":{"@id":"https:\/\/www.softwareag.com\/ja\/jopaz-demo\/#primaryimage"},"thumbnailUrl":"https:\/\/www.softwareag.com\/app\/uploads\/2025\/10\/capacity-mindmap_580x290.png","datePublished":"2025-10-22T15:24:16+00:00","dateModified":"2026-02-11T14:28:13+00:00","description":"See how JOPAZ reduces general processor time by shifting COBOL batch workloads to JVMs running on zIIP.","breadcrumb":{"@id":"https:\/\/www.softwareag.com\/ja\/jopaz-demo\/#breadcrumb"},"inLanguage":"de-DE","potentialAction":[{"@type":"ReadAction","target":["https:\/\/www.softwareag.com\/ja\/jopaz-demo\/"]}]},{"@type":"ImageObject","inLanguage":"de-DE","@id":"https:\/\/www.softwareag.com\/ja\/jopaz-demo\/#primaryimage","url":"https:\/\/www.softwareag.com\/app\/uploads\/2025\/10\/capacity-mindmap_580x290.png","contentUrl":"https:\/\/www.softwareag.com\/app\/uploads\/2025\/10\/capacity-mindmap_580x290.png"},{"@type":"BreadcrumbList","@id":"https:\/\/www.softwareag.com\/ja\/jopaz-demo\/#breadcrumb","itemListElement":[{"@type":"ListItem","position":1,"name":"Home","item":"https:\/\/www.softwareag.com\/de\/"},{"@type":"ListItem","position":2,"name":"Reduce mainframe COBOL workload with JOPAZ"}]},{"@type":"WebSite","@id":"https:\/\/www.softwareag.com\/en\/#website","url":"https:\/\/www.softwareag.com\/en\/","name":"Software AG","description":"L\u00f6sungen und Dienstleistungen der Software AG f\u00fcr die digitale Transformation","publisher":{"@id":"https:\/\/www.softwareag.com\/en\/#organization"},"alternateName":"SAG","potentialAction":[{"@type":"SearchAction","target":{"@type":"EntryPoint","urlTemplate":"https:\/\/www.softwareag.com\/en\/?s={search_term_string}"},"query-input":{"@type":"PropertyValueSpecification","valueRequired":true,"valueName":"search_term_string"}}],"inLanguage":"de-DE"},{"@type":"Organization","@id":"https:\/\/www.softwareag.com\/en\/#organization","name":"Software AG","alternateName":"SAG","url":"https:\/\/www.softwareag.com\/en\/","logo":{"@type":"ImageObject","inLanguage":"de-DE","@id":"https:\/\/www.softwareag.com\/en\/#\/schema\/logo\/image\/","url":"https:\/\/www.softwareag.com\/app\/uploads\/2025\/09\/software-gmbh-dark-logo-bg_Small.jpeg","contentUrl":"https:\/\/www.softwareag.com\/app\/uploads\/2025\/09\/software-gmbh-dark-logo-bg_Small.jpeg","width":800,"height":450,"caption":"Software AG"},"image":{"@id":"https:\/\/www.softwareag.com\/en\/#\/schema\/logo\/image\/"},"sameAs":["https:\/\/www.facebook.com\/SoftwareAG","https:\/\/x.com\/softwareag","https:\/\/www.linkedin.com\/company\/software-ag","https:\/\/www.youtube.com\/user\/SOFTWAREAG"],"description":"Software AG is a global enterprise software company dedicated to facilitating digital transformation for large-scale organizations. They specialize in modernizing legacy infrastructure, optimizing mainframe operations, and enabling seamless data integration across hybrid environments.","numberOfEmployees":{"@type":"QuantitativeValue","minValue":"501","maxValue":"1000"}}]}},"_links":{"self":[{"href":"https:\/\/www.softwareag.com\/de\/wp-json\/wp\/v2\/pages\/3231","targetHints":{"allow":["GET"]}}],"collection":[{"href":"https:\/\/www.softwareag.com\/de\/wp-json\/wp\/v2\/pages"}],"about":[{"href":"https:\/\/www.softwareag.com\/de\/wp-json\/wp\/v2\/types\/page"}],"author":[{"embeddable":true,"href":"https:\/\/www.softwareag.com\/de\/wp-json\/wp\/v2\/users\/9"}],"replies":[{"embeddable":true,"href":"https:\/\/www.softwareag.com\/de\/wp-json\/wp\/v2\/comments?post=3231"}],"version-history":[{"count":21,"href":"https:\/\/www.softwareag.com\/de\/wp-json\/wp\/v2\/pages\/3231\/revisions"}],"predecessor-version":[{"id":5103,"href":"https:\/\/www.softwareag.com\/de\/wp-json\/wp\/v2\/pages\/3231\/revisions\/5103"}],"wp:attachment":[{"href":"https:\/\/www.softwareag.com\/de\/wp-json\/wp\/v2\/media?parent=3231"}],"curies":[{"name":"wp","href":"https:\/\/api.w.org\/{rel}","templated":true}]}}