{"id":328,"date":"2025-08-25T11:51:56","date_gmt":"2025-08-25T15:51:56","guid":{"rendered":"https:\/\/www.softwareag.com\/?page_id=328"},"modified":"2026-03-18T15:09:12","modified_gmt":"2026-03-18T19:09:12","slug":"education-services","status":"publish","type":"page","link":"https:\/\/www.softwareag.com\/de\/education-services\/","title":{"rendered":"Schulungsangebote"},"content":{"rendered":"<hr class=\"wp-block-separator has-alpha-channel-opacity\"\/>\n\n\n\n<h2 class=\"wp-block-heading\" id=\"h-learn-more-about-adabas-amp-natural\">Lernen Sie mehr \u00fcber Adabas &amp; Natural<\/h2>\n\n\n\n<p>Ganz gleich, ob Sie nach Kursen zum Selbststudium suchen, um sich grundlegende Kenntnisse anzueignen, oder nach fortgeschrittenen oder ma\u00dfgeschneiderten Schulungen \u2013 wir bieten L\u00f6sungen f\u00fcr jede Phase Ihrer Lernreise. Unsere Bildungsangebote bei der Software AG umfassen eine Reihe von Optionen, mit denen wir Sie effektiv unterst\u00fctzen. W\u00e4hlen Sie unten Ihren Lernpfad aus und sehen Sie sich die verf\u00fcgbaren Ressourcen an, die Sie auf Ihrem Weg unterst\u00fctzen sollen.&nbsp;<\/p>\n\n\n\n<div class=\"wp-block-group alignwide sag-cards-row sag-cards-row-icons has-global-padding is-layout-constrained wp-block-group-is-layout-constrained\" style=\"border-style:none;border-width:0px;margin-top:var(--wp--preset--spacing--xl);padding-bottom:var(--wp--preset--spacing--l)\">\n<div class=\"wp-block-columns alignwide is-layout-flex wp-container-core-columns-is-layout-f7d19e04 wp-block-columns-is-layout-flex\" style=\"padding-top:var(--wp--preset--spacing--m)\">\n<div class=\"wp-block-column has-gray-background-color has-background is-layout-flow wp-block-column-is-layout-flow\">\n<figure class=\"wp-block-image size-full is-resized\"><img loading=\"lazy\" decoding=\"async\" width=\"48\" height=\"48\" src=\"https:\/\/www.softwareag.com\/app\/uploads\/2025\/08\/line-start.svg\" alt=\"\" class=\"wp-image-340\" style=\"width:42px\"\/><\/figure>\n\n\n\n<h4 class=\"wp-block-heading\" id=\"h-beginner\">Einsteiger<\/h4>\n\n\n\n<p>Sie stehen gerade am Anfang? Entdecken Sie Kurse zum Selbstlernen oder unter Anleitung eines Trainers.<\/p>\n\n\n\n<div class=\"wp-block-buttons is-layout-flex wp-block-buttons-is-layout-flex\">\n<div class=\"wp-block-button is-style-no-border is-style-no-border--1\"><a class=\"wp-block-button__link wp-element-button\" href=\"https:\/\/learn.softwareag.com\/totara\/catalog\/index.php?catalog_hierarchy_panel%5B%5D=14&amp;cfp_menu_knowledgelevelk_f9608%5B%5D=1.%20Associate&amp;cfp_menu_knowledgelevelk_f9608%5B%5D=2.%20Professional&amp;orderbykey=time&amp;itemstyle=narrow\">Jetzt starten<\/a><\/div>\n<\/div>\n<\/div>\n\n\n\n<div class=\"wp-block-column has-gray-background-color has-background is-layout-flow wp-block-column-is-layout-flow\">\n<figure class=\"wp-block-image size-full is-resized\"><img loading=\"lazy\" decoding=\"async\" width=\"48\" height=\"48\" src=\"https:\/\/www.softwareag.com\/app\/uploads\/2025\/08\/app-registration.svg\" alt=\"\" class=\"wp-image-341\" style=\"width:42px\"\/><\/figure>\n\n\n\n<h4 class=\"wp-block-heading\" id=\"h-advanced\">Fortgeschritten<\/h4>\n\n\n\n<p>Steigern Sie Ihre Kompetenz durch Zertifizierungen, Administrationskurse und aktuelle Produktinformationen.<\/p>\n\n\n\n<div class=\"wp-block-buttons is-layout-flex wp-block-buttons-is-layout-flex\">\n<div class=\"wp-block-button is-style-no-border is-style-no-border--2\"><a class=\"wp-block-button__link wp-element-button\" href=\"https:\/\/learn.softwareag.com\/totara\/catalog\/index.php?catalog_hierarchy_panel%5B%5D=14&amp;cfp_menu_knowledgelevelk_f9608%5B%5D=3.%20Expert&amp;orderbykey=time&amp;itemstyle=narrow\">Weiterentwickeln<\/a><\/div>\n<\/div>\n<\/div>\n\n\n\n<div class=\"wp-block-column has-gray-background-color has-background is-layout-flow wp-block-column-is-layout-flow\">\n<figure class=\"wp-block-image size-full is-resized\"><img loading=\"lazy\" decoding=\"async\" width=\"48\" height=\"48\" src=\"https:\/\/www.softwareag.com\/app\/uploads\/2025\/08\/managed-services-1.svg\" alt=\"\" class=\"wp-image-233\" style=\"width:42px\"\/><\/figure>\n\n\n\n<h4 class=\"wp-block-heading\" id=\"h-custom\">Benutzerdefiniert<\/h4>\n\n\n\n<p>Sprechen Sie mit unserem Professional-Services-Team, um einen ma\u00dfgeschneiderten Lernplan zu erstellen, der Ihre individuellen Lernbed\u00fcrfnisse unterst\u00fctzt<\/p>\n\n\n\n<div class=\"wp-block-buttons is-layout-flex wp-block-buttons-is-layout-flex\">\n<div class=\"wp-block-button is-style-no-border is-style-no-border--3\"><a class=\"wp-block-button__link wp-element-button\" href=\"https:\/\/www.softwareag.com\/de\/professional-services\/training-services\/\">Ma\u00dfgeschneiderte Trainingspl\u00e4ne<\/a><\/div>\n<\/div>\n<\/div>\n<\/div>\n<\/div>\n\n\n\n<div class=\"wp-block-media-text alignwide is-stacked-on-mobile\"><figure class=\"wp-block-media-text__media\"><img loading=\"lazy\" decoding=\"async\" width=\"700\" height=\"394\" src=\"https:\/\/www.softwareag.com\/app\/uploads\/2025\/08\/AdobeStock_493462143.jpg\" alt=\"devops team learning about mainframes in server room\" class=\"wp-image-303 size-full\" srcset=\"https:\/\/www.softwareag.com\/app\/uploads\/2025\/08\/AdobeStock_493462143.jpg 700w, https:\/\/www.softwareag.com\/app\/uploads\/2025\/08\/AdobeStock_493462143-300x169.jpg 300w\" sizes=\"auto, (max-width: 700px) 100vw, 700px\" \/><\/figure><div class=\"wp-block-media-text__content\">\n<h3 class=\"wp-block-heading\" id=\"h-customize-your-training\">Ihr Training nach Ma\u00df<\/h3>\n\n\n\n<p>Neben unseren Selbstlern- und Pr\u00e4senzkursen bieten wir auch ma\u00dfgeschneiderte Trainingspl\u00e4ne, die speziell auf die Bed\u00fcrfnisse Ihres Unternehmens und Ihrer Mitarbeitenden zugeschnitten sind. Ob f\u00fcr Onboarding neuer Teammitglieder oder die Weiterentwicklung Ihres aktuellen Teams - das Adabas &amp; Natural Professional-Services-Team hilft Ihnen, ein Trainingserlebnis zu schaffen, das Ihre Ziele optimal unterst\u00fctzt.<\/p>\n\n\n\n<div class=\"wp-block-buttons is-layout-flex wp-block-buttons-is-layout-flex\">\n<div class=\"wp-block-button is-style-no-border is-style-no-border--4\"><a class=\"wp-block-button__link wp-element-button\" href=\"https:\/\/www.softwareag.com\/de\/free-workshop-ps\/\">Request a workshop<\/a><\/div>\n<\/div>\n<\/div><\/div>\n\n\n\n<div class=\"wp-block-media-text alignwide has-media-on-the-right is-stacked-on-mobile\"><div class=\"wp-block-media-text__content\">\n<h3 class=\"wp-block-heading\" id=\"h-get-certified\">Lassen Sie sich zertifizieren<\/h3>\n\n\n\n<p>Zeigen Sie Ihre Expertise mit einer Adabas &amp; Natural-Zertifizierung. Nach Abschluss ausgew\u00e4hlter Kurse erhalten Sie ein digitales Badge, das Sie auf Social Media, in E-Mail-Signaturen und auf Websites pr\u00e4sentieren k\u00f6nnen. Bauen Sie Ihre Marke mit digitalen Adabas &amp; Natural-Badges auf!<\/p>\n\n\n\n<div class=\"wp-block-buttons is-layout-flex wp-block-buttons-is-layout-flex\">\n<div class=\"wp-block-button is-style-no-border is-style-no-border--5\"><a class=\"wp-block-button__link wp-element-button\" href=\"https:\/\/learn.softwareag.com\/totara\/catalog\/index.php?catalog_hierarchy_panel%5B%5D=24&amp;orderbykey=time&amp;itemstyle=narrow\">Zertifizierungen ansehen<\/a><\/div>\n<\/div>\n<\/div><figure class=\"wp-block-media-text__media\"><img loading=\"lazy\" decoding=\"async\" width=\"700\" height=\"394\" src=\"https:\/\/www.softwareag.com\/app\/uploads\/2025\/08\/AdobeStock_594093206.jpg\" alt=\"man reviewing a tablet while standing in a server room\" class=\"wp-image-302 size-full\" srcset=\"https:\/\/www.softwareag.com\/app\/uploads\/2025\/08\/AdobeStock_594093206.jpg 700w, https:\/\/www.softwareag.com\/app\/uploads\/2025\/08\/AdobeStock_594093206-300x169.jpg 300w\" sizes=\"auto, (max-width: 700px) 100vw, 700px\" \/><\/figure><\/div>\n\n\n\n<div class=\"wp-block-group alignwide sag-cards-row has-global-padding is-layout-constrained wp-block-group-is-layout-constrained\" style=\"border-top-color:var(--wp--preset--color--gray);border-top-width:2px;border-right-style:none;border-right-width:0px;border-bottom-style:none;border-bottom-width:0px;border-left-style:none;border-left-width:0px;margin-top:var(--wp--preset--spacing--xl);padding-bottom:var(--wp--preset--spacing--l)\">\n<h2 class=\"wp-block-heading alignwide\" id=\"h-additional-resources\" style=\"margin-top:48px;margin-bottom:var(--wp--preset--spacing--m)\">Zus\u00e4tzliche Resourcen<\/h2>\n\n\n\n<div class=\"wp-block-columns alignwide is-layout-flex wp-container-core-columns-is-layout-f7d19e04 wp-block-columns-is-layout-flex\" style=\"padding-top:var(--wp--preset--spacing--m)\">\n<div class=\"wp-block-column has-gray-background-color has-background is-layout-flow wp-block-column-is-layout-flow\">\n<figure class=\"wp-block-image size-full\"><img loading=\"lazy\" decoding=\"async\" width=\"700\" height=\"395\" src=\"https:\/\/www.softwareag.com\/app\/uploads\/2025\/08\/aim-blog-developers-api-value.jpg\" alt=\"abstract of top-down image of laptop \" class=\"wp-image-149\" srcset=\"https:\/\/www.softwareag.com\/app\/uploads\/2025\/08\/aim-blog-developers-api-value.jpg 700w, https:\/\/www.softwareag.com\/app\/uploads\/2025\/08\/aim-blog-developers-api-value-300x169.jpg 300w\" sizes=\"auto, (max-width: 700px) 100vw, 700px\" \/><\/figure>\n\n\n\n<h4 class=\"wp-block-heading\" id=\"h-developer-center\">Entwicklerportal<\/h4>\n\n\n\n<p>Finden Sie Adabas &amp; Natural-Produktdokumentationen, Tutorials, Fachartikel, Support und mehr.<\/p>\n\n\n\n<div class=\"wp-block-buttons is-layout-flex wp-block-buttons-is-layout-flex\" style=\"margin-top:0\">\n<div class=\"wp-block-button is-style-no-border is-style-no-border--6\"><a class=\"wp-block-button__link wp-element-button\" href=\"https:\/\/www.softwareag.com\/de\/developer\/\">Mehr erfahren<\/a><\/div>\n<\/div>\n<\/div>\n\n\n\n<div class=\"wp-block-column has-gray-background-color has-background is-layout-flow wp-block-column-is-layout-flow\">\n<figure class=\"wp-block-image size-full\"><img loading=\"lazy\" decoding=\"async\" width=\"700\" height=\"394\" src=\"https:\/\/www.softwareag.com\/app\/uploads\/2025\/08\/iStock-1059088660.jpg\" alt=\"top-down view of agency team working at a single desk\" class=\"wp-image-150\" srcset=\"https:\/\/www.softwareag.com\/app\/uploads\/2025\/08\/iStock-1059088660.jpg 700w, https:\/\/www.softwareag.com\/app\/uploads\/2025\/08\/iStock-1059088660-300x169.jpg 300w\" sizes=\"auto, (max-width: 700px) 100vw, 700px\" \/><\/figure>\n\n\n\n<h4 class=\"wp-block-heading\" id=\"h-communities\">Communities<\/h4>\n\n\n\n<p>Vernetzen Sie sich mit Experten, entwickeln Sie gemeinsam L\u00f6sungen und erhalten Sie Tipps, Neuigkeiten und Code-Beispiele zu Adabas &amp; Natural in unseren Foren.<\/p>\n\n\n\n<div class=\"wp-block-buttons is-layout-flex wp-block-buttons-is-layout-flex\" style=\"margin-top:0\">\n<div class=\"wp-block-button is-style-no-border is-style-no-border--7\"><a class=\"wp-block-button__link wp-element-button\" href=\"https:\/\/techcommunity.softwareag.com\/tag\/Adabas-Natural\">Zur Tech-Community gehen<\/a><\/div>\n<\/div>\n<\/div>\n\n\n\n<div class=\"wp-block-column has-gray-background-color has-background is-layout-flow wp-block-column-is-layout-flow\">\n<figure class=\"wp-block-image size-full\"><img loading=\"lazy\" decoding=\"async\" width=\"700\" height=\"394\" src=\"https:\/\/www.softwareag.com\/app\/uploads\/2025\/08\/sag-jobs-02.jpg\" alt=\"busy room with people collaborating on shared desk\" class=\"wp-image-151\" srcset=\"https:\/\/www.softwareag.com\/app\/uploads\/2025\/08\/sag-jobs-02.jpg 700w, https:\/\/www.softwareag.com\/app\/uploads\/2025\/08\/sag-jobs-02-300x169.jpg 300w\" sizes=\"auto, (max-width: 700px) 100vw, 700px\" \/><\/figure>\n\n\n\n<h4 class=\"wp-block-heading\" id=\"h-user-groups\">Benutzergruppen<\/h4>\n\n\n\n<p class=\"translation-block\">Connect and collaborate with <span class=\"nowrap\">Adabas &amp; Natural<\/span> professionals at global and local user groups.<\/p>\n\n\n\n<div class=\"wp-block-buttons is-layout-flex wp-block-buttons-is-layout-flex\" style=\"margin-top:0\">\n<div class=\"wp-block-button is-style-no-border is-style-no-border--8\"><a class=\"wp-block-button__link wp-element-button\" href=\"https:\/\/www.softwareag.com\/de\/developer\/usergroup\/\">Finden Sie Ihre Gruppe<\/a><\/div>\n<\/div>\n<\/div>\n<\/div>\n<\/div>\n\n\n\n<div class=\"wp-block-group alignfull is-style-left-aligned pre-footer-cta has-purple-background-color has-background has-global-padding is-layout-constrained wp-block-group-is-layout-constrained\" style=\"margin-top:var(--wp--preset--spacing--l);padding-top:var(--wp--preset--spacing--xxl);padding-bottom:var(--wp--preset--spacing--xxl)\">\n<div class=\"wp-block-group alignwide is-layout-flow wp-block-group-is-layout-flow\">\n<h2 class=\"wp-block-heading alignfull has-text-align-left has-grande-font-size has-white-color has-text-color has-link-color has-large-font-size wp-elements-b8d6f6f931fae20ac61d525c023df76b\" id=\"h-want-to-make-your-core-applications-future-ready\">M\u00f6chten Sie Ihre Kernanwendungen zukunftssicher machen?<\/h2>\n\n\n\n<p class=\"has-white-color has-text-color has-link-color wp-elements-e04203c2fbc13876bd23d5f3081c4d1d translation-block\">Bauen Sie auf Ihrem Bestand auf. Beschleunigen Sie die Entwicklung in einer modernen DevOps-Umgebung. Modernisieren Sie Ihre <span class=\"nowrap\">Adabas &amp; Natural<\/span>-Anwendungen, um Kosten zu senken und Hybrid-Cloud-Strategien zu nutzen.<\/p>\n\n\n\n<div class=\"wp-block-buttons is-layout-flex wp-block-buttons-is-layout-flex\">\n<div class=\"wp-block-button is-style-dark-bg-primary is-style-dark-bg-primary--9\"><a class=\"wp-block-button__link wp-element-button\" href=\"https:\/\/www.softwareag.com\/de\/contact\/\">Sprechen Sie mit einem Experten<\/a><\/div>\n\n\n\n<div class=\"wp-block-button is-style-dark-bg-transparent is-style-dark-bg-transparent--10\"><a class=\"wp-block-button__link wp-element-button\" href=\"https:\/\/www.softwareag.com\/de\/free-trials\/\">Unverbindlich ausprobieren<\/a><\/div>\n<\/div>\n\n\n\n<div class=\"wp-block-buttons is-layout-flex wp-block-buttons-is-layout-flex\" style=\"margin-top:0;margin-bottom:0\">\n<div class=\"wp-block-button is-style-dark-bg-no-border is-style-dark-bg-no-border--11\"><a class=\"wp-block-button__link has-white-color has-text-color has-link-color wp-element-button\" href=\"https:\/\/discover.softwareag.com\/free-it-health-checks.html\">Fordern Sie einen kostenlosen IT-Gesundheitscheck an<\/a><\/div>\n<\/div>\n<\/div>\n<\/div>","protected":false},"excerpt":{"rendered":"<p>Lernen Sie mehr \u00fcber Adabas &amp; Natural und entdecken Sie unsere Schulungs- und Zertifzierungsangebote.<\/p>","protected":false},"author":9,"featured_media":252,"parent":0,"menu_order":0,"comment_status":"closed","ping_status":"closed","template":"","meta":{"_acf_changed":false,"footnotes":""},"class_list":["post-328","page","type-page","status-publish","has-post-thumbnail","hentry"],"acf":[],"yoast_head":"<!-- This site is optimized with the Yoast SEO Premium plugin v27.2 (Yoast SEO v27.2) - https:\/\/yoast.com\/product\/yoast-seo-premium-wordpress\/ -->\n<title>Education Services at Software AG: Tailored Learning Paths | Software AG<\/title>\n<meta name=\"description\" content=\"Explore education services at Software AG. Find courses and tailored training for every learning stage to enhance your skills.\" \/>\n<meta name=\"robots\" content=\"index, follow, max-snippet:-1, max-image-preview:large, max-video-preview:-1\" \/>\n<link rel=\"canonical\" href=\"https:\/\/www.softwareag.com\/de\/education-services\/\" \/>\n<meta property=\"og:locale\" content=\"de_DE\" \/>\n<meta property=\"og:type\" content=\"article\" \/>\n<meta property=\"og:title\" content=\"Education Services\" \/>\n<meta property=\"og:description\" content=\"Explore education services at Software AG. Find courses and tailored training for every learning stage to enhance your skills.\" \/>\n<meta property=\"og:url\" content=\"https:\/\/www.softwareag.com\/de\/education-services\/\" \/>\n<meta property=\"og:site_name\" content=\"Software AG\" \/>\n<meta property=\"article:publisher\" content=\"https:\/\/www.facebook.com\/SoftwareAG\" \/>\n<meta property=\"article:modified_time\" content=\"2026-03-18T19:09:12+00:00\" \/>\n<meta property=\"og:image\" content=\"https:\/\/www.softwareag.com\/app\/uploads\/2025\/08\/AdobeStock_140218536-1.jpg\" \/>\n\t<meta property=\"og:image:width\" content=\"700\" \/>\n\t<meta property=\"og:image:height\" content=\"467\" \/>\n\t<meta property=\"og:image:type\" content=\"image\/jpeg\" \/>\n<meta name=\"twitter:card\" content=\"summary_large_image\" \/>\n<meta name=\"twitter:site\" content=\"@softwareag\" \/>\n<meta name=\"twitter:label1\" content=\"Est. reading time\" \/>\n\t<meta name=\"twitter:data1\" content=\"4 minutes\" \/>\n<script type=\"application\/ld+json\" class=\"yoast-schema-graph\">{\"@context\":\"https:\/\/schema.org\",\"@graph\":[{\"@type\":\"WebPage\",\"@id\":\"https:\/\/www.softwareag.com\/education-services\/\",\"url\":\"https:\/\/www.softwareag.com\/education-services\/\",\"name\":\"Education Services at Software AG: Tailored Learning Paths | Software AG\",\"isPartOf\":{\"@id\":\"https:\/\/www.softwareag.com\/en\/#website\"},\"primaryImageOfPage\":{\"@id\":\"https:\/\/www.softwareag.com\/education-services\/#primaryimage\"},\"image\":{\"@id\":\"https:\/\/www.softwareag.com\/education-services\/#primaryimage\"},\"thumbnailUrl\":\"https:\/\/www.softwareag.com\/app\/uploads\/2025\/08\/AdobeStock_140218536-1.jpg\",\"datePublished\":\"2025-08-25T15:51:56+00:00\",\"dateModified\":\"2026-03-18T19:09:12+00:00\",\"description\":\"Explore education services at Software AG. Find courses and tailored training for every learning stage to enhance your skills.\",\"breadcrumb\":{\"@id\":\"https:\/\/www.softwareag.com\/education-services\/#breadcrumb\"},\"inLanguage\":\"de-DE\",\"potentialAction\":[{\"@type\":\"ReadAction\",\"target\":[\"https:\/\/www.softwareag.com\/education-services\/\"]}]},{\"@type\":\"ImageObject\",\"inLanguage\":\"de-DE\",\"@id\":\"https:\/\/www.softwareag.com\/education-services\/#primaryimage\",\"url\":\"https:\/\/www.softwareag.com\/app\/uploads\/2025\/08\/AdobeStock_140218536-1.jpg\",\"contentUrl\":\"https:\/\/www.softwareag.com\/app\/uploads\/2025\/08\/AdobeStock_140218536-1.jpg\",\"width\":700,\"height\":467},{\"@type\":\"BreadcrumbList\",\"@id\":\"https:\/\/www.softwareag.com\/education-services\/#breadcrumb\",\"itemListElement\":[{\"@type\":\"ListItem\",\"position\":1,\"name\":\"Home\",\"item\":\"https:\/\/www.softwareag.com\/de\/\"},{\"@type\":\"ListItem\",\"position\":2,\"name\":\"Education Services\"}]},{\"@type\":\"WebSite\",\"@id\":\"https:\/\/www.softwareag.com\/en\/#website\",\"url\":\"https:\/\/www.softwareag.com\/en\/\",\"name\":\"Software AG\",\"description\":\"Software AG&#039;s digital transformation solutions &amp; services\",\"publisher\":{\"@id\":\"https:\/\/www.softwareag.com\/en\/#organization\"},\"alternateName\":\"SAG\",\"potentialAction\":[{\"@type\":\"SearchAction\",\"target\":{\"@type\":\"EntryPoint\",\"urlTemplate\":\"https:\/\/www.softwareag.com\/en\/?s={search_term_string}\"},\"query-input\":{\"@type\":\"PropertyValueSpecification\",\"valueRequired\":true,\"valueName\":\"search_term_string\"}}],\"inLanguage\":\"de-DE\"},{\"@type\":\"Organization\",\"@id\":\"https:\/\/www.softwareag.com\/en\/#organization\",\"name\":\"Software AG\",\"alternateName\":\"SAG\",\"url\":\"https:\/\/www.softwareag.com\/en\/\",\"logo\":{\"@type\":\"ImageObject\",\"inLanguage\":\"de-DE\",\"@id\":\"https:\/\/www.softwareag.com\/en\/#\/schema\/logo\/image\/\",\"url\":\"https:\/\/www.softwareag.com\/app\/uploads\/2025\/09\/software-gmbh-dark-logo-bg_Small.jpeg\",\"contentUrl\":\"https:\/\/www.softwareag.com\/app\/uploads\/2025\/09\/software-gmbh-dark-logo-bg_Small.jpeg\",\"width\":800,\"height\":450,\"caption\":\"Software AG\"},\"image\":{\"@id\":\"https:\/\/www.softwareag.com\/en\/#\/schema\/logo\/image\/\"},\"sameAs\":[\"https:\/\/www.facebook.com\/SoftwareAG\",\"https:\/\/x.com\/softwareag\",\"https:\/\/www.linkedin.com\/company\/software-ag\",\"https:\/\/www.youtube.com\/user\/SOFTWAREAG\"],\"description\":\"Software AG is a global enterprise software company dedicated to facilitating digital transformation for large-scale organizations. They specialize in modernizing legacy infrastructure, optimizing mainframe operations, and enabling seamless data integration across hybrid environments.\",\"numberOfEmployees\":{\"@type\":\"QuantitativeValue\",\"minValue\":\"501\",\"maxValue\":\"1000\"}}]}<\/script>\n<!-- \/ Yoast SEO Premium plugin. -->","yoast_head_json":{"title":"Education Services at Software AG: Tailored Learning Paths | Software AG","description":"Explore education services at Software AG. Find courses and tailored training for every learning stage to enhance your skills.","robots":{"index":"index","follow":"follow","max-snippet":"max-snippet:-1","max-image-preview":"max-image-preview:large","max-video-preview":"max-video-preview:-1"},"canonical":"https:\/\/www.softwareag.com\/de\/education-services\/","og_locale":"de_DE","og_type":"article","og_title":"Education Services","og_description":"Explore education services at Software AG. Find courses and tailored training for every learning stage to enhance your skills.","og_url":"https:\/\/www.softwareag.com\/de\/education-services\/","og_site_name":"Software AG","article_publisher":"https:\/\/www.facebook.com\/SoftwareAG","article_modified_time":"2026-03-18T19:09:12+00:00","og_image":[{"width":700,"height":467,"url":"https:\/\/www.softwareag.com\/app\/uploads\/2025\/08\/AdobeStock_140218536-1.jpg","type":"image\/jpeg"}],"twitter_card":"summary_large_image","twitter_site":"@softwareag","twitter_misc":{"Est. reading time":"4 minutes"},"schema":{"@context":"https:\/\/schema.org","@graph":[{"@type":"WebPage","@id":"https:\/\/www.softwareag.com\/education-services\/","url":"https:\/\/www.softwareag.com\/education-services\/","name":"Education Services at Software AG: Tailored Learning Paths | Software AG","isPartOf":{"@id":"https:\/\/www.softwareag.com\/en\/#website"},"primaryImageOfPage":{"@id":"https:\/\/www.softwareag.com\/education-services\/#primaryimage"},"image":{"@id":"https:\/\/www.softwareag.com\/education-services\/#primaryimage"},"thumbnailUrl":"https:\/\/www.softwareag.com\/app\/uploads\/2025\/08\/AdobeStock_140218536-1.jpg","datePublished":"2025-08-25T15:51:56+00:00","dateModified":"2026-03-18T19:09:12+00:00","description":"Explore education services at Software AG. Find courses and tailored training for every learning stage to enhance your skills.","breadcrumb":{"@id":"https:\/\/www.softwareag.com\/education-services\/#breadcrumb"},"inLanguage":"de-DE","potentialAction":[{"@type":"ReadAction","target":["https:\/\/www.softwareag.com\/education-services\/"]}]},{"@type":"ImageObject","inLanguage":"de-DE","@id":"https:\/\/www.softwareag.com\/education-services\/#primaryimage","url":"https:\/\/www.softwareag.com\/app\/uploads\/2025\/08\/AdobeStock_140218536-1.jpg","contentUrl":"https:\/\/www.softwareag.com\/app\/uploads\/2025\/08\/AdobeStock_140218536-1.jpg","width":700,"height":467},{"@type":"BreadcrumbList","@id":"https:\/\/www.softwareag.com\/education-services\/#breadcrumb","itemListElement":[{"@type":"ListItem","position":1,"name":"Home","item":"https:\/\/www.softwareag.com\/de\/"},{"@type":"ListItem","position":2,"name":"Education Services"}]},{"@type":"WebSite","@id":"https:\/\/www.softwareag.com\/en\/#website","url":"https:\/\/www.softwareag.com\/en\/","name":"Software AG","description":"L\u00f6sungen und Dienstleistungen der Software AG f\u00fcr die digitale Transformation","publisher":{"@id":"https:\/\/www.softwareag.com\/en\/#organization"},"alternateName":"SAG","potentialAction":[{"@type":"SearchAction","target":{"@type":"EntryPoint","urlTemplate":"https:\/\/www.softwareag.com\/en\/?s={search_term_string}"},"query-input":{"@type":"PropertyValueSpecification","valueRequired":true,"valueName":"search_term_string"}}],"inLanguage":"de-DE"},{"@type":"Organization","@id":"https:\/\/www.softwareag.com\/en\/#organization","name":"Software AG","alternateName":"SAG","url":"https:\/\/www.softwareag.com\/en\/","logo":{"@type":"ImageObject","inLanguage":"de-DE","@id":"https:\/\/www.softwareag.com\/en\/#\/schema\/logo\/image\/","url":"https:\/\/www.softwareag.com\/app\/uploads\/2025\/09\/software-gmbh-dark-logo-bg_Small.jpeg","contentUrl":"https:\/\/www.softwareag.com\/app\/uploads\/2025\/09\/software-gmbh-dark-logo-bg_Small.jpeg","width":800,"height":450,"caption":"Software AG"},"image":{"@id":"https:\/\/www.softwareag.com\/en\/#\/schema\/logo\/image\/"},"sameAs":["https:\/\/www.facebook.com\/SoftwareAG","https:\/\/x.com\/softwareag","https:\/\/www.linkedin.com\/company\/software-ag","https:\/\/www.youtube.com\/user\/SOFTWAREAG"],"description":"Software AG is a global enterprise software company dedicated to facilitating digital transformation for large-scale organizations. They specialize in modernizing legacy infrastructure, optimizing mainframe operations, and enabling seamless data integration across hybrid environments.","numberOfEmployees":{"@type":"QuantitativeValue","minValue":"501","maxValue":"1000"}}]}},"_links":{"self":[{"href":"https:\/\/www.softwareag.com\/de\/wp-json\/wp\/v2\/pages\/328","targetHints":{"allow":["GET"]}}],"collection":[{"href":"https:\/\/www.softwareag.com\/de\/wp-json\/wp\/v2\/pages"}],"about":[{"href":"https:\/\/www.softwareag.com\/de\/wp-json\/wp\/v2\/types\/page"}],"author":[{"embeddable":true,"href":"https:\/\/www.softwareag.com\/de\/wp-json\/wp\/v2\/users\/9"}],"replies":[{"embeddable":true,"href":"https:\/\/www.softwareag.com\/de\/wp-json\/wp\/v2\/comments?post=328"}],"version-history":[{"count":16,"href":"https:\/\/www.softwareag.com\/de\/wp-json\/wp\/v2\/pages\/328\/revisions"}],"predecessor-version":[{"id":6438,"href":"https:\/\/www.softwareag.com\/de\/wp-json\/wp\/v2\/pages\/328\/revisions\/6438"}],"wp:featuredmedia":[{"embeddable":true,"href":"https:\/\/www.softwareag.com\/de\/wp-json\/wp\/v2\/media\/252"}],"wp:attachment":[{"href":"https:\/\/www.softwareag.com\/de\/wp-json\/wp\/v2\/media?parent=328"}],"curies":[{"name":"wp","href":"https:\/\/api.w.org\/{rel}","templated":true}]}}