{"id":5550,"date":"2026-02-27T05:11:44","date_gmt":"2026-02-27T09:11:44","guid":{"rendered":"https:\/\/www.softwareag.com\/?page_id=5550"},"modified":"2026-03-03T08:42:56","modified_gmt":"2026-03-03T12:42:56","slug":"free-workshop-ps","status":"publish","type":"page","link":"https:\/\/www.softwareag.com\/de\/free-workshop-ps\/","title":{"rendered":"Fragen Sie einen kostenlosen Workshop mit unseren Professional Services Experten an"},"content":{"rendered":"<div class=\"wp-block-cover alignfull sag-super-hero sag-super-hero-dark\"><img loading=\"lazy\" decoding=\"async\" width=\"2560\" height=\"1709\" class=\"wp-block-cover__image-background wp-image-5631 size-full\" alt=\"\" src=\"https:\/\/www.softwareag.com\/app\/uploads\/2026\/03\/AdobeStock_283780955-scaled.jpeg\" style=\"object-position:50% 44%\" data-object-fit=\"cover\" data-object-position=\"50% 44%\" srcset=\"https:\/\/www.softwareag.com\/app\/uploads\/2026\/03\/AdobeStock_283780955-scaled.jpeg 2560w, https:\/\/www.softwareag.com\/app\/uploads\/2026\/03\/AdobeStock_283780955-300x200.jpeg 300w, https:\/\/www.softwareag.com\/app\/uploads\/2026\/03\/AdobeStock_283780955-1024x684.jpeg 1024w, https:\/\/www.softwareag.com\/app\/uploads\/2026\/03\/AdobeStock_283780955-768x513.jpeg 768w, https:\/\/www.softwareag.com\/app\/uploads\/2026\/03\/AdobeStock_283780955-1536x1026.jpeg 1536w, https:\/\/www.softwareag.com\/app\/uploads\/2026\/03\/AdobeStock_283780955-2048x1367.jpeg 2048w, https:\/\/www.softwareag.com\/app\/uploads\/2026\/03\/AdobeStock_283780955-18x12.jpeg 18w\" sizes=\"auto, (max-width: 2560px) 100vw, 2560px\" \/><span aria-hidden=\"true\" class=\"wp-block-cover__background has-background-dim wp-block-cover__gradient-background has-background-gradient has-purple-to-teal-gradient-background\"><\/span><div class=\"wp-block-cover__inner-container is-layout-flow wp-block-cover-is-layout-flow\">\n<div class=\"wp-block-group alignwide is-layout-flow wp-block-group-is-layout-flow\"><h1 style=\"margin-top:var(--wp--preset--spacing--m);\" class=\"has-link-color alignwide wp-elements-9182c0534dd5ea4e3b36a52a84a47eef wp-block-post-title has-text-color has-white-color\">Fragen Sie einen kostenlosen Workshop mit unseren Professional Services Experten an<\/h1><\/div>\n<\/div><\/div>\n\n\n\n<div style=\"height:50px\" aria-hidden=\"true\" class=\"wp-block-spacer\"><\/div>\n\n\n\n<div class=\"wp-block-columns alignwide is-layout-flex wp-container-core-columns-is-layout-28f84493 wp-block-columns-is-layout-flex\">\n<div class=\"wp-block-column is-layout-flow wp-block-column-is-layout-flow\" style=\"flex-basis:60%\">\n<div class=\"wp-block-group alignwide has-global-padding is-layout-constrained wp-block-group-is-layout-constrained\">\n<hr class=\"wp-block-separator has-alpha-channel-opacity\"\/>\n\n\n\n<h2 class=\"wp-block-heading has-text-align-left\" id=\"h-start-now-with-a-free-workshop-tailored-to-your-business\">Starten Sie jetzt mit einem kostenlosen Workshop, der auf Ihr Unternehmen zugeschnitten ist.<\/h2>\n\n\n\n<p class=\"has-text-align-left\">Die Reise zu operational excellence beginnt mit einem kostenlosen, eint\u00e4gigen Workshop. Nach dieser von Experten geleiteten, auf Ihre individuellen Bed\u00fcrfnisse zugeschnittenen Sitzung gehen Sie mit praxisnahen Erkenntnissen, klaren Handlungsempfehlungen und einem strategischen \u00dcberblick nach Hause \u2013 alles kostenlos und unverbindlich.<\/p>\n\n\n\n<div class=\"wp-block-columns alignwide is-layout-flex wp-container-core-columns-is-layout-f7d19e04 wp-block-columns-is-layout-flex\" style=\"padding-top:var(--wp--preset--spacing--m)\">\n<div class=\"wp-block-column has-gray-background-color has-background is-layout-flow wp-block-column-is-layout-flow\">\n<figure class=\"wp-block-image size-full is-resized\"><img loading=\"lazy\" decoding=\"async\" width=\"48\" height=\"48\" src=\"https:\/\/www.softwareag.com\/app\/uploads\/2025\/08\/content-cut.svg\" alt=\"\" class=\"wp-image-294\" style=\"width:42px\"\/><\/figure>\n\n\n\n<h4 class=\"wp-block-heading\" id=\"h-understand-your-environment\">Verstehen Sie Ihre Umgebung<\/h4>\n\n\n\n<p>Arbeiten Sie eng mit Ihrem Team zusammen, um Ihre bestehende Umgebung und Ressourcen gr\u00fcndlich zu analysieren und zu verstehen.<\/p>\n<\/div>\n\n\n\n<div class=\"wp-block-column has-gray-background-color has-background is-layout-flow wp-block-column-is-layout-flow\">\n<figure class=\"wp-block-image size-full is-resized\"><img loading=\"lazy\" decoding=\"async\" width=\"48\" height=\"48\" src=\"https:\/\/www.softwareag.com\/app\/uploads\/2025\/08\/add-chart.svg\" alt=\"\" class=\"wp-image-295\" style=\"width:42px\"\/><\/figure>\n\n\n\n<h4 class=\"wp-block-heading\" id=\"h-uncover-hidden-value\">Versteckte Potenziale aufdecken<\/h4>\n\n\n\n<p>Entdecken Sie M\u00f6glichkeiten, Leistung zu steigern, Risiken zu reduzieren und Innovationen zu f\u00f6rdern - alles mit dem Ziel, Ihre Gesch\u00e4ftsziele zu erreichen.<\/p>\n<\/div>\n\n\n\n<div class=\"wp-block-column has-gray-background-color has-background is-layout-flow wp-block-column-is-layout-flow\">\n<figure class=\"wp-block-image size-full is-resized\"><img loading=\"lazy\" decoding=\"async\" width=\"48\" height=\"48\" src=\"https:\/\/www.softwareag.com\/app\/uploads\/2025\/08\/view-timeline.svg\" alt=\"\" class=\"wp-image-296\" style=\"width:42px\"\/><\/figure>\n\n\n\n<h4 class=\"wp-block-heading\" id=\"h-get-actionable-plan\">Erhalten Sie einen umsetzbaren Plan<\/h4>\n\n\n\n<p>Sie bekommen einen strategischen Plan und eine Kostensch\u00e4tzung, um Ihre Ziele zu erreichen \u2013 unverbindlich und ohne Verpflichtung<\/p>\n<\/div>\n<\/div>\n\n\n\n<div class=\"wp-block-buttons is-layout-flex wp-block-buttons-is-layout-flex\">\n<div class=\"wp-block-button is-style-transparent-button is-style-transparent-button--1\"><a class=\"wp-block-button__link wp-element-button\" href=\"https:\/\/www.softwareag.com\/de\/professional-services\/\">Erfahren Sie mehr \u00fcber unsere Dienstleistungen<\/a><\/div>\n<\/div>\n<\/div>\n<\/div>\n\n\n\n<div class=\"wp-block-column has-purple-to-teal-gradient-background has-background is-layout-flow wp-block-column-is-layout-flow\" style=\"flex-basis:40%\">\n<div class=\"wp-block-group alignwide is-layout-flow wp-block-group-is-layout-flow\">\n<h3 class=\"wp-block-heading has-white-color has-text-color has-link-color wp-elements-c424b5a01ddd53e092e4bd5237a6095b\" id=\"registration\">Einen kostenlosen Workshop anfragen<\/h3>\n\n\n\n<div class=\"wp-block-group has-white-background-color has-background has-global-padding is-layout-constrained wp-container-core-group-is-layout-a3db193a wp-block-group-is-layout-constrained\" style=\"padding-right:var(--wp--preset--spacing--s);padding-left:var(--wp--preset--spacing--s)\">\n<script src=\"\/\/discover.softwareag.com\/js\/forms2\/js\/forms2.min.js\"><\/script> <form id=\"mktoForm_1015\" action=\"\"><input type=\"hidden\" name=\"trp-form-language\" value=\"de\"\/><\/form> <script>MktoForms2.loadForm(\"\/\/discover.softwareag.com\", \"096-VEV-482\", 1015);<\/script>\n\n\n\n<div style=\"height:20px\" aria-hidden=\"true\" class=\"wp-block-spacer\"><\/div>\n<\/div>\n<\/div>\n<\/div>\n<\/div>\n\n\n\n<p><\/p>\n\n\n\n<p><\/p>","protected":false},"excerpt":{"rendered":"<p>Start now with a free workshop tailored to your business The journey to operational excellence begins with a free, one-day workshop. Following this expert-led session tailored [&hellip;]<\/p>","protected":false},"author":7,"featured_media":5631,"parent":0,"menu_order":0,"comment_status":"closed","ping_status":"closed","template":"","meta":{"_acf_changed":false,"footnotes":""},"class_list":["post-5550","page","type-page","status-publish","has-post-thumbnail","hentry"],"acf":[],"yoast_head":"<!-- This site is optimized with the Yoast SEO Premium plugin v27.2 (Yoast SEO v27.2) - https:\/\/yoast.com\/product\/yoast-seo-premium-wordpress\/ -->\n<title>Request your free workshop with our Professional Services experts | Software AG<\/title>\n<meta name=\"description\" content=\"The journey to operational excellence begins with a free, one-day workshop. Following this expert-led session tailored to your unique needs, you\u2019ll walk away with actionable insights, clear next steps, and a high-level plan\u2014all at no cost and with no commitment required.\" \/>\n<meta name=\"robots\" content=\"index, follow, max-snippet:-1, max-image-preview:large, max-video-preview:-1\" \/>\n<link rel=\"canonical\" href=\"https:\/\/www.softwareag.com\/de\/free-workshop-ps\/\" \/>\n<meta property=\"og:locale\" content=\"de_DE\" \/>\n<meta property=\"og:type\" content=\"article\" \/>\n<meta property=\"og:title\" content=\"Request your free workshop with our Professional Services experts\" \/>\n<meta property=\"og:description\" content=\"The journey to operational excellence begins with a free, one-day workshop. Following this expert-led session tailored to your unique needs, you\u2019ll walk away with actionable insights, clear next steps, and a high-level plan\u2014all at no cost and with no commitment required.\" \/>\n<meta property=\"og:url\" content=\"https:\/\/www.softwareag.com\/de\/free-workshop-ps\/\" \/>\n<meta property=\"og:site_name\" content=\"Software AG\" \/>\n<meta property=\"article:publisher\" content=\"https:\/\/www.facebook.com\/SoftwareAG\" \/>\n<meta property=\"article:modified_time\" content=\"2026-03-03T12:42:56+00:00\" \/>\n<meta property=\"og:image\" content=\"https:\/\/www.softwareag.com\/app\/uploads\/2026\/03\/AdobeStock_283780955-scaled.jpeg\" \/>\n\t<meta property=\"og:image:width\" content=\"2560\" \/>\n\t<meta property=\"og:image:height\" content=\"1709\" \/>\n\t<meta property=\"og:image:type\" content=\"image\/jpeg\" \/>\n<meta name=\"twitter:card\" content=\"summary_large_image\" \/>\n<meta name=\"twitter:site\" content=\"@softwareag\" \/>\n<meta name=\"twitter:label1\" content=\"Est. reading time\" \/>\n\t<meta name=\"twitter:data1\" content=\"2 minutes\" \/>\n<script type=\"application\/ld+json\" class=\"yoast-schema-graph\">{\"@context\":\"https:\/\/schema.org\",\"@graph\":[{\"@type\":\"WebPage\",\"@id\":\"https:\/\/www.softwareag.com\/free-workshop-ps\/\",\"url\":\"https:\/\/www.softwareag.com\/free-workshop-ps\/\",\"name\":\"Request your free workshop with our Professional Services experts | Software AG\",\"isPartOf\":{\"@id\":\"https:\/\/www.softwareag.com\/en\/#website\"},\"primaryImageOfPage\":{\"@id\":\"https:\/\/www.softwareag.com\/free-workshop-ps\/#primaryimage\"},\"image\":{\"@id\":\"https:\/\/www.softwareag.com\/free-workshop-ps\/#primaryimage\"},\"thumbnailUrl\":\"https:\/\/www.softwareag.com\/app\/uploads\/2026\/03\/AdobeStock_283780955-scaled.jpeg\",\"datePublished\":\"2026-02-27T09:11:44+00:00\",\"dateModified\":\"2026-03-03T12:42:56+00:00\",\"description\":\"The journey to operational excellence begins with a free, one-day workshop. Following this expert-led session tailored to your unique needs, you\u2019ll walk away with actionable insights, clear next steps, and a high-level plan\u2014all at no cost and with no commitment required.\",\"breadcrumb\":{\"@id\":\"https:\/\/www.softwareag.com\/free-workshop-ps\/#breadcrumb\"},\"inLanguage\":\"de-DE\",\"potentialAction\":[{\"@type\":\"ReadAction\",\"target\":[\"https:\/\/www.softwareag.com\/free-workshop-ps\/\"]}]},{\"@type\":\"ImageObject\",\"inLanguage\":\"de-DE\",\"@id\":\"https:\/\/www.softwareag.com\/free-workshop-ps\/#primaryimage\",\"url\":\"https:\/\/www.softwareag.com\/app\/uploads\/2026\/03\/AdobeStock_283780955-scaled.jpeg\",\"contentUrl\":\"https:\/\/www.softwareag.com\/app\/uploads\/2026\/03\/AdobeStock_283780955-scaled.jpeg\",\"width\":2560,\"height\":1709,\"caption\":\"Portrait of young smiling cheerful entrepreneur in casual office making phone call while working with laptop\"},{\"@type\":\"BreadcrumbList\",\"@id\":\"https:\/\/www.softwareag.com\/free-workshop-ps\/#breadcrumb\",\"itemListElement\":[{\"@type\":\"ListItem\",\"position\":1,\"name\":\"Home\",\"item\":\"https:\/\/www.softwareag.com\/de\/\"},{\"@type\":\"ListItem\",\"position\":2,\"name\":\"Request your free workshop with our Professional Services experts\"}]},{\"@type\":\"WebSite\",\"@id\":\"https:\/\/www.softwareag.com\/en\/#website\",\"url\":\"https:\/\/www.softwareag.com\/en\/\",\"name\":\"Software AG\",\"description\":\"Software AG&#039;s digital transformation solutions &amp; services\",\"publisher\":{\"@id\":\"https:\/\/www.softwareag.com\/en\/#organization\"},\"alternateName\":\"SAG\",\"potentialAction\":[{\"@type\":\"SearchAction\",\"target\":{\"@type\":\"EntryPoint\",\"urlTemplate\":\"https:\/\/www.softwareag.com\/en\/?s={search_term_string}\"},\"query-input\":{\"@type\":\"PropertyValueSpecification\",\"valueRequired\":true,\"valueName\":\"search_term_string\"}}],\"inLanguage\":\"de-DE\"},{\"@type\":\"Organization\",\"@id\":\"https:\/\/www.softwareag.com\/en\/#organization\",\"name\":\"Software AG\",\"alternateName\":\"SAG\",\"url\":\"https:\/\/www.softwareag.com\/en\/\",\"logo\":{\"@type\":\"ImageObject\",\"inLanguage\":\"de-DE\",\"@id\":\"https:\/\/www.softwareag.com\/en\/#\/schema\/logo\/image\/\",\"url\":\"https:\/\/www.softwareag.com\/app\/uploads\/2025\/09\/software-gmbh-dark-logo-bg_Small.jpeg\",\"contentUrl\":\"https:\/\/www.softwareag.com\/app\/uploads\/2025\/09\/software-gmbh-dark-logo-bg_Small.jpeg\",\"width\":800,\"height\":450,\"caption\":\"Software AG\"},\"image\":{\"@id\":\"https:\/\/www.softwareag.com\/en\/#\/schema\/logo\/image\/\"},\"sameAs\":[\"https:\/\/www.facebook.com\/SoftwareAG\",\"https:\/\/x.com\/softwareag\",\"https:\/\/www.linkedin.com\/company\/software-ag\",\"https:\/\/www.youtube.com\/user\/SOFTWAREAG\"],\"description\":\"Software AG is a global enterprise software company dedicated to facilitating digital transformation for large-scale organizations. They specialize in modernizing legacy infrastructure, optimizing mainframe operations, and enabling seamless data integration across hybrid environments.\",\"numberOfEmployees\":{\"@type\":\"QuantitativeValue\",\"minValue\":\"501\",\"maxValue\":\"1000\"}}]}<\/script>\n<!-- \/ Yoast SEO Premium plugin. -->","yoast_head_json":{"title":"Request your free workshop with our Professional Services experts | Software AG","description":"Die Reise zu operational excellence beginnt mit einem kostenlosen, eint\u00e4gigen Workshop. Nach dieser von Experten geleiteten, auf Ihre individuellen Bed\u00fcrfnisse zugeschnittenen Sitzung gehen Sie mit praxisnahen Erkenntnissen, klaren Handlungsempfehlungen und einem strategischen \u00dcberblick nach Hause \u2013 alles kostenlos und unverbindlich.","robots":{"index":"index","follow":"follow","max-snippet":"max-snippet:-1","max-image-preview":"max-image-preview:large","max-video-preview":"max-video-preview:-1"},"canonical":"https:\/\/www.softwareag.com\/de\/free-workshop-ps\/","og_locale":"de_DE","og_type":"article","og_title":"Request your free workshop with our Professional Services experts","og_description":"The journey to operational excellence begins with a free, one-day workshop. Following this expert-led session tailored to your unique needs, you\u2019ll walk away with actionable insights, clear next steps, and a high-level plan\u2014all at no cost and with no commitment required.","og_url":"https:\/\/www.softwareag.com\/de\/free-workshop-ps\/","og_site_name":"Software AG","article_publisher":"https:\/\/www.facebook.com\/SoftwareAG","article_modified_time":"2026-03-03T12:42:56+00:00","og_image":[{"width":2560,"height":1709,"url":"https:\/\/www.softwareag.com\/app\/uploads\/2026\/03\/AdobeStock_283780955-scaled.jpeg","type":"image\/jpeg"}],"twitter_card":"summary_large_image","twitter_site":"@softwareag","twitter_misc":{"Est. reading time":"2 minutes"},"schema":{"@context":"https:\/\/schema.org","@graph":[{"@type":"WebPage","@id":"https:\/\/www.softwareag.com\/free-workshop-ps\/","url":"https:\/\/www.softwareag.com\/free-workshop-ps\/","name":"Request your free workshop with our Professional Services experts | Software AG","isPartOf":{"@id":"https:\/\/www.softwareag.com\/en\/#website"},"primaryImageOfPage":{"@id":"https:\/\/www.softwareag.com\/free-workshop-ps\/#primaryimage"},"image":{"@id":"https:\/\/www.softwareag.com\/free-workshop-ps\/#primaryimage"},"thumbnailUrl":"https:\/\/www.softwareag.com\/app\/uploads\/2026\/03\/AdobeStock_283780955-scaled.jpeg","datePublished":"2026-02-27T09:11:44+00:00","dateModified":"2026-03-03T12:42:56+00:00","description":"Die Reise zu operational excellence beginnt mit einem kostenlosen, eint\u00e4gigen Workshop. Nach dieser von Experten geleiteten, auf Ihre individuellen Bed\u00fcrfnisse zugeschnittenen Sitzung gehen Sie mit praxisnahen Erkenntnissen, klaren Handlungsempfehlungen und einem strategischen \u00dcberblick nach Hause \u2013 alles kostenlos und unverbindlich.","breadcrumb":{"@id":"https:\/\/www.softwareag.com\/free-workshop-ps\/#breadcrumb"},"inLanguage":"de-DE","potentialAction":[{"@type":"ReadAction","target":["https:\/\/www.softwareag.com\/free-workshop-ps\/"]}]},{"@type":"ImageObject","inLanguage":"de-DE","@id":"https:\/\/www.softwareag.com\/free-workshop-ps\/#primaryimage","url":"https:\/\/www.softwareag.com\/app\/uploads\/2026\/03\/AdobeStock_283780955-scaled.jpeg","contentUrl":"https:\/\/www.softwareag.com\/app\/uploads\/2026\/03\/AdobeStock_283780955-scaled.jpeg","width":2560,"height":1709,"caption":"Portrait of young smiling cheerful entrepreneur in casual office making phone call while working with laptop"},{"@type":"BreadcrumbList","@id":"https:\/\/www.softwareag.com\/free-workshop-ps\/#breadcrumb","itemListElement":[{"@type":"ListItem","position":1,"name":"Home","item":"https:\/\/www.softwareag.com\/de\/"},{"@type":"ListItem","position":2,"name":"Request your free workshop with our Professional Services experts"}]},{"@type":"WebSite","@id":"https:\/\/www.softwareag.com\/en\/#website","url":"https:\/\/www.softwareag.com\/en\/","name":"Software AG","description":"L\u00f6sungen und Dienstleistungen der Software AG f\u00fcr die digitale Transformation","publisher":{"@id":"https:\/\/www.softwareag.com\/en\/#organization"},"alternateName":"SAG","potentialAction":[{"@type":"SearchAction","target":{"@type":"EntryPoint","urlTemplate":"https:\/\/www.softwareag.com\/en\/?s={search_term_string}"},"query-input":{"@type":"PropertyValueSpecification","valueRequired":true,"valueName":"search_term_string"}}],"inLanguage":"de-DE"},{"@type":"Organization","@id":"https:\/\/www.softwareag.com\/en\/#organization","name":"Software AG","alternateName":"SAG","url":"https:\/\/www.softwareag.com\/en\/","logo":{"@type":"ImageObject","inLanguage":"de-DE","@id":"https:\/\/www.softwareag.com\/en\/#\/schema\/logo\/image\/","url":"https:\/\/www.softwareag.com\/app\/uploads\/2025\/09\/software-gmbh-dark-logo-bg_Small.jpeg","contentUrl":"https:\/\/www.softwareag.com\/app\/uploads\/2025\/09\/software-gmbh-dark-logo-bg_Small.jpeg","width":800,"height":450,"caption":"Software AG"},"image":{"@id":"https:\/\/www.softwareag.com\/en\/#\/schema\/logo\/image\/"},"sameAs":["https:\/\/www.facebook.com\/SoftwareAG","https:\/\/x.com\/softwareag","https:\/\/www.linkedin.com\/company\/software-ag","https:\/\/www.youtube.com\/user\/SOFTWAREAG"],"description":"Software AG is a global enterprise software company dedicated to facilitating digital transformation for large-scale organizations. They specialize in modernizing legacy infrastructure, optimizing mainframe operations, and enabling seamless data integration across hybrid environments.","numberOfEmployees":{"@type":"QuantitativeValue","minValue":"501","maxValue":"1000"}}]}},"_links":{"self":[{"href":"https:\/\/www.softwareag.com\/de\/wp-json\/wp\/v2\/pages\/5550","targetHints":{"allow":["GET"]}}],"collection":[{"href":"https:\/\/www.softwareag.com\/de\/wp-json\/wp\/v2\/pages"}],"about":[{"href":"https:\/\/www.softwareag.com\/de\/wp-json\/wp\/v2\/types\/page"}],"author":[{"embeddable":true,"href":"https:\/\/www.softwareag.com\/de\/wp-json\/wp\/v2\/users\/7"}],"replies":[{"embeddable":true,"href":"https:\/\/www.softwareag.com\/de\/wp-json\/wp\/v2\/comments?post=5550"}],"version-history":[{"count":16,"href":"https:\/\/www.softwareag.com\/de\/wp-json\/wp\/v2\/pages\/5550\/revisions"}],"predecessor-version":[{"id":5633,"href":"https:\/\/www.softwareag.com\/de\/wp-json\/wp\/v2\/pages\/5550\/revisions\/5633"}],"wp:featuredmedia":[{"embeddable":true,"href":"https:\/\/www.softwareag.com\/de\/wp-json\/wp\/v2\/media\/5631"}],"wp:attachment":[{"href":"https:\/\/www.softwareag.com\/de\/wp-json\/wp\/v2\/media?parent=5550"}],"curies":[{"name":"wp","href":"https:\/\/api.w.org\/{rel}","templated":true}]}}