{"id":585,"date":"2025-08-26T10:34:56","date_gmt":"2025-08-26T14:34:56","guid":{"rendered":"https:\/\/www.softwareag.com\/?page_id=585"},"modified":"2026-01-05T12:42:46","modified_gmt":"2026-01-05T16:42:46","slug":"legal","status":"publish","type":"page","link":"https:\/\/www.softwareag.com\/de\/legal\/","title":{"rendered":"Rechtliches"},"content":{"rendered":"<h2 class=\"wp-block-heading\" id=\"h-general-terms-of-use\"><strong>Nutzungsbedingungen<\/strong><\/h2>\n\n\n\n<p class=\"has-text-align-left\">Wir freuen uns, dass Sie den Internetauftritt der Software AG besuchen!<\/p>\n\n\n\n<p class=\"has-text-align-left\">F\u00fcr den Besuch auf unserer Website www.softwareag.com gelten folgende Nutzungsbedingungen.\nLesen Sie sie bitte durch, bevor Sie die Websites nutzen.<\/p>\n\n\n\n<p class=\"has-text-align-right\"><em>G\u00fcltig seit dem <em>August 2025<\/em><\/em><\/p>\n\n\n\n<hr class=\"wp-block-separator has-alpha-channel-opacity\"\/>\n\n\n\n<h3 class=\"wp-block-heading\" id=\"h-1-area-of-application\">1. Anwendungsbereich<\/h3>\n\n\n\n<p>Die Websites der Software AG und ihrer Tochtergesellschaften (\u201eWebsites\u201c) gew\u00e4hren Ihnen eine Vielzahl von Nutzungsm\u00f6glichkeiten, wie die Suche nach Information, die Teilnahme an den Software AG Community Plattformen (z.B. Foren, User Groups, etc.) der Software AG, die M\u00f6glichkeit eigener Beitr\u00e4ge, den Download verschiedenster Software und Materialien sowie andere Aktivit\u00e4ten im Zusammenhang mit den Produkten und Diensten der Software AG. W\u00e4hrend die Nutzung durch Sie an unabdingbare Bedingungen gekn\u00fcpft ist, erhalten Sie gleichzeitig wichtige Hinweise zum Datenschutz. Mit dem Aufruf dieser Websites akzeptieren Sie die Geltung dieser Nutzungsbedingungen und erkl\u00e4ren sich mit ihrer Einhaltung einverstanden. Stimmen Sie den Nutzungsbedingungen nicht zu, d\u00fcrfen Sie die Websites nicht nutzen. F\u00fcr einige Angebote kann es speziellere Nutzungsbedingungen geben, so zum Beispiel f\u00fcr die Karriereseiten der Software AG. Diese gelten vor diesen Nutzungsbedingungen und sind auf den entsprechenden Seiten der Websites zu finden. Sollten sie von unseren Websites Software herunterladen, gelten die dort verlinkten Lizenzbedingungen ebenso vorrangig. Zudem wird erg\u00e4nzend auf die Software AG Trademark Guideline verwiesen.&nbsp;<a href=\"\/de\/trademarks\/\"><u>Leitfaden f\u00fcr Markenzeichen<\/u><\/a>.<\/p>\n\n\n\n<p>Software AG kann diese Nutzungsbedingungen jederzeit \u00e4ndern und gew\u00e4hrt den Zugriff auf die archivierte&nbsp;<a href=\"https:\/\/www.softwareag.com\/de\/legal\/\"><u>Vorg\u00e4ngerversion<\/u><\/a>.<\/p>\n\n\n\n<p>Verwenden Sie unsere Dienste nicht in einer Weise, die den Zugang zu den Websites unterbrechen, besch\u00e4digen oder in sonstiger Weise unterbrechen w\u00fcrde. Die Dienste d\u00fcrfen nicht f\u00fcr betr\u00fcgerische oder andere rechtswidrige Tatbest\u00e4nde benutzt werden. Vermeiden Sie auch Bel\u00e4stigungen oder St\u00f6rungen anderer durch Ihre Aktivit\u00e4ten.<\/p>\n\n\n\n<hr class=\"wp-block-separator has-alpha-channel-opacity\"\/>\n\n\n\n<h3 class=\"wp-block-heading\" id=\"h-2-copyright-and-rights-of-use\">2. Urheberrecht und Nutzungsrechte<\/h3>\n\n\n\n<p>Software AG teilt mit Ihnen \u00fcber die Websites verschiedene Inhalte, wie Downloads, Daten, Texte, Bilder, Informationen, Grafiken, Ton-, Video- und Animationsdateien und sonstige Inhalte. Diese Inhalte sind marken-, urheberrechtlich und\/oder durch andere Gesetze zum Schutz geistigen Eigentums zugunsten der Software AG oder im Einzelfall auch zugunsten Dritter gesch\u00fctzt.<\/p>\n\n\n\n<p>Auch wenn der Inhalt frei verf\u00fcgbar ist, ist es nicht gestattet, die Webseiten als Ganzes oder einzelne Elemente dieser Webseiten zu extrahieren, zu reproduzieren, zu ver\u00e4ndern, nachzuahmen oder in irgendeiner Weise zu verbreiten. Wenn Sie die Inhalte auf diese Weise nutzen m\u00f6chten, kann Software AG Ihnen auf Anfrage solche Rechte einr\u00e4umen, die nicht exklusiv und nicht \u00fcbertragbar sind. F\u00fcr die in der Mediathek zur Verf\u00fcgung gestellten Inhalte gilt, dass die&nbsp;<a href=\"https:\/\/www.softwareag.com\/de\/brand-center\/\" target=\"_blank\" rel=\"noreferrer noopener\"><u>folgende Regelung<\/u><\/a>&nbsp;gelten abweichend von diesem Abschnitt.<\/p>\n\n\n\n<hr class=\"wp-block-separator has-alpha-channel-opacity\"\/>\n\n\n\n<h3 class=\"wp-block-heading\" id=\"h-3-registration-password\">3. Registrierung, Passwort<\/h3>\n\n\n\n<p>Einige Bereiche der Websites sind passwortgesch\u00fctzt. Um diese nutzen zu k\u00f6nnen, ist eine vorherige Registrierung erforderlich. Sie k\u00f6nnen Ihre Registrierungsdaten nachtr\u00e4glich \u00e4ndern sowie Ihr Konto jederzeit l\u00f6schen.<\/p>\n\n\n\n<p>Wenn Sie sich registrieren, m\u00fcssen Sie folgendes beachten:<\/p>\n\n\n\n<ul class=\"wp-block-list\">\n<li>Passwortgesch\u00fctzte Bereiche sind nur vertrauensw\u00fcrdigen Nutzern vorbehalten, daher m\u00fcssen Sie wahrheitsgem\u00e4\u00dfe und vollst\u00e4ndige Angaben machen sowie diese Angaben auf dem aktuellen Stand halten, bzw. Software AG \u00fcber etwaige \u00c4nderungen in Kenntnis setzen;<\/li>\n\n\n\n<li>Um Missbrauch zu vermeiden sind Zugangsdaten vertraulich zu behandeln und insbesondere nicht an Dritte weiterzugeben,;<\/li>\n\n\n\n<li>Sollten Sie Verdacht \u00fcber einen solchen Missbrauch bekommen, informieren Sie Software AG unverz\u00fcglich, nachdem Sie Kenntnis hier\u00fcber erlangt haben.<\/li>\n<\/ul>\n\n\n\n<p>Es besteht kein Anspruch auf eine Registrierung durch Software AG und Software AG beh\u00e4lt sich vor, die Zugangsdaten jederzeit und insbesondere im Falle eines Versto\u00dfes gegen die Nutzungsbedingungen oder sonstiges anwendbares Recht, ohne Angabe von Gr\u00fcnden, zu deaktivieren und die Zugangsberechtigung damit zu widerrufen.<\/p>\n\n\n\n<hr class=\"wp-block-separator has-alpha-channel-opacity\"\/>\n\n\n\n<h3 class=\"wp-block-heading\" id=\"h-4-data-protection\">4. Datenschutz<\/h3>\n\n\n\n<p>Nutzen Sie die Websites werden personenbezogenen Daten verarbeitet. Dies geschieht ausschlie\u00dflich unter Einhaltung des Datenschutzes. Bitte informieren Sie sich \u00fcber den Umgang mit Ihren Daten in der&nbsp;<a href=\"\/de\/privacy\/\">Datenschutzerkl\u00e4rung<\/a>.<\/p>\n\n\n\n<hr class=\"wp-block-separator has-alpha-channel-opacity\"\/>\n\n\n\n<h3 class=\"wp-block-heading\" id=\"h-5-general-user-obligations\">5. Allgemeine Nutzerpflichten<\/h3>\n\n\n\n<p>\u00dcber die bereits beschriebenen Verpflichtungen hinaus, verpflichten Sie sich insbesondere:<\/p>\n\n\n\n<ul class=\"wp-block-list\">\n<li>durch die Nutzung, sowie durch das Nutzerverhalten nicht gegen gesetzliche Vorschriften, Rechte Dritter oder beh\u00f6rdliche Entscheidungen zu versto\u00dfen;<\/li>\n\n\n\n<li>keine Sch\u00e4den, St\u00f6rungen und\/oder \u00dcberlastungen der Websites oder dahinter liegender Software und\/oder Hardware zu verursachen;<\/li>\n\n\n\n<li>keine Links, ohne vorherige schriftliche Zustimmung auf diesen Websites zu platzieren.<\/li>\n<\/ul>\n\n\n\n<hr class=\"wp-block-separator has-alpha-channel-opacity\"\/>\n\n\n\n<h3 class=\"wp-block-heading\" id=\"h-6-obligations-of-the-community-platform-users\">6. Pflichten der Community-Plattformen-Nutzer<\/h3>\n\n\n\n<p>Software AG freut sich sehr, dass Sie als Nutzer an den kostenlosen Community Plattformen teilnehmen und unterst\u00fctzt Ihre rege Beteiligung. Mit der Einstellung eines Beitrages erteilen Sie Software AG das Recht, den Beitrag auf den Websites dauerhaft zum Abruf bereitzustellen, gleichzeitig erh\u00e4lt Software AG das Recht, Beitr\u00e4ge zu l\u00f6schen, zu bearbeiten, mit anderen Inhalten zu verkn\u00fcpfen und innerhalb der Websites zu verschieben.<\/p>\n\n\n\n<p>Damit die Community Plattformen ein gewinnbringendes Ereignis f\u00fcr alle bleiben, d\u00fcrfen Sie sie nur unter Wahrung der Plattformregeln nutzen. Mit Ihrer Registrierung zu den Community Plattformen, erkl\u00e4ren Sie ihr Einverst\u00e4ndnis hierzu:<br><br>(a) Jeder Beitrag von Ihnen wird wertgesch\u00e4tzt, es sei denn er verst\u00f6\u00dft gegen diese Regeln, gegen die guten Sitten oder sonst gegen geltendes Recht. Hier finden Sie Beispiele von Beitr\u00e4gen, die nicht toleriert werden:<\/p>\n\n\n\n<ul class=\"wp-block-list\">\n<li>Unwahre bis hin zu strafbaren Inhalten, z.B. Verleumdung eines Dritten,<\/li>\n\n\n\n<li>Urheber- und\/oder markenrechtlich gesch\u00fctzte Inhalte, ohne Genehmigung des Rechteinhabers, z.B. keine Kennzeichnung von fremden Texten,<\/li>\n\n\n\n<li>Wettbewerbswidrige Handlungen die z.B. Mitbewerber sp\u00fcrbar beeintr\u00e4chtigen k\u00f6nnen,<\/li>\n\n\n\n<li>Wiederholte Einstellung von identischen Themen,<\/li>\n\n\n\n<li>Werbung in Form von Schleichwerbung, d.h. ohne eindeutige Kennzeichnung als Werbung,<\/li>\n\n\n\n<li>sowie rechtswidrige Inhalte, z.B. rassistischer, diskriminierender oder pornographischer Natur.<\/li>\n<\/ul>\n\n\n\n<p>Bitte pr\u00fcfen Sie Ihre Beitr\u00e4ge sorgf\u00e4ltig vor Ver\u00f6ffentlichung nach diesen Punkten ab.<\/p>\n\n\n\n<p>b) F\u00fcr den Fall, dass Sie dennoch gegen a) versto\u00dfen, wird Software AG Ihre Beitr\u00e4ge umgehend l\u00f6schen oder ab\u00e4ndern. Au\u00dferdem erhalten Sie das Verbot weitere Beitr\u00e4ge zu verfassen. Ihr Konto wird gesperrt.<br><br>c) Jegliche Beitr\u00e4ge, Daten \u00fcber andere Nutzer und andere Informationen, die durch die Nutzung der Community Plattformen erlangt werden, d\u00fcrfen nur anl\u00e4sslich der Nutzung der Community Plattformen und nicht zu anderen Zwecken z.B. Werbung genutzt werden.<\/p>\n\n\n\n<p>d) Versto\u00dfen Sie gegen die Plattformregeln sind Sie verpflichtet Software AG von jeglichen Anspr\u00fcchen, inklusive Schadensersatzanspr\u00fcchen und Kosten einer angemessenen Rechtsverteidigung freizustellen, die durch die Nichteinhaltung der Plattformregeln entstehen.<\/p>\n\n\n\n<hr class=\"wp-block-separator has-alpha-channel-opacity\"\/>\n\n\n\n<h3 class=\"wp-block-heading\" id=\"h-7-availability-of-the-website\">7. Verf\u00fcgbarkeit der Website<\/h3>\n\n\n\n<p>Die Websites sind generell rund um die Uhr verf\u00fcgbar. Eine ununterbrochene Verf\u00fcgbarkeit kann jedoch nicht gew\u00e4hrleistet werden. In einigen F\u00e4llen, wie Wartungsarbeiten aber auch durch Umst\u00e4nde au\u00dferhalb des Einflussbereiches der Software AG kann die Website vor\u00fcbergehend nicht erreichbar sein. Software AG bittet Sie, die Website in diesen F\u00e4llen zu einem sp\u00e4teren Zeitpunkt erneut aufzusuchen.<\/p>\n\n\n\n<hr class=\"wp-block-separator has-alpha-channel-opacity\"\/>\n\n\n\n<h3 class=\"wp-block-heading\" id=\"h-8-liability\">8. Haftung<\/h3>\n\n\n\n<p>Die Inhalte auf diesen Websites stellen weder ausdr\u00fcckliche noch stillschweigende Zusicherungen oder Garantien dar. Insgesamt wird keine Fehlerfreiheit gew\u00e4hrleistet. Alle Inhalte, die die Software AG einstellt, wurden nach bestem Gewissen zusammengesellt. Auf den Inhalt etwaiger Beitr\u00e4ge Dritter hat Software AG keinen Einfluss und macht ihn sich in keiner Weise zu eigen. Es wird keine Haftung f\u00fcr Sch\u00e4den \u00fcbernommen, die aufgrund der Nutzung dieser Inhalte verursacht wurde. Im Rahmen der Nutzung der Websites haftet Software AG, wie folgt:<br><br>(a) Gleich aus welchem Rechtsgrund, uneingeschr\u00e4nkt f\u00fcr Sch\u00e4den, welche durch vors\u00e4tzliche Handlungen oder Unterlassungen oder durch grobe Fahrl\u00e4ssigkeit entstanden sind;<br><br>(b) In F\u00e4llen zwingender gesetzlicher Haftung, einschlie\u00dflich Anspr\u00fcchen, die sich aus dem Produkthaftungsgesetz ergeben, sowie uneingeschr\u00e4nkt f\u00fcr Sch\u00e4den an K\u00f6rper, Leben und Gesundheit, gleich aus welchem Rechtsgrund;<br><br>(c) F\u00fcr die leicht fahrl\u00e4ssige Verletzung wesentlicher Pflichten (sogenannte \u201eKardinalpflichten\u201c) haftet Software AG der H\u00f6he nach begrenzt auf den bei Vertragsabschluss typischerweise vorhersehbaren Schaden. Kardinalpflichten sind solche Vertragspflichten, deren Erf\u00fcllung die ordnungsgem\u00e4\u00dfe Durchf\u00fchrung des Vertrags \u00fcberhaupt erst erm\u00f6glicht, und auf deren Einhaltung der Kunde regelm\u00e4\u00dfig vertraut hat und vertrauen darf.<\/p>\n\n\n\n<p>Au\u00dfer in den F\u00e4llen 8 (a), (b) und (c) ist die Haftung f\u00fcr leichte Fahrl\u00e4ssigkeit ausgeschlossen.<\/p>\n\n\n\n<hr class=\"wp-block-separator has-alpha-channel-opacity\"\/>\n\n\n\n<h3 class=\"wp-block-heading\" id=\"h-9-links-to-external-websites\">9. Links auf fremde Websites<\/h3>\n\n\n\n<p>Die Nutzungsbedingungen beziehen sich nicht auf Links zu Websites von Drittanbietern. Software AG hat keinerlei Einfluss auf die hinter einem Link auf Websites von Drittanbietern liegenden Inhalte und macht sich die Inhalte verlinkter Websites von Drittanbietern in keiner Weise zu Eigen oder stimmt diesen aufgrund der Verlinkung zu. Des Weiteren \u00fcbernimmt Software AG keinerlei Zusicherungen, Verantwortung oder Haftung f\u00fcr Sch\u00e4den, die aufgrund der Nutzung von einem hinter einem Link auf Websites von Drittanbietern liegenden Inhalt verursacht wurden.<\/p>\n\n\n\n<hr class=\"wp-block-separator has-alpha-channel-opacity\"\/>\n\n\n\n<h3 class=\"wp-block-heading\" id=\"h-10-place-of-jurisdiction-applicable-law\">10. Gerichtsstand, anwendbares Recht<\/h3>\n\n\n\n<p>Gerichtsstand ist, wenn der Nutzer Kaufmann, juristische Person des \u00f6ffentlichen Rechts oder \u00f6ffentlich-rechtliches Sonderverm\u00f6gen ist, am Sitz der Software AG. Es gilt deutsches Recht unter Ausschluss des UN-Kaufrechts.<\/p>\n\n\n\n<hr class=\"wp-block-separator has-alpha-channel-opacity\"\/>\n\n\n\n<h3 class=\"wp-block-heading\" id=\"h-11-miscellaneous\">11. Sonstiges<\/h3>\n\n\n\n<p>Es wird darauf hingewiesen, dass f\u00fcr zukunftsgerichtete Angaben die M\u00f6glichkeit einer erheblichen Abweichung besteht. Im Fall der Unwirksamkeit einzelner Regelungen dieser Nutzungsbedingungen bleibt die Wirksamkeit im \u00dcbrigen unber\u00fchrt. F\u00fcr diesen Fall wird die unwirksame Bedingung durch eine rechtlich zul\u00e4ssige Bestimmung ersetzt werden, die dem Sinn und Zweck der unwirksamen Bestimmung entspricht.<\/p>\n\n\n\n<p>Bei weiteren Fragen wenden Sie sich bitte an die&nbsp;<a href=\"https:\/\/www.softwareag.com\/de\/contact\/\">kontakt<\/a>&nbsp;Software AG.<\/p>\n\n\n\n<p><strong>(c) Copyright 1998 &#8211; 2026 SOFTWARE AG<\/strong><\/p>","protected":false},"excerpt":{"rendered":"<p>Besuchen Sie diese Seite mit den Nutzungsbedingungen, akzeptieren Sie deren Geltung und erkl\u00e4ren sich mit ihrer Einhaltung einverstanden. Themen sind Anwendungsbereiche, Nutzungsrechte, Urheberrechte, Haftung oder auch Pflichten der Besucher, insbesondere auf der Community Plattform.<\/p>","protected":false},"author":9,"featured_media":0,"parent":0,"menu_order":0,"comment_status":"closed","ping_status":"closed","template":"","meta":{"_acf_changed":false,"footnotes":""},"class_list":["post-585","page","type-page","status-publish","hentry"],"acf":[],"yoast_head":"<!-- This site is optimized with the Yoast SEO Premium plugin v27.2 (Yoast SEO v27.2) - https:\/\/yoast.com\/product\/yoast-seo-premium-wordpress\/ -->\n<title>Legal Guidelines for Using Software AG Sites | Software AG<\/title>\n<meta name=\"description\" content=\"Understand the legal terms of use for Software AG&#039;s website and the importance of compliance while accessing our resources.\" \/>\n<meta name=\"robots\" content=\"index, follow, max-snippet:-1, max-image-preview:large, max-video-preview:-1\" \/>\n<link rel=\"canonical\" href=\"https:\/\/www.softwareag.com\/de\/legal\/\" \/>\n<meta property=\"og:locale\" content=\"de_DE\" \/>\n<meta property=\"og:type\" content=\"article\" \/>\n<meta property=\"og:title\" content=\"Legal\" \/>\n<meta property=\"og:description\" content=\"Understand the legal terms of use for Software AG&#039;s website and the importance of compliance while accessing our resources.\" \/>\n<meta property=\"og:url\" content=\"https:\/\/www.softwareag.com\/de\/legal\/\" \/>\n<meta property=\"og:site_name\" content=\"Software AG\" \/>\n<meta property=\"article:publisher\" content=\"https:\/\/www.facebook.com\/SoftwareAG\" \/>\n<meta property=\"article:modified_time\" content=\"2026-01-05T16:42:46+00:00\" \/>\n<meta property=\"og:image\" content=\"https:\/\/www.softwareag.com\/app\/uploads\/2025\/09\/software-gmbh-dark-logo-bg_Small.jpeg\" \/>\n\t<meta property=\"og:image:width\" content=\"800\" \/>\n\t<meta property=\"og:image:height\" content=\"450\" \/>\n\t<meta property=\"og:image:type\" content=\"image\/jpeg\" \/>\n<meta name=\"twitter:card\" content=\"summary_large_image\" \/>\n<meta name=\"twitter:site\" content=\"@softwareag\" \/>\n<meta name=\"twitter:label1\" content=\"Est. reading time\" \/>\n\t<meta name=\"twitter:data1\" content=\"7 minutes\" \/>\n<script type=\"application\/ld+json\" class=\"yoast-schema-graph\">{\"@context\":\"https:\/\/schema.org\",\"@graph\":[{\"@type\":\"WebPage\",\"@id\":\"https:\/\/www.softwareag.com\/de\/legal\/\",\"url\":\"https:\/\/www.softwareag.com\/de\/legal\/\",\"name\":\"Legal Guidelines for Using Software AG Sites | Software AG\",\"isPartOf\":{\"@id\":\"https:\/\/www.softwareag.com\/en\/#website\"},\"datePublished\":\"2025-08-26T14:34:56+00:00\",\"dateModified\":\"2026-01-05T16:42:46+00:00\",\"description\":\"Understand the legal terms of use for Software AG's website and the importance of compliance while accessing our resources.\",\"breadcrumb\":{\"@id\":\"https:\/\/www.softwareag.com\/de\/legal\/#breadcrumb\"},\"inLanguage\":\"de-DE\",\"potentialAction\":[{\"@type\":\"ReadAction\",\"target\":[\"https:\/\/www.softwareag.com\/de\/legal\/\"]}]},{\"@type\":\"BreadcrumbList\",\"@id\":\"https:\/\/www.softwareag.com\/de\/legal\/#breadcrumb\",\"itemListElement\":[{\"@type\":\"ListItem\",\"position\":1,\"name\":\"Home\",\"item\":\"https:\/\/www.softwareag.com\/de\/\"},{\"@type\":\"ListItem\",\"position\":2,\"name\":\"Legal\"}]},{\"@type\":\"WebSite\",\"@id\":\"https:\/\/www.softwareag.com\/en\/#website\",\"url\":\"https:\/\/www.softwareag.com\/en\/\",\"name\":\"Software AG\",\"description\":\"Software AG&#039;s digital transformation solutions &amp; services\",\"publisher\":{\"@id\":\"https:\/\/www.softwareag.com\/en\/#organization\"},\"alternateName\":\"SAG\",\"potentialAction\":[{\"@type\":\"SearchAction\",\"target\":{\"@type\":\"EntryPoint\",\"urlTemplate\":\"https:\/\/www.softwareag.com\/en\/?s={search_term_string}\"},\"query-input\":{\"@type\":\"PropertyValueSpecification\",\"valueRequired\":true,\"valueName\":\"search_term_string\"}}],\"inLanguage\":\"de-DE\"},{\"@type\":\"Organization\",\"@id\":\"https:\/\/www.softwareag.com\/en\/#organization\",\"name\":\"Software AG\",\"alternateName\":\"SAG\",\"url\":\"https:\/\/www.softwareag.com\/en\/\",\"logo\":{\"@type\":\"ImageObject\",\"inLanguage\":\"de-DE\",\"@id\":\"https:\/\/www.softwareag.com\/en\/#\/schema\/logo\/image\/\",\"url\":\"https:\/\/www.softwareag.com\/app\/uploads\/2025\/09\/software-gmbh-dark-logo-bg_Small.jpeg\",\"contentUrl\":\"https:\/\/www.softwareag.com\/app\/uploads\/2025\/09\/software-gmbh-dark-logo-bg_Small.jpeg\",\"width\":800,\"height\":450,\"caption\":\"Software AG\"},\"image\":{\"@id\":\"https:\/\/www.softwareag.com\/en\/#\/schema\/logo\/image\/\"},\"sameAs\":[\"https:\/\/www.facebook.com\/SoftwareAG\",\"https:\/\/x.com\/softwareag\",\"https:\/\/www.linkedin.com\/company\/software-ag\",\"https:\/\/www.youtube.com\/user\/SOFTWAREAG\"],\"description\":\"Software AG is a global enterprise software company dedicated to facilitating digital transformation for large-scale organizations. They specialize in modernizing legacy infrastructure, optimizing mainframe operations, and enabling seamless data integration across hybrid environments.\",\"numberOfEmployees\":{\"@type\":\"QuantitativeValue\",\"minValue\":\"501\",\"maxValue\":\"1000\"}}]}<\/script>\n<!-- \/ Yoast SEO Premium plugin. -->","yoast_head_json":{"title":"Legal Guidelines for Using Software AG Sites | Software AG","description":"Understand the legal terms of use for Software AG's website and the importance of compliance while accessing our resources.","robots":{"index":"index","follow":"follow","max-snippet":"max-snippet:-1","max-image-preview":"max-image-preview:large","max-video-preview":"max-video-preview:-1"},"canonical":"https:\/\/www.softwareag.com\/de\/legal\/","og_locale":"de_DE","og_type":"article","og_title":"Legal","og_description":"Understand the legal terms of use for Software AG's website and the importance of compliance while accessing our resources.","og_url":"https:\/\/www.softwareag.com\/de\/legal\/","og_site_name":"Software AG","article_publisher":"https:\/\/www.facebook.com\/SoftwareAG","article_modified_time":"2026-01-05T16:42:46+00:00","og_image":[{"width":800,"height":450,"url":"https:\/\/www.softwareag.com\/app\/uploads\/2025\/09\/software-gmbh-dark-logo-bg_Small.jpeg","type":"image\/jpeg"}],"twitter_card":"summary_large_image","twitter_site":"@softwareag","twitter_misc":{"Est. reading time":"7 minutes"},"schema":{"@context":"https:\/\/schema.org","@graph":[{"@type":"WebPage","@id":"https:\/\/www.softwareag.com\/de\/legal\/","url":"https:\/\/www.softwareag.com\/de\/legal\/","name":"Legal Guidelines for Using Software AG Sites | Software AG","isPartOf":{"@id":"https:\/\/www.softwareag.com\/en\/#website"},"datePublished":"2025-08-26T14:34:56+00:00","dateModified":"2026-01-05T16:42:46+00:00","description":"Understand the legal terms of use for Software AG's website and the importance of compliance while accessing our resources.","breadcrumb":{"@id":"https:\/\/www.softwareag.com\/de\/legal\/#breadcrumb"},"inLanguage":"de-DE","potentialAction":[{"@type":"ReadAction","target":["https:\/\/www.softwareag.com\/de\/legal\/"]}]},{"@type":"BreadcrumbList","@id":"https:\/\/www.softwareag.com\/de\/legal\/#breadcrumb","itemListElement":[{"@type":"ListItem","position":1,"name":"Home","item":"https:\/\/www.softwareag.com\/de\/"},{"@type":"ListItem","position":2,"name":"Legal"}]},{"@type":"WebSite","@id":"https:\/\/www.softwareag.com\/en\/#website","url":"https:\/\/www.softwareag.com\/en\/","name":"Software AG","description":"L\u00f6sungen und Dienstleistungen der Software AG f\u00fcr die digitale Transformation","publisher":{"@id":"https:\/\/www.softwareag.com\/en\/#organization"},"alternateName":"SAG","potentialAction":[{"@type":"SearchAction","target":{"@type":"EntryPoint","urlTemplate":"https:\/\/www.softwareag.com\/en\/?s={search_term_string}"},"query-input":{"@type":"PropertyValueSpecification","valueRequired":true,"valueName":"search_term_string"}}],"inLanguage":"de-DE"},{"@type":"Organization","@id":"https:\/\/www.softwareag.com\/en\/#organization","name":"Software AG","alternateName":"SAG","url":"https:\/\/www.softwareag.com\/en\/","logo":{"@type":"ImageObject","inLanguage":"de-DE","@id":"https:\/\/www.softwareag.com\/en\/#\/schema\/logo\/image\/","url":"https:\/\/www.softwareag.com\/app\/uploads\/2025\/09\/software-gmbh-dark-logo-bg_Small.jpeg","contentUrl":"https:\/\/www.softwareag.com\/app\/uploads\/2025\/09\/software-gmbh-dark-logo-bg_Small.jpeg","width":800,"height":450,"caption":"Software AG"},"image":{"@id":"https:\/\/www.softwareag.com\/en\/#\/schema\/logo\/image\/"},"sameAs":["https:\/\/www.facebook.com\/SoftwareAG","https:\/\/x.com\/softwareag","https:\/\/www.linkedin.com\/company\/software-ag","https:\/\/www.youtube.com\/user\/SOFTWAREAG"],"description":"Software AG is a global enterprise software company dedicated to facilitating digital transformation for large-scale organizations. They specialize in modernizing legacy infrastructure, optimizing mainframe operations, and enabling seamless data integration across hybrid environments.","numberOfEmployees":{"@type":"QuantitativeValue","minValue":"501","maxValue":"1000"}}]}},"_links":{"self":[{"href":"https:\/\/www.softwareag.com\/de\/wp-json\/wp\/v2\/pages\/585","targetHints":{"allow":["GET"]}}],"collection":[{"href":"https:\/\/www.softwareag.com\/de\/wp-json\/wp\/v2\/pages"}],"about":[{"href":"https:\/\/www.softwareag.com\/de\/wp-json\/wp\/v2\/types\/page"}],"author":[{"embeddable":true,"href":"https:\/\/www.softwareag.com\/de\/wp-json\/wp\/v2\/users\/9"}],"replies":[{"embeddable":true,"href":"https:\/\/www.softwareag.com\/de\/wp-json\/wp\/v2\/comments?post=585"}],"version-history":[{"count":5,"href":"https:\/\/www.softwareag.com\/de\/wp-json\/wp\/v2\/pages\/585\/revisions"}],"predecessor-version":[{"id":4597,"href":"https:\/\/www.softwareag.com\/de\/wp-json\/wp\/v2\/pages\/585\/revisions\/4597"}],"wp:attachment":[{"href":"https:\/\/www.softwareag.com\/de\/wp-json\/wp\/v2\/media?parent=585"}],"curies":[{"name":"wp","href":"https:\/\/api.w.org\/{rel}","templated":true}]}}