{"id":1068,"date":"2025-09-08T17:13:42","date_gmt":"2025-09-08T21:13:42","guid":{"rendered":"https:\/\/www.softwareag.com\/?page_id=1068"},"modified":"2026-03-13T10:51:25","modified_gmt":"2026-03-13T14:51:25","slug":"csr","status":"publish","type":"page","link":"https:\/\/www.softwareag.com\/es\/company\/csr\/","title":{"rendered":"Responsabilidad Social de las Empresas"},"content":{"rendered":"<p>Software AG opera en muchos pa\u00edses y culturas diferentes, pero sigue actuando como una sola empresa en su forma de hacer negocios. Uno de los aspectos m\u00e1s importantes de nuestro trabajo es establecer y fomentar la confianza con nuestros clientes, proveedores, socios, accionistas y entre nosotros mismos. Esto solo es posible mediante un compromiso conjunto para gestionar de forma responsable la confianza depositada en nosotros y hacer todo lo posible para evitar comportamientos poco \u00e9ticos o ilegales.<\/p>\n\n\n\n<h2 class=\"wp-block-heading\" id=\"h-human-rights-at-the-heart-of-our-corporate-culture\">Los derechos humanos: en el centro de nuestra cultura corporativa<\/h2>\n\n\n\n<p>El mundo se enfrenta actualmente a numerosos retos, entre ellos los relacionados con el medio ambiente, la econom\u00eda mundial, la salud, las cuestiones sociales y la macroeconom\u00eda pol\u00edtica. En estos tiempos, es m\u00e1s importante que nunca reafirmar nuestro firme compromiso con los derechos humanos en todas las partes de nuestro ecosistema operativo, con y para nuestros empleados, clientes, socios y proveedores, as\u00ed como para las comunidades que nos rodean.<\/p>\n\n\n\n<p><a href=\"\/app\/uploads\/2025\/09\/202207_sow_en_human_rights_commitment.pdf\" target=\"_blank\" rel=\"noreferrer noopener\" data-no-translation>Human Rights Commitment<\/a><\/p>\n\n\n\n<p><a href=\"https:\/\/www.softwareag.com\/app\/uploads\/2025\/09\/software-ag-uk-modern-slavery-statement.pdf\" target=\"_blank\" rel=\"noreferrer noopener\" data-no-translation>Statement against Modern Slavery and Human Trafficking (UK)<\/a><\/p>\n\n\n\n<h2 class=\"wp-block-heading\" id=\"h-sustainability\">Sostenibilidad<\/h2>\n\n\n\n<p class=\"translation-block\">Contamos con una medalla de bronce y 64 de 100 puntos en nuestra tarjeta de puntuaci\u00f3n Ecovadis as\u00ed como una calificaci\u00f3n C con CDP, lo que demuestra nuestro trabajo activo en la resoluci\u00f3n de cuestiones ESG.  <a href=\"https:\/\/www.softwareag.com\/es\/company\/sustainability\/\" target=\"_self\">M\u00e1s informaci\u00f3n<\/a> sobre nuestras iniciativas de sostenibilidad.<\/p>\n\n\n\n<h2 class=\"wp-block-heading\" id=\"h-ethics-amp-compliance\">\u00c9tica y cumplimiento<\/h2>\n\n\n\n<h3 class=\"wp-block-heading\" id=\"h-our-code-of-business-conduct-and-ethics\">Nuestro c\u00f3digo de conducta y \u00e9tica empresarial<\/h3>\n\n\n\n<p>En Software AG, la integridad, la transparencia y la responsabilidad son los pilares fundamentales de nuestra forma de hacer negocios. Nuestro c\u00f3digo de conducta y \u00e9tica empresarial refleja nuestro compromiso de mantener los m\u00e1s altos est\u00e1ndares de comportamiento \u00e9tico en todos los aspectos de nuestras operaciones. Sirve de gu\u00eda para todos los empleados en su trabajo diario, ayud\u00e1ndonos a afrontar situaciones complejas con claridad y confianza.<\/p>\n\n\n\n<p><a href=\"https:\/\/www.softwareag.com\/app\/uploads\/2026\/02\/Global_CoC_English_v2.2.pdf\" target=\"_blank\" rel=\"noreferrer noopener\" data-no-translation>Global Code of Conduct &amp; Ethics (EN)<\/a><\/p>\n\n\n\n<p><a href=\"https:\/\/www.softwareag.com\/app\/uploads\/2026\/02\/Global_CoC_German_v2.2.pdf\" target=\"_blank\" rel=\"noreferrer noopener\" data-no-translation>Global Code of Conduct &amp; Ethics (DE)<\/a><\/p>\n\n\n\n<p><a href=\"https:\/\/www.softwareag.com\/app\/uploads\/2025\/12\/Global_Code-of-Condct_Ethics_PT_v2.0.pdf\" target=\"_blank\" rel=\"noreferrer noopener\" data-no-translation>Global Code of Conduct &amp; Ethics (PT-BR)<\/a><\/p>\n\n\n\n<h3 class=\"wp-block-heading\" id=\"h-supplier-amp-partner-code-of-conduct\">C\u00f3digo de conducta para proveedores y socios<\/h3>\n\n\n\n<p>Esperamos que nuestros proveedores y socios act\u00faen de manera responsable, respeten los derechos humanos, cumplan con la normativa laboral, luchen contra la corrupci\u00f3n y protejan el medio ambiente. Nuestras expectativas concretas se resumen en este documento:<\/p>\n\n\n\n<ul class=\"wp-block-list\">\n<li><a href=\"\/app\/uploads\/2025\/09\/Supplier-Partner-Code-of-Conduct-EN.pdf\" target=\"_blank\" rel=\"noreferrer noopener\" data-no-translation>Supplier &amp; Partner Code of Conduct (EN)<\/a>\n<ul class=\"wp-block-list\">\n<li><a href=\"\/app\/uploads\/2025\/09\/Supplier-Declaration-EN.pdf\" target=\"_blank\" rel=\"noreferrer noopener\" data-no-translation>Supplier Declaration (EN)<\/a><\/li>\n<\/ul>\n<\/li>\n\n\n\n<li><a href=\"\/app\/uploads\/2025\/09\/Supplier-Partner-Code-of-Conduct-DE.pdf\" target=\"_blank\" rel=\"noreferrer noopener\" data-no-translation>Supplier &amp; Partner Code of Conduct (DE)<\/a>\n<ul class=\"wp-block-list\">\n<li><a href=\"\/app\/uploads\/2025\/09\/Supplier-Declaration-DE.pdf\" target=\"_blank\" rel=\"noreferrer noopener\" data-no-translation>Supplier Declaration (DE)<\/a><\/li>\n<\/ul>\n<\/li>\n\n\n\n<li><a href=\"\/app\/uploads\/2025\/09\/Supplier-Partner-Code-of-Conduct-ES.pdf\" target=\"_blank\" rel=\"noreferrer noopener\" data-no-translation>Supplier &amp; Partner Code of Conduct (ES)<\/a><\/li>\n\n\n\n<li><a href=\"https:\/\/www.softwareag.com\/app\/uploads\/2025\/12\/SupplierPartnerCoC_PT_v2.0.pdf\" target=\"_blank\" rel=\"noreferrer noopener\" data-no-translation>Supplier &amp; Partner Code of Conduct (PT-BR<kbd>)<\/kbd><\/a><\/li>\n<\/ul>\n\n\n\n<h3 class=\"wp-block-heading\" id=\"h-our-compliance-reporting\">Nuestro sistema de denuncia de incumplimientos<\/h3>\n\n\n\n<p>Si detecta alguna desviaci\u00f3n de nuestras normas de cumplimiento, le rogamos que se lo comunique. Disponemos de un sistema de informe de \u00faltima generaci\u00f3n en el que puede enviar su hallazgo de forma totalmente an\u00f3nima si lo desea. \u00a1Agradecemos cualquier informaci\u00f3n que nos facilite!<\/p>\n\n\n\n<div class=\"wp-block-buttons is-layout-flex wp-block-buttons-is-layout-flex\" style=\"padding-bottom:var(--wp--preset--spacing--xxl)\">\n<div class=\"wp-block-button\"><a class=\"wp-block-button__link wp-element-button\" href=\"https:\/\/softwareag.integrityline.com\/\">Redactar un informe<\/a><\/div>\n\n\n\n\n\n<div class=\"wp-block-button\"><a class=\"wp-block-button__link wp-element-button\" href=\"https:\/\/www.softwareag.com\/app\/uploads\/2025\/09\/RulesofProcedure.pdf\" data-no-translation>Leer las normas de procedimiento (EN)<\/a><\/div>\n\n\n<\/div>\n\n\n\n<p><\/p>","protected":false},"excerpt":{"rendered":"<p>SAG Deutschland GmbH operates in many different countries and cultures while still acting as one company in the way we do business. One of the most [&hellip;]<\/p>","protected":false},"author":9,"featured_media":0,"parent":1070,"menu_order":0,"comment_status":"closed","ping_status":"closed","template":"","meta":{"_acf_changed":false,"footnotes":""},"class_list":["post-1068","page","type-page","status-publish","hentry"],"acf":[],"yoast_head":"<!-- This site is optimized with the Yoast SEO Premium plugin v27.2 (Yoast SEO v27.2) - https:\/\/yoast.com\/product\/yoast-seo-premium-wordpress\/ -->\n<title>Compliance &amp; Corporate Social Responsibility at Software AG | Software AG<\/title>\n<meta name=\"description\" content=\"Explore Compliance &amp; Corporate Social Responsibility at Software AG and how we build trust across cultures and countries.\" \/>\n<meta name=\"robots\" content=\"index, follow, max-snippet:-1, max-image-preview:large, max-video-preview:-1\" \/>\n<link rel=\"canonical\" href=\"https:\/\/www.softwareag.com\/es\/company\/csr\/\" \/>\n<meta property=\"og:locale\" content=\"es_ES\" \/>\n<meta property=\"og:type\" content=\"article\" \/>\n<meta property=\"og:title\" content=\"Compliance &amp; Corporate Social Responsibility\" \/>\n<meta property=\"og:description\" content=\"Explore Compliance &amp; Corporate Social Responsibility at Software AG and how we build trust across cultures and countries.\" \/>\n<meta property=\"og:url\" content=\"https:\/\/www.softwareag.com\/es\/company\/csr\/\" \/>\n<meta property=\"og:site_name\" content=\"Software AG\" \/>\n<meta property=\"article:publisher\" content=\"https:\/\/www.facebook.com\/SoftwareAG\" \/>\n<meta property=\"article:modified_time\" content=\"2026-03-13T14:51:25+00:00\" \/>\n<meta property=\"og:image\" content=\"https:\/\/www.softwareag.com\/app\/uploads\/2025\/09\/software-gmbh-dark-logo-bg_Small.jpeg\" \/>\n\t<meta property=\"og:image:width\" content=\"800\" \/>\n\t<meta property=\"og:image:height\" content=\"450\" \/>\n\t<meta property=\"og:image:type\" content=\"image\/jpeg\" \/>\n<meta name=\"twitter:card\" content=\"summary_large_image\" \/>\n<meta name=\"twitter:site\" content=\"@softwareag\" \/>\n<meta name=\"twitter:label1\" content=\"Est. reading time\" \/>\n\t<meta name=\"twitter:data1\" content=\"2 minutes\" \/>\n<script type=\"application\/ld+json\" class=\"yoast-schema-graph\">{\"@context\":\"https:\/\/schema.org\",\"@graph\":[{\"@type\":\"WebPage\",\"@id\":\"https:\/\/www.softwareag.com\/company\/csr\/\",\"url\":\"https:\/\/www.softwareag.com\/company\/csr\/\",\"name\":\"Compliance & Corporate Social Responsibility at Software AG | Software AG\",\"isPartOf\":{\"@id\":\"https:\/\/www.softwareag.com\/en\/#website\"},\"datePublished\":\"2025-09-08T21:13:42+00:00\",\"dateModified\":\"2026-03-13T14:51:25+00:00\",\"description\":\"Explore Compliance & Corporate Social Responsibility at Software AG and how we build trust across cultures and countries.\",\"breadcrumb\":{\"@id\":\"https:\/\/www.softwareag.com\/company\/csr\/#breadcrumb\"},\"inLanguage\":\"es-ES\",\"potentialAction\":[{\"@type\":\"ReadAction\",\"target\":[\"https:\/\/www.softwareag.com\/company\/csr\/\"]}]},{\"@type\":\"BreadcrumbList\",\"@id\":\"https:\/\/www.softwareag.com\/company\/csr\/#breadcrumb\",\"itemListElement\":[{\"@type\":\"ListItem\",\"position\":1,\"name\":\"Home\",\"item\":\"https:\/\/www.softwareag.com\/de\/\"},{\"@type\":\"ListItem\",\"position\":2,\"name\":\"Company\",\"item\":\"https:\/\/www.softwareag.com\/en\/company\/\"},{\"@type\":\"ListItem\",\"position\":3,\"name\":\"Compliance &amp; Corporate Social Responsibility\"}]},{\"@type\":\"WebSite\",\"@id\":\"https:\/\/www.softwareag.com\/en\/#website\",\"url\":\"https:\/\/www.softwareag.com\/en\/\",\"name\":\"Software AG\",\"description\":\"Software AG&#039;s digital transformation solutions &amp; services\",\"publisher\":{\"@id\":\"https:\/\/www.softwareag.com\/en\/#organization\"},\"alternateName\":\"SAG\",\"potentialAction\":[{\"@type\":\"SearchAction\",\"target\":{\"@type\":\"EntryPoint\",\"urlTemplate\":\"https:\/\/www.softwareag.com\/en\/?s={search_term_string}\"},\"query-input\":{\"@type\":\"PropertyValueSpecification\",\"valueRequired\":true,\"valueName\":\"search_term_string\"}}],\"inLanguage\":\"es-ES\"},{\"@type\":\"Organization\",\"@id\":\"https:\/\/www.softwareag.com\/en\/#organization\",\"name\":\"Software AG\",\"alternateName\":\"SAG\",\"url\":\"https:\/\/www.softwareag.com\/en\/\",\"logo\":{\"@type\":\"ImageObject\",\"inLanguage\":\"es-ES\",\"@id\":\"https:\/\/www.softwareag.com\/en\/#\/schema\/logo\/image\/\",\"url\":\"https:\/\/www.softwareag.com\/app\/uploads\/2025\/09\/software-gmbh-dark-logo-bg_Small.jpeg\",\"contentUrl\":\"https:\/\/www.softwareag.com\/app\/uploads\/2025\/09\/software-gmbh-dark-logo-bg_Small.jpeg\",\"width\":800,\"height\":450,\"caption\":\"Software AG\"},\"image\":{\"@id\":\"https:\/\/www.softwareag.com\/en\/#\/schema\/logo\/image\/\"},\"sameAs\":[\"https:\/\/www.facebook.com\/SoftwareAG\",\"https:\/\/x.com\/softwareag\",\"https:\/\/www.linkedin.com\/company\/software-ag\",\"https:\/\/www.youtube.com\/user\/SOFTWAREAG\"],\"description\":\"Software AG is a global enterprise software company dedicated to facilitating digital transformation for large-scale organizations. They specialize in modernizing legacy infrastructure, optimizing mainframe operations, and enabling seamless data integration across hybrid environments.\",\"numberOfEmployees\":{\"@type\":\"QuantitativeValue\",\"minValue\":\"501\",\"maxValue\":\"1000\"}}]}<\/script>\n<!-- \/ Yoast SEO Premium plugin. -->","yoast_head_json":{"title":"Compliance & Corporate Social Responsibility at Software AG | Software AG","description":"Explore Compliance & Corporate Social Responsibility at Software AG and how we build trust across cultures and countries.","robots":{"index":"index","follow":"follow","max-snippet":"max-snippet:-1","max-image-preview":"max-image-preview:large","max-video-preview":"max-video-preview:-1"},"canonical":"https:\/\/www.softwareag.com\/es\/company\/csr\/","og_locale":"es_ES","og_type":"article","og_title":"Compliance &amp; Corporate Social Responsibility","og_description":"Explore Compliance & Corporate Social Responsibility at Software AG and how we build trust across cultures and countries.","og_url":"https:\/\/www.softwareag.com\/es\/company\/csr\/","og_site_name":"Software AG","article_publisher":"https:\/\/www.facebook.com\/SoftwareAG","article_modified_time":"2026-03-13T14:51:25+00:00","og_image":[{"width":800,"height":450,"url":"https:\/\/www.softwareag.com\/app\/uploads\/2025\/09\/software-gmbh-dark-logo-bg_Small.jpeg","type":"image\/jpeg"}],"twitter_card":"summary_large_image","twitter_site":"@softwareag","twitter_misc":{"Est. reading time":"2 minutes"},"schema":{"@context":"https:\/\/schema.org","@graph":[{"@type":"WebPage","@id":"https:\/\/www.softwareag.com\/company\/csr\/","url":"https:\/\/www.softwareag.com\/company\/csr\/","name":"Compliance & Corporate Social Responsibility at Software AG | Software AG","isPartOf":{"@id":"https:\/\/www.softwareag.com\/en\/#website"},"datePublished":"2025-09-08T21:13:42+00:00","dateModified":"2026-03-13T14:51:25+00:00","description":"Explore Compliance & Corporate Social Responsibility at Software AG and how we build trust across cultures and countries.","breadcrumb":{"@id":"https:\/\/www.softwareag.com\/company\/csr\/#breadcrumb"},"inLanguage":"es-ES","potentialAction":[{"@type":"ReadAction","target":["https:\/\/www.softwareag.com\/company\/csr\/"]}]},{"@type":"BreadcrumbList","@id":"https:\/\/www.softwareag.com\/company\/csr\/#breadcrumb","itemListElement":[{"@type":"ListItem","position":1,"name":"Home","item":"https:\/\/www.softwareag.com\/de\/"},{"@type":"ListItem","position":2,"name":"Company","item":"https:\/\/www.softwareag.com\/en\/company\/"},{"@type":"ListItem","position":3,"name":"Compliance &amp; Corporate Social Responsibility"}]},{"@type":"WebSite","@id":"https:\/\/www.softwareag.com\/en\/#website","url":"https:\/\/www.softwareag.com\/en\/","name":"Software AG","description":"Soluciones y servicios de transformaci\u00f3n digital de Software AG","publisher":{"@id":"https:\/\/www.softwareag.com\/en\/#organization"},"alternateName":"SAG","potentialAction":[{"@type":"SearchAction","target":{"@type":"EntryPoint","urlTemplate":"https:\/\/www.softwareag.com\/en\/?s={search_term_string}"},"query-input":{"@type":"PropertyValueSpecification","valueRequired":true,"valueName":"search_term_string"}}],"inLanguage":"es-ES"},{"@type":"Organization","@id":"https:\/\/www.softwareag.com\/en\/#organization","name":"Software AG","alternateName":"SAG","url":"https:\/\/www.softwareag.com\/en\/","logo":{"@type":"ImageObject","inLanguage":"es-ES","@id":"https:\/\/www.softwareag.com\/en\/#\/schema\/logo\/image\/","url":"https:\/\/www.softwareag.com\/app\/uploads\/2025\/09\/software-gmbh-dark-logo-bg_Small.jpeg","contentUrl":"https:\/\/www.softwareag.com\/app\/uploads\/2025\/09\/software-gmbh-dark-logo-bg_Small.jpeg","width":800,"height":450,"caption":"Software AG"},"image":{"@id":"https:\/\/www.softwareag.com\/en\/#\/schema\/logo\/image\/"},"sameAs":["https:\/\/www.facebook.com\/SoftwareAG","https:\/\/x.com\/softwareag","https:\/\/www.linkedin.com\/company\/software-ag","https:\/\/www.youtube.com\/user\/SOFTWAREAG"],"description":"Software AG is a global enterprise software company dedicated to facilitating digital transformation for large-scale organizations. They specialize in modernizing legacy infrastructure, optimizing mainframe operations, and enabling seamless data integration across hybrid environments.","numberOfEmployees":{"@type":"QuantitativeValue","minValue":"501","maxValue":"1000"}}]}},"_links":{"self":[{"href":"https:\/\/www.softwareag.com\/es\/wp-json\/wp\/v2\/pages\/1068","targetHints":{"allow":["GET"]}}],"collection":[{"href":"https:\/\/www.softwareag.com\/es\/wp-json\/wp\/v2\/pages"}],"about":[{"href":"https:\/\/www.softwareag.com\/es\/wp-json\/wp\/v2\/types\/page"}],"author":[{"embeddable":true,"href":"https:\/\/www.softwareag.com\/es\/wp-json\/wp\/v2\/users\/9"}],"replies":[{"embeddable":true,"href":"https:\/\/www.softwareag.com\/es\/wp-json\/wp\/v2\/comments?post=1068"}],"version-history":[{"count":18,"href":"https:\/\/www.softwareag.com\/es\/wp-json\/wp\/v2\/pages\/1068\/revisions"}],"predecessor-version":[{"id":6370,"href":"https:\/\/www.softwareag.com\/es\/wp-json\/wp\/v2\/pages\/1068\/revisions\/6370"}],"up":[{"embeddable":true,"href":"https:\/\/www.softwareag.com\/es\/wp-json\/wp\/v2\/pages\/1070"}],"wp:attachment":[{"href":"https:\/\/www.softwareag.com\/es\/wp-json\/wp\/v2\/media?parent=1068"}],"curies":[{"name":"wp","href":"https:\/\/api.w.org\/{rel}","templated":true}]}}