{"id":1171,"date":"2025-09-09T12:46:09","date_gmt":"2025-09-09T16:46:09","guid":{"rendered":"https:\/\/www.softwareag.com\/?page_id=1171"},"modified":"2026-01-05T14:59:03","modified_gmt":"2026-01-05T18:59:03","slug":"schedule-a-demo","status":"publish","type":"page","link":"https:\/\/www.softwareag.com\/es\/schedule-a-demo\/","title":{"rendered":"Schedule a Demo"},"content":{"rendered":"<div class=\"wp-block-group has-global-padding is-layout-constrained wp-block-group-is-layout-constrained\" style=\"padding-bottom:var(--wp--preset--spacing--l)\">\n<p>Ampl\u00ede el valor de sus sistemas centrales probados y ad\u00e1ptese a las exigencias actuales y futuras. Mantenga las aplicaciones de las que depende su negocio y aproveche las ventajas de la modernizaci\u00f3n sin alterar lo que funciona. Desde la optimizaci\u00f3n de aplicaciones y bases de datos hasta la gesti\u00f3n eficiente de la carga de trabajo, le ayudamos a evolucionar a su ritmo, preservando al mismo tiempo las inversiones que mantienen su negocio en funcionamiento.&nbsp;<\/p>\n\n\n\n<p><\/p>\n<\/div>\n\n\n\n<div class=\"wp-block-group has-global-padding is-layout-constrained wp-block-group-is-layout-constrained\" style=\"padding-bottom:var(--wp--preset--spacing--l)\">\n<hr class=\"wp-block-separator has-alpha-channel-opacity\"\/>\n\n\n\n<h2 class=\"wp-block-heading\" id=\"h-schedule-a-demo-today\">Programe una demostraci\u00f3n hoy mismo. <\/h2>\n\n\n\n<script src=\"\/\/discover.softwareag.com\/js\/forms2\/js\/forms2.min.js\"><\/script> <form id=\"mktoForm_1004\" action=\"\"><input type=\"hidden\" name=\"trp-form-language\" value=\"es\"\/><\/form> <script>MktoForms2.loadForm(\"\/\/discover.softwareag.com\", \"096-VEV-482\", 1004);<\/script>\n<\/div>\n\n\n\n<div class=\"wp-block-group has-global-padding is-layout-constrained wp-block-group-is-layout-constrained\" style=\"padding-bottom:var(--wp--preset--spacing--l)\">\n<hr class=\"wp-block-separator has-alpha-channel-opacity\"\/>\n\n\n\n<h2 class=\"wp-block-heading translation-block\" id=\"h-see-what-people-say-about-software-ag\">Vea lo que dice la gente sobre Software AG<\/h2>\n\n\n\n<p>Las opiniones de nuestros clientes son lo m\u00e1s importante. Lea lo que dicen en las rese\u00f1as de G2 sobre nuestras l\u00edneas de productos y luego vuelva para reservar su propia demostraci\u00f3n.<\/p>\n\n\n\n<div class=\"wp-block-buttons is-layout-flex wp-block-buttons-is-layout-flex\">\n<div class=\"wp-block-button\"><a class=\"wp-block-button__link wp-element-button\" href=\"https:\/\/www.g2.com\/sellers\/software-gmbh\" target=\"_blank\" rel=\"noreferrer noopener\">Leer rese\u00f1as de G2<\/a><\/div>\n<\/div>\n\n\n\n<figure class=\"wp-block-image size-large\"><img loading=\"lazy\" decoding=\"async\" width=\"1276\" height=\"725\" src=\"https:\/\/www.softwareag.com\/app\/uploads\/2025\/09\/blog-3x-winner-g2-hero-form-3-03.svg\" alt=\"G2 badges\" class=\"wp-image-1197\"\/><\/figure>\n<\/div>","protected":false},"excerpt":{"rendered":"<p>Extend the value of your proven core systems while adapting to today and tomorrow\u2019s demands. Maintain the applications your business depends on and realize the benefits [&hellip;]<\/p>","protected":false},"author":9,"featured_media":0,"parent":0,"menu_order":0,"comment_status":"closed","ping_status":"closed","template":"","meta":{"_acf_changed":false,"footnotes":""},"class_list":["post-1171","page","type-page","status-publish","hentry"],"acf":[],"yoast_head":"<!-- This site is optimized with the Yoast SEO Premium plugin v27.2 (Yoast SEO v27.2) - https:\/\/yoast.com\/product\/yoast-seo-premium-wordpress\/ -->\n<title>Schedule a Demo | Software AG<\/title>\n<meta name=\"description\" content=\"Discover how to modernize your systems. Schedule a demo with Software AG and see the benefits for your business today.\" \/>\n<meta name=\"robots\" content=\"index, follow, max-snippet:-1, max-image-preview:large, max-video-preview:-1\" \/>\n<link rel=\"canonical\" href=\"https:\/\/www.softwareag.com\/es\/schedule-a-demo\/\" \/>\n<meta property=\"og:locale\" content=\"es_ES\" \/>\n<meta property=\"og:type\" content=\"article\" \/>\n<meta property=\"og:title\" content=\"Schedule a Demo\" \/>\n<meta property=\"og:description\" content=\"Discover how to modernize your systems. Schedule a demo with Software AG and see the benefits for your business today.\" \/>\n<meta property=\"og:url\" content=\"https:\/\/www.softwareag.com\/es\/schedule-a-demo\/\" \/>\n<meta property=\"og:site_name\" content=\"Software AG\" \/>\n<meta property=\"article:publisher\" content=\"https:\/\/www.facebook.com\/SoftwareAG\" \/>\n<meta property=\"article:modified_time\" content=\"2026-01-05T18:59:03+00:00\" \/>\n<meta property=\"og:image\" content=\"https:\/\/www.softwareag.com\/app\/uploads\/2025\/09\/blog-3x-winner-g2-hero-form-3-03.svg\" \/>\n<meta name=\"twitter:card\" content=\"summary_large_image\" \/>\n<meta name=\"twitter:site\" content=\"@softwareag\" \/>\n<meta name=\"twitter:label1\" content=\"Est. reading time\" \/>\n\t<meta name=\"twitter:data1\" content=\"1 minute\" \/>\n<script type=\"application\/ld+json\" class=\"yoast-schema-graph\">{\"@context\":\"https:\/\/schema.org\",\"@graph\":[{\"@type\":\"WebPage\",\"@id\":\"https:\/\/www.softwareag.com\/schedule-a-demo\/\",\"url\":\"https:\/\/www.softwareag.com\/schedule-a-demo\/\",\"name\":\"Schedule a Demo | Software AG\",\"isPartOf\":{\"@id\":\"https:\/\/www.softwareag.com\/en\/#website\"},\"primaryImageOfPage\":{\"@id\":\"https:\/\/www.softwareag.com\/schedule-a-demo\/#primaryimage\"},\"image\":{\"@id\":\"https:\/\/www.softwareag.com\/schedule-a-demo\/#primaryimage\"},\"thumbnailUrl\":\"https:\/\/www.softwareag.com\/app\/uploads\/2025\/09\/blog-3x-winner-g2-hero-form-3-03.svg\",\"datePublished\":\"2025-09-09T16:46:09+00:00\",\"dateModified\":\"2026-01-05T18:59:03+00:00\",\"description\":\"Discover how to modernize your systems. Schedule a demo with Software AG and see the benefits for your business today.\",\"breadcrumb\":{\"@id\":\"https:\/\/www.softwareag.com\/schedule-a-demo\/#breadcrumb\"},\"inLanguage\":\"es-ES\",\"potentialAction\":[{\"@type\":\"ReadAction\",\"target\":[\"https:\/\/www.softwareag.com\/schedule-a-demo\/\"]}]},{\"@type\":\"ImageObject\",\"inLanguage\":\"es-ES\",\"@id\":\"https:\/\/www.softwareag.com\/schedule-a-demo\/#primaryimage\",\"url\":\"https:\/\/www.softwareag.com\/app\/uploads\/2025\/09\/blog-3x-winner-g2-hero-form-3-03.svg\",\"contentUrl\":\"https:\/\/www.softwareag.com\/app\/uploads\/2025\/09\/blog-3x-winner-g2-hero-form-3-03.svg\"},{\"@type\":\"BreadcrumbList\",\"@id\":\"https:\/\/www.softwareag.com\/schedule-a-demo\/#breadcrumb\",\"itemListElement\":[{\"@type\":\"ListItem\",\"position\":1,\"name\":\"Home\",\"item\":\"https:\/\/www.softwareag.com\/de\/\"},{\"@type\":\"ListItem\",\"position\":2,\"name\":\"Schedule a Demo\"}]},{\"@type\":\"WebSite\",\"@id\":\"https:\/\/www.softwareag.com\/en\/#website\",\"url\":\"https:\/\/www.softwareag.com\/en\/\",\"name\":\"Software AG\",\"description\":\"Software AG&#039;s digital transformation solutions &amp; services\",\"publisher\":{\"@id\":\"https:\/\/www.softwareag.com\/en\/#organization\"},\"alternateName\":\"SAG\",\"potentialAction\":[{\"@type\":\"SearchAction\",\"target\":{\"@type\":\"EntryPoint\",\"urlTemplate\":\"https:\/\/www.softwareag.com\/en\/?s={search_term_string}\"},\"query-input\":{\"@type\":\"PropertyValueSpecification\",\"valueRequired\":true,\"valueName\":\"search_term_string\"}}],\"inLanguage\":\"es-ES\"},{\"@type\":\"Organization\",\"@id\":\"https:\/\/www.softwareag.com\/en\/#organization\",\"name\":\"Software AG\",\"alternateName\":\"SAG\",\"url\":\"https:\/\/www.softwareag.com\/en\/\",\"logo\":{\"@type\":\"ImageObject\",\"inLanguage\":\"es-ES\",\"@id\":\"https:\/\/www.softwareag.com\/en\/#\/schema\/logo\/image\/\",\"url\":\"https:\/\/www.softwareag.com\/app\/uploads\/2025\/09\/software-gmbh-dark-logo-bg_Small.jpeg\",\"contentUrl\":\"https:\/\/www.softwareag.com\/app\/uploads\/2025\/09\/software-gmbh-dark-logo-bg_Small.jpeg\",\"width\":800,\"height\":450,\"caption\":\"Software AG\"},\"image\":{\"@id\":\"https:\/\/www.softwareag.com\/en\/#\/schema\/logo\/image\/\"},\"sameAs\":[\"https:\/\/www.facebook.com\/SoftwareAG\",\"https:\/\/x.com\/softwareag\",\"https:\/\/www.linkedin.com\/company\/software-ag\",\"https:\/\/www.youtube.com\/user\/SOFTWAREAG\"],\"description\":\"Software AG is a global enterprise software company dedicated to facilitating digital transformation for large-scale organizations. They specialize in modernizing legacy infrastructure, optimizing mainframe operations, and enabling seamless data integration across hybrid environments.\",\"numberOfEmployees\":{\"@type\":\"QuantitativeValue\",\"minValue\":\"501\",\"maxValue\":\"1000\"}}]}<\/script>\n<!-- \/ Yoast SEO Premium plugin. -->","yoast_head_json":{"title":"Schedule a Demo | Software AG","description":"Discover how to modernize your systems. Schedule a demo with Software AG and see the benefits for your business today.","robots":{"index":"index","follow":"follow","max-snippet":"max-snippet:-1","max-image-preview":"max-image-preview:large","max-video-preview":"max-video-preview:-1"},"canonical":"https:\/\/www.softwareag.com\/es\/schedule-a-demo\/","og_locale":"es_ES","og_type":"article","og_title":"Schedule a Demo","og_description":"Discover how to modernize your systems. Schedule a demo with Software AG and see the benefits for your business today.","og_url":"https:\/\/www.softwareag.com\/es\/schedule-a-demo\/","og_site_name":"Software AG","article_publisher":"https:\/\/www.facebook.com\/SoftwareAG","article_modified_time":"2026-01-05T18:59:03+00:00","og_image":[{"url":"https:\/\/www.softwareag.com\/app\/uploads\/2025\/09\/blog-3x-winner-g2-hero-form-3-03.svg","type":"","width":"","height":""}],"twitter_card":"summary_large_image","twitter_site":"@softwareag","twitter_misc":{"Est. reading time":"1 minute"},"schema":{"@context":"https:\/\/schema.org","@graph":[{"@type":"WebPage","@id":"https:\/\/www.softwareag.com\/schedule-a-demo\/","url":"https:\/\/www.softwareag.com\/schedule-a-demo\/","name":"Schedule a Demo | Software AG","isPartOf":{"@id":"https:\/\/www.softwareag.com\/en\/#website"},"primaryImageOfPage":{"@id":"https:\/\/www.softwareag.com\/schedule-a-demo\/#primaryimage"},"image":{"@id":"https:\/\/www.softwareag.com\/schedule-a-demo\/#primaryimage"},"thumbnailUrl":"https:\/\/www.softwareag.com\/app\/uploads\/2025\/09\/blog-3x-winner-g2-hero-form-3-03.svg","datePublished":"2025-09-09T16:46:09+00:00","dateModified":"2026-01-05T18:59:03+00:00","description":"Discover how to modernize your systems. Schedule a demo with Software AG and see the benefits for your business today.","breadcrumb":{"@id":"https:\/\/www.softwareag.com\/schedule-a-demo\/#breadcrumb"},"inLanguage":"es-ES","potentialAction":[{"@type":"ReadAction","target":["https:\/\/www.softwareag.com\/schedule-a-demo\/"]}]},{"@type":"ImageObject","inLanguage":"es-ES","@id":"https:\/\/www.softwareag.com\/schedule-a-demo\/#primaryimage","url":"https:\/\/www.softwareag.com\/app\/uploads\/2025\/09\/blog-3x-winner-g2-hero-form-3-03.svg","contentUrl":"https:\/\/www.softwareag.com\/app\/uploads\/2025\/09\/blog-3x-winner-g2-hero-form-3-03.svg"},{"@type":"BreadcrumbList","@id":"https:\/\/www.softwareag.com\/schedule-a-demo\/#breadcrumb","itemListElement":[{"@type":"ListItem","position":1,"name":"Home","item":"https:\/\/www.softwareag.com\/de\/"},{"@type":"ListItem","position":2,"name":"Schedule a Demo"}]},{"@type":"WebSite","@id":"https:\/\/www.softwareag.com\/en\/#website","url":"https:\/\/www.softwareag.com\/en\/","name":"Software AG","description":"Soluciones y servicios de transformaci\u00f3n digital de Software AG","publisher":{"@id":"https:\/\/www.softwareag.com\/en\/#organization"},"alternateName":"SAG","potentialAction":[{"@type":"SearchAction","target":{"@type":"EntryPoint","urlTemplate":"https:\/\/www.softwareag.com\/en\/?s={search_term_string}"},"query-input":{"@type":"PropertyValueSpecification","valueRequired":true,"valueName":"search_term_string"}}],"inLanguage":"es-ES"},{"@type":"Organization","@id":"https:\/\/www.softwareag.com\/en\/#organization","name":"Software AG","alternateName":"SAG","url":"https:\/\/www.softwareag.com\/en\/","logo":{"@type":"ImageObject","inLanguage":"es-ES","@id":"https:\/\/www.softwareag.com\/en\/#\/schema\/logo\/image\/","url":"https:\/\/www.softwareag.com\/app\/uploads\/2025\/09\/software-gmbh-dark-logo-bg_Small.jpeg","contentUrl":"https:\/\/www.softwareag.com\/app\/uploads\/2025\/09\/software-gmbh-dark-logo-bg_Small.jpeg","width":800,"height":450,"caption":"Software AG"},"image":{"@id":"https:\/\/www.softwareag.com\/en\/#\/schema\/logo\/image\/"},"sameAs":["https:\/\/www.facebook.com\/SoftwareAG","https:\/\/x.com\/softwareag","https:\/\/www.linkedin.com\/company\/software-ag","https:\/\/www.youtube.com\/user\/SOFTWAREAG"],"description":"Software AG is a global enterprise software company dedicated to facilitating digital transformation for large-scale organizations. They specialize in modernizing legacy infrastructure, optimizing mainframe operations, and enabling seamless data integration across hybrid environments.","numberOfEmployees":{"@type":"QuantitativeValue","minValue":"501","maxValue":"1000"}}]}},"_links":{"self":[{"href":"https:\/\/www.softwareag.com\/es\/wp-json\/wp\/v2\/pages\/1171","targetHints":{"allow":["GET"]}}],"collection":[{"href":"https:\/\/www.softwareag.com\/es\/wp-json\/wp\/v2\/pages"}],"about":[{"href":"https:\/\/www.softwareag.com\/es\/wp-json\/wp\/v2\/types\/page"}],"author":[{"embeddable":true,"href":"https:\/\/www.softwareag.com\/es\/wp-json\/wp\/v2\/users\/9"}],"replies":[{"embeddable":true,"href":"https:\/\/www.softwareag.com\/es\/wp-json\/wp\/v2\/comments?post=1171"}],"version-history":[{"count":13,"href":"https:\/\/www.softwareag.com\/es\/wp-json\/wp\/v2\/pages\/1171\/revisions"}],"predecessor-version":[{"id":4614,"href":"https:\/\/www.softwareag.com\/es\/wp-json\/wp\/v2\/pages\/1171\/revisions\/4614"}],"wp:attachment":[{"href":"https:\/\/www.softwareag.com\/es\/wp-json\/wp\/v2\/media?parent=1171"}],"curies":[{"name":"wp","href":"https:\/\/api.w.org\/{rel}","templated":true}]}}