{"id":1761,"date":"2025-09-24T15:39:29","date_gmt":"2025-09-24T19:39:29","guid":{"rendered":"https:\/\/www.softwareag.com\/?page_id=1761"},"modified":"2026-03-12T09:42:40","modified_gmt":"2026-03-12T13:42:40","slug":"sustainability","status":"publish","type":"page","link":"https:\/\/www.softwareag.com\/es\/company\/sustainability\/","title":{"rendered":"Sostenibilidad"},"content":{"rendered":"<div class=\"wp-block-group has-global-padding is-layout-constrained wp-block-group-is-layout-constrained\" style=\"padding-top:var(--wp--preset--spacing--xl);padding-bottom:var(--wp--preset--spacing--xl)\">\n<h2 class=\"wp-block-heading has-text-align-center\" id=\"h-ecovadis-scorecard\">Tarjeta de puntuaci\u00f3n de Ecovadis<\/h2>\n\n\n\n<p class=\"has-text-align-center\">Software GmbH obtained 64\/100 points in the latest <a href=\"https:\/\/recognition.ecovadis.com\/nknYuR7tq0y8a8qnen2JZQ\" type=\"link\" id=\"https:\/\/recognition.ecovadis.com\/nknYuR7tq0y8a8qnen2JZQ\">EcoVadis<\/a> assessment (2024: 63\/100). Thus, we have again been awarded a bronze medal &#8211; an award granted to companies in the top 35%. This achievement places Software GmbH in a strong position within the industry.<\/p>\n\n\n\n<figure class=\"wp-block-image size-large\"><img loading=\"lazy\" decoding=\"async\" width=\"1024\" height=\"244\" src=\"https:\/\/www.softwareag.com\/app\/uploads\/2025\/09\/Ecovadis_scorecard_AUG-2025-1024x244.jpeg\" alt=\"ecovadi sustainability scorecard\" class=\"wp-image-1869\" srcset=\"https:\/\/www.softwareag.com\/app\/uploads\/2025\/09\/Ecovadis_scorecard_AUG-2025-1024x244.jpeg 1024w, https:\/\/www.softwareag.com\/app\/uploads\/2025\/09\/Ecovadis_scorecard_AUG-2025-300x71.jpeg 300w, https:\/\/www.softwareag.com\/app\/uploads\/2025\/09\/Ecovadis_scorecard_AUG-2025-768x183.jpeg 768w, https:\/\/www.softwareag.com\/app\/uploads\/2025\/09\/Ecovadis_scorecard_AUG-2025-18x4.jpeg 18w, https:\/\/www.softwareag.com\/app\/uploads\/2025\/09\/Ecovadis_scorecard_AUG-2025.jpeg 1276w\" sizes=\"auto, (max-width: 1024px) 100vw, 1024px\" \/><\/figure>\n<\/div>\n\n\n\n<div class=\"wp-block-group alignwide has-global-padding is-layout-constrained wp-block-group-is-layout-constrained\">\n<h2 class=\"wp-block-heading has-text-align-center\" id=\"h-2024-sustainability-report\">Informe de sostenibilidad 2024<\/h2>\n\n\n\n<p>La Declaraci\u00f3n de Sostenibilidad 2024 de Software GmbH subraya nuestro compromiso con las pr\u00e1cticas empresariales responsables y el cumplimiento de las normas de la UE. Nos aseguramos de que los impactos ambientales, sociales y de gobernanza se gestionen en todas nuestras operaciones y en toda la cadena de valor. Nuestro objetivo es impulsar la resiliencia y el valor a largo plazo para las partes interesadas y la sociedad.<\/p>\n\n\n\n\n\n\n\n<div class=\"wp-block-buttons is-layout-flex wp-block-buttons-is-layout-flex\">\n<div class=\"wp-block-button\"><a class=\"wp-block-button__link wp-element-button\" href=\"https:\/\/www.softwareag.com\/app\/uploads\/2025\/12\/2024AR_SustainabilityStatement_en_web.pdf\" data-no-translation>Saber m\u00e1s<\/a><\/div>\n<\/div>\n\n\n\n\n\n\n\n<h2 class=\"wp-block-heading has-text-align-center\" id=\"h-environmental-policy\">Pol\u00edtica medioambiental <\/h2>\n\n\n\n<p>La Pol\u00edtica medioambiental global de Software GmbH describe nuestro compromiso con la sostenibilidad y las pr\u00e1cticas empresariales responsables en todas nuestras operaciones. La pol\u00edtica establece directrices para minimizar el impacto medioambiental y hace hincapi\u00e9 en el cumplimiento de la legislaci\u00f3n medioambiental, la transparencia a trav\u00e9s de informes de sostenibilidad y la colaboraci\u00f3n con socios que comparten nuestros valores.<\/p>\n\n\n\n\n\n\n\n\n\n<div class=\"wp-block-buttons is-layout-flex wp-block-buttons-is-layout-flex\">\n<div class=\"wp-block-button\"><a class=\"wp-block-button__link wp-element-button\" href=\"https:\/\/www.softwareag.com\/app\/uploads\/2025\/12\/Global_Environmental_Policy_EN_v1.1.pdf\" data-no-translation>Saber m\u00e1s<\/a><\/div>\n<\/div>\n\n\n\n\n\n<h2 class=\"wp-block-heading has-text-align-center\" id=\"h-cdp-climate-score\">Puntuaci\u00f3n clim\u00e1tica del CDP<\/h2>\n\n\n\n<div class=\"wp-block-media-text alignwide has-media-on-the-right is-stacked-on-mobile\"><div class=\"wp-block-media-text__content\">\n<h6 class=\"wp-block-heading\" id=\"h-cdp-the-carbon-disclosure-project\">CDP - Proyecto de Divulgaci\u00f3n del Carbono<\/h6>\n\n\n\n<h4 class=\"wp-block-heading\" id=\"h-software-gmbh-scores-c-with-cdp\">Software GmbH obtiene una calificaci\u00f3n C en el CDP<\/h4>\n\n\n\n<p>CDP es el mayor y m\u00e1s completo conjunto de datos del mundo sobre las emisiones de gases de efecto invernadero (GEI) de las empresas. Estos datos impulsan y rastrean el progreso mundial hacia la construcci\u00f3n de una econom\u00eda verdaderamente sostenible para las personas y el planeta.<\/p>\n\n\n\n<p>Software GmbH ha estado participando en la encuesta CDP desde 2022. En nuestra presentaci\u00f3n de 2025, logramos una calificaci\u00f3n C (en una escala de A a F, siendo A la m\u00e1s alta), lo que demuestra nuestra conciencia y la consistencia de nuestros esfuerzos en la presentaci\u00f3n de informes e iniciativas clim\u00e1ticas durante el a\u00f1o fiscal 2024.<\/p>\n\n\n\n<div class=\"wp-block-buttons is-layout-flex wp-block-buttons-is-layout-flex\">\n<div class=\"wp-block-button\"><a class=\"wp-block-button__link wp-element-button\" href=\"https:\/\/www.cdp.net\/en\/data\/scores\">Ir al sitio web de CDP<\/a><\/div>\n<\/div>\n<\/div><figure class=\"wp-block-media-text__media\"><img loading=\"lazy\" decoding=\"async\" width=\"1024\" height=\"658\" src=\"https:\/\/www.softwareag.com\/app\/uploads\/2025\/09\/oomm-dining-jetty-beach-club-drone-5-1024x658.jpeg\" alt=\"puntuaci\u00f3n del clima de la playa\" class=\"wp-image-1763 size-full\" srcset=\"https:\/\/www.softwareag.com\/app\/uploads\/2025\/09\/oomm-dining-jetty-beach-club-drone-5-1024x658.jpeg 1024w, https:\/\/www.softwareag.com\/app\/uploads\/2025\/09\/oomm-dining-jetty-beach-club-drone-5-300x193.jpeg 300w, https:\/\/www.softwareag.com\/app\/uploads\/2025\/09\/oomm-dining-jetty-beach-club-drone-5-768x494.jpeg 768w, https:\/\/www.softwareag.com\/app\/uploads\/2025\/09\/oomm-dining-jetty-beach-club-drone-5-18x12.jpeg 18w, https:\/\/www.softwareag.com\/app\/uploads\/2025\/09\/oomm-dining-jetty-beach-club-drone-5.jpeg 1400w\" sizes=\"auto, (max-width: 1024px) 100vw, 1024px\" \/><\/figure><\/div>\n<\/div>\n\n\n\n<div class=\"wp-block-group alignfull is-style-left-aligned pre-footer-cta has-purple-background-color has-background has-global-padding is-layout-constrained wp-block-group-is-layout-constrained\" style=\"margin-top:var(--wp--preset--spacing--l);padding-top:var(--wp--preset--spacing--xxl);padding-bottom:var(--wp--preset--spacing--xxl)\">\n<div class=\"wp-block-group alignwide is-layout-flow wp-block-group-is-layout-flow\">\n<h2 class=\"wp-block-heading alignfull has-text-align-left has-grande-font-size has-white-color has-text-color has-link-color has-large-font-size wp-elements-695bd39a5aa34bef369ac9734be34cce\" id=\"h-corporate-social-responsibilty\"><strong>RESPONSABILIDAD SOCIAL DE LAS EMPRESAS<\/strong><\/h2>\n\n\n\n<p class=\"has-white-color has-text-color has-link-color wp-elements-c645e628e62f8fbab9d9726851472d16\"><\/p>\n\n\n\n<div class=\"wp-block-buttons is-layout-flex wp-block-buttons-is-layout-flex\">\n<div class=\"wp-block-button is-style-dark-bg-primary is-style-dark-bg-primary--1\"><a class=\"wp-block-button__link wp-element-button\" href=\"https:\/\/www.softwareag.com\/es\/company\/csr\/\">M\u00e1s informaci\u00f3n<\/a><\/div>\n<\/div>\n<\/div>\n<\/div>","protected":false},"excerpt":{"rendered":"<p>Ecovadis scorecard Software GmbH obtained 64\/100 points in the latest EcoVadis assessment (2024: 63\/100). Thus, we have again been awarded a bronze medal &#8211; an award [&hellip;]<\/p>","protected":false},"author":9,"featured_media":0,"parent":1070,"menu_order":0,"comment_status":"closed","ping_status":"closed","template":"","meta":{"_acf_changed":false,"footnotes":""},"class_list":["post-1761","page","type-page","status-publish","hentry"],"acf":[],"yoast_head":"<!-- This site is optimized with the Yoast SEO Premium plugin v27.2 (Yoast SEO v27.2) - https:\/\/yoast.com\/product\/yoast-seo-premium-wordpress\/ -->\n<title>Sustainability at Software AG: Our Latest Achievements | Software AG<\/title>\n<meta name=\"description\" content=\"Explore sustainability at Software AG. Our commitment shines through our high EcoVadis score and responsible business practices.\" \/>\n<meta name=\"robots\" content=\"index, follow, max-snippet:-1, max-image-preview:large, max-video-preview:-1\" \/>\n<link rel=\"canonical\" href=\"https:\/\/www.softwareag.com\/es\/company\/sustainability\/\" \/>\n<meta property=\"og:locale\" content=\"es_ES\" \/>\n<meta property=\"og:type\" content=\"article\" \/>\n<meta property=\"og:title\" content=\"Sustainability\" \/>\n<meta property=\"og:description\" content=\"Explore sustainability at Software AG. Our commitment shines through our high EcoVadis score and responsible business practices.\" \/>\n<meta property=\"og:url\" content=\"https:\/\/www.softwareag.com\/es\/company\/sustainability\/\" \/>\n<meta property=\"og:site_name\" content=\"Software AG\" \/>\n<meta property=\"article:publisher\" content=\"https:\/\/www.facebook.com\/SoftwareAG\" \/>\n<meta property=\"article:modified_time\" content=\"2026-03-12T13:42:40+00:00\" \/>\n<meta property=\"og:image\" content=\"https:\/\/www.softwareag.com\/app\/uploads\/2025\/09\/Ecovadis_scorecard_AUG-2025-1024x244.jpeg\" \/>\n<meta name=\"twitter:card\" content=\"summary_large_image\" \/>\n<meta name=\"twitter:site\" content=\"@softwareag\" \/>\n<meta name=\"twitter:label1\" content=\"Est. reading time\" \/>\n\t<meta name=\"twitter:data1\" content=\"2 minutes\" \/>\n<script type=\"application\/ld+json\" class=\"yoast-schema-graph\">{\"@context\":\"https:\/\/schema.org\",\"@graph\":[{\"@type\":\"WebPage\",\"@id\":\"https:\/\/www.softwareag.com\/company\/sustainability\/\",\"url\":\"https:\/\/www.softwareag.com\/company\/sustainability\/\",\"name\":\"Sustainability at Software AG: Our Latest Achievements | Software AG\",\"isPartOf\":{\"@id\":\"https:\/\/www.softwareag.com\/en\/#website\"},\"primaryImageOfPage\":{\"@id\":\"https:\/\/www.softwareag.com\/company\/sustainability\/#primaryimage\"},\"image\":{\"@id\":\"https:\/\/www.softwareag.com\/company\/sustainability\/#primaryimage\"},\"thumbnailUrl\":\"https:\/\/www.softwareag.com\/app\/uploads\/2025\/09\/Ecovadis_scorecard_AUG-2025-1024x244.jpeg\",\"datePublished\":\"2025-09-24T19:39:29+00:00\",\"dateModified\":\"2026-03-12T13:42:40+00:00\",\"description\":\"Explore sustainability at Software AG. Our commitment shines through our high EcoVadis score and responsible business practices.\",\"breadcrumb\":{\"@id\":\"https:\/\/www.softwareag.com\/company\/sustainability\/#breadcrumb\"},\"inLanguage\":\"es-ES\",\"potentialAction\":[{\"@type\":\"ReadAction\",\"target\":[\"https:\/\/www.softwareag.com\/company\/sustainability\/\"]}]},{\"@type\":\"ImageObject\",\"inLanguage\":\"es-ES\",\"@id\":\"https:\/\/www.softwareag.com\/company\/sustainability\/#primaryimage\",\"url\":\"https:\/\/www.softwareag.com\/app\/uploads\/2025\/09\/Ecovadis_scorecard_AUG-2025-1024x244.jpeg\",\"contentUrl\":\"https:\/\/www.softwareag.com\/app\/uploads\/2025\/09\/Ecovadis_scorecard_AUG-2025-1024x244.jpeg\"},{\"@type\":\"BreadcrumbList\",\"@id\":\"https:\/\/www.softwareag.com\/company\/sustainability\/#breadcrumb\",\"itemListElement\":[{\"@type\":\"ListItem\",\"position\":1,\"name\":\"Home\",\"item\":\"https:\/\/www.softwareag.com\/de\/\"},{\"@type\":\"ListItem\",\"position\":2,\"name\":\"Company\",\"item\":\"https:\/\/www.softwareag.com\/en\/company\/\"},{\"@type\":\"ListItem\",\"position\":3,\"name\":\"Sustainability\"}]},{\"@type\":\"WebSite\",\"@id\":\"https:\/\/www.softwareag.com\/en\/#website\",\"url\":\"https:\/\/www.softwareag.com\/en\/\",\"name\":\"Software AG\",\"description\":\"Software AG&#039;s digital transformation solutions &amp; services\",\"publisher\":{\"@id\":\"https:\/\/www.softwareag.com\/en\/#organization\"},\"alternateName\":\"SAG\",\"potentialAction\":[{\"@type\":\"SearchAction\",\"target\":{\"@type\":\"EntryPoint\",\"urlTemplate\":\"https:\/\/www.softwareag.com\/en\/?s={search_term_string}\"},\"query-input\":{\"@type\":\"PropertyValueSpecification\",\"valueRequired\":true,\"valueName\":\"search_term_string\"}}],\"inLanguage\":\"es-ES\"},{\"@type\":\"Organization\",\"@id\":\"https:\/\/www.softwareag.com\/en\/#organization\",\"name\":\"Software AG\",\"alternateName\":\"SAG\",\"url\":\"https:\/\/www.softwareag.com\/en\/\",\"logo\":{\"@type\":\"ImageObject\",\"inLanguage\":\"es-ES\",\"@id\":\"https:\/\/www.softwareag.com\/en\/#\/schema\/logo\/image\/\",\"url\":\"https:\/\/www.softwareag.com\/app\/uploads\/2025\/09\/software-gmbh-dark-logo-bg_Small.jpeg\",\"contentUrl\":\"https:\/\/www.softwareag.com\/app\/uploads\/2025\/09\/software-gmbh-dark-logo-bg_Small.jpeg\",\"width\":800,\"height\":450,\"caption\":\"Software AG\"},\"image\":{\"@id\":\"https:\/\/www.softwareag.com\/en\/#\/schema\/logo\/image\/\"},\"sameAs\":[\"https:\/\/www.facebook.com\/SoftwareAG\",\"https:\/\/x.com\/softwareag\",\"https:\/\/www.linkedin.com\/company\/software-ag\",\"https:\/\/www.youtube.com\/user\/SOFTWAREAG\"],\"description\":\"Software AG is a global enterprise software company dedicated to facilitating digital transformation for large-scale organizations. They specialize in modernizing legacy infrastructure, optimizing mainframe operations, and enabling seamless data integration across hybrid environments.\",\"numberOfEmployees\":{\"@type\":\"QuantitativeValue\",\"minValue\":\"501\",\"maxValue\":\"1000\"}}]}<\/script>\n<!-- \/ Yoast SEO Premium plugin. -->","yoast_head_json":{"title":"Sustainability at Software AG: Our Latest Achievements | Software AG","description":"Explore sustainability at Software AG. Our commitment shines through our high EcoVadis score and responsible business practices.","robots":{"index":"index","follow":"follow","max-snippet":"max-snippet:-1","max-image-preview":"max-image-preview:large","max-video-preview":"max-video-preview:-1"},"canonical":"https:\/\/www.softwareag.com\/es\/company\/sustainability\/","og_locale":"es_ES","og_type":"article","og_title":"Sustainability","og_description":"Explore sustainability at Software AG. Our commitment shines through our high EcoVadis score and responsible business practices.","og_url":"https:\/\/www.softwareag.com\/es\/company\/sustainability\/","og_site_name":"Software AG","article_publisher":"https:\/\/www.facebook.com\/SoftwareAG","article_modified_time":"2026-03-12T13:42:40+00:00","og_image":[{"url":"https:\/\/www.softwareag.com\/app\/uploads\/2025\/09\/Ecovadis_scorecard_AUG-2025-1024x244.jpeg","type":"","width":"","height":""}],"twitter_card":"summary_large_image","twitter_site":"@softwareag","twitter_misc":{"Est. reading time":"2 minutes"},"schema":{"@context":"https:\/\/schema.org","@graph":[{"@type":"WebPage","@id":"https:\/\/www.softwareag.com\/company\/sustainability\/","url":"https:\/\/www.softwareag.com\/company\/sustainability\/","name":"Sustainability at Software AG: Our Latest Achievements | Software AG","isPartOf":{"@id":"https:\/\/www.softwareag.com\/en\/#website"},"primaryImageOfPage":{"@id":"https:\/\/www.softwareag.com\/company\/sustainability\/#primaryimage"},"image":{"@id":"https:\/\/www.softwareag.com\/company\/sustainability\/#primaryimage"},"thumbnailUrl":"https:\/\/www.softwareag.com\/app\/uploads\/2025\/09\/Ecovadis_scorecard_AUG-2025-1024x244.jpeg","datePublished":"2025-09-24T19:39:29+00:00","dateModified":"2026-03-12T13:42:40+00:00","description":"Explore sustainability at Software AG. Our commitment shines through our high EcoVadis score and responsible business practices.","breadcrumb":{"@id":"https:\/\/www.softwareag.com\/company\/sustainability\/#breadcrumb"},"inLanguage":"es-ES","potentialAction":[{"@type":"ReadAction","target":["https:\/\/www.softwareag.com\/company\/sustainability\/"]}]},{"@type":"ImageObject","inLanguage":"es-ES","@id":"https:\/\/www.softwareag.com\/company\/sustainability\/#primaryimage","url":"https:\/\/www.softwareag.com\/app\/uploads\/2025\/09\/Ecovadis_scorecard_AUG-2025-1024x244.jpeg","contentUrl":"https:\/\/www.softwareag.com\/app\/uploads\/2025\/09\/Ecovadis_scorecard_AUG-2025-1024x244.jpeg"},{"@type":"BreadcrumbList","@id":"https:\/\/www.softwareag.com\/company\/sustainability\/#breadcrumb","itemListElement":[{"@type":"ListItem","position":1,"name":"Home","item":"https:\/\/www.softwareag.com\/de\/"},{"@type":"ListItem","position":2,"name":"Company","item":"https:\/\/www.softwareag.com\/en\/company\/"},{"@type":"ListItem","position":3,"name":"Sustainability"}]},{"@type":"WebSite","@id":"https:\/\/www.softwareag.com\/en\/#website","url":"https:\/\/www.softwareag.com\/en\/","name":"Software AG","description":"Soluciones y servicios de transformaci\u00f3n digital de Software AG","publisher":{"@id":"https:\/\/www.softwareag.com\/en\/#organization"},"alternateName":"SAG","potentialAction":[{"@type":"SearchAction","target":{"@type":"EntryPoint","urlTemplate":"https:\/\/www.softwareag.com\/en\/?s={search_term_string}"},"query-input":{"@type":"PropertyValueSpecification","valueRequired":true,"valueName":"search_term_string"}}],"inLanguage":"es-ES"},{"@type":"Organization","@id":"https:\/\/www.softwareag.com\/en\/#organization","name":"Software AG","alternateName":"SAG","url":"https:\/\/www.softwareag.com\/en\/","logo":{"@type":"ImageObject","inLanguage":"es-ES","@id":"https:\/\/www.softwareag.com\/en\/#\/schema\/logo\/image\/","url":"https:\/\/www.softwareag.com\/app\/uploads\/2025\/09\/software-gmbh-dark-logo-bg_Small.jpeg","contentUrl":"https:\/\/www.softwareag.com\/app\/uploads\/2025\/09\/software-gmbh-dark-logo-bg_Small.jpeg","width":800,"height":450,"caption":"Software AG"},"image":{"@id":"https:\/\/www.softwareag.com\/en\/#\/schema\/logo\/image\/"},"sameAs":["https:\/\/www.facebook.com\/SoftwareAG","https:\/\/x.com\/softwareag","https:\/\/www.linkedin.com\/company\/software-ag","https:\/\/www.youtube.com\/user\/SOFTWAREAG"],"description":"Software AG is a global enterprise software company dedicated to facilitating digital transformation for large-scale organizations. They specialize in modernizing legacy infrastructure, optimizing mainframe operations, and enabling seamless data integration across hybrid environments.","numberOfEmployees":{"@type":"QuantitativeValue","minValue":"501","maxValue":"1000"}}]}},"jetpack_sharing_enabled":true,"jetpack-related-posts":[],"_links":{"self":[{"href":"https:\/\/www.softwareag.com\/es\/wp-json\/wp\/v2\/pages\/1761","targetHints":{"allow":["GET"]}}],"collection":[{"href":"https:\/\/www.softwareag.com\/es\/wp-json\/wp\/v2\/pages"}],"about":[{"href":"https:\/\/www.softwareag.com\/es\/wp-json\/wp\/v2\/types\/page"}],"author":[{"embeddable":true,"href":"https:\/\/www.softwareag.com\/es\/wp-json\/wp\/v2\/users\/9"}],"replies":[{"embeddable":true,"href":"https:\/\/www.softwareag.com\/es\/wp-json\/wp\/v2\/comments?post=1761"}],"version-history":[{"count":34,"href":"https:\/\/www.softwareag.com\/es\/wp-json\/wp\/v2\/pages\/1761\/revisions"}],"predecessor-version":[{"id":6344,"href":"https:\/\/www.softwareag.com\/es\/wp-json\/wp\/v2\/pages\/1761\/revisions\/6344"}],"up":[{"embeddable":true,"href":"https:\/\/www.softwareag.com\/es\/wp-json\/wp\/v2\/pages\/1070"}],"wp:attachment":[{"href":"https:\/\/www.softwareag.com\/es\/wp-json\/wp\/v2\/media?parent=1761"}],"curies":[{"name":"wp","href":"https:\/\/api.w.org\/{rel}","templated":true}]}}