{"id":2036,"date":"2025-09-29T14:15:22","date_gmt":"2025-09-29T18:15:22","guid":{"rendered":"https:\/\/www.softwareag.com\/?page_id=2036"},"modified":"2026-03-02T04:29:46","modified_gmt":"2026-03-02T08:29:46","slug":"impressum","status":"publish","type":"page","link":"https:\/\/www.softwareag.com\/es\/impressum\/","title":{"rendered":"Impressum &#8211; Kontaktdaten und regulatorische Hinweise"},"content":{"rendered":"<p>SAG Deutschland GmbH ist eine Gesellschaft mit beschr\u00e4nkter Haftung unter deutschem Recht mit satzungsm\u00e4\u00dfigem Sitz und Gesch\u00e4ftsanschrift in Darmstadt.<\/p>\n\n\n\n<figure class=\"wp-block-table\"><table class=\"has-fixed-layout\"><tbody><tr><td><strong><strong>Gesch\u00e4ftsf\u00fchrer:<\/strong><\/strong><\/td><td>Gerd Kleemeyer<\/td><\/tr><tr><td><strong><strong>Gesch\u00e4ftsanschrift:<\/strong><\/strong><\/td><td>Uhlandstrasse 12,&nbsp;<br>D-64297 Darmstadt<\/td><\/tr><tr><td><strong>Telefon:<\/strong><\/td><td>+49 (0) 6151 92-0<\/td><\/tr><tr><td><strong>Email:<\/strong><\/td><td>Info@softwareag.com<\/td><\/tr><tr><td><strong>Internet:<\/strong><\/td><td><a href=\"https:\/\/www.softwareag.com\/es\/\">www.softwareag.com<\/a><\/td><\/tr><tr><td><strong>Handelsregister:<\/strong><\/td><td>Local Court Darmstadt, HRB 6329<\/td><\/tr><tr><td><strong>Umsatzsteuer-ID:<\/strong><\/td><td>DE812011852<\/td><\/tr><tr><td><strong>Verantwortlich i.S.d. \u00a7 55 RStV:<\/strong><\/td><td>Felix Friedrich<\/td><\/tr><\/tbody><\/table><\/figure>","protected":false},"excerpt":{"rendered":"<p>SAG Deutschland GmbH ist eine Gesellschaft mit beschr\u00e4nkter Haftung unter deutschem Recht mit satzungsm\u00e4\u00dfigem Sitz und Gesch\u00e4ftsanschrift in Darmstadt. Gesch\u00e4ftsf\u00fchrer: Gerd Kleemeyer Gesch\u00e4ftsanschrift: Uhlandstrasse 12,&nbsp;D-64297 Darmstadt [&hellip;]<\/p>","protected":false},"author":17,"featured_media":0,"parent":0,"menu_order":0,"comment_status":"closed","ping_status":"closed","template":"","meta":{"_acf_changed":false,"footnotes":""},"class_list":["post-2036","page","type-page","status-publish","hentry"],"acf":[],"yoast_head":"<!-- This site is optimized with the Yoast SEO Premium plugin v27.2 (Yoast SEO v27.2) - https:\/\/yoast.com\/product\/yoast-seo-premium-wordpress\/ -->\n<title>Impressum | Software AG<\/title>\n<meta name=\"description\" content=\"Learn about the software ag impressum of SAG Deutschland GmbH, including contact information and responsible executives.\" \/>\n<meta name=\"robots\" content=\"index, follow, max-snippet:-1, max-image-preview:large, max-video-preview:-1\" \/>\n<link rel=\"canonical\" href=\"https:\/\/www.softwareag.com\/es\/impressum\/\" \/>\n<meta property=\"og:locale\" content=\"es_ES\" \/>\n<meta property=\"og:type\" content=\"article\" \/>\n<meta property=\"og:title\" content=\"Impressum - Kontaktdaten und regulatorische Hinweise\" \/>\n<meta property=\"og:description\" content=\"Learn about the software ag impressum of SAG Deutschland GmbH, including contact information and responsible executives.\" \/>\n<meta property=\"og:url\" content=\"https:\/\/www.softwareag.com\/es\/impressum\/\" \/>\n<meta property=\"og:site_name\" content=\"Software AG\" \/>\n<meta property=\"article:publisher\" content=\"https:\/\/www.facebook.com\/SoftwareAG\" \/>\n<meta property=\"article:modified_time\" content=\"2026-03-02T08:29:46+00:00\" \/>\n<meta property=\"og:image\" content=\"https:\/\/www.softwareag.com\/app\/uploads\/2025\/09\/software-gmbh-dark-logo-bg_Small.jpeg\" \/>\n\t<meta property=\"og:image:width\" content=\"800\" \/>\n\t<meta property=\"og:image:height\" content=\"450\" \/>\n\t<meta property=\"og:image:type\" content=\"image\/jpeg\" \/>\n<meta name=\"twitter:card\" content=\"summary_large_image\" \/>\n<meta name=\"twitter:site\" content=\"@softwareag\" \/>\n<meta name=\"twitter:label1\" content=\"Est. reading time\" \/>\n\t<meta name=\"twitter:data1\" content=\"1 minute\" \/>\n<script type=\"application\/ld+json\" class=\"yoast-schema-graph\">{\"@context\":\"https:\/\/schema.org\",\"@graph\":[{\"@type\":\"WebPage\",\"@id\":\"https:\/\/www.softwareag.com\/impressum\/\",\"url\":\"https:\/\/www.softwareag.com\/impressum\/\",\"name\":\"Impressum | Software AG\",\"isPartOf\":{\"@id\":\"https:\/\/www.softwareag.com\/en\/#website\"},\"datePublished\":\"2025-09-29T18:15:22+00:00\",\"dateModified\":\"2026-03-02T08:29:46+00:00\",\"description\":\"Learn about the software ag impressum of SAG Deutschland GmbH, including contact information and responsible executives.\",\"breadcrumb\":{\"@id\":\"https:\/\/www.softwareag.com\/impressum\/#breadcrumb\"},\"inLanguage\":\"es-ES\",\"potentialAction\":[{\"@type\":\"ReadAction\",\"target\":[\"https:\/\/www.softwareag.com\/impressum\/\"]}]},{\"@type\":\"BreadcrumbList\",\"@id\":\"https:\/\/www.softwareag.com\/impressum\/#breadcrumb\",\"itemListElement\":[{\"@type\":\"ListItem\",\"position\":1,\"name\":\"Home\",\"item\":\"https:\/\/www.softwareag.com\/de\/\"},{\"@type\":\"ListItem\",\"position\":2,\"name\":\"Impressum &#8211; Kontaktdaten und regulatorische Hinweise\"}]},{\"@type\":\"WebSite\",\"@id\":\"https:\/\/www.softwareag.com\/en\/#website\",\"url\":\"https:\/\/www.softwareag.com\/en\/\",\"name\":\"Software AG\",\"description\":\"Software AG&#039;s digital transformation solutions &amp; services\",\"publisher\":{\"@id\":\"https:\/\/www.softwareag.com\/en\/#organization\"},\"alternateName\":\"SAG\",\"potentialAction\":[{\"@type\":\"SearchAction\",\"target\":{\"@type\":\"EntryPoint\",\"urlTemplate\":\"https:\/\/www.softwareag.com\/en\/?s={search_term_string}\"},\"query-input\":{\"@type\":\"PropertyValueSpecification\",\"valueRequired\":true,\"valueName\":\"search_term_string\"}}],\"inLanguage\":\"es-ES\"},{\"@type\":\"Organization\",\"@id\":\"https:\/\/www.softwareag.com\/en\/#organization\",\"name\":\"Software AG\",\"alternateName\":\"SAG\",\"url\":\"https:\/\/www.softwareag.com\/en\/\",\"logo\":{\"@type\":\"ImageObject\",\"inLanguage\":\"es-ES\",\"@id\":\"https:\/\/www.softwareag.com\/en\/#\/schema\/logo\/image\/\",\"url\":\"https:\/\/www.softwareag.com\/app\/uploads\/2025\/09\/software-gmbh-dark-logo-bg_Small.jpeg\",\"contentUrl\":\"https:\/\/www.softwareag.com\/app\/uploads\/2025\/09\/software-gmbh-dark-logo-bg_Small.jpeg\",\"width\":800,\"height\":450,\"caption\":\"Software AG\"},\"image\":{\"@id\":\"https:\/\/www.softwareag.com\/en\/#\/schema\/logo\/image\/\"},\"sameAs\":[\"https:\/\/www.facebook.com\/SoftwareAG\",\"https:\/\/x.com\/softwareag\",\"https:\/\/www.linkedin.com\/company\/software-ag\",\"https:\/\/www.youtube.com\/user\/SOFTWAREAG\"],\"description\":\"Software AG is a global enterprise software company dedicated to facilitating digital transformation for large-scale organizations. They specialize in modernizing legacy infrastructure, optimizing mainframe operations, and enabling seamless data integration across hybrid environments.\",\"numberOfEmployees\":{\"@type\":\"QuantitativeValue\",\"minValue\":\"501\",\"maxValue\":\"1000\"}}]}<\/script>\n<!-- \/ Yoast SEO Premium plugin. -->","yoast_head_json":{"title":"Impressum | Software AG","description":"Learn about the software ag impressum of SAG Deutschland GmbH, including contact information and responsible executives.","robots":{"index":"index","follow":"follow","max-snippet":"max-snippet:-1","max-image-preview":"max-image-preview:large","max-video-preview":"max-video-preview:-1"},"canonical":"https:\/\/www.softwareag.com\/es\/impressum\/","og_locale":"es_ES","og_type":"article","og_title":"Impressum - Kontaktdaten und regulatorische Hinweise","og_description":"Learn about the software ag impressum of SAG Deutschland GmbH, including contact information and responsible executives.","og_url":"https:\/\/www.softwareag.com\/es\/impressum\/","og_site_name":"Software AG","article_publisher":"https:\/\/www.facebook.com\/SoftwareAG","article_modified_time":"2026-03-02T08:29:46+00:00","og_image":[{"width":800,"height":450,"url":"https:\/\/www.softwareag.com\/app\/uploads\/2025\/09\/software-gmbh-dark-logo-bg_Small.jpeg","type":"image\/jpeg"}],"twitter_card":"summary_large_image","twitter_site":"@softwareag","twitter_misc":{"Est. reading time":"1 minute"},"schema":{"@context":"https:\/\/schema.org","@graph":[{"@type":"WebPage","@id":"https:\/\/www.softwareag.com\/impressum\/","url":"https:\/\/www.softwareag.com\/impressum\/","name":"Impressum | Software AG","isPartOf":{"@id":"https:\/\/www.softwareag.com\/en\/#website"},"datePublished":"2025-09-29T18:15:22+00:00","dateModified":"2026-03-02T08:29:46+00:00","description":"Learn about the software ag impressum of SAG Deutschland GmbH, including contact information and responsible executives.","breadcrumb":{"@id":"https:\/\/www.softwareag.com\/impressum\/#breadcrumb"},"inLanguage":"es-ES","potentialAction":[{"@type":"ReadAction","target":["https:\/\/www.softwareag.com\/impressum\/"]}]},{"@type":"BreadcrumbList","@id":"https:\/\/www.softwareag.com\/impressum\/#breadcrumb","itemListElement":[{"@type":"ListItem","position":1,"name":"Home","item":"https:\/\/www.softwareag.com\/de\/"},{"@type":"ListItem","position":2,"name":"Impressum &#8211; Kontaktdaten und regulatorische Hinweise"}]},{"@type":"WebSite","@id":"https:\/\/www.softwareag.com\/en\/#website","url":"https:\/\/www.softwareag.com\/en\/","name":"Software AG","description":"Soluciones y servicios de transformaci\u00f3n digital de Software AG","publisher":{"@id":"https:\/\/www.softwareag.com\/en\/#organization"},"alternateName":"SAG","potentialAction":[{"@type":"SearchAction","target":{"@type":"EntryPoint","urlTemplate":"https:\/\/www.softwareag.com\/en\/?s={search_term_string}"},"query-input":{"@type":"PropertyValueSpecification","valueRequired":true,"valueName":"search_term_string"}}],"inLanguage":"es-ES"},{"@type":"Organization","@id":"https:\/\/www.softwareag.com\/en\/#organization","name":"Software AG","alternateName":"SAG","url":"https:\/\/www.softwareag.com\/en\/","logo":{"@type":"ImageObject","inLanguage":"es-ES","@id":"https:\/\/www.softwareag.com\/en\/#\/schema\/logo\/image\/","url":"https:\/\/www.softwareag.com\/app\/uploads\/2025\/09\/software-gmbh-dark-logo-bg_Small.jpeg","contentUrl":"https:\/\/www.softwareag.com\/app\/uploads\/2025\/09\/software-gmbh-dark-logo-bg_Small.jpeg","width":800,"height":450,"caption":"Software AG"},"image":{"@id":"https:\/\/www.softwareag.com\/en\/#\/schema\/logo\/image\/"},"sameAs":["https:\/\/www.facebook.com\/SoftwareAG","https:\/\/x.com\/softwareag","https:\/\/www.linkedin.com\/company\/software-ag","https:\/\/www.youtube.com\/user\/SOFTWAREAG"],"description":"Software AG is a global enterprise software company dedicated to facilitating digital transformation for large-scale organizations. They specialize in modernizing legacy infrastructure, optimizing mainframe operations, and enabling seamless data integration across hybrid environments.","numberOfEmployees":{"@type":"QuantitativeValue","minValue":"501","maxValue":"1000"}}]}},"_links":{"self":[{"href":"https:\/\/www.softwareag.com\/es\/wp-json\/wp\/v2\/pages\/2036","targetHints":{"allow":["GET"]}}],"collection":[{"href":"https:\/\/www.softwareag.com\/es\/wp-json\/wp\/v2\/pages"}],"about":[{"href":"https:\/\/www.softwareag.com\/es\/wp-json\/wp\/v2\/types\/page"}],"author":[{"embeddable":true,"href":"https:\/\/www.softwareag.com\/es\/wp-json\/wp\/v2\/users\/17"}],"replies":[{"embeddable":true,"href":"https:\/\/www.softwareag.com\/es\/wp-json\/wp\/v2\/comments?post=2036"}],"version-history":[{"count":2,"href":"https:\/\/www.softwareag.com\/es\/wp-json\/wp\/v2\/pages\/2036\/revisions"}],"predecessor-version":[{"id":5575,"href":"https:\/\/www.softwareag.com\/es\/wp-json\/wp\/v2\/pages\/2036\/revisions\/5575"}],"wp:attachment":[{"href":"https:\/\/www.softwareag.com\/es\/wp-json\/wp\/v2\/media?parent=2036"}],"curies":[{"name":"wp","href":"https:\/\/api.w.org\/{rel}","templated":true}]}}