{"id":473,"date":"2025-08-25T15:39:43","date_gmt":"2025-08-25T19:39:43","guid":{"rendered":"https:\/\/www.softwareag.com\/?page_id=473"},"modified":"2026-02-24T14:23:42","modified_gmt":"2026-02-24T18:23:42","slug":"technical-and-organisational-measures-toms-subprocessors","status":"publish","type":"page","link":"https:\/\/www.softwareag.com\/es\/technical-and-organisational-measures-toms-subprocessors\/","title":{"rendered":"Technical and Organisational Measures (TOMs) &amp; Subprocessors"},"content":{"rendered":"<hr class=\"wp-block-separator has-alpha-channel-opacity\"\/>\n\n\n\n<p>The technical and organizational measures (TOMs) provided below apply to the product portfolio offerings of <span class=\"nowrap\">Software AG<\/span>:<\/p>\n\n\n\n<div class=\"wp-block-columns is-layout-flex wp-container-core-columns-is-layout-28f84493 wp-block-columns-is-layout-flex\">\n<div class=\"wp-block-column has-dark-background-background-color has-background is-layout-flow wp-block-column-is-layout-flow\">\n<p class=\"has-white-color has-text-color has-link-color wp-elements-2d266af2454a1c496703903fab374ae7\">General Technical and Organizational Security Measures \u2013 Maintenance and Support Services<\/p>\n\n\n\n<div class=\"wp-block-buttons is-layout-flex wp-block-buttons-is-layout-flex\">\n<div class=\"wp-block-button is-style-dark-bg-no-border is-style-dark-bg-no-border--1\"><a class=\"wp-block-button__link wp-element-button\" href=\"\/app\/uploads\/2025\/08\/TOMs_Maintenance_Support_en_20250203.pdf.sagdownload.inline.1739207077911.pdf\" target=\"_blank\" rel=\"noreferrer noopener\" data-no-translation>View<\/a><\/div>\n<\/div>\n<\/div>\n\n\n\n<div class=\"wp-block-column has-dark-background-background-color has-background is-layout-flow wp-block-column-is-layout-flow\">\n<p class=\"has-white-color has-text-color has-link-color wp-elements-c9bc359436f7a3fe349784805ee7895a\">General Technical and Organizational Security Measures \u2013 Professional Services<\/p>\n\n\n\n<div class=\"wp-block-buttons is-layout-flex wp-block-buttons-is-layout-flex\">\n<div class=\"wp-block-button is-style-dark-bg-no-border is-style-dark-bg-no-border--2\"><a class=\"wp-block-button__link wp-element-button\" href=\"\/app\/uploads\/2025\/08\/TOMs_Professional_Services_en_20250203.pdf.sagdownload.inline.1739207078205.pdf\" target=\"_blank\" rel=\"noreferrer noopener\" data-no-translation>View<\/a><\/div>\n<\/div>\n<\/div>\n<\/div>\n\n\n\n<hr class=\"wp-block-separator has-alpha-channel-opacity\"\/>\n\n\n\n<p>The list of subprocessors provided below applies to the processing of personal data in relation to the product portfolio offerings of <span class=\"nowrap\">Software AG<\/span>:<\/p>\n\n\n\n<div class=\"wp-block-columns is-style-collapse-width is-layout-flex wp-container-core-columns-is-layout-28f84493 wp-block-columns-is-layout-flex\">\n<div class=\"wp-block-column is-layout-flow wp-block-column-is-layout-flow\"><\/div>\n<\/div>\n\n\n\n<div class=\"wp-block-columns is-layout-flex wp-container-core-columns-is-layout-28f84493 wp-block-columns-is-layout-flex\">\n<div class=\"wp-block-column is-layout-flow wp-block-column-is-layout-flow\" style=\"flex-basis:25%\"><\/div>\n\n\n\n<div class=\"wp-block-column has-dark-background-background-color has-background is-layout-flow wp-block-column-is-layout-flow\">\n<p class=\"has-white-color has-text-color has-link-color wp-elements-f3d39fccbd36ab525e6ac8f432117c74\">List of Subprocessors<\/p>\n\n\n\n<p class=\"has-white-color has-text-color has-link-color wp-elements-c645e628e62f8fbab9d9726851472d16\"><\/p>\n\n\n\n<div class=\"wp-block-buttons is-layout-flex wp-block-buttons-is-layout-flex\">\n<div class=\"wp-block-button is-style-dark-bg-no-border is-style-dark-bg-no-border--3\"><a class=\"wp-block-button__link wp-element-button\" href=\"\/app\/uploads\/2025\/08\/A_N_Subprocessors-List_2025_07_16_en.pdf.sagdownload.inline.1755843352825.pdf\" target=\"_blank\" rel=\"noreferrer noopener\" data-no-translation>View<\/a><\/div>\n<\/div>\n<\/div>\n\n\n\n<div class=\"wp-block-column is-layout-flow wp-block-column-is-layout-flow\" style=\"flex-basis:25%\"><\/div>\n<\/div>\n\n\n\n<hr class=\"wp-block-separator has-alpha-channel-opacity\"\/>\n\n\n\n<p>Die im Folgenden aufgef\u00fchrten technischen und organisatorischen Ma\u00dfnahmen (TOMs) gelten f\u00fcr die Angebote des Produktportfolios der Software AG:<\/p>\n\n\n\n<div class=\"wp-block-columns is-layout-flex wp-container-core-columns-is-layout-28f84493 wp-block-columns-is-layout-flex\">\n<div class=\"wp-block-column has-dark-background-background-color has-background is-layout-flow wp-block-column-is-layout-flow\">\n<p class=\"has-white-color has-text-color has-link-color wp-elements-6935d241ae3211af599157b05bb16246\">Technische und Organisatorische Massnahmen \u2013 Maintenance und Support Services<\/p>\n\n\n\n<div class=\"wp-block-buttons is-layout-flex wp-block-buttons-is-layout-flex\">\n<div class=\"wp-block-button is-style-dark-bg-no-border is-style-dark-bg-no-border--4\"><a class=\"wp-block-button__link wp-element-button\" href=\"\/app\/uploads\/2025\/08\/TOMs_Maintenance_Support_de_20250203.pdf.sagdownload.inline.1739207078516.pdf\" target=\"_blank\" rel=\"noreferrer noopener\" data-no-translation>View<\/a><\/div>\n<\/div>\n<\/div>\n\n\n\n<div class=\"wp-block-column has-dark-background-background-color has-background is-layout-flow wp-block-column-is-layout-flow\">\n<p class=\"has-white-color has-text-color has-link-color wp-elements-1c046a743d0b7bf7804296e15b2f0dee\">Technische und Organisatorische Massnahmen \u2013 Professional Services<\/p>\n\n\n\n<div class=\"wp-block-buttons is-layout-flex wp-block-buttons-is-layout-flex\">\n<div class=\"wp-block-button is-style-dark-bg-no-border is-style-dark-bg-no-border--5\"><a class=\"wp-block-button__link wp-element-button\" href=\"\/app\/uploads\/2025\/08\/TOMs_Professional_Services_de_20250203.pdf.sagdownload.inline.1739207079088.pdf\" target=\"_blank\" rel=\"noreferrer noopener\" data-no-translation>View<\/a><\/div>\n<\/div>\n<\/div>\n<\/div>\n\n\n\n<hr class=\"wp-block-separator has-alpha-channel-opacity\"\/>\n\n\n\n<p>Die Listen der Unter-Auftragsverarbeiter enthalten alle Organisationen, die potenziell an der Verarbeitung der personenbezogenen Daten im Rahmen der Erbringung der Dienstleistungen f\u00fcr Kunden beteiligt sein k\u00f6nnen:<\/p>\n\n\n\n<div class=\"wp-block-columns is-layout-flex wp-container-core-columns-is-layout-28f84493 wp-block-columns-is-layout-flex\">\n<div class=\"wp-block-column is-layout-flow wp-block-column-is-layout-flow\" style=\"flex-basis:25%\"><\/div>\n\n\n\n<div class=\"wp-block-column has-dark-background-background-color has-background is-layout-flow wp-block-column-is-layout-flow\">\n<p class=\"has-white-color has-text-color has-link-color wp-elements-c590ed6f3c0f9a6378d9e9c18d0e051b\">Liste der Unter-Auftragsverarbeiter<\/p>\n\n\n\n<div class=\"wp-block-buttons is-layout-flex wp-block-buttons-is-layout-flex\">\n<div class=\"wp-block-button is-style-dark-bg-no-border is-style-dark-bg-no-border--6\"><a class=\"wp-block-button__link wp-element-button\" href=\"\/app\/uploads\/2025\/08\/A_N_Subprocessors-List_2025-07-16_de.pdf.sagdownload.inline.1755843386576.pdf\" target=\"_blank\" rel=\"noreferrer noopener\" data-no-translation>View<\/a><\/div>\n<\/div>\n<\/div>\n\n\n\n<div class=\"wp-block-column is-layout-flow wp-block-column-is-layout-flow\" style=\"flex-basis:25%\"><\/div>\n<\/div>\n\n\n\n<div style=\"height:100px\" aria-hidden=\"true\" class=\"wp-block-spacer\"><\/div>","protected":false},"excerpt":{"rendered":"<p>The technical and organizational measures (TOMs) provided below apply to the product portfolio offerings of Software AG: General Technical and Organizational Security Measures \u2013 Maintenance and [&hellip;]<\/p>","protected":false},"author":9,"featured_media":0,"parent":0,"menu_order":0,"comment_status":"closed","ping_status":"closed","template":"","meta":{"_acf_changed":false,"footnotes":""},"class_list":["post-473","page","type-page","status-publish","hentry"],"acf":[],"yoast_head":"<!-- This site is optimized with the Yoast SEO Premium plugin v27.2 (Yoast SEO v27.2) - https:\/\/yoast.com\/product\/yoast-seo-premium-wordpress\/ -->\n<title>Technical and Organisational Measures (TOMs) &amp; Subprocessors | Software AG<\/title>\n<meta name=\"description\" content=\"Explore the Technical and Organisational Measures &amp; Subprocessors essential for Software AG&#039;s product portfolio security.\" \/>\n<meta name=\"robots\" content=\"index, follow, max-snippet:-1, max-image-preview:large, max-video-preview:-1\" \/>\n<link rel=\"canonical\" href=\"https:\/\/www.softwareag.com\/es\/technical-and-organisational-measures-toms-subprocessors\/\" \/>\n<meta property=\"og:locale\" content=\"es_ES\" \/>\n<meta property=\"og:type\" content=\"article\" \/>\n<meta property=\"og:title\" content=\"Technical and Organisational Measures (TOMs) &amp; Subprocessors\" \/>\n<meta property=\"og:description\" content=\"Explore the Technical and Organisational Measures &amp; Subprocessors essential for Software AG&#039;s product portfolio security.\" \/>\n<meta property=\"og:url\" content=\"https:\/\/www.softwareag.com\/es\/technical-and-organisational-measures-toms-subprocessors\/\" \/>\n<meta property=\"og:site_name\" content=\"Software AG\" \/>\n<meta property=\"article:publisher\" content=\"https:\/\/www.facebook.com\/SoftwareAG\" \/>\n<meta property=\"article:modified_time\" content=\"2026-02-24T18:23:42+00:00\" \/>\n<meta property=\"og:image\" content=\"https:\/\/www.softwareag.com\/app\/uploads\/2025\/09\/software-gmbh-dark-logo-bg_Small.jpeg\" \/>\n\t<meta property=\"og:image:width\" content=\"800\" \/>\n\t<meta property=\"og:image:height\" content=\"450\" \/>\n\t<meta property=\"og:image:type\" content=\"image\/jpeg\" \/>\n<meta name=\"twitter:card\" content=\"summary_large_image\" \/>\n<meta name=\"twitter:site\" content=\"@softwareag\" \/>\n<meta name=\"twitter:label1\" content=\"Est. reading time\" \/>\n\t<meta name=\"twitter:data1\" content=\"1 minute\" \/>\n<script type=\"application\/ld+json\" class=\"yoast-schema-graph\">{\"@context\":\"https:\/\/schema.org\",\"@graph\":[{\"@type\":\"WebPage\",\"@id\":\"https:\/\/www.softwareag.com\/technical-and-organisational-measures-toms-subprocessors\/\",\"url\":\"https:\/\/www.softwareag.com\/technical-and-organisational-measures-toms-subprocessors\/\",\"name\":\"Technical and Organisational Measures (TOMs) &amp; Subprocessors | Software AG\",\"isPartOf\":{\"@id\":\"https:\/\/www.softwareag.com\/en\/#website\"},\"datePublished\":\"2025-08-25T19:39:43+00:00\",\"dateModified\":\"2026-02-24T18:23:42+00:00\",\"description\":\"Explore the Technical and Organisational Measures & Subprocessors essential for Software AG's product portfolio security.\",\"breadcrumb\":{\"@id\":\"https:\/\/www.softwareag.com\/technical-and-organisational-measures-toms-subprocessors\/#breadcrumb\"},\"inLanguage\":\"es-ES\",\"potentialAction\":[{\"@type\":\"ReadAction\",\"target\":[\"https:\/\/www.softwareag.com\/technical-and-organisational-measures-toms-subprocessors\/\"]}]},{\"@type\":\"BreadcrumbList\",\"@id\":\"https:\/\/www.softwareag.com\/technical-and-organisational-measures-toms-subprocessors\/#breadcrumb\",\"itemListElement\":[{\"@type\":\"ListItem\",\"position\":1,\"name\":\"Home\",\"item\":\"https:\/\/www.softwareag.com\/de\/\"},{\"@type\":\"ListItem\",\"position\":2,\"name\":\"Technical and Organisational Measures (TOMs) &amp; Subprocessors\"}]},{\"@type\":\"WebSite\",\"@id\":\"https:\/\/www.softwareag.com\/en\/#website\",\"url\":\"https:\/\/www.softwareag.com\/en\/\",\"name\":\"Software AG\",\"description\":\"Software AG&#039;s digital transformation solutions &amp; services\",\"publisher\":{\"@id\":\"https:\/\/www.softwareag.com\/en\/#organization\"},\"alternateName\":\"SAG\",\"potentialAction\":[{\"@type\":\"SearchAction\",\"target\":{\"@type\":\"EntryPoint\",\"urlTemplate\":\"https:\/\/www.softwareag.com\/en\/?s={search_term_string}\"},\"query-input\":{\"@type\":\"PropertyValueSpecification\",\"valueRequired\":true,\"valueName\":\"search_term_string\"}}],\"inLanguage\":\"es-ES\"},{\"@type\":\"Organization\",\"@id\":\"https:\/\/www.softwareag.com\/en\/#organization\",\"name\":\"Software AG\",\"alternateName\":\"SAG\",\"url\":\"https:\/\/www.softwareag.com\/en\/\",\"logo\":{\"@type\":\"ImageObject\",\"inLanguage\":\"es-ES\",\"@id\":\"https:\/\/www.softwareag.com\/en\/#\/schema\/logo\/image\/\",\"url\":\"https:\/\/www.softwareag.com\/app\/uploads\/2025\/09\/software-gmbh-dark-logo-bg_Small.jpeg\",\"contentUrl\":\"https:\/\/www.softwareag.com\/app\/uploads\/2025\/09\/software-gmbh-dark-logo-bg_Small.jpeg\",\"width\":800,\"height\":450,\"caption\":\"Software AG\"},\"image\":{\"@id\":\"https:\/\/www.softwareag.com\/en\/#\/schema\/logo\/image\/\"},\"sameAs\":[\"https:\/\/www.facebook.com\/SoftwareAG\",\"https:\/\/x.com\/softwareag\",\"https:\/\/www.linkedin.com\/company\/software-ag\",\"https:\/\/www.youtube.com\/user\/SOFTWAREAG\"],\"description\":\"Software AG is a global enterprise software company dedicated to facilitating digital transformation for large-scale organizations. They specialize in modernizing legacy infrastructure, optimizing mainframe operations, and enabling seamless data integration across hybrid environments.\",\"numberOfEmployees\":{\"@type\":\"QuantitativeValue\",\"minValue\":\"501\",\"maxValue\":\"1000\"}}]}<\/script>\n<!-- \/ Yoast SEO Premium plugin. -->","yoast_head_json":{"title":"Technical and Organisational Measures (TOMs) &amp; Subprocessors | Software AG","description":"Explore the Technical and Organisational Measures & Subprocessors essential for Software AG's product portfolio security.","robots":{"index":"index","follow":"follow","max-snippet":"max-snippet:-1","max-image-preview":"max-image-preview:large","max-video-preview":"max-video-preview:-1"},"canonical":"https:\/\/www.softwareag.com\/es\/technical-and-organisational-measures-toms-subprocessors\/","og_locale":"es_ES","og_type":"article","og_title":"Technical and Organisational Measures (TOMs) &amp; Subprocessors","og_description":"Explore the Technical and Organisational Measures & Subprocessors essential for Software AG's product portfolio security.","og_url":"https:\/\/www.softwareag.com\/es\/technical-and-organisational-measures-toms-subprocessors\/","og_site_name":"Software AG","article_publisher":"https:\/\/www.facebook.com\/SoftwareAG","article_modified_time":"2026-02-24T18:23:42+00:00","og_image":[{"width":800,"height":450,"url":"https:\/\/www.softwareag.com\/app\/uploads\/2025\/09\/software-gmbh-dark-logo-bg_Small.jpeg","type":"image\/jpeg"}],"twitter_card":"summary_large_image","twitter_site":"@softwareag","twitter_misc":{"Est. reading time":"1 minute"},"schema":{"@context":"https:\/\/schema.org","@graph":[{"@type":"WebPage","@id":"https:\/\/www.softwareag.com\/technical-and-organisational-measures-toms-subprocessors\/","url":"https:\/\/www.softwareag.com\/technical-and-organisational-measures-toms-subprocessors\/","name":"Technical and Organisational Measures (TOMs) &amp; Subprocessors | Software AG","isPartOf":{"@id":"https:\/\/www.softwareag.com\/en\/#website"},"datePublished":"2025-08-25T19:39:43+00:00","dateModified":"2026-02-24T18:23:42+00:00","description":"Explore the Technical and Organisational Measures & Subprocessors essential for Software AG's product portfolio security.","breadcrumb":{"@id":"https:\/\/www.softwareag.com\/technical-and-organisational-measures-toms-subprocessors\/#breadcrumb"},"inLanguage":"es-ES","potentialAction":[{"@type":"ReadAction","target":["https:\/\/www.softwareag.com\/technical-and-organisational-measures-toms-subprocessors\/"]}]},{"@type":"BreadcrumbList","@id":"https:\/\/www.softwareag.com\/technical-and-organisational-measures-toms-subprocessors\/#breadcrumb","itemListElement":[{"@type":"ListItem","position":1,"name":"Home","item":"https:\/\/www.softwareag.com\/de\/"},{"@type":"ListItem","position":2,"name":"Technical and Organisational Measures (TOMs) &amp; Subprocessors"}]},{"@type":"WebSite","@id":"https:\/\/www.softwareag.com\/en\/#website","url":"https:\/\/www.softwareag.com\/en\/","name":"Software AG","description":"Soluciones y servicios de transformaci\u00f3n digital de Software AG","publisher":{"@id":"https:\/\/www.softwareag.com\/en\/#organization"},"alternateName":"SAG","potentialAction":[{"@type":"SearchAction","target":{"@type":"EntryPoint","urlTemplate":"https:\/\/www.softwareag.com\/en\/?s={search_term_string}"},"query-input":{"@type":"PropertyValueSpecification","valueRequired":true,"valueName":"search_term_string"}}],"inLanguage":"es-ES"},{"@type":"Organization","@id":"https:\/\/www.softwareag.com\/en\/#organization","name":"Software AG","alternateName":"SAG","url":"https:\/\/www.softwareag.com\/en\/","logo":{"@type":"ImageObject","inLanguage":"es-ES","@id":"https:\/\/www.softwareag.com\/en\/#\/schema\/logo\/image\/","url":"https:\/\/www.softwareag.com\/app\/uploads\/2025\/09\/software-gmbh-dark-logo-bg_Small.jpeg","contentUrl":"https:\/\/www.softwareag.com\/app\/uploads\/2025\/09\/software-gmbh-dark-logo-bg_Small.jpeg","width":800,"height":450,"caption":"Software AG"},"image":{"@id":"https:\/\/www.softwareag.com\/en\/#\/schema\/logo\/image\/"},"sameAs":["https:\/\/www.facebook.com\/SoftwareAG","https:\/\/x.com\/softwareag","https:\/\/www.linkedin.com\/company\/software-ag","https:\/\/www.youtube.com\/user\/SOFTWAREAG"],"description":"Software AG is a global enterprise software company dedicated to facilitating digital transformation for large-scale organizations. They specialize in modernizing legacy infrastructure, optimizing mainframe operations, and enabling seamless data integration across hybrid environments.","numberOfEmployees":{"@type":"QuantitativeValue","minValue":"501","maxValue":"1000"}}]}},"_links":{"self":[{"href":"https:\/\/www.softwareag.com\/es\/wp-json\/wp\/v2\/pages\/473","targetHints":{"allow":["GET"]}}],"collection":[{"href":"https:\/\/www.softwareag.com\/es\/wp-json\/wp\/v2\/pages"}],"about":[{"href":"https:\/\/www.softwareag.com\/es\/wp-json\/wp\/v2\/types\/page"}],"author":[{"embeddable":true,"href":"https:\/\/www.softwareag.com\/es\/wp-json\/wp\/v2\/users\/9"}],"replies":[{"embeddable":true,"href":"https:\/\/www.softwareag.com\/es\/wp-json\/wp\/v2\/comments?post=473"}],"version-history":[{"count":19,"href":"https:\/\/www.softwareag.com\/es\/wp-json\/wp\/v2\/pages\/473\/revisions"}],"predecessor-version":[{"id":5402,"href":"https:\/\/www.softwareag.com\/es\/wp-json\/wp\/v2\/pages\/473\/revisions\/5402"}],"wp:attachment":[{"href":"https:\/\/www.softwareag.com\/es\/wp-json\/wp\/v2\/media?parent=473"}],"curies":[{"name":"wp","href":"https:\/\/api.w.org\/{rel}","templated":true}]}}