{"id":2078,"date":"2025-09-29T17:58:08","date_gmt":"2025-09-29T21:58:08","guid":{"rendered":"https:\/\/www.softwareag.com\/?page_id=2078"},"modified":"2026-01-05T11:48:01","modified_gmt":"2026-01-05T15:48:01","slug":"customer-care","status":"publish","type":"page","link":"https:\/\/www.softwareag.com\/ja\/customer-care\/","title":{"rendered":"Customer Care"},"content":{"rendered":"<div class=\"wp-block-cover alignfull sag-super-hero sag-super-hero-dark\"><img loading=\"lazy\" decoding=\"async\" width=\"1326\" height=\"746\" class=\"wp-block-cover__image-background wp-image-2083 size-full\" alt=\"\" src=\"https:\/\/www.softwareag.com\/app\/uploads\/2025\/09\/AdobeStock_291491597_XX-Large.jpg\" data-object-fit=\"cover\" srcset=\"https:\/\/www.softwareag.com\/app\/uploads\/2025\/09\/AdobeStock_291491597_XX-Large.jpg 1326w, https:\/\/www.softwareag.com\/app\/uploads\/2025\/09\/AdobeStock_291491597_XX-Large-300x169.jpg 300w, https:\/\/www.softwareag.com\/app\/uploads\/2025\/09\/AdobeStock_291491597_XX-Large-1024x576.jpg 1024w, https:\/\/www.softwareag.com\/app\/uploads\/2025\/09\/AdobeStock_291491597_XX-Large-768x432.jpg 768w, https:\/\/www.softwareag.com\/app\/uploads\/2025\/09\/AdobeStock_291491597_XX-Large-18x10.jpg 18w\" sizes=\"auto, (max-width: 1326px) 100vw, 1326px\" \/><span aria-hidden=\"true\" class=\"wp-block-cover__background has-dark-background-background-color has-background-dim-80 has-background-dim\"><\/span><div class=\"wp-block-cover__inner-container is-layout-flow wp-block-cover-is-layout-flow\">\n<div class=\"wp-block-group alignwide is-layout-flow wp-block-group-is-layout-flow\"><h1 style=\"margin-top:var(--wp--preset--spacing--m);\" class=\"has-link-color alignwide wp-elements-9182c0534dd5ea4e3b36a52a84a47eef wp-block-post-title has-text-color has-white-color\">Customer Care<\/h1>\n\n\n<p class=\"has-white-color has-text-color has-link-color wp-elements-a3b20873b22e5446bc0ff50176ebcc78\" style=\"margin-top:var(--wp--preset--spacing--s)\">N\u00f3s cuidamos de tudo para que voc\u00ea possa se concentrar no seu neg\u00f3cio<br><a href=\"https:\/\/www.softwareag.com\/ja\/pt_br\/platform\/adabas-natural\/contact.html\/\"><\/a><\/p>\n\n\n\n<div class=\"wp-block-buttons is-layout-flex wp-container-core-buttons-is-layout-78e71e97 wp-block-buttons-is-layout-flex\" style=\"margin-top:16px\">\n<div class=\"wp-block-button is-style-dark-bg-primary is-style-dark-bg-primary--1\"><a class=\"wp-block-button__link wp-element-button\" href=\"https:\/\/www.softwareag.com\/ja\/contato\/\">Entre Em Contato<\/a><\/div>\n<\/div>\n<\/div>\n<\/div><\/div>\n\n\n\n<p>Os servi\u00e7os especializados de manuten\u00e7\u00e3o e suporte t\u00e9cnico nas modalidades&nbsp;<strong>Customer Care Platina<\/strong>&nbsp;e&nbsp;<strong>Customer Care Gold<\/strong>&nbsp;da Software AG s\u00e3o op\u00e7\u00f5es de consultoria remota ou presencial que oferecem a voc\u00ea e sua equipe os profissionais e o apoio necess\u00e1rio para que tenham a tranquilidade de que suas aplica\u00e7\u00f5es Adabas &amp; Natural ir\u00e3o continuar operando&nbsp;com o desempenho esperado e sem surpresas. O escopo principal dos servi\u00e7os inclui:<\/p>\n\n\n\n<ul class=\"wp-block-list\">\n<li>Atendimento por equipe especializada e certificada para dar suporte aos programas Software AG, formada exclusivamente por funcion\u00e1rios da Software AG;<\/li>\n\n\n\n<li>Servi\u00e7os de configura\u00e7\u00e3o e customiza\u00e7\u00e3o t\u00e9cnica da instala\u00e7\u00e3o dos programas Software AG;<\/li>\n\n\n\n<li>Servi\u00e7os de diagn\u00f3stico (Health Check) e resolu\u00e7\u00e3o de problemas t\u00e9cnicos nos programas Software AG;<\/li>\n\n\n\n<li>Acesso \u00e0 Rede de Suporte Global da Software AG e ao laborat\u00f3rio de Pesquisa e Desenvolvimento dos programas Software AG;<\/li>\n\n\n\n<li>Servi\u00e7os de atualiza\u00e7\u00e3o t\u00e9cnica de vers\u00f5es e aplica\u00e7\u00e3o de corre\u00e7\u00f5es para os programas Software AG;<\/li>\n<\/ul>\n\n\n\n<div class=\"wp-block-group alignfull has-beige-background-color has-background has-global-padding is-layout-constrained wp-block-group-is-layout-constrained\" style=\"padding-top:var(--wp--preset--spacing--l);padding-bottom:var(--wp--preset--spacing--l)\">\n<h2 class=\"wp-block-heading has-text-align-center\">Customer Care Platina ou Gold? Escolha o que melhor se encaixa em suas necessidades<\/h2>\n\n\n\n<div class=\"wp-block-columns is-layout-flex wp-container-core-columns-is-layout-28f84493 wp-block-columns-is-layout-flex\">\n<div class=\"wp-block-column has-white-background-color has-background is-layout-flow wp-block-column-is-layout-flow\">\n<h3 class=\"wp-block-heading\">Customer Care Platina<\/h3>\n\n\n\n<p>Al\u00e9m do escopo principal, os servi\u00e7os Customer Care na modalidade Platina incluem: consultores dedicados ou \u201cpart-time\u201d de forma presencial ou h\u00edbrida; treinamento com material oficial da Software AG na utiliza\u00e7\u00e3o de nossos programas; e servi\u00e7o de atendimento de incidentes no local, em at\u00e9 4 (quatro) horas da abertura da ocorr\u00eancia.<\/p>\n<\/div>\n\n\n\n<div class=\"wp-block-column has-white-background-color has-background is-layout-flow wp-block-column-is-layout-flow\">\n<h3 class=\"wp-block-heading\">Customer Care Gold<\/h3>\n\n\n\n<p>Os servi\u00e7os Customer Care na modalidade Gold incluem os mesmos servi\u00e7os<br>oferecidos na modalidade Platina, mas de forma totalmente remota, com acompanhamento de resolu\u00e7\u00e3o de problemas de forma remota, al\u00e9m do escopo principal descrito acima.<\/p>\n<\/div>\n<\/div>\n<\/div>\n\n\n\n<h2 class=\"wp-block-heading\">3 raz\u00f5es para contratar<\/h2>\n\n\n\n<p>A Software AG \u00e9 certificada pela ABES como fornecedor exclusivo de consultoria em Adabas e Natural em todo o territ\u00f3rio nacional. Oferecemos os servi\u00e7os Customer Care independente da infraestrutura utilizada por sua organiza\u00e7\u00e3o, esteja a sua aplica\u00e7\u00e3o rodando em Adabas e Natural, como somente em Adabas utilizando outra linguagem de desenvolvimento, ou em Natural rodando com outro banco de dados, incluindo a vers\u00e3o <a href=\"https:\/\/www.softwareag.com\/ja\/pt_br\/platform\/adabas-natural\/devops.html\/\">NaturalONE<\/a>. N\u00e3o importa se voc\u00ea opera em mainframe ou Linux, nossa equipe domina as melhores pr\u00e1ticas que ir\u00e3o ajudar o seu time a se concentrar nos projetos mais estrat\u00e9gicos de sua organiza\u00e7\u00e3o. Conhe\u00e7a as tr\u00eas principais raz\u00f5es para contratar nossos servi\u00e7os:<\/p>\n\n\n\n<div class=\"wp-block-columns is-layout-flex wp-container-core-columns-is-layout-28f84493 wp-block-columns-is-layout-flex\">\n<div class=\"wp-block-column has-beige-background-color has-background is-layout-flow wp-block-column-is-layout-flow\">\n<h3 class=\"wp-block-heading has-text-align-center has-white-color has-purple-background-color has-text-color has-background has-link-color wp-elements-7dbdb90ff72af0bab3c32c3edea2e99f\" style=\"padding-top:var(--wp--preset--spacing--s);padding-bottom:var(--wp--preset--spacing--s)\">1<\/h3>\n\n\n\n<p class=\"has-text-align-center\">M\u00e3o de obra experiente e certificada, com equipe formada exclusivamente por funcion\u00e1rios da Software AG dos escrit\u00f3rios locais. Sem riscos trabalhistas.<\/p>\n<\/div>\n\n\n\n<div class=\"wp-block-column has-beige-background-color has-background is-layout-flow wp-block-column-is-layout-flow\">\n<h3 class=\"wp-block-heading has-text-align-center has-white-color has-purple-background-color has-text-color has-background has-link-color wp-elements-a07f41af05872e9cc53cc7c92948ea02\" style=\"padding-top:var(--wp--preset--spacing--s);padding-bottom:var(--wp--preset--spacing--s)\">2<\/h3>\n\n\n\n<p class=\"has-text-align-center\">Tenha a confian\u00e7a de trabalhar com quem conhece os produtos da Software AG melhor do que ningu\u00e9m. Colaboramos diretamente com nosso time global de R&amp;D e outras \u00e1reas para maximizar os resultados entregues.<\/p>\n<\/div>\n\n\n\n<div class=\"wp-block-column has-beige-background-color has-background is-layout-flow wp-block-column-is-layout-flow\">\n<h3 class=\"wp-block-heading has-text-align-center has-white-color has-purple-background-color has-text-color has-background has-link-color wp-elements-27279c1d7a1512eb77f7ea44518f6bcd\" style=\"padding-top:var(--wp--preset--spacing--s);padding-bottom:var(--wp--preset--spacing--s)\">3<\/h3>\n\n\n\n<p class=\"has-text-align-center\">Acesso a metodologias e ferramentas pr\u00f3prias da Software AG, desenvolvidas<br>em d\u00e9cadas de experi\u00eancia bem-sucedida em projetos. Inova\u00e7\u00e3o e automa\u00e7\u00e3o est\u00e3o no DNA da entrega de nossos servi\u00e7os.<\/p>\n<\/div>\n<\/div>\n\n\n\n<div class=\"wp-block-group alignfull is-style-left-aligned pre-footer-cta has-purple-background-color has-background has-global-padding is-layout-constrained wp-block-group-is-layout-constrained\" style=\"margin-top:var(--wp--preset--spacing--l);padding-top:var(--wp--preset--spacing--xxl);padding-bottom:var(--wp--preset--spacing--xxl)\">\n<div class=\"wp-block-group alignwide is-layout-flow wp-block-group-is-layout-flow\">\n<h2 class=\"wp-block-heading alignfull has-text-align-left has-grande-font-size has-white-color has-text-color has-link-color has-large-font-size wp-elements-0c7fd10ffa077e563e6f75b46986ccad\">Modernize, Otimize e Transforme com a Software AG<\/h2>\n\n\n\n<p class=\"has-white-color has-text-color has-link-color wp-elements-5751e8fd14263db9282b60141bc9d137\">Vamos transformar a sua vis\u00e3o em realidade<\/p>\n\n\n\n<div class=\"wp-block-buttons is-layout-flex wp-block-buttons-is-layout-flex\">\n<div class=\"wp-block-button is-style-dark-bg-primary is-style-dark-bg-primary--2\"><a class=\"wp-block-button__link wp-element-button\" href=\"https:\/\/www.softwareag.com\/ja\/contato\/\">Vamos Conversar<\/a><\/div>\n<\/div>\n<\/div>\n<\/div>","protected":false},"excerpt":{"rendered":"<p>Os servi\u00e7os especializados de manuten\u00e7\u00e3o e suporte t\u00e9cnico nas modalidades&nbsp;Customer Care Platina&nbsp;e&nbsp;Customer Care Gold&nbsp;da Software AG s\u00e3o op\u00e7\u00f5es de consultoria remota ou presencial que oferecem a [&hellip;]<\/p>","protected":false},"author":9,"featured_media":0,"parent":0,"menu_order":0,"comment_status":"closed","ping_status":"closed","template":"","meta":{"_acf_changed":false,"footnotes":""},"class_list":["post-2078","page","type-page","status-publish","hentry"],"acf":[],"yoast_head":"<!-- This site is optimized with the Yoast SEO Premium plugin v27.2 (Yoast SEO v27.2) - https:\/\/yoast.com\/product\/yoast-seo-premium-wordpress\/ -->\n<title>Customer Care | Software AG<\/title>\n<meta name=\"description\" content=\"Explore customer care at Software AG and discover expert support for your Adabas and Natural applications.\" \/>\n<meta name=\"robots\" content=\"index, follow, max-snippet:-1, max-image-preview:large, max-video-preview:-1\" \/>\n<link rel=\"canonical\" href=\"https:\/\/www.softwareag.com\/ja\/customer-care\/\" \/>\n<meta property=\"og:locale\" content=\"ja_JP\" \/>\n<meta property=\"og:type\" content=\"article\" \/>\n<meta property=\"og:title\" content=\"Customer Care\" \/>\n<meta property=\"og:description\" content=\"Explore customer care at Software AG and discover expert support for your Adabas and Natural applications.\" \/>\n<meta property=\"og:url\" content=\"https:\/\/www.softwareag.com\/ja\/customer-care\/\" \/>\n<meta property=\"og:site_name\" content=\"Software AG\" \/>\n<meta property=\"article:publisher\" content=\"https:\/\/www.facebook.com\/SoftwareAG\" \/>\n<meta property=\"article:modified_time\" content=\"2026-01-05T15:48:01+00:00\" \/>\n<meta property=\"og:image\" content=\"https:\/\/www.softwareag.com\/app\/uploads\/2025\/09\/AdobeStock_291491597_XX-Large.jpg\" \/>\n<meta name=\"twitter:card\" content=\"summary_large_image\" \/>\n<meta name=\"twitter:site\" content=\"@softwareag\" \/>\n<meta name=\"twitter:label1\" content=\"Est. reading time\" \/>\n\t<meta name=\"twitter:data1\" content=\"3 minutes\" \/>\n<script type=\"application\/ld+json\" class=\"yoast-schema-graph\">{\"@context\":\"https:\/\/schema.org\",\"@graph\":[{\"@type\":\"WebPage\",\"@id\":\"https:\/\/www.softwareag.com\/customer-care\/\",\"url\":\"https:\/\/www.softwareag.com\/customer-care\/\",\"name\":\"Customer Care | Software AG\",\"isPartOf\":{\"@id\":\"https:\/\/www.softwareag.com\/en\/#website\"},\"primaryImageOfPage\":{\"@id\":\"https:\/\/www.softwareag.com\/customer-care\/#primaryimage\"},\"image\":{\"@id\":\"https:\/\/www.softwareag.com\/customer-care\/#primaryimage\"},\"thumbnailUrl\":\"https:\/\/www.softwareag.com\/app\/uploads\/2025\/09\/AdobeStock_291491597_XX-Large.jpg\",\"datePublished\":\"2025-09-29T21:58:08+00:00\",\"dateModified\":\"2026-01-05T15:48:01+00:00\",\"description\":\"Explore customer care at Software AG and discover expert support for your Adabas and Natural applications.\",\"breadcrumb\":{\"@id\":\"https:\/\/www.softwareag.com\/customer-care\/#breadcrumb\"},\"inLanguage\":\"ja\",\"potentialAction\":[{\"@type\":\"ReadAction\",\"target\":[\"https:\/\/www.softwareag.com\/customer-care\/\"]}]},{\"@type\":\"ImageObject\",\"inLanguage\":\"ja\",\"@id\":\"https:\/\/www.softwareag.com\/customer-care\/#primaryimage\",\"url\":\"https:\/\/www.softwareag.com\/app\/uploads\/2025\/09\/AdobeStock_291491597_XX-Large.jpg\",\"contentUrl\":\"https:\/\/www.softwareag.com\/app\/uploads\/2025\/09\/AdobeStock_291491597_XX-Large.jpg\"},{\"@type\":\"BreadcrumbList\",\"@id\":\"https:\/\/www.softwareag.com\/customer-care\/#breadcrumb\",\"itemListElement\":[{\"@type\":\"ListItem\",\"position\":1,\"name\":\"Home\",\"item\":\"https:\/\/www.softwareag.com\/de\/\"},{\"@type\":\"ListItem\",\"position\":2,\"name\":\"Customer Care\"}]},{\"@type\":\"WebSite\",\"@id\":\"https:\/\/www.softwareag.com\/en\/#website\",\"url\":\"https:\/\/www.softwareag.com\/en\/\",\"name\":\"Software AG\",\"description\":\"Software AG&#039;s digital transformation solutions &amp; services\",\"publisher\":{\"@id\":\"https:\/\/www.softwareag.com\/en\/#organization\"},\"alternateName\":\"SAG\",\"potentialAction\":[{\"@type\":\"SearchAction\",\"target\":{\"@type\":\"EntryPoint\",\"urlTemplate\":\"https:\/\/www.softwareag.com\/en\/?s={search_term_string}\"},\"query-input\":{\"@type\":\"PropertyValueSpecification\",\"valueRequired\":true,\"valueName\":\"search_term_string\"}}],\"inLanguage\":\"ja\"},{\"@type\":\"Organization\",\"@id\":\"https:\/\/www.softwareag.com\/en\/#organization\",\"name\":\"Software AG\",\"alternateName\":\"SAG\",\"url\":\"https:\/\/www.softwareag.com\/en\/\",\"logo\":{\"@type\":\"ImageObject\",\"inLanguage\":\"ja\",\"@id\":\"https:\/\/www.softwareag.com\/en\/#\/schema\/logo\/image\/\",\"url\":\"https:\/\/www.softwareag.com\/app\/uploads\/2025\/09\/software-gmbh-dark-logo-bg_Small.jpeg\",\"contentUrl\":\"https:\/\/www.softwareag.com\/app\/uploads\/2025\/09\/software-gmbh-dark-logo-bg_Small.jpeg\",\"width\":800,\"height\":450,\"caption\":\"Software AG\"},\"image\":{\"@id\":\"https:\/\/www.softwareag.com\/en\/#\/schema\/logo\/image\/\"},\"sameAs\":[\"https:\/\/www.facebook.com\/SoftwareAG\",\"https:\/\/x.com\/softwareag\",\"https:\/\/www.linkedin.com\/company\/software-ag\",\"https:\/\/www.youtube.com\/user\/SOFTWAREAG\"],\"description\":\"Software AG is a global enterprise software company dedicated to facilitating digital transformation for large-scale organizations. They specialize in modernizing legacy infrastructure, optimizing mainframe operations, and enabling seamless data integration across hybrid environments.\",\"numberOfEmployees\":{\"@type\":\"QuantitativeValue\",\"minValue\":\"501\",\"maxValue\":\"1000\"}}]}<\/script>\n<!-- \/ Yoast SEO Premium plugin. -->","yoast_head_json":{"title":"Customer Care | Software AG","description":"Explore customer care at Software AG and discover expert support for your Adabas and Natural applications.","robots":{"index":"index","follow":"follow","max-snippet":"max-snippet:-1","max-image-preview":"max-image-preview:large","max-video-preview":"max-video-preview:-1"},"canonical":"https:\/\/www.softwareag.com\/ja\/customer-care\/","og_locale":"ja_JP","og_type":"article","og_title":"Customer Care","og_description":"Explore customer care at Software AG and discover expert support for your Adabas and Natural applications.","og_url":"https:\/\/www.softwareag.com\/ja\/customer-care\/","og_site_name":"Software AG","article_publisher":"https:\/\/www.facebook.com\/SoftwareAG","article_modified_time":"2026-01-05T15:48:01+00:00","og_image":[{"url":"https:\/\/www.softwareag.com\/app\/uploads\/2025\/09\/AdobeStock_291491597_XX-Large.jpg","type":"","width":"","height":""}],"twitter_card":"summary_large_image","twitter_site":"@softwareag","twitter_misc":{"Est. reading time":"3 minutes"},"schema":{"@context":"https:\/\/schema.org","@graph":[{"@type":"WebPage","@id":"https:\/\/www.softwareag.com\/customer-care\/","url":"https:\/\/www.softwareag.com\/customer-care\/","name":"Customer Care | Software AG","isPartOf":{"@id":"https:\/\/www.softwareag.com\/en\/#website"},"primaryImageOfPage":{"@id":"https:\/\/www.softwareag.com\/customer-care\/#primaryimage"},"image":{"@id":"https:\/\/www.softwareag.com\/customer-care\/#primaryimage"},"thumbnailUrl":"https:\/\/www.softwareag.com\/app\/uploads\/2025\/09\/AdobeStock_291491597_XX-Large.jpg","datePublished":"2025-09-29T21:58:08+00:00","dateModified":"2026-01-05T15:48:01+00:00","description":"Explore customer care at Software AG and discover expert support for your Adabas and Natural applications.","breadcrumb":{"@id":"https:\/\/www.softwareag.com\/customer-care\/#breadcrumb"},"inLanguage":"ja","potentialAction":[{"@type":"ReadAction","target":["https:\/\/www.softwareag.com\/customer-care\/"]}]},{"@type":"ImageObject","inLanguage":"ja","@id":"https:\/\/www.softwareag.com\/customer-care\/#primaryimage","url":"https:\/\/www.softwareag.com\/app\/uploads\/2025\/09\/AdobeStock_291491597_XX-Large.jpg","contentUrl":"https:\/\/www.softwareag.com\/app\/uploads\/2025\/09\/AdobeStock_291491597_XX-Large.jpg"},{"@type":"BreadcrumbList","@id":"https:\/\/www.softwareag.com\/customer-care\/#breadcrumb","itemListElement":[{"@type":"ListItem","position":1,"name":"Home","item":"https:\/\/www.softwareag.com\/de\/"},{"@type":"ListItem","position":2,"name":"Customer Care"}]},{"@type":"WebSite","@id":"https:\/\/www.softwareag.com\/en\/#website","url":"https:\/\/www.softwareag.com\/en\/","name":"Software AG","description":"Software AG\u306e\u30c7\u30b8\u30bf\u30eb\u30c8\u30e9\u30f3\u30b9\u30d5\u30a9\u30fc\u30e1\u30fc\u30b7\u30e7\u30f3\u30bd\u30ea\u30e5\u30fc\u30b7\u30e7\u30f3\uff06\u30b5\u30fc\u30d3\u30b9","publisher":{"@id":"https:\/\/www.softwareag.com\/en\/#organization"},"alternateName":"SAG","potentialAction":[{"@type":"SearchAction","target":{"@type":"EntryPoint","urlTemplate":"https:\/\/www.softwareag.com\/en\/?s={search_term_string}"},"query-input":{"@type":"PropertyValueSpecification","valueRequired":true,"valueName":"search_term_string"}}],"inLanguage":"ja"},{"@type":"Organization","@id":"https:\/\/www.softwareag.com\/en\/#organization","name":"Software AG","alternateName":"SAG","url":"https:\/\/www.softwareag.com\/en\/","logo":{"@type":"ImageObject","inLanguage":"ja","@id":"https:\/\/www.softwareag.com\/en\/#\/schema\/logo\/image\/","url":"https:\/\/www.softwareag.com\/app\/uploads\/2025\/09\/software-gmbh-dark-logo-bg_Small.jpeg","contentUrl":"https:\/\/www.softwareag.com\/app\/uploads\/2025\/09\/software-gmbh-dark-logo-bg_Small.jpeg","width":800,"height":450,"caption":"Software AG"},"image":{"@id":"https:\/\/www.softwareag.com\/en\/#\/schema\/logo\/image\/"},"sameAs":["https:\/\/www.facebook.com\/SoftwareAG","https:\/\/x.com\/softwareag","https:\/\/www.linkedin.com\/company\/software-ag","https:\/\/www.youtube.com\/user\/SOFTWAREAG"],"description":"Software AG is a global enterprise software company dedicated to facilitating digital transformation for large-scale organizations. They specialize in modernizing legacy infrastructure, optimizing mainframe operations, and enabling seamless data integration across hybrid environments.","numberOfEmployees":{"@type":"QuantitativeValue","minValue":"501","maxValue":"1000"}}]}},"jetpack_sharing_enabled":true,"jetpack-related-posts":[],"_links":{"self":[{"href":"https:\/\/www.softwareag.com\/ja\/wp-json\/wp\/v2\/pages\/2078","targetHints":{"allow":["GET"]}}],"collection":[{"href":"https:\/\/www.softwareag.com\/ja\/wp-json\/wp\/v2\/pages"}],"about":[{"href":"https:\/\/www.softwareag.com\/ja\/wp-json\/wp\/v2\/types\/page"}],"author":[{"embeddable":true,"href":"https:\/\/www.softwareag.com\/ja\/wp-json\/wp\/v2\/users\/9"}],"replies":[{"embeddable":true,"href":"https:\/\/www.softwareag.com\/ja\/wp-json\/wp\/v2\/comments?post=2078"}],"version-history":[{"count":4,"href":"https:\/\/www.softwareag.com\/ja\/wp-json\/wp\/v2\/pages\/2078\/revisions"}],"predecessor-version":[{"id":2085,"href":"https:\/\/www.softwareag.com\/ja\/wp-json\/wp\/v2\/pages\/2078\/revisions\/2085"}],"wp:attachment":[{"href":"https:\/\/www.softwareag.com\/ja\/wp-json\/wp\/v2\/media?parent=2078"}],"curies":[{"name":"wp","href":"https:\/\/api.w.org\/{rel}","templated":true}]}}