{"id":3366,"date":"2025-10-23T08:49:56","date_gmt":"2025-10-23T12:49:56","guid":{"rendered":"https:\/\/www.softwareag.com\/?page_id=3366"},"modified":"2025-10-23T08:53:56","modified_gmt":"2025-10-23T12:53:56","slug":"efootball","status":"publish","type":"page","link":"https:\/\/www.softwareag.com\/ja\/efootball\/","title":{"rendered":"eFootball"},"content":{"rendered":"<p><\/p>\n\n\n\n<div class=\"wp-block-columns is-layout-flex wp-container-core-columns-is-layout-28f84493 wp-block-columns-is-layout-flex\">\n<div class=\"wp-block-column is-layout-flow wp-block-column-is-layout-flow\">\n<h2 class=\"wp-block-heading\">Software AG &amp; eFootball\u2013 digital by nature\u200b<\/h2>\n\n\n\n<p>Seit dem Start der Virtual Bundesliga (VBL) im November 2018 engagieren sich die Lilien und die Software AG (als eMainSponsor) gemeinsam f\u00fcr den eFootball. Die eLilien sind Gr\u00fcndungsmitglied der ersten offiziellen deutschen Meisterschaft im eFootball, organisiert von der Deutschen Fu\u00dfball Liga (DFL).<\/p>\n\n\n\n<p>Wir erkl\u00e4ren Euch hier alles rund um das Thema eFootball und die gemeinsamen Aktionen der Software AG und der Lilien.<\/p>\n\n\n\n<div class=\"wp-block-buttons is-layout-flex wp-block-buttons-is-layout-flex\">\n<div class=\"wp-block-button is-style-secondary-button is-style-secondary-button--1\"><a class=\"wp-block-button__link wp-element-button\" href=\"https:\/\/www.softwareag.com\/ja\/lilien\/\"><strong>Aktuelle Informationen zu den ELilien<\/strong><\/a><\/div>\n<\/div>\n<\/div>\n\n\n\n<div class=\"wp-block-column is-layout-flow wp-block-column-is-layout-flow\">\n<figure class=\"wp-block-image aligncenter size-full is-resized\"><img loading=\"lazy\" decoding=\"async\" width=\"417\" height=\"630\" src=\"https:\/\/www.softwareag.com\/app\/uploads\/2025\/10\/SV98_eFootball_Sponsor_Button_eMain_Sponsor-1.png\" alt=\"\" class=\"wp-image-3367\" style=\"width:237px;height:auto\" srcset=\"https:\/\/www.softwareag.com\/app\/uploads\/2025\/10\/SV98_eFootball_Sponsor_Button_eMain_Sponsor-1.png 417w, https:\/\/www.softwareag.com\/app\/uploads\/2025\/10\/SV98_eFootball_Sponsor_Button_eMain_Sponsor-1-199x300.png 199w, https:\/\/www.softwareag.com\/app\/uploads\/2025\/10\/SV98_eFootball_Sponsor_Button_eMain_Sponsor-1-8x12.png 8w\" sizes=\"auto, (max-width: 417px) 100vw, 417px\" \/><\/figure>\n<\/div>\n<\/div>\n\n\n\n<h2 class=\"wp-block-heading has-text-align-center\">eFootball &amp; VBL\u200b<\/h2>\n\n\n\n<p class=\"has-text-align-center\">Der eSport gewinnt stetig an Popularit\u00e4t und ist definitiv in der Mitte unserer Gesellschaft angekommen. Heute verfolgen bereits 495 Millionen Zuschauer die VBL, ab 2023 rechnet man mit weit \u00fcber 600 Millionen Zuschauern, davon sind 70 Prozent j\u00fcnger als 30 Jahre.<\/p>\n\n\n\n<div class=\"wp-block-columns is-layout-flex wp-container-core-columns-is-layout-28f84493 wp-block-columns-is-layout-flex\">\n<div class=\"wp-block-column is-layout-flow wp-block-column-is-layout-flow\">\n<figure class=\"wp-block-image size-full\"><img loading=\"lazy\" decoding=\"async\" width=\"800\" height=\"450\" src=\"https:\/\/www.softwareag.com\/app\/uploads\/2025\/10\/DSC07179-1024x683_Small.jpg\" alt=\"\" class=\"wp-image-3368\" srcset=\"https:\/\/www.softwareag.com\/app\/uploads\/2025\/10\/DSC07179-1024x683_Small.jpg 800w, https:\/\/www.softwareag.com\/app\/uploads\/2025\/10\/DSC07179-1024x683_Small-300x169.jpg 300w, https:\/\/www.softwareag.com\/app\/uploads\/2025\/10\/DSC07179-1024x683_Small-768x432.jpg 768w, https:\/\/www.softwareag.com\/app\/uploads\/2025\/10\/DSC07179-1024x683_Small-18x10.jpg 18w\" sizes=\"auto, (max-width: 800px) 100vw, 800px\" \/><\/figure>\n\n\n\n<h4 class=\"wp-block-heading\">eSport und VBL: Was ist das?\u200b<a href=\"https:\/\/virtual.bundesliga.com\/de\" target=\"_blank\" rel=\"noreferrer noopener\">\u200b<\/a><\/h4>\n\n\n\n<p>eSport ist der sportliche Wettkampf mit Computerspielen. Die Virtual Bundesliga (VBL) ist das digitale Gegenst\u00fcck zur Fu\u00dfball-Bundesliga. In der VBL messen sich die Clubs im Videospiel FIFA.<\/p>\n\n\n\n<div class=\"wp-block-buttons is-layout-flex wp-block-buttons-is-layout-flex\">\n<div class=\"wp-block-button is-style-secondary-button is-style-secondary-button--2\"><a class=\"wp-block-button__link wp-element-button\" href=\"https:\/\/virtual.bundesliga.com\/de\"><strong>Mehr erfahren<\/strong><\/a><\/div>\n<\/div>\n<\/div>\n\n\n\n<div class=\"wp-block-column is-layout-flow wp-block-column-is-layout-flow\">\n<figure class=\"wp-block-image size-full\"><img loading=\"lazy\" decoding=\"async\" width=\"800\" height=\"451\" src=\"https:\/\/www.softwareag.com\/app\/uploads\/2025\/10\/Controller_SV98_Small.jpg\" alt=\"\" class=\"wp-image-3369\" srcset=\"https:\/\/www.softwareag.com\/app\/uploads\/2025\/10\/Controller_SV98_Small.jpg 800w, https:\/\/www.softwareag.com\/app\/uploads\/2025\/10\/Controller_SV98_Small-300x169.jpg 300w, https:\/\/www.softwareag.com\/app\/uploads\/2025\/10\/Controller_SV98_Small-768x433.jpg 768w, https:\/\/www.softwareag.com\/app\/uploads\/2025\/10\/Controller_SV98_Small-18x10.jpg 18w\" sizes=\"auto, (max-width: 800px) 100vw, 800px\" \/><\/figure>\n\n\n\n<h4 class=\"wp-block-heading\">Was unterscheidet den eSportler vom klassischen Gamer?<\/h4>\n\n\n\n<p>Im Gegensatz zum Gamer trainieren die eSportler mehrmals die Woche gezielt und analysieren ihre Gegner, und der eSportler muss auch spielen\/trainieren, wenn er vielleicht mal keine Lust hat.<\/p>\n<\/div>\n\n\n\n<div class=\"wp-block-column is-layout-flow wp-block-column-is-layout-flow\">\n<figure class=\"wp-block-image size-full\"><img loading=\"lazy\" decoding=\"async\" width=\"1400\" height=\"792\" src=\"https:\/\/www.softwareag.com\/app\/uploads\/2025\/10\/eFootball_1021_1.jpg\" alt=\"\" class=\"wp-image-3353\" srcset=\"https:\/\/www.softwareag.com\/app\/uploads\/2025\/10\/eFootball_1021_1.jpg 1400w, https:\/\/www.softwareag.com\/app\/uploads\/2025\/10\/eFootball_1021_1-300x170.jpg 300w, https:\/\/www.softwareag.com\/app\/uploads\/2025\/10\/eFootball_1021_1-1024x579.jpg 1024w, https:\/\/www.softwareag.com\/app\/uploads\/2025\/10\/eFootball_1021_1-768x434.jpg 768w, https:\/\/www.softwareag.com\/app\/uploads\/2025\/10\/eFootball_1021_1-18x10.jpg 18w\" sizes=\"auto, (max-width: 1400px) 100vw, 1400px\" \/><\/figure>\n\n\n\n<h4 class=\"wp-block-heading\">Kann man das wirklich als Sport bezeichnen?\u200b<\/h4>\n\n\n\n<p>Definitiv ja. Die Jungs sind nach jedem Spiel schwei\u00dfgebadet, denn im eSports kommt es insbesondere darauf an, voll konzentriert zu bleiben. Das Spiel ist durch die kurze Spielzeit sehr intensiv, Fehler werden gnadenlos bestraft.<\/p>\n<\/div>\n<\/div>\n\n\n\n<div class=\"wp-block-columns is-layout-flex wp-container-core-columns-is-layout-28f84493 wp-block-columns-is-layout-flex\">\n<div class=\"wp-block-column is-layout-flow wp-block-column-is-layout-flow\">\n<h2 class=\"wp-block-heading\">Saison 23\/24<\/h2>\n\n\n\n<p>F\u00fcr die Saison 2023\/24 setzen die eFootballer des SV Darmstadt 98 erneut auf einen Mix aus Kontinuit\u00e4t und neuen Impulsen: W\u00e4hrend&nbsp;Dogukaan G\u00fcn&nbsp;(\u201eDoki\u201c) und&nbsp;Louis Liberka&nbsp;(\u201eThAaXxLouisXx\u201c) weiter im Team bleiben, verst\u00e4rken die Lilien den Kader mit&nbsp;Amin Mouzrim&nbsp;(\u201eAmin\u201c) sowie&nbsp;Nawed Hadjii&nbsp;(\u201eOfficerplay\u201c).&nbsp;Ugur Dertli&nbsp;\u00fcbernimmt weiterhin die Rolle des Coaches, als neuen Content Creator konnte&nbsp;Ben Louis&nbsp;gewonnen werden. Die Software AG bleibt wie in den letzten Jahren weiterhin&nbsp;Hauptsponsor der&nbsp;eLilien (eMainSponsor).&nbsp;Weitere Partner in dieser Saison sind SUZUKI, Craft und 28 Black.<\/p>\n\n\n\n<div class=\"wp-block-buttons is-layout-flex wp-block-buttons-is-layout-flex\">\n<div class=\"wp-block-button is-style-secondary-button is-style-secondary-button--3\"><a class=\"wp-block-button__link wp-element-button\" href=\"https:\/\/x.com\/sv98_efootball\/status\/1707070465712210305?s=48&amp;t=KU0tXL65RNyP9LMWmo0yiA\"><strong>Lerne das neue Team kennen<\/strong><\/a><\/div>\n<\/div>\n<\/div>\n\n\n\n<div class=\"wp-block-column is-layout-flow wp-block-column-is-layout-flow\">\n<figure class=\"wp-block-image size-full\"><img loading=\"lazy\" decoding=\"async\" width=\"800\" height=\"450\" src=\"https:\/\/www.softwareag.com\/app\/uploads\/2025\/10\/DSC07179-1024x683_Small.jpg\" alt=\"\" class=\"wp-image-3368\" srcset=\"https:\/\/www.softwareag.com\/app\/uploads\/2025\/10\/DSC07179-1024x683_Small.jpg 800w, https:\/\/www.softwareag.com\/app\/uploads\/2025\/10\/DSC07179-1024x683_Small-300x169.jpg 300w, https:\/\/www.softwareag.com\/app\/uploads\/2025\/10\/DSC07179-1024x683_Small-768x432.jpg 768w, https:\/\/www.softwareag.com\/app\/uploads\/2025\/10\/DSC07179-1024x683_Small-18x10.jpg 18w\" sizes=\"auto, (max-width: 800px) 100vw, 800px\" \/><\/figure>\n<\/div>\n<\/div>\n\n\n\n<div class=\"wp-block-columns is-layout-flex wp-container-core-columns-is-layout-28f84493 wp-block-columns-is-layout-flex\">\n<div class=\"wp-block-column is-layout-flow wp-block-column-is-layout-flow\">\n<figure class=\"wp-block-image size-full\"><img loading=\"lazy\" decoding=\"async\" width=\"1400\" height=\"1051\" src=\"https:\/\/www.softwareag.com\/app\/uploads\/2025\/10\/eStadion_SV98.jpg\" alt=\"\" class=\"wp-image-3370\" srcset=\"https:\/\/www.softwareag.com\/app\/uploads\/2025\/10\/eStadion_SV98.jpg 1400w, https:\/\/www.softwareag.com\/app\/uploads\/2025\/10\/eStadion_SV98-300x225.jpg 300w, https:\/\/www.softwareag.com\/app\/uploads\/2025\/10\/eStadion_SV98-1024x769.jpg 1024w, https:\/\/www.softwareag.com\/app\/uploads\/2025\/10\/eStadion_SV98-768x577.jpg 768w, https:\/\/www.softwareag.com\/app\/uploads\/2025\/10\/eStadion_SV98-16x12.jpg 16w\" sizes=\"auto, (max-width: 1400px) 100vw, 1400px\" \/><\/figure>\n<\/div>\n\n\n\n<div class=\"wp-block-column is-layout-flow wp-block-column-is-layout-flow\">\n<h2 class=\"wp-block-heading\">Wie kann ich mir die Spiele der eLilien anschauen?<\/h2>\n\n\n\n<p>Die Spiele k\u00f6nnen auf dem Twitch-Kanal der eSports-Abteilung des SV 98 live verfolgt werden.\u200b<\/p>\n\n\n\n<div class=\"wp-block-buttons is-layout-flex wp-block-buttons-is-layout-flex\">\n<div class=\"wp-block-button is-style-secondary-button is-style-secondary-button--4\"><a class=\"wp-block-button__link wp-element-button\" href=\"https:\/\/www.twitch.tv\/sv98_efootball\"><strong>Mehr erfahren<\/strong><\/a><\/div>\n<\/div>\n<\/div>\n<\/div>\n\n\n\n<div class=\"wp-block-columns is-layout-flex wp-container-core-columns-is-layout-28f84493 wp-block-columns-is-layout-flex\">\n<div class=\"wp-block-column is-layout-flow wp-block-column-is-layout-flow\">\n<h2 class=\"wp-block-heading\">Wo zocken die Lilien?\u200b<\/h2>\n\n\n\n<p>Die e-Lilien setzen f\u00fcr die Saison 2023\/2024 auf Altbew\u00e4hrtes: Gespielt wird erneut in der&nbsp;Gaming Lounge im Loop5 in Weiterstadt. Die technische Umsetzung des Streamings \u00fcbernimmt die Agentur Bauer &amp; Guse. Interessierte Zuschauerinnen, Zuschauer und Fans k\u00f6nnen im eStadion Platz nehmen und das Spiel genie\u00dfen.<\/p>\n\n\n\n<div class=\"wp-block-buttons is-layout-flex wp-block-buttons-is-layout-flex\">\n<div class=\"wp-block-button is-style-secondary-button is-style-secondary-button--5\"><a class=\"wp-block-button__link wp-element-button\" href=\"https:\/\/www.twitch.tv\/sv98_efootball\"><strong>Mehr erfahren<\/strong><\/a><\/div>\n<\/div>\n<\/div>\n\n\n\n<div class=\"wp-block-column is-layout-flow wp-block-column-is-layout-flow\">\n<figure class=\"wp-block-image size-full\"><img loading=\"lazy\" decoding=\"async\" width=\"1361\" height=\"1021\" src=\"https:\/\/www.softwareag.com\/app\/uploads\/2025\/10\/eStadion-Seats_SV98_Medium.jpg\" alt=\"\" class=\"wp-image-3371\" srcset=\"https:\/\/www.softwareag.com\/app\/uploads\/2025\/10\/eStadion-Seats_SV98_Medium.jpg 1361w, https:\/\/www.softwareag.com\/app\/uploads\/2025\/10\/eStadion-Seats_SV98_Medium-300x225.jpg 300w, https:\/\/www.softwareag.com\/app\/uploads\/2025\/10\/eStadion-Seats_SV98_Medium-1024x768.jpg 1024w, https:\/\/www.softwareag.com\/app\/uploads\/2025\/10\/eStadion-Seats_SV98_Medium-768x576.jpg 768w, https:\/\/www.softwareag.com\/app\/uploads\/2025\/10\/eStadion-Seats_SV98_Medium-16x12.jpg 16w\" sizes=\"auto, (max-width: 1361px) 100vw, 1361px\" \/><\/figure>\n<\/div>\n<\/div>\n\n\n\n<div class=\"wp-block-columns is-layout-flex wp-container-core-columns-is-layout-28f84493 wp-block-columns-is-layout-flex\">\n<div class=\"wp-block-column is-layout-flow wp-block-column-is-layout-flow\">\n<figure class=\"wp-block-image size-full\"><img loading=\"lazy\" decoding=\"async\" width=\"1400\" height=\"792\" src=\"https:\/\/www.softwareag.com\/app\/uploads\/2025\/10\/eFootball_1021_2.jpg\" alt=\"\" class=\"wp-image-3372\" srcset=\"https:\/\/www.softwareag.com\/app\/uploads\/2025\/10\/eFootball_1021_2.jpg 1400w, https:\/\/www.softwareag.com\/app\/uploads\/2025\/10\/eFootball_1021_2-300x170.jpg 300w, https:\/\/www.softwareag.com\/app\/uploads\/2025\/10\/eFootball_1021_2-1024x579.jpg 1024w, https:\/\/www.softwareag.com\/app\/uploads\/2025\/10\/eFootball_1021_2-768x434.jpg 768w, https:\/\/www.softwareag.com\/app\/uploads\/2025\/10\/eFootball_1021_2-18x10.jpg 18w\" sizes=\"auto, (max-width: 1400px) 100vw, 1400px\" \/><\/figure>\n<\/div>\n\n\n\n<div class=\"wp-block-column is-layout-flow wp-block-column-is-layout-flow\">\n<h2 class=\"wp-block-heading\">SV98 eMasters<\/h2>\n\n\n\n<p>In 2021 gab es zusammen mit dem Lilien das erste gemeinsame SV98 eMasters FIFA Turnier. Die Spieler haben sich online in einem fairen Wettkampf miteinander gemessen, und wir als Zuschauer konnten uns \u00fcber viele spannende Spiele, sch\u00f6ne Tore und eine Menge Spielspa\u00df freuen!&nbsp;<\/p>\n<\/div>\n<\/div>\n\n\n\n<div style=\"height:100px\" aria-hidden=\"true\" class=\"wp-block-spacer\"><\/div>","protected":false},"excerpt":{"rendered":"<p>Software AG &amp; eFootball\u2013 digital by nature\u200b Seit dem Start der Virtual Bundesliga (VBL) im November 2018 engagieren sich die Lilien und die Software AG (als [&hellip;]<\/p>","protected":false},"author":9,"featured_media":0,"parent":0,"menu_order":0,"comment_status":"closed","ping_status":"closed","template":"","meta":{"_acf_changed":false,"footnotes":""},"class_list":["post-3366","page","type-page","status-publish","hentry"],"acf":[],"yoast_head":"<!-- This site is optimized with the Yoast SEO Premium plugin v27.2 (Yoast SEO v27.2) - https:\/\/yoast.com\/product\/yoast-seo-premium-wordpress\/ -->\n<title>eFootball | Software AG<\/title>\n<meta name=\"description\" content=\"Die Software AG und die Lilien engagieren sich f\u00fcr eFootball, eine Breitensportart mit wachsender Zuschauerzahl. Informieren Sie sich hier \u00fcber die gemeinsamen Aktivit\u00e4ten!\" \/>\n<meta name=\"robots\" content=\"index, follow, max-snippet:-1, max-image-preview:large, max-video-preview:-1\" \/>\n<link rel=\"canonical\" href=\"https:\/\/www.softwareag.com\/ja\/efootball\/\" \/>\n<meta property=\"og:locale\" content=\"ja_JP\" \/>\n<meta property=\"og:type\" content=\"article\" \/>\n<meta property=\"og:title\" content=\"eFootball\" \/>\n<meta property=\"og:description\" content=\"Die Software AG und die Lilien engagieren sich f\u00fcr eFootball, eine Breitensportart mit wachsender Zuschauerzahl. Informieren Sie sich hier \u00fcber die gemeinsamen Aktivit\u00e4ten!\" \/>\n<meta property=\"og:url\" content=\"https:\/\/www.softwareag.com\/ja\/efootball\/\" \/>\n<meta property=\"og:site_name\" content=\"Software AG\" \/>\n<meta property=\"article:publisher\" content=\"https:\/\/www.facebook.com\/SoftwareAG\" \/>\n<meta property=\"article:modified_time\" content=\"2025-10-23T12:53:56+00:00\" \/>\n<meta property=\"og:image\" content=\"https:\/\/www.softwareag.com\/app\/uploads\/2025\/10\/SV98_eFootball_Sponsor_Button_eMain_Sponsor-1.png\" \/>\n<meta name=\"twitter:card\" content=\"summary_large_image\" \/>\n<meta name=\"twitter:site\" content=\"@softwareag\" \/>\n<meta name=\"twitter:label1\" content=\"Est. reading time\" \/>\n\t<meta name=\"twitter:data1\" content=\"4 minutes\" \/>\n<script type=\"application\/ld+json\" class=\"yoast-schema-graph\">{\"@context\":\"https:\/\/schema.org\",\"@graph\":[{\"@type\":\"WebPage\",\"@id\":\"https:\/\/www.softwareag.com\/efootball\/\",\"url\":\"https:\/\/www.softwareag.com\/efootball\/\",\"name\":\"eFootball | Software AG\",\"isPartOf\":{\"@id\":\"https:\/\/www.softwareag.com\/en\/#website\"},\"primaryImageOfPage\":{\"@id\":\"https:\/\/www.softwareag.com\/efootball\/#primaryimage\"},\"image\":{\"@id\":\"https:\/\/www.softwareag.com\/efootball\/#primaryimage\"},\"thumbnailUrl\":\"https:\/\/www.softwareag.com\/app\/uploads\/2025\/10\/SV98_eFootball_Sponsor_Button_eMain_Sponsor-1.png\",\"datePublished\":\"2025-10-23T12:49:56+00:00\",\"dateModified\":\"2025-10-23T12:53:56+00:00\",\"description\":\"Die Software AG und die Lilien engagieren sich f\u00fcr eFootball, eine Breitensportart mit wachsender Zuschauerzahl. Informieren Sie sich hier \u00fcber die gemeinsamen Aktivit\u00e4ten!\",\"breadcrumb\":{\"@id\":\"https:\/\/www.softwareag.com\/efootball\/#breadcrumb\"},\"inLanguage\":\"ja\",\"potentialAction\":[{\"@type\":\"ReadAction\",\"target\":[\"https:\/\/www.softwareag.com\/efootball\/\"]}]},{\"@type\":\"ImageObject\",\"inLanguage\":\"ja\",\"@id\":\"https:\/\/www.softwareag.com\/efootball\/#primaryimage\",\"url\":\"https:\/\/www.softwareag.com\/app\/uploads\/2025\/10\/SV98_eFootball_Sponsor_Button_eMain_Sponsor-1.png\",\"contentUrl\":\"https:\/\/www.softwareag.com\/app\/uploads\/2025\/10\/SV98_eFootball_Sponsor_Button_eMain_Sponsor-1.png\"},{\"@type\":\"BreadcrumbList\",\"@id\":\"https:\/\/www.softwareag.com\/efootball\/#breadcrumb\",\"itemListElement\":[{\"@type\":\"ListItem\",\"position\":1,\"name\":\"Home\",\"item\":\"https:\/\/www.softwareag.com\/de\/\"},{\"@type\":\"ListItem\",\"position\":2,\"name\":\"eFootball\"}]},{\"@type\":\"WebSite\",\"@id\":\"https:\/\/www.softwareag.com\/en\/#website\",\"url\":\"https:\/\/www.softwareag.com\/en\/\",\"name\":\"Software AG\",\"description\":\"Software AG&#039;s digital transformation solutions &amp; services\",\"publisher\":{\"@id\":\"https:\/\/www.softwareag.com\/en\/#organization\"},\"alternateName\":\"SAG\",\"potentialAction\":[{\"@type\":\"SearchAction\",\"target\":{\"@type\":\"EntryPoint\",\"urlTemplate\":\"https:\/\/www.softwareag.com\/en\/?s={search_term_string}\"},\"query-input\":{\"@type\":\"PropertyValueSpecification\",\"valueRequired\":true,\"valueName\":\"search_term_string\"}}],\"inLanguage\":\"ja\"},{\"@type\":\"Organization\",\"@id\":\"https:\/\/www.softwareag.com\/en\/#organization\",\"name\":\"Software AG\",\"alternateName\":\"SAG\",\"url\":\"https:\/\/www.softwareag.com\/en\/\",\"logo\":{\"@type\":\"ImageObject\",\"inLanguage\":\"ja\",\"@id\":\"https:\/\/www.softwareag.com\/en\/#\/schema\/logo\/image\/\",\"url\":\"https:\/\/www.softwareag.com\/app\/uploads\/2025\/09\/software-gmbh-dark-logo-bg_Small.jpeg\",\"contentUrl\":\"https:\/\/www.softwareag.com\/app\/uploads\/2025\/09\/software-gmbh-dark-logo-bg_Small.jpeg\",\"width\":800,\"height\":450,\"caption\":\"Software AG\"},\"image\":{\"@id\":\"https:\/\/www.softwareag.com\/en\/#\/schema\/logo\/image\/\"},\"sameAs\":[\"https:\/\/www.facebook.com\/SoftwareAG\",\"https:\/\/x.com\/softwareag\",\"https:\/\/www.linkedin.com\/company\/software-ag\",\"https:\/\/www.youtube.com\/user\/SOFTWAREAG\"],\"description\":\"Software AG is a global enterprise software company dedicated to facilitating digital transformation for large-scale organizations. They specialize in modernizing legacy infrastructure, optimizing mainframe operations, and enabling seamless data integration across hybrid environments.\",\"numberOfEmployees\":{\"@type\":\"QuantitativeValue\",\"minValue\":\"501\",\"maxValue\":\"1000\"}}]}<\/script>\n<!-- \/ Yoast SEO Premium plugin. -->","yoast_head_json":{"title":"eFootball | Software AG","description":"Die Software AG und die Lilien engagieren sich f\u00fcr eFootball, eine Breitensportart mit wachsender Zuschauerzahl. Informieren Sie sich hier \u00fcber die gemeinsamen Aktivit\u00e4ten!","robots":{"index":"index","follow":"follow","max-snippet":"max-snippet:-1","max-image-preview":"max-image-preview:large","max-video-preview":"max-video-preview:-1"},"canonical":"https:\/\/www.softwareag.com\/ja\/efootball\/","og_locale":"ja_JP","og_type":"article","og_title":"eFootball","og_description":"Die Software AG und die Lilien engagieren sich f\u00fcr eFootball, eine Breitensportart mit wachsender Zuschauerzahl. Informieren Sie sich hier \u00fcber die gemeinsamen Aktivit\u00e4ten!","og_url":"https:\/\/www.softwareag.com\/ja\/efootball\/","og_site_name":"Software AG","article_publisher":"https:\/\/www.facebook.com\/SoftwareAG","article_modified_time":"2025-10-23T12:53:56+00:00","og_image":[{"url":"https:\/\/www.softwareag.com\/app\/uploads\/2025\/10\/SV98_eFootball_Sponsor_Button_eMain_Sponsor-1.png","type":"","width":"","height":""}],"twitter_card":"summary_large_image","twitter_site":"@softwareag","twitter_misc":{"Est. reading time":"4 minutes"},"schema":{"@context":"https:\/\/schema.org","@graph":[{"@type":"WebPage","@id":"https:\/\/www.softwareag.com\/efootball\/","url":"https:\/\/www.softwareag.com\/efootball\/","name":"eFootball | Software AG","isPartOf":{"@id":"https:\/\/www.softwareag.com\/en\/#website"},"primaryImageOfPage":{"@id":"https:\/\/www.softwareag.com\/efootball\/#primaryimage"},"image":{"@id":"https:\/\/www.softwareag.com\/efootball\/#primaryimage"},"thumbnailUrl":"https:\/\/www.softwareag.com\/app\/uploads\/2025\/10\/SV98_eFootball_Sponsor_Button_eMain_Sponsor-1.png","datePublished":"2025-10-23T12:49:56+00:00","dateModified":"2025-10-23T12:53:56+00:00","description":"Die Software AG und die Lilien engagieren sich f\u00fcr eFootball, eine Breitensportart mit wachsender Zuschauerzahl. Informieren Sie sich hier \u00fcber die gemeinsamen Aktivit\u00e4ten!","breadcrumb":{"@id":"https:\/\/www.softwareag.com\/efootball\/#breadcrumb"},"inLanguage":"ja","potentialAction":[{"@type":"ReadAction","target":["https:\/\/www.softwareag.com\/efootball\/"]}]},{"@type":"ImageObject","inLanguage":"ja","@id":"https:\/\/www.softwareag.com\/efootball\/#primaryimage","url":"https:\/\/www.softwareag.com\/app\/uploads\/2025\/10\/SV98_eFootball_Sponsor_Button_eMain_Sponsor-1.png","contentUrl":"https:\/\/www.softwareag.com\/app\/uploads\/2025\/10\/SV98_eFootball_Sponsor_Button_eMain_Sponsor-1.png"},{"@type":"BreadcrumbList","@id":"https:\/\/www.softwareag.com\/efootball\/#breadcrumb","itemListElement":[{"@type":"ListItem","position":1,"name":"Home","item":"https:\/\/www.softwareag.com\/de\/"},{"@type":"ListItem","position":2,"name":"eFootball"}]},{"@type":"WebSite","@id":"https:\/\/www.softwareag.com\/en\/#website","url":"https:\/\/www.softwareag.com\/en\/","name":"Software AG","description":"Software AG\u306e\u30c7\u30b8\u30bf\u30eb\u30c8\u30e9\u30f3\u30b9\u30d5\u30a9\u30fc\u30e1\u30fc\u30b7\u30e7\u30f3\u30bd\u30ea\u30e5\u30fc\u30b7\u30e7\u30f3\uff06\u30b5\u30fc\u30d3\u30b9","publisher":{"@id":"https:\/\/www.softwareag.com\/en\/#organization"},"alternateName":"SAG","potentialAction":[{"@type":"SearchAction","target":{"@type":"EntryPoint","urlTemplate":"https:\/\/www.softwareag.com\/en\/?s={search_term_string}"},"query-input":{"@type":"PropertyValueSpecification","valueRequired":true,"valueName":"search_term_string"}}],"inLanguage":"ja"},{"@type":"Organization","@id":"https:\/\/www.softwareag.com\/en\/#organization","name":"Software AG","alternateName":"SAG","url":"https:\/\/www.softwareag.com\/en\/","logo":{"@type":"ImageObject","inLanguage":"ja","@id":"https:\/\/www.softwareag.com\/en\/#\/schema\/logo\/image\/","url":"https:\/\/www.softwareag.com\/app\/uploads\/2025\/09\/software-gmbh-dark-logo-bg_Small.jpeg","contentUrl":"https:\/\/www.softwareag.com\/app\/uploads\/2025\/09\/software-gmbh-dark-logo-bg_Small.jpeg","width":800,"height":450,"caption":"Software AG"},"image":{"@id":"https:\/\/www.softwareag.com\/en\/#\/schema\/logo\/image\/"},"sameAs":["https:\/\/www.facebook.com\/SoftwareAG","https:\/\/x.com\/softwareag","https:\/\/www.linkedin.com\/company\/software-ag","https:\/\/www.youtube.com\/user\/SOFTWAREAG"],"description":"Software AG is a global enterprise software company dedicated to facilitating digital transformation for large-scale organizations. They specialize in modernizing legacy infrastructure, optimizing mainframe operations, and enabling seamless data integration across hybrid environments.","numberOfEmployees":{"@type":"QuantitativeValue","minValue":"501","maxValue":"1000"}}]}},"jetpack_sharing_enabled":true,"jetpack-related-posts":[],"_links":{"self":[{"href":"https:\/\/www.softwareag.com\/ja\/wp-json\/wp\/v2\/pages\/3366","targetHints":{"allow":["GET"]}}],"collection":[{"href":"https:\/\/www.softwareag.com\/ja\/wp-json\/wp\/v2\/pages"}],"about":[{"href":"https:\/\/www.softwareag.com\/ja\/wp-json\/wp\/v2\/types\/page"}],"author":[{"embeddable":true,"href":"https:\/\/www.softwareag.com\/ja\/wp-json\/wp\/v2\/users\/9"}],"replies":[{"embeddable":true,"href":"https:\/\/www.softwareag.com\/ja\/wp-json\/wp\/v2\/comments?post=3366"}],"version-history":[{"count":6,"href":"https:\/\/www.softwareag.com\/ja\/wp-json\/wp\/v2\/pages\/3366\/revisions"}],"predecessor-version":[{"id":3422,"href":"https:\/\/www.softwareag.com\/ja\/wp-json\/wp\/v2\/pages\/3366\/revisions\/3422"}],"wp:attachment":[{"href":"https:\/\/www.softwareag.com\/ja\/wp-json\/wp\/v2\/media?parent=3366"}],"curies":[{"name":"wp","href":"https:\/\/api.w.org\/{rel}","templated":true}]}}